{"id":1488,"date":"2017-07-10T15:43:18","date_gmt":"2017-07-10T13:43:18","guid":{"rendered":"http:\/\/wp.unil.ch\/ecounc\/?post_type=product&#038;p=1488"},"modified":"2025-05-21T15:17:49","modified_gmt":"2025-05-21T13:17:49","slug":"porte-cles-q-connect","status":"publish","type":"product","link":"https:\/\/wp.unil.ch\/ecounc\/produit\/porte-cles-q-connect\/","title":{"rendered":"Porte-cl\u00e9s Q-CONNECT"},"content":{"rendered":"<p>En PVC, avec anneau de suspension, fen\u00eatre avec protection ac\u00e9tate: L 29 x H 14 mm. Dimensions: L 49 x H 22 mm.<\/p>\n","protected":false},"excerpt":{"rendered":"<p>En PVC, avec anneau de suspension, fen\u00eatre avec protection ac\u00e9tate: L 29 x H 14 mm. Dimensions: L 49 x H 22 mm.<\/p>\n","protected":false},"featured_media":1492,"comment_status":"closed","ping_status":"closed","template":"","meta":{"_seopress_robots_primary_cat":"","_seopress_titles_title":"","_seopress_titles_desc":"","_seopress_robots_index":""},"product_brand":[],"product_cat":[18,16],"product_tag":[],"class_list":{"0":"post-1488","1":"product","2":"type-product","3":"status-publish","4":"has-post-thumbnail","6":"product_cat-attaches","7":"product_cat-attaches-fixations","9":"first","10":"instock","11":"shipping-taxable","12":"purchasable","13":"product-type-simple"},"_links":{"self":[{"href":"https:\/\/wp.unil.ch\/ecounc\/wp-json\/wp\/v2\/product\/1488","targetHints":{"allow":["GET"]}}],"collection":[{"href":"https:\/\/wp.unil.ch\/ecounc\/wp-json\/wp\/v2\/product"}],"about":[{"href":"https:\/\/wp.unil.ch\/ecounc\/wp-json\/wp\/v2\/types\/product"}],"replies":[{"embeddable":true,"href":"https:\/\/wp.unil.ch\/ecounc\/wp-json\/wp\/v2\/comments?post=1488"}],"wp:featuredmedia":[{"embeddable":true,"href":"https:\/\/wp.unil.ch\/ecounc\/wp-json\/wp\/v2\/media\/1492"}],"wp:attachment":[{"href":"https:\/\/wp.unil.ch\/ecounc\/wp-json\/wp\/v2\/media?parent=1488"}],"wp:term":[{"taxonomy":"product_brand","embeddable":true,"href":"https:\/\/wp.unil.ch\/ecounc\/wp-json\/wp\/v2\/product_brand?post=1488"},{"taxonomy":"product_cat","embeddable":true,"href":"https:\/\/wp.unil.ch\/ecounc\/wp-json\/wp\/v2\/product_cat?post=1488"},{"taxonomy":"product_tag","embeddable":true,"href":"https:\/\/wp.unil.ch\/ecounc\/wp-json\/wp\/v2\/product_tag?post=1488"}],"curies":[{"name":"wp","href":"https:\/\/api.w.org\/{rel}","templated":true}]}}