{"id":1430,"date":"2017-05-30T14:17:45","date_gmt":"2017-05-30T12:17:45","guid":{"rendered":"http:\/\/wp.unil.ch\/ecounc\/?post_type=product&#038;p=1430"},"modified":"2017-05-30T16:34:22","modified_gmt":"2017-05-30T14:34:22","slug":"tampon-personnalise","status":"publish","type":"product","link":"https:\/\/wp.unil.ch\/ecounc\/produit\/tampon-personnalise\/","title":{"rendered":"Tampon personnalis\u00e9"},"content":{"rendered":"<p>Votre tampon encreur personnalis\u00e9:<\/p>\n<ul>\n<li>Tampon encreur personnalisable en plastique ou en m\u00e9tal<\/li>\n<li>Dateur plastique ou metallique<\/li>\n<li>Coussin encreur adapt\u00e9 aux tampons encreur<\/li>\n<\/ul>\n<p>Merci de nous faire parcourir l&#8217;empreinte de votre tampon via <a href=\"https:\/\/wp.unil.ch\/ecounc\/boutique\/commande-hors-stockpreviewtrue\/\">le formulaire de commande hors-stock<\/a>.<\/p>\n","protected":false},"excerpt":{"rendered":"<p>Votre tampon encreur personnalis\u00e9: Tampon encreur personnalisable en plastique ou en m\u00e9tal Dateur plastique ou metallique Coussin encreur adapt\u00e9 aux tampons encreur Merci de nous faire parcourir l&#8217;empreinte de votre tampon via le formulaire de commande hors-stock.<\/p>\n","protected":false},"featured_media":1433,"comment_status":"closed","ping_status":"closed","template":"","meta":{"_seopress_robots_primary_cat":"","_seopress_titles_title":"","_seopress_titles_desc":"","_seopress_robots_index":""},"product_brand":[],"product_cat":[76,25],"product_tag":[],"class_list":{"0":"post-1430","1":"product","2":"type-product","3":"status-publish","4":"has-post-thumbnail","6":"product_cat-tampon","7":"product_cat-timbrage","9":"first","10":"instock","11":"shipping-taxable","12":"product-type-external"},"_links":{"self":[{"href":"https:\/\/wp.unil.ch\/ecounc\/wp-json\/wp\/v2\/product\/1430","targetHints":{"allow":["GET"]}}],"collection":[{"href":"https:\/\/wp.unil.ch\/ecounc\/wp-json\/wp\/v2\/product"}],"about":[{"href":"https:\/\/wp.unil.ch\/ecounc\/wp-json\/wp\/v2\/types\/product"}],"replies":[{"embeddable":true,"href":"https:\/\/wp.unil.ch\/ecounc\/wp-json\/wp\/v2\/comments?post=1430"}],"wp:featuredmedia":[{"embeddable":true,"href":"https:\/\/wp.unil.ch\/ecounc\/wp-json\/wp\/v2\/media\/1433"}],"wp:attachment":[{"href":"https:\/\/wp.unil.ch\/ecounc\/wp-json\/wp\/v2\/media?parent=1430"}],"wp:term":[{"taxonomy":"product_brand","embeddable":true,"href":"https:\/\/wp.unil.ch\/ecounc\/wp-json\/wp\/v2\/product_brand?post=1430"},{"taxonomy":"product_cat","embeddable":true,"href":"https:\/\/wp.unil.ch\/ecounc\/wp-json\/wp\/v2\/product_cat?post=1430"},{"taxonomy":"product_tag","embeddable":true,"href":"https:\/\/wp.unil.ch\/ecounc\/wp-json\/wp\/v2\/product_tag?post=1430"}],"curies":[{"name":"wp","href":"https:\/\/api.w.org\/{rel}","templated":true}]}}