{"id":1279,"date":"2017-05-16T16:22:10","date_gmt":"2017-05-16T14:22:10","guid":{"rendered":"http:\/\/wp.unil.ch\/ecounc\/?post_type=product&#038;p=1279"},"modified":"2025-12-03T11:12:47","modified_gmt":"2025-12-03T10:12:47","slug":"marqueur-permanent-edding-330","status":"publish","type":"product","link":"https:\/\/wp.unil.ch\/ecounc\/produit\/marqueur-permanent-edding-330\/","title":{"rendered":"Marqueur permanent EDDING\u00ae 330"},"content":{"rendered":"<p>Rechargeable, pointe biseaut\u00e9e, pointe interchangeable, corps en mati\u00e8re plastique, r\u00e9sistant \u00e0 la lumi\u00e8re, \u00e0 l&rsquo;eau et \u00e0 l&rsquo;abrasion, sans addition de tolu\u00e8ne\/xyl\u00e8ne, largeur de trait env. 1 &#8211; 5 mm.<\/p>\n<p>&nbsp;<\/p>\n","protected":false},"excerpt":{"rendered":"<p>Rechargeable, pointe biseaut\u00e9e, pointe interchangeable, corps en mati\u00e8re plastique, r\u00e9sistant \u00e0 la lumi\u00e8re, \u00e0 l&rsquo;eau et \u00e0 l&rsquo;abrasion, sans addition de tolu\u00e8ne\/xyl\u00e8ne, largeur de trait env. 1 &#8211; 5 mm. &nbsp;<\/p>\n","protected":false},"featured_media":3598,"comment_status":"closed","ping_status":"closed","template":"","meta":{"_seopress_robots_primary_cat":"none","_seopress_titles_title":"","_seopress_titles_desc":"","_seopress_robots_index":""},"product_brand":[],"product_cat":[9,13],"product_tag":[],"class_list":{"0":"post-1279","1":"product","2":"type-product","3":"status-publish","4":"has-post-thumbnail","6":"product_cat-ecriture-correction","7":"product_cat-marqueurs","9":"first","10":"instock","11":"shipping-taxable","12":"purchasable","13":"product-type-variable"},"_links":{"self":[{"href":"https:\/\/wp.unil.ch\/ecounc\/wp-json\/wp\/v2\/product\/1279","targetHints":{"allow":["GET"]}}],"collection":[{"href":"https:\/\/wp.unil.ch\/ecounc\/wp-json\/wp\/v2\/product"}],"about":[{"href":"https:\/\/wp.unil.ch\/ecounc\/wp-json\/wp\/v2\/types\/product"}],"replies":[{"embeddable":true,"href":"https:\/\/wp.unil.ch\/ecounc\/wp-json\/wp\/v2\/comments?post=1279"}],"wp:featuredmedia":[{"embeddable":true,"href":"https:\/\/wp.unil.ch\/ecounc\/wp-json\/wp\/v2\/media\/3598"}],"wp:attachment":[{"href":"https:\/\/wp.unil.ch\/ecounc\/wp-json\/wp\/v2\/media?parent=1279"}],"wp:term":[{"taxonomy":"product_brand","embeddable":true,"href":"https:\/\/wp.unil.ch\/ecounc\/wp-json\/wp\/v2\/product_brand?post=1279"},{"taxonomy":"product_cat","embeddable":true,"href":"https:\/\/wp.unil.ch\/ecounc\/wp-json\/wp\/v2\/product_cat?post=1279"},{"taxonomy":"product_tag","embeddable":true,"href":"https:\/\/wp.unil.ch\/ecounc\/wp-json\/wp\/v2\/product_tag?post=1279"}],"curies":[{"name":"wp","href":"https:\/\/api.w.org\/{rel}","templated":true}]}}