{"id":1191,"date":"2017-05-12T12:28:20","date_gmt":"2017-05-12T10:28:20","guid":{"rendered":"http:\/\/wp.unil.ch\/ecounc\/?post_type=product&#038;p=1191"},"modified":"2026-03-31T13:41:46","modified_gmt":"2026-03-31T11:41:46","slug":"surligneur","status":"publish","type":"product","link":"https:\/\/wp.unil.ch\/ecounc\/produit\/surligneur\/","title":{"rendered":"Surligneur stabilo boss"},"content":{"rendered":"<p>encre universelle \u00e0 base d&rsquo;eau, peut rester ouvert 4 h sans s\u00e9cher, couleurs brillantes avec une r\u00e9sistance \u00e9lev\u00e9e<\/p>\n<p>\u00e0 la lumi\u00e8re, largeur de trait env. 2 &#8211; 5 mm<\/p>\n","protected":false},"excerpt":{"rendered":"<p>encre universelle \u00e0 base d&rsquo;eau, peut rester ouvert 4 h sans s\u00e9cher, couleurs brillantes avec une r\u00e9sistance \u00e9lev\u00e9e \u00e0 la lumi\u00e8re, largeur de trait env. 2 &#8211; 5 mm<\/p>\n","protected":false},"featured_media":3942,"comment_status":"closed","ping_status":"closed","template":"","meta":{"_seopress_robots_primary_cat":"none","_seopress_titles_title":"","_seopress_titles_desc":"","_seopress_robots_index":""},"product_brand":[],"product_cat":[9,15],"product_tag":[],"class_list":{"0":"post-1191","1":"product","2":"type-product","3":"status-publish","4":"has-post-thumbnail","6":"product_cat-ecriture-correction","7":"product_cat-surligneurs","9":"first","10":"instock","11":"shipping-taxable","12":"purchasable","13":"product-type-variable"},"_links":{"self":[{"href":"https:\/\/wp.unil.ch\/ecounc\/wp-json\/wp\/v2\/product\/1191","targetHints":{"allow":["GET"]}}],"collection":[{"href":"https:\/\/wp.unil.ch\/ecounc\/wp-json\/wp\/v2\/product"}],"about":[{"href":"https:\/\/wp.unil.ch\/ecounc\/wp-json\/wp\/v2\/types\/product"}],"replies":[{"embeddable":true,"href":"https:\/\/wp.unil.ch\/ecounc\/wp-json\/wp\/v2\/comments?post=1191"}],"wp:featuredmedia":[{"embeddable":true,"href":"https:\/\/wp.unil.ch\/ecounc\/wp-json\/wp\/v2\/media\/3942"}],"wp:attachment":[{"href":"https:\/\/wp.unil.ch\/ecounc\/wp-json\/wp\/v2\/media?parent=1191"}],"wp:term":[{"taxonomy":"product_brand","embeddable":true,"href":"https:\/\/wp.unil.ch\/ecounc\/wp-json\/wp\/v2\/product_brand?post=1191"},{"taxonomy":"product_cat","embeddable":true,"href":"https:\/\/wp.unil.ch\/ecounc\/wp-json\/wp\/v2\/product_cat?post=1191"},{"taxonomy":"product_tag","embeddable":true,"href":"https:\/\/wp.unil.ch\/ecounc\/wp-json\/wp\/v2\/product_tag?post=1191"}],"curies":[{"name":"wp","href":"https:\/\/api.w.org\/{rel}","templated":true}]}}