{"id":1122,"date":"2017-05-08T16:02:04","date_gmt":"2017-05-08T14:02:04","guid":{"rendered":"http:\/\/wp.unil.ch\/ecounc\/?post_type=product&#038;p=1122"},"modified":"2026-03-02T15:50:08","modified_gmt":"2026-03-02T14:50:08","slug":"stylos-pte-fine-stabilo-point-88","status":"publish","type":"product","link":"https:\/\/wp.unil.ch\/ecounc\/produit\/stylos-pte-fine-stabilo-point-88\/","title":{"rendered":"Feutre \u00e0 pointe fine Q-CONNECT- Largeur de trait : 0.4mm."},"content":{"rendered":"<p>Avec pointe en mati\u00e8re synth\u00e9tique gain\u00e9e de m\u00e9tal, non rechargeable, largeur de trait env. 0,4 mm.<\/p>\n","protected":false},"excerpt":{"rendered":"<p>Avec pointe en mati\u00e8re synth\u00e9tique gain\u00e9e de m\u00e9tal, non rechargeable, largeur de trait env. 0,4 mm.<\/p>\n","protected":false},"featured_media":3661,"comment_status":"closed","ping_status":"closed","template":"","meta":{"_seopress_robots_primary_cat":"none","_seopress_titles_title":"","_seopress_titles_desc":"","_seopress_robots_index":""},"product_brand":[],"product_cat":[9,14],"product_tag":[],"class_list":{"0":"post-1122","1":"product","2":"type-product","3":"status-publish","4":"has-post-thumbnail","6":"product_cat-ecriture-correction","7":"product_cat-stylos","9":"first","10":"instock","11":"shipping-taxable","12":"purchasable","13":"product-type-variable"},"_links":{"self":[{"href":"https:\/\/wp.unil.ch\/ecounc\/wp-json\/wp\/v2\/product\/1122","targetHints":{"allow":["GET"]}}],"collection":[{"href":"https:\/\/wp.unil.ch\/ecounc\/wp-json\/wp\/v2\/product"}],"about":[{"href":"https:\/\/wp.unil.ch\/ecounc\/wp-json\/wp\/v2\/types\/product"}],"replies":[{"embeddable":true,"href":"https:\/\/wp.unil.ch\/ecounc\/wp-json\/wp\/v2\/comments?post=1122"}],"wp:featuredmedia":[{"embeddable":true,"href":"https:\/\/wp.unil.ch\/ecounc\/wp-json\/wp\/v2\/media\/3661"}],"wp:attachment":[{"href":"https:\/\/wp.unil.ch\/ecounc\/wp-json\/wp\/v2\/media?parent=1122"}],"wp:term":[{"taxonomy":"product_brand","embeddable":true,"href":"https:\/\/wp.unil.ch\/ecounc\/wp-json\/wp\/v2\/product_brand?post=1122"},{"taxonomy":"product_cat","embeddable":true,"href":"https:\/\/wp.unil.ch\/ecounc\/wp-json\/wp\/v2\/product_cat?post=1122"},{"taxonomy":"product_tag","embeddable":true,"href":"https:\/\/wp.unil.ch\/ecounc\/wp-json\/wp\/v2\/product_tag?post=1122"}],"curies":[{"name":"wp","href":"https:\/\/api.w.org\/{rel}","templated":true}]}}