{"id":1109,"date":"2017-05-08T14:37:53","date_gmt":"2017-05-08T12:37:53","guid":{"rendered":"http:\/\/wp.unil.ch\/ecounc\/?post_type=product&#038;p=1109"},"modified":"2025-11-11T13:10:11","modified_gmt":"2025-11-11T12:10:11","slug":"marqueur-permanent-edding-3000-pointe-ogive","status":"publish","type":"product","link":"https:\/\/wp.unil.ch\/ecounc\/produit\/marqueur-permanent-edding-3000-pointe-ogive\/","title":{"rendered":"Marqueur permanent EDDING 3000 -300 ogive1.5-3mm"},"content":{"rendered":"<p>l&rsquo;Edding 3000- 300 sont deux articles identiques.<\/p>\n<p>Pointe ogive, mati\u00e8re principale : Aluminium, r\u00e9sistant \u00e0 la lumi\u00e8re, \u00e0 l&rsquo;eau et \u00e0 l&rsquo;abrasion, sans addition de tolu\u00e8ne\/xyl\u00e8ne, largeur de trait env. 1,5 &#8211; 3 mm.<\/p>\n","protected":false},"excerpt":{"rendered":"<p>l&rsquo;Edding 3000- 300 sont deux articles identiques. Pointe ogive, mati\u00e8re principale : Aluminium, r\u00e9sistant \u00e0 la lumi\u00e8re, \u00e0 l&rsquo;eau et \u00e0 l&rsquo;abrasion, sans addition de tolu\u00e8ne\/xyl\u00e8ne, largeur de trait env. 1,5 &#8211; 3 mm.<\/p>\n","protected":false},"featured_media":3668,"comment_status":"closed","ping_status":"closed","template":"","meta":{"_seopress_robots_primary_cat":"none","_seopress_titles_title":"","_seopress_titles_desc":"","_seopress_robots_index":""},"product_brand":[],"product_cat":[9,13],"product_tag":[],"class_list":{"0":"post-1109","1":"product","2":"type-product","3":"status-publish","4":"has-post-thumbnail","6":"product_cat-ecriture-correction","7":"product_cat-marqueurs","9":"first","10":"instock","11":"shipping-taxable","12":"purchasable","13":"product-type-variable"},"_links":{"self":[{"href":"https:\/\/wp.unil.ch\/ecounc\/wp-json\/wp\/v2\/product\/1109","targetHints":{"allow":["GET"]}}],"collection":[{"href":"https:\/\/wp.unil.ch\/ecounc\/wp-json\/wp\/v2\/product"}],"about":[{"href":"https:\/\/wp.unil.ch\/ecounc\/wp-json\/wp\/v2\/types\/product"}],"replies":[{"embeddable":true,"href":"https:\/\/wp.unil.ch\/ecounc\/wp-json\/wp\/v2\/comments?post=1109"}],"wp:featuredmedia":[{"embeddable":true,"href":"https:\/\/wp.unil.ch\/ecounc\/wp-json\/wp\/v2\/media\/3668"}],"wp:attachment":[{"href":"https:\/\/wp.unil.ch\/ecounc\/wp-json\/wp\/v2\/media?parent=1109"}],"wp:term":[{"taxonomy":"product_brand","embeddable":true,"href":"https:\/\/wp.unil.ch\/ecounc\/wp-json\/wp\/v2\/product_brand?post=1109"},{"taxonomy":"product_cat","embeddable":true,"href":"https:\/\/wp.unil.ch\/ecounc\/wp-json\/wp\/v2\/product_cat?post=1109"},{"taxonomy":"product_tag","embeddable":true,"href":"https:\/\/wp.unil.ch\/ecounc\/wp-json\/wp\/v2\/product_tag?post=1109"}],"curies":[{"name":"wp","href":"https:\/\/api.w.org\/{rel}","templated":true}]}}