{"id":1105,"date":"2017-05-08T14:29:11","date_gmt":"2017-05-08T12:29:11","guid":{"rendered":"http:\/\/wp.unil.ch\/ecounc\/?post_type=product&#038;p=1105"},"modified":"2025-09-25T10:14:20","modified_gmt":"2025-09-25T08:14:20","slug":"marqueur-edding-380-pour-flipcharts-pointe-ogive","status":"publish","type":"product","link":"https:\/\/wp.unil.ch\/ecounc\/produit\/marqueur-edding-380-pour-flipcharts-pointe-ogive\/","title":{"rendered":"Marqueur Edding 380 pour flipcharts \u2013 pointe ogive"},"content":{"rendered":"<p>pointe ogive, clip, con\u00e7u sp\u00e9cialement pour \u00e9crire et marquer sur du papier car l&rsquo;encre ne\u00a0 traverse pas le papier, encre \u00e0 base d&rsquo;eau d&rsquo;odeur neutre, peut rester ouvert pendant plusieurs semaines sans s\u00e9cher gr\u00e2ce \u00e0 l&rsquo;encre cap-off, non rechargeable, largeur de trait env. 1,5 &#8211; 3 mm.<\/p>\n","protected":false},"excerpt":{"rendered":"<p>pointe ogive, clip, con\u00e7u sp\u00e9cialement pour \u00e9crire et marquer sur du papier car l&rsquo;encre ne\u00a0 traverse pas le papier, encre \u00e0 base d&rsquo;eau d&rsquo;odeur neutre, peut rester ouvert pendant plusieurs semaines sans s\u00e9cher gr\u00e2ce \u00e0 l&rsquo;encre cap-off, non rechargeable, largeur de trait env. 1,5 &#8211; 3 mm.<\/p>\n","protected":false},"featured_media":1106,"comment_status":"closed","ping_status":"closed","template":"","meta":{"_seopress_robots_primary_cat":"none","_seopress_titles_title":"","_seopress_titles_desc":"","_seopress_robots_index":""},"product_brand":[],"product_cat":[9,13],"product_tag":[],"class_list":{"0":"post-1105","1":"product","2":"type-product","3":"status-publish","4":"has-post-thumbnail","6":"product_cat-ecriture-correction","7":"product_cat-marqueurs","9":"first","10":"instock","11":"shipping-taxable","12":"purchasable","13":"product-type-variable"},"_links":{"self":[{"href":"https:\/\/wp.unil.ch\/ecounc\/wp-json\/wp\/v2\/product\/1105","targetHints":{"allow":["GET"]}}],"collection":[{"href":"https:\/\/wp.unil.ch\/ecounc\/wp-json\/wp\/v2\/product"}],"about":[{"href":"https:\/\/wp.unil.ch\/ecounc\/wp-json\/wp\/v2\/types\/product"}],"replies":[{"embeddable":true,"href":"https:\/\/wp.unil.ch\/ecounc\/wp-json\/wp\/v2\/comments?post=1105"}],"wp:featuredmedia":[{"embeddable":true,"href":"https:\/\/wp.unil.ch\/ecounc\/wp-json\/wp\/v2\/media\/1106"}],"wp:attachment":[{"href":"https:\/\/wp.unil.ch\/ecounc\/wp-json\/wp\/v2\/media?parent=1105"}],"wp:term":[{"taxonomy":"product_brand","embeddable":true,"href":"https:\/\/wp.unil.ch\/ecounc\/wp-json\/wp\/v2\/product_brand?post=1105"},{"taxonomy":"product_cat","embeddable":true,"href":"https:\/\/wp.unil.ch\/ecounc\/wp-json\/wp\/v2\/product_cat?post=1105"},{"taxonomy":"product_tag","embeddable":true,"href":"https:\/\/wp.unil.ch\/ecounc\/wp-json\/wp\/v2\/product_tag?post=1105"}],"curies":[{"name":"wp","href":"https:\/\/api.w.org\/{rel}","templated":true}]}}