{"id":1091,"date":"2017-05-05T17:00:10","date_gmt":"2017-05-05T15:00:10","guid":{"rendered":"http:\/\/wp.unil.ch\/ecounc\/?post_type=product&#038;p=1091"},"modified":"2025-11-11T16:07:03","modified_gmt":"2025-11-11T15:07:03","slug":"livre-pour-signature","status":"publish","type":"product","link":"https:\/\/wp.unil.ch\/ecounc\/produit\/livre-pour-signature\/","title":{"rendered":"Signataire PAGNA A4 \u00e0 20 divisions"},"content":{"rendered":"<p>Signataire PAGNA A4 \u00e0 20 divisions<\/p>\n<p>Couverture en tissu avec porte-\u00e9tiquette et trous de contr\u00f4le, dos extensible<\/p>\n","protected":false},"excerpt":{"rendered":"<p>Signataire PAGNA A4 \u00e0 20 divisions Couverture en tissu avec porte-\u00e9tiquette et trous de contr\u00f4le, dos extensible<\/p>\n","protected":false},"featured_media":3670,"comment_status":"closed","ping_status":"closed","template":"","meta":{"_seopress_robots_primary_cat":"none","_seopress_titles_title":"","_seopress_titles_desc":"","_seopress_robots_index":""},"product_brand":[],"product_cat":[31,84],"product_tag":[],"class_list":{"0":"post-1091","1":"product","2":"type-product","3":"status-publish","4":"has-post-thumbnail","6":"product_cat-classement","7":"product_cat-signataires","9":"first","10":"instock","11":"shipping-taxable","12":"purchasable","13":"product-type-variable"},"_links":{"self":[{"href":"https:\/\/wp.unil.ch\/ecounc\/wp-json\/wp\/v2\/product\/1091","targetHints":{"allow":["GET"]}}],"collection":[{"href":"https:\/\/wp.unil.ch\/ecounc\/wp-json\/wp\/v2\/product"}],"about":[{"href":"https:\/\/wp.unil.ch\/ecounc\/wp-json\/wp\/v2\/types\/product"}],"replies":[{"embeddable":true,"href":"https:\/\/wp.unil.ch\/ecounc\/wp-json\/wp\/v2\/comments?post=1091"}],"wp:featuredmedia":[{"embeddable":true,"href":"https:\/\/wp.unil.ch\/ecounc\/wp-json\/wp\/v2\/media\/3670"}],"wp:attachment":[{"href":"https:\/\/wp.unil.ch\/ecounc\/wp-json\/wp\/v2\/media?parent=1091"}],"wp:term":[{"taxonomy":"product_brand","embeddable":true,"href":"https:\/\/wp.unil.ch\/ecounc\/wp-json\/wp\/v2\/product_brand?post=1091"},{"taxonomy":"product_cat","embeddable":true,"href":"https:\/\/wp.unil.ch\/ecounc\/wp-json\/wp\/v2\/product_cat?post=1091"},{"taxonomy":"product_tag","embeddable":true,"href":"https:\/\/wp.unil.ch\/ecounc\/wp-json\/wp\/v2\/product_tag?post=1091"}],"curies":[{"name":"wp","href":"https:\/\/api.w.org\/{rel}","templated":true}]}}