{"id":1083,"date":"2017-05-05T14:17:52","date_gmt":"2017-05-05T12:17:52","guid":{"rendered":"http:\/\/wp.unil.ch\/ecounc\/?post_type=product&#038;p=1083"},"modified":"2026-03-18T09:06:11","modified_gmt":"2026-03-18T08:06:11","slug":"agrafeuse-rexel-beta-copie","status":"publish","type":"product","link":"https:\/\/wp.unil.ch\/ecounc\/produit\/agrafeuse-rexel-beta-copie\/","title":{"rendered":"Agrafeuse REXEL\u00ae Beta"},"content":{"rendered":"<p>Agrafeuse maniable, enclume pour agrafage ouvert et ferm\u00e9, avec arrache-agrafes int\u00e9gr\u00e9. Capacit\u00e9 d&rsquo;agrafage env. 3 mm (2 &#8211; 30 feuilles), profondeur d&rsquo;introduction 65 mm. Agrafes: B8 et R28<\/p>\n","protected":false},"excerpt":{"rendered":"<p>Agrafeuse maniable, enclume pour agrafage ouvert et ferm\u00e9, avec arrache-agrafes int\u00e9gr\u00e9. Capacit\u00e9 d&rsquo;agrafage env. 3 mm (2 &#8211; 30 feuilles), profondeur d&rsquo;introduction 65 mm. Agrafes: B8 et R28<\/p>\n","protected":false},"featured_media":631,"comment_status":"closed","ping_status":"closed","template":"","meta":{"_seopress_robots_primary_cat":"none","_seopress_titles_title":"","_seopress_titles_desc":"","_seopress_robots_index":""},"product_brand":[],"product_cat":[17,16],"product_tag":[],"class_list":{"0":"post-1083","1":"product","2":"type-product","3":"status-publish","4":"has-post-thumbnail","6":"product_cat-agrafeuses","7":"product_cat-attaches-fixations","9":"first","10":"instock","11":"shipping-taxable","12":"purchasable","13":"product-type-simple"},"_links":{"self":[{"href":"https:\/\/wp.unil.ch\/ecounc\/wp-json\/wp\/v2\/product\/1083","targetHints":{"allow":["GET"]}}],"collection":[{"href":"https:\/\/wp.unil.ch\/ecounc\/wp-json\/wp\/v2\/product"}],"about":[{"href":"https:\/\/wp.unil.ch\/ecounc\/wp-json\/wp\/v2\/types\/product"}],"replies":[{"embeddable":true,"href":"https:\/\/wp.unil.ch\/ecounc\/wp-json\/wp\/v2\/comments?post=1083"}],"wp:featuredmedia":[{"embeddable":true,"href":"https:\/\/wp.unil.ch\/ecounc\/wp-json\/wp\/v2\/media\/631"}],"wp:attachment":[{"href":"https:\/\/wp.unil.ch\/ecounc\/wp-json\/wp\/v2\/media?parent=1083"}],"wp:term":[{"taxonomy":"product_brand","embeddable":true,"href":"https:\/\/wp.unil.ch\/ecounc\/wp-json\/wp\/v2\/product_brand?post=1083"},{"taxonomy":"product_cat","embeddable":true,"href":"https:\/\/wp.unil.ch\/ecounc\/wp-json\/wp\/v2\/product_cat?post=1083"},{"taxonomy":"product_tag","embeddable":true,"href":"https:\/\/wp.unil.ch\/ecounc\/wp-json\/wp\/v2\/product_tag?post=1083"}],"curies":[{"name":"wp","href":"https:\/\/api.w.org\/{rel}","templated":true}]}}