{"id":1063,"date":"2017-05-04T15:15:51","date_gmt":"2017-05-04T13:15:51","guid":{"rendered":"http:\/\/wp.unil.ch\/ecounc\/?post_type=product&#038;p=1063"},"modified":"2024-12-09T10:58:02","modified_gmt":"2024-12-09T09:58:02","slug":"classeur-biella-viria","status":"publish","type":"product","link":"https:\/\/wp.unil.ch\/ecounc\/produit\/classeur-biella-viria\/","title":{"rendered":"Classeur Biella Viria- 2 anneaux"},"content":{"rendered":"<h5>Carton rigide color\u00e9 0,95 mm, \u00e9tiquette dorsale en papier, coll\u00e9e.<\/h5>\n<h5>m\u00e9canisme \u00e0 2 anneaux, \u00d8 25 mm, pour format A4, avec trou de prise<\/h5>\n<h2><\/h2>\n<p>&nbsp;<\/p>\n","protected":false},"excerpt":{"rendered":"<p>Carton rigide color\u00e9 0,95 mm, \u00e9tiquette dorsale en papier, coll\u00e9e. m\u00e9canisme \u00e0 2 anneaux, \u00d8 25 mm, pour format A4, avec trou de prise &nbsp;<\/p>\n","protected":false},"featured_media":1065,"comment_status":"closed","ping_status":"closed","template":"","meta":{"_seopress_robots_primary_cat":"","_seopress_titles_title":"","_seopress_titles_desc":"","_seopress_robots_index":""},"product_brand":[],"product_cat":[31,35],"product_tag":[],"class_list":{"0":"post-1063","1":"product","2":"type-product","3":"status-publish","4":"has-post-thumbnail","6":"product_cat-classement","7":"product_cat-classeurs","9":"first","10":"instock","11":"shipping-taxable","12":"purchasable","13":"product-type-variable"},"_links":{"self":[{"href":"https:\/\/wp.unil.ch\/ecounc\/wp-json\/wp\/v2\/product\/1063","targetHints":{"allow":["GET"]}}],"collection":[{"href":"https:\/\/wp.unil.ch\/ecounc\/wp-json\/wp\/v2\/product"}],"about":[{"href":"https:\/\/wp.unil.ch\/ecounc\/wp-json\/wp\/v2\/types\/product"}],"replies":[{"embeddable":true,"href":"https:\/\/wp.unil.ch\/ecounc\/wp-json\/wp\/v2\/comments?post=1063"}],"wp:featuredmedia":[{"embeddable":true,"href":"https:\/\/wp.unil.ch\/ecounc\/wp-json\/wp\/v2\/media\/1065"}],"wp:attachment":[{"href":"https:\/\/wp.unil.ch\/ecounc\/wp-json\/wp\/v2\/media?parent=1063"}],"wp:term":[{"taxonomy":"product_brand","embeddable":true,"href":"https:\/\/wp.unil.ch\/ecounc\/wp-json\/wp\/v2\/product_brand?post=1063"},{"taxonomy":"product_cat","embeddable":true,"href":"https:\/\/wp.unil.ch\/ecounc\/wp-json\/wp\/v2\/product_cat?post=1063"},{"taxonomy":"product_tag","embeddable":true,"href":"https:\/\/wp.unil.ch\/ecounc\/wp-json\/wp\/v2\/product_tag?post=1063"}],"curies":[{"name":"wp","href":"https:\/\/api.w.org\/{rel}","templated":true}]}}