{"id":1012,"date":"2017-04-28T09:04:16","date_gmt":"2017-04-28T07:04:16","guid":{"rendered":"http:\/\/wp.unil.ch\/ecounc\/?post_type=product&#038;p=1012"},"modified":"2026-02-13T15:41:18","modified_gmt":"2026-02-13T14:41:18","slug":"ouvre-lettres","status":"publish","type":"product","link":"https:\/\/wp.unil.ch\/ecounc\/produit\/ouvre-lettres\/","title":{"rendered":"Ouvre-lettres,lame nickel\u00e9e"},"content":{"rendered":"<p>Ouvre-lettres, lame nickel\u00e9e,<\/p>\n<p><span style=\"color: #ff0000\">D\u00e8s rupture l&rsquo;article sera remplac\u00e9 par l&rsquo;ouvre-lettres Wedo<\/span><\/p>\n","protected":false},"excerpt":{"rendered":"<p>Ouvre-lettres, lame nickel\u00e9e, D\u00e8s rupture l&rsquo;article sera remplac\u00e9 par l&rsquo;ouvre-lettres Wedo<\/p>\n","protected":false},"featured_media":1013,"comment_status":"closed","ping_status":"closed","template":"","meta":{"_seopress_robots_primary_cat":"","_seopress_titles_title":"","_seopress_titles_desc":"","_seopress_robots_index":""},"product_brand":[],"product_cat":[67,20],"product_tag":[],"class_list":{"0":"post-1012","1":"product","2":"type-product","3":"status-publish","4":"has-post-thumbnail","6":"product_cat-ouvre-lettres","7":"product_cat-perforeuse-et-decoupage","9":"first","10":"instock","11":"shipping-taxable","12":"purchasable","13":"product-type-simple"},"_links":{"self":[{"href":"https:\/\/wp.unil.ch\/ecounc\/wp-json\/wp\/v2\/product\/1012","targetHints":{"allow":["GET"]}}],"collection":[{"href":"https:\/\/wp.unil.ch\/ecounc\/wp-json\/wp\/v2\/product"}],"about":[{"href":"https:\/\/wp.unil.ch\/ecounc\/wp-json\/wp\/v2\/types\/product"}],"replies":[{"embeddable":true,"href":"https:\/\/wp.unil.ch\/ecounc\/wp-json\/wp\/v2\/comments?post=1012"}],"wp:featuredmedia":[{"embeddable":true,"href":"https:\/\/wp.unil.ch\/ecounc\/wp-json\/wp\/v2\/media\/1013"}],"wp:attachment":[{"href":"https:\/\/wp.unil.ch\/ecounc\/wp-json\/wp\/v2\/media?parent=1012"}],"wp:term":[{"taxonomy":"product_brand","embeddable":true,"href":"https:\/\/wp.unil.ch\/ecounc\/wp-json\/wp\/v2\/product_brand?post=1012"},{"taxonomy":"product_cat","embeddable":true,"href":"https:\/\/wp.unil.ch\/ecounc\/wp-json\/wp\/v2\/product_cat?post=1012"},{"taxonomy":"product_tag","embeddable":true,"href":"https:\/\/wp.unil.ch\/ecounc\/wp-json\/wp\/v2\/product_tag?post=1012"}],"curies":[{"name":"wp","href":"https:\/\/api.w.org\/{rel}","templated":true}]}}