{"id":1003,"date":"2017-04-27T17:16:53","date_gmt":"2017-04-27T15:16:53","guid":{"rendered":"http:\/\/wp.unil.ch\/ecounc\/?post_type=product&#038;p=1003"},"modified":"2023-10-24T13:01:14","modified_gmt":"2023-10-24T11:01:14","slug":"serre-livres-metalliques-maul-larges-bleu","status":"publish","type":"product","link":"https:\/\/wp.unil.ch\/ecounc\/produit\/serre-livres-metalliques-maul-larges-bleu\/","title":{"rendered":"Serre-livres m\u00e9talliques MAUL larges, noir"},"content":{"rendered":"<p>Serre-livres en m\u00e9tal thermolaqu\u00e9, bonne r\u00e9sistance aux rayures, surface brillante de haute qualit\u00e9, coins arrondis, bords lisses, magn\u00e9tiques, pour tous les formats de livres, CD ou DVD, recyclables. Dimensions: L 120 x H 140 x P 140 mm.<\/p>\n","protected":false},"excerpt":{"rendered":"<p>Serre-livres en m\u00e9tal thermolaqu\u00e9, bonne r\u00e9sistance aux rayures, surface brillante de haute qualit\u00e9, coins arrondis, bords lisses, magn\u00e9tiques, pour tous les formats de livres, CD ou DVD, recyclables. Dimensions: L 120 x H 140 x P 140 mm.<\/p>\n","protected":false},"featured_media":3735,"comment_status":"closed","ping_status":"closed","template":"","meta":{"_seopress_robots_primary_cat":"","_seopress_titles_title":"","_seopress_titles_desc":"","_seopress_robots_index":""},"product_brand":[],"product_cat":[38,72],"product_tag":[],"class_list":{"0":"post-1003","1":"product","2":"type-product","3":"status-publish","4":"has-post-thumbnail","6":"product_cat-rangement-de-bureau","7":"product_cat-serre-livres","9":"first","10":"instock","11":"shipping-taxable","12":"purchasable","13":"product-type-simple"},"_links":{"self":[{"href":"https:\/\/wp.unil.ch\/ecounc\/wp-json\/wp\/v2\/product\/1003","targetHints":{"allow":["GET"]}}],"collection":[{"href":"https:\/\/wp.unil.ch\/ecounc\/wp-json\/wp\/v2\/product"}],"about":[{"href":"https:\/\/wp.unil.ch\/ecounc\/wp-json\/wp\/v2\/types\/product"}],"replies":[{"embeddable":true,"href":"https:\/\/wp.unil.ch\/ecounc\/wp-json\/wp\/v2\/comments?post=1003"}],"wp:featuredmedia":[{"embeddable":true,"href":"https:\/\/wp.unil.ch\/ecounc\/wp-json\/wp\/v2\/media\/3735"}],"wp:attachment":[{"href":"https:\/\/wp.unil.ch\/ecounc\/wp-json\/wp\/v2\/media?parent=1003"}],"wp:term":[{"taxonomy":"product_brand","embeddable":true,"href":"https:\/\/wp.unil.ch\/ecounc\/wp-json\/wp\/v2\/product_brand?post=1003"},{"taxonomy":"product_cat","embeddable":true,"href":"https:\/\/wp.unil.ch\/ecounc\/wp-json\/wp\/v2\/product_cat?post=1003"},{"taxonomy":"product_tag","embeddable":true,"href":"https:\/\/wp.unil.ch\/ecounc\/wp-json\/wp\/v2\/product_tag?post=1003"}],"curies":[{"name":"wp","href":"https:\/\/api.w.org\/{rel}","templated":true}]}}