{"id":1000,"date":"2017-04-27T16:17:40","date_gmt":"2017-04-27T14:17:40","guid":{"rendered":"http:\/\/wp.unil.ch\/ecounc\/?post_type=product&#038;p=1000"},"modified":"2025-01-21T09:06:55","modified_gmt":"2025-01-21T08:06:55","slug":"repose-pieds-wedo-trittboy","status":"publish","type":"product","link":"https:\/\/wp.unil.ch\/ecounc\/produit\/repose-pieds-wedo-trittboy\/","title":{"rendered":"Repose-pieds WEDO Trittboymatin info"},"content":{"rendered":"<p>Tubulure en acier nickel\u00e9, ex\u00e9cution stable et antid\u00e9rapante.<\/p>\n<p>Le repose-pieds avec plateau mobile (L 275 x P 89 mm) peut \u00eatre positionn\u00e9 \u00e0 4 hauteurs diff\u00e9rentes.<\/p>\n<p>Poids 900 g.<\/p>\n","protected":false},"excerpt":{"rendered":"<p>Tubulure en acier nickel\u00e9, ex\u00e9cution stable et antid\u00e9rapante. Le repose-pieds avec plateau mobile (L 275 x P 89 mm) peut \u00eatre positionn\u00e9 \u00e0 4 hauteurs diff\u00e9rentes. Poids 900 g.<\/p>\n","protected":false},"featured_media":1001,"comment_status":"closed","ping_status":"closed","template":"","meta":{"_seopress_robots_primary_cat":"","_seopress_titles_title":"","_seopress_titles_desc":"","_seopress_robots_index":""},"product_brand":[],"product_cat":[38,71],"product_tag":[],"class_list":{"0":"post-1000","1":"product","2":"type-product","3":"status-publish","4":"has-post-thumbnail","6":"product_cat-rangement-de-bureau","7":"product_cat-repose-pieds","9":"first","10":"instock","11":"shipping-taxable","12":"purchasable","13":"product-type-simple"},"_links":{"self":[{"href":"https:\/\/wp.unil.ch\/ecounc\/wp-json\/wp\/v2\/product\/1000","targetHints":{"allow":["GET"]}}],"collection":[{"href":"https:\/\/wp.unil.ch\/ecounc\/wp-json\/wp\/v2\/product"}],"about":[{"href":"https:\/\/wp.unil.ch\/ecounc\/wp-json\/wp\/v2\/types\/product"}],"replies":[{"embeddable":true,"href":"https:\/\/wp.unil.ch\/ecounc\/wp-json\/wp\/v2\/comments?post=1000"}],"wp:featuredmedia":[{"embeddable":true,"href":"https:\/\/wp.unil.ch\/ecounc\/wp-json\/wp\/v2\/media\/1001"}],"wp:attachment":[{"href":"https:\/\/wp.unil.ch\/ecounc\/wp-json\/wp\/v2\/media?parent=1000"}],"wp:term":[{"taxonomy":"product_brand","embeddable":true,"href":"https:\/\/wp.unil.ch\/ecounc\/wp-json\/wp\/v2\/product_brand?post=1000"},{"taxonomy":"product_cat","embeddable":true,"href":"https:\/\/wp.unil.ch\/ecounc\/wp-json\/wp\/v2\/product_cat?post=1000"},{"taxonomy":"product_tag","embeddable":true,"href":"https:\/\/wp.unil.ch\/ecounc\/wp-json\/wp\/v2\/product_tag?post=1000"}],"curies":[{"name":"wp","href":"https:\/\/api.w.org\/{rel}","templated":true}]}}