{"id":9,"date":"2017-03-03T11:30:47","date_gmt":"2017-03-03T10:30:47","guid":{"rendered":"http:\/\/wp.unil.ch\/ecounc\/?page_id=9"},"modified":"2025-11-27T16:51:57","modified_gmt":"2025-11-27T15:51:57","slug":"reglement-usage","status":"publish","type":"page","link":"https:\/\/wp.unil.ch\/ecounc\/reglement-usage\/","title":{"rendered":"\u00c9conomat de l&rsquo;UNICENTRE"},"content":{"rendered":"\n<h1 class=\"wp-block-heading\">R\u00e8glement d\u2019Usage de l\u2019\u00c9conomat<\/h1>\n\n\n\n<hr class=\"wp-block-separator has-alpha-channel-opacity\" \/>\n\n\n\n<h2 class=\"wp-block-heading\">1. G\u00e9n\u00e9ralit\u00e9s<\/h2>\n\n\n\n<h3 class=\"wp-block-heading\">1.1 Qu\u2019est-ce que l\u2019\u00e9conomat ?<\/h3>\n\n\n\n<p>L\u2019\u00e9conomat a pour mission de fournir aux services centraux de la Direction le petit mat\u00e9riel de bureau n\u00e9cessaire \u00e0 leurs activit\u00e9s quotidiennes.<br>\u26a0\ufe0f Le mobilier de bureau (chaises, lampes, armoires, etc.) doit \u00eatre command\u00e9 via le service <strong>UNIBAT<\/strong>.<\/p>\n\n\n\n<h3 class=\"wp-block-heading\">1.2 Catalogue en ligne<\/h3>\n\n\n\n<p>Le catalogue de l\u2019\u00e9conomat comprend quatre cat\u00e9gories d\u2019articles :<\/p>\n\n\n\n<ul class=\"wp-block-list\">\n<li><strong>Articles en stock<\/strong> : disponibles via le catalogue en ligne.<\/li>\n\n\n\n<li><strong>Articles hors stock<\/strong> : commande via un bulletin \u00e9lectronique sp\u00e9cifique.<\/li>\n\n\n\n<li><strong>Articles ergonomiques<\/strong> : commande obligatoire aupr\u00e8s des <strong>infirmier\u00b7\u00e8res<\/strong>.\n<ul class=\"wp-block-list\">\n<li>T\u00e9l. interne : 2578<\/li>\n\n\n\n<li><a>infirmierst@unil.ch<\/a><\/li>\n<\/ul>\n<\/li>\n\n\n\n<li><strong>Articles en libre-service<\/strong> : disponibles en libre acc\u00e8s dans <strong>la cave du b\u00e2timent Unicentre<\/strong>.<\/li>\n<\/ul>\n\n\n\n<h3 class=\"wp-block-heading\">1.3 Armoire-tampon<\/h3>\n\n\n\n<p>Deux armoires de d\u00e9pannage sont disponibles en <strong>local 218 \u2013 Unicentre<\/strong>.<br>Elles contiennent du petit mat\u00e9riel courant (stylos, papiers, classeurs&#8230;) en libre acc\u00e8s.<br>Les armoires-tampon sont <strong>r\u00e9approvisionn\u00e9es une fois par semaine<\/strong>.<\/p>\n\n\n\n<p>Elles contiennent \u00e9galement du <strong>mat\u00e9riel recycl\u00e9<\/strong>, tri\u00e9 et encore en bon \u00e9tat d\u2019usage.<br>Nous encourageons vivement la communaut\u00e9 \u00e0 <strong>privil\u00e9gier l\u2019utilisation de ce mat\u00e9riel<\/strong> dans une d\u00e9marche \u00e9coresponsable.<\/p>\n\n\n\n<h3 class=\"wp-block-heading\">1.4 Commandes<\/h3>\n\n\n\n<p>Seules les <strong>commandes \u00e9lectroniques<\/strong> (via le catalogue ou le bulletin) sont prises en compte.<br>Une confirmation est envoy\u00e9e \u00e0 la personne commanditaire d\u00e8s que la commande est enregistr\u00e9e et en cours de traitement.<\/p>\n\n\n\n<h3 class=\"wp-block-heading\">1.5 Commandes en grandes quantit\u00e9s<\/h3>\n\n\n\n<p>Pour des volumes importants (quantit\u00e9 sup\u00e9rieure au maximum indiqu\u00e9 par article), la proc\u00e9dure est la m\u00eame que pour les <strong>articles hors stock<\/strong>.<br>Ces commandes sont <strong>factur\u00e9es au service concern\u00e9<\/strong> (voir points 1.2 et 5.2).<\/p>\n\n\n\n<hr class=\"wp-block-separator has-alpha-channel-opacity\" \/>\n\n\n\n<h2 class=\"wp-block-heading\">2. Utilisateur\u00b7trices de l\u2019\u00e9conomat<\/h2>\n\n\n\n<h3 class=\"wp-block-heading\">2.1 Unit\u00e9s concern\u00e9es (au 17.07.2025)<\/h3>\n\n\n\n<ul class=\"wp-block-list\">\n<li>Direction<\/li>\n\n\n\n<li>Bureau de l\u2019\u00e9galit\u00e9 des chances<\/li>\n\n\n\n<li>Service des ressources humaines<\/li>\n\n\n\n<li>Service des affaires sociales &amp; mobilit\u00e9 \u00e9tudiante<\/li>\n\n\n\n<li>Service financier<\/li>\n\n\n\n<li>Service orientation &amp; carri\u00e8re<\/li>\n\n\n\n<li>Syst\u00e8me d&rsquo;information &amp; statistiques<\/li>\n\n\n\n<li>Ressources informationnelles &amp; archives<\/li>\n\n\n\n<li>Service des immatriculations<\/li>\n\n\n\n<li>Service des relations internationales<\/li>\n\n\n\n<li>UNISEP<\/li>\n\n\n\n<li>Coll\u00e8ge des sciences<\/li>\n\n\n\n<li>Service Culture et M\u00e9diation scientifique<\/li>\n\n\n\n<li>ALUMNIL<\/li>\n\n\n\n<li>UNIBAT<\/li>\n\n\n\n<li>Service de la recherche<\/li>\n\n\n\n<li>Le ColLaboratoire<\/li>\n\n\n\n<li>Centre de comp\u00e9tence en durabilit\u00e9<\/li>\n\n\n\n<li>Bureau des grades<\/li>\n\n\n\n<li>Espace sant\u00e9 \u2013 Mat\u00e9riel ergonomique<\/li>\n<\/ul>\n\n\n\n<h3 class=\"wp-block-heading\">2.2 Responsables \u00e9conomat<\/h3>\n\n\n\n<p>Chaque unit\u00e9 d\u00e9signe une personne <strong>responsable \u00e9conomat<\/strong>, interlocuteur\u00b7trice privil\u00e9gi\u00e9\u00b7e entre l\u2019usager\u00b7\u00e8re et la personne gestionnaire de l\u2019\u00e9conomat.<\/p>\n\n\n\n<h3 class=\"wp-block-heading\">2.3 Acc\u00e8s \u00e0 l\u2019intranet<\/h3>\n\n\n\n<p>L\u2019acc\u00e8s \u00e0 l\u2019intranet s\u2019effectue via votre <strong>edu-ID UNIL<\/strong>.<br>Une personne rempla\u00e7ante peut \u00eatre d\u00e9sign\u00e9e par la personne responsable, sur simple demande aupr\u00e8s de la gestion de l\u2019\u00e9conomat.<\/p>\n\n\n\n<hr class=\"wp-block-separator has-alpha-channel-opacity\" \/>\n\n\n\n<h2 class=\"wp-block-heading\">3. Horaires<\/h2>\n\n\n\n<h3 class=\"wp-block-heading\">3.1 Heures d\u2019ouverture<\/h3>\n\n\n\n<p>Lundi \u00e0 vendredi : <strong>08h00 \u2013 17h00<\/strong><br>(heures d\u2019ouverture de la R\u00e9ception de l\u2019Unicentre)<\/p>\n\n\n\n<h3 class=\"wp-block-heading\">3.2 Fermetures annuelles<\/h3>\n\n\n\n<p>L\u2019\u00e9conomat est ferm\u00e9 deux fois par an (\u00e9t\u00e9 et d\u00e9cembre) pour :<\/p>\n\n\n\n<ul class=\"wp-block-list\">\n<li>L\u2019inventaire semestriel<\/li>\n\n\n\n<li>La synchronisation avec la <strong>DAL<\/strong> (Centrale d\u2019achat de l\u2019\u00c9tat de Vaud)<\/li>\n<\/ul>\n\n\n\n<p>Durant ces p\u00e9riodes, <strong>aucune commande n\u2019est trait\u00e9e<\/strong>, mais les <strong>armoires-tampon restent actives<\/strong>.<\/p>\n\n\n\n<hr class=\"wp-block-separator has-alpha-channel-opacity\" \/>\n\n\n\n<h2 class=\"wp-block-heading\">4. D\u00e9lais de livraison<\/h2>\n\n\n\n<h3 class=\"wp-block-heading\">4.1 Articles en stock<\/h3>\n\n\n\n<p>\u23f1 Livraison dans un d\u00e9lai de <strong>48h<\/strong> apr\u00e8s confirmation de la commande.<\/p>\n\n\n\n<h3 class=\"wp-block-heading\">4.2 Articles hors stock \/ grandes quantit\u00e9s<\/h3>\n\n\n\n<p>\ud83d\udce6 En fonction des fournisseurs, les d\u00e9lais varient de <strong>5 \u00e0 10 jours ouvrables<\/strong> apr\u00e8s confirmation de la commande.<\/p>\n\n\n\n<h3 class=\"wp-block-heading\">4.3 Retards<\/h3>\n\n\n\n<p>Les retards \u00e9ventuels sont communiqu\u00e9s par <strong>courriel<\/strong> \u00e0 la personne responsable \u00e9conomat de l\u2019unit\u00e9 concern\u00e9e.<\/p>\n\n\n\n<hr class=\"wp-block-separator has-alpha-channel-opacity\" \/>\n\n\n\n<h2 class=\"wp-block-heading\">5. Facturation<\/h2>\n\n\n\n<h3 class=\"wp-block-heading\">5.1 Articles en stock<\/h3>\n\n\n\n<p>Les co\u00fbts sont pris en charge par le <strong>budget de la Direction<\/strong>, dans le cadre des commandes standards et urgentes.<\/p>\n\n\n\n<h3 class=\"wp-block-heading\">5.2 Articles hors stock \/ grandes quantit\u00e9s<\/h3>\n\n\n\n<p>Les co\u00fbts sont <strong>factur\u00e9s au service demandeur<\/strong>.<\/p>\n\n\n\n<hr class=\"wp-block-separator has-alpha-channel-opacity\" \/>\n\n\n\n<h2 class=\"wp-block-heading\">6. Mat\u00e9riel recyclable<\/h2>\n\n\n\n<p>Dans une d\u00e9marche de <strong>r\u00e9duction des d\u00e9chets et de valorisation du mat\u00e9riel encore fonctionnel<\/strong>, l\u2019\u00e9conomat r\u00e9cup\u00e8re le mat\u00e9riel de bureau usag\u00e9 mais encore en bon \u00e9tat.<\/p>\n\n\n\n<p>Si vous disposez de fournitures ou de petit mobilier de bureau encore utilisables, merci de nous contacter afin de les remettre \u00e0 l\u2019\u00e9conomat.<br>Ce mat\u00e9riel est ensuite :<\/p>\n\n\n\n<ul class=\"wp-block-list\">\n<li>soit <strong>int\u00e9gr\u00e9 dans les armoires-tampon<\/strong> apr\u00e8s tri et v\u00e9rification,<\/li>\n\n\n\n<li>soit <strong>propos\u00e9 \u00e0 l\u2019Association des \u00e9tudiant\u00b7es de l\u2019UNIL<\/strong>, afin de lui donner une seconde vie.<\/li>\n<\/ul>\n\n\n\n<hr class=\"wp-block-separator has-alpha-channel-opacity\" \/>\n\n\n\n<p><\/p>\n","protected":false},"excerpt":{"rendered":"<p>R\u00e8glement d\u2019Usage de l\u2019\u00c9conomat 1. G\u00e9n\u00e9ralit\u00e9s 1.1 Qu\u2019est-ce que l\u2019\u00e9conomat ? L\u2019\u00e9conomat a pour mission de fournir aux services centraux de la Direction le petit mat\u00e9riel de bureau n\u00e9cessaire \u00e0 leurs activit\u00e9s quotidiennes.\u26a0\ufe0f Le mobilier de bureau (chaises, lampes, armoires, etc.) doit \u00eatre command\u00e9 via le service UNIBAT. 1.2 Catalogue en ligne Le catalogue de [&hellip;]<\/p>\n","protected":false},"author":1001525,"featured_media":0,"parent":0,"menu_order":0,"comment_status":"closed","ping_status":"closed","template":"","meta":{"_seopress_robots_primary_cat":"","_seopress_titles_title":"","_seopress_titles_desc":"","_seopress_robots_index":"","footnotes":""},"class_list":["post-9","page","type-page","status-publish"],"_links":{"self":[{"href":"https:\/\/wp.unil.ch\/ecounc\/wp-json\/wp\/v2\/pages\/9","targetHints":{"allow":["GET"]}}],"collection":[{"href":"https:\/\/wp.unil.ch\/ecounc\/wp-json\/wp\/v2\/pages"}],"about":[{"href":"https:\/\/wp.unil.ch\/ecounc\/wp-json\/wp\/v2\/types\/page"}],"author":[{"embeddable":true,"href":"https:\/\/wp.unil.ch\/ecounc\/wp-json\/wp\/v2\/users\/1001525"}],"replies":[{"embeddable":true,"href":"https:\/\/wp.unil.ch\/ecounc\/wp-json\/wp\/v2\/comments?post=9"}],"version-history":[{"count":4,"href":"https:\/\/wp.unil.ch\/ecounc\/wp-json\/wp\/v2\/pages\/9\/revisions"}],"predecessor-version":[{"id":4400,"href":"https:\/\/wp.unil.ch\/ecounc\/wp-json\/wp\/v2\/pages\/9\/revisions\/4400"}],"wp:attachment":[{"href":"https:\/\/wp.unil.ch\/ecounc\/wp-json\/wp\/v2\/media?parent=9"}],"curies":[{"name":"wp","href":"https:\/\/api.w.org\/{rel}","templated":true}]}}