{"id":27,"date":"2017-03-03T11:49:43","date_gmt":"2017-03-03T10:49:43","guid":{"rendered":"http:\/\/wp.unil.ch\/ecounc\/?page_id=27"},"modified":"2017-09-19T14:25:48","modified_gmt":"2017-09-19T12:25:48","slug":"aide-utilisateurs","status":"publish","type":"page","link":"https:\/\/wp.unil.ch\/ecounc\/aide-utilisateurs\/","title":{"rendered":"Aide aux utilisateurs"},"content":{"rendered":"<h2><strong><span style=\"color: #00ccff\">Commande en ligne via le catalogue<\/span><\/strong><\/h2>\n<p>Cette commande s&rsquo;effectue en ajoutant des articles de<a href=\"https:\/\/wp.unil.ch\/ecounc\/boutique\/\"> la boutique <\/a>dans un panier d&rsquo;achats, puis en confirmant les achats.<\/p>\n<p>Elle est r\u00e9serv\u00e9e pour les achats:<\/p>\n<ul>\n<li>Des articles du catalogue en stock dans l&rsquo;\u00e9conomat de l&rsquo;Unicentre<\/li>\n<\/ul>\n<h2><span style=\"color: #00ccff\"><strong>Bulletin de commande hors stock<\/strong><\/span><\/h2>\n<p>Cette commande s&rsquo;effectue en utilisant <a href=\"https:\/\/wp.unil.ch\/ecounc\/boutique\/commande-hors-stockpreviewtrue\/\">le formulaire<\/a> sp\u00e9cialement con\u00e7u \u00e0 cet effet.<\/p>\n<p>Elle est r\u00e9serv\u00e9e pour les achats:<\/p>\n<p>1- Des articles du catalogue marqu\u00e9s HORS STOCK<\/p>\n<p>2- Des articles qui ne sont pas dans le catalogue<\/p>\n<p>3- Des grandes quantit\u00e9s<\/p>\n<h2>\u00a0<span style=\"color: #00ccff\"><strong>Manuel d&rsquo;utilisation<\/strong><\/span><\/h2>\n<p>Vous trouverez ci-dessous le manuel d&rsquo;utilisation de l&rsquo;intranet de l&rsquo;\u00e9conomat de l&rsquo;Unicentre.<\/p>\n<p><span style=\"color: #ff0000\"><a href=\"https:\/\/wp.unil.ch\/ecounc\/files\/2017\/03\/Manuel-economat.pdf\">Manuel <\/a><\/span><\/p>\n<p>&nbsp;<\/p>\n","protected":false},"excerpt":{"rendered":"<p>Commande en ligne via le catalogue Cette commande s&rsquo;effectue en ajoutant des articles de la boutique dans un panier d&rsquo;achats, puis en confirmant les achats. Elle est r\u00e9serv\u00e9e pour les achats: Des articles du catalogue en stock dans l&rsquo;\u00e9conomat de l&rsquo;Unicentre Bulletin de commande hors stock Cette commande s&rsquo;effectue en utilisant le formulaire sp\u00e9cialement con\u00e7u [&hellip;]<\/p>\n","protected":false},"author":1001525,"featured_media":0,"parent":0,"menu_order":0,"comment_status":"closed","ping_status":"closed","template":"","meta":{"_seopress_robots_primary_cat":"","_seopress_titles_title":"","_seopress_titles_desc":"","_seopress_robots_index":"","footnotes":""},"class_list":["post-27","page","type-page","status-publish"],"_links":{"self":[{"href":"https:\/\/wp.unil.ch\/ecounc\/wp-json\/wp\/v2\/pages\/27","targetHints":{"allow":["GET"]}}],"collection":[{"href":"https:\/\/wp.unil.ch\/ecounc\/wp-json\/wp\/v2\/pages"}],"about":[{"href":"https:\/\/wp.unil.ch\/ecounc\/wp-json\/wp\/v2\/types\/page"}],"author":[{"embeddable":true,"href":"https:\/\/wp.unil.ch\/ecounc\/wp-json\/wp\/v2\/users\/1001525"}],"replies":[{"embeddable":true,"href":"https:\/\/wp.unil.ch\/ecounc\/wp-json\/wp\/v2\/comments?post=27"}],"version-history":[{"count":0,"href":"https:\/\/wp.unil.ch\/ecounc\/wp-json\/wp\/v2\/pages\/27\/revisions"}],"wp:attachment":[{"href":"https:\/\/wp.unil.ch\/ecounc\/wp-json\/wp\/v2\/media?parent=27"}],"curies":[{"name":"wp","href":"https:\/\/api.w.org\/{rel}","templated":true}]}}