{"id":135,"date":"2018-04-20T09:11:33","date_gmt":"2018-04-20T07:11:33","guid":{"rendered":"http:\/\/wp.unil.ch\/ecotox\/?page_id=135"},"modified":"2022-02-18T08:30:33","modified_gmt":"2022-02-18T07:30:33","slug":"links","status":"publish","type":"page","link":"https:\/\/wp.unil.ch\/ecotox\/links\/","title":{"rendered":"Links"},"content":{"rendered":"<p><a href=\"https:\/\/ecotoxicologie.fr\/blog-ecotoxicologues-pollution\">Blog on ecotoxicologie.fr<\/a> (in french).<\/p>\n<p>Blog in \u00ab\u00a0Le Temps\u00a0\u00bb (now closed) , a swiss-french daily newspaper : <a href=\"https:\/\/blogs.letemps.ch\/nathalie-chevre\/\">Petite chimie du quotidien<\/a><\/p>\n<p>Inter-institutes research project on Geneva Lake :\u00a0<a href=\"https:\/\/wp.unil.ch\/leman21\">Project Leman21<\/a><\/p>\n<p><a href=\"https:\/\/wp.unil.ch\/ecotox\/wp-admin\/post.php?post=406&amp;action=edit\">Ateliers micropolluants (2011\/12)<\/a>: les m\u00e9dicaments, les cosm\u00e9tiques, le b\u00e2ti<\/p>\n<p><a href=\"https:\/\/people.unil.ch\/nathaliechevre\">Personal website of Nathalie Ch\u00e8vre<\/a><\/p>\n<p><strong>General information about micropolluants (in french):\u00a0<\/strong><\/p>\n<p><a href=\"https:\/\/www.centreecotox.ch\/themes\/ecotoxicologie-aquatique\/micropolluants\/\" target=\"_blank\" rel=\"noopener\">Micropolluants &#8211; Centre Ecotox<\/a><\/p>\n<p><a href=\"https:\/\/www.centreecotox.ch\/media\/25547\/2014_wittmer_strategie_d_evaluation_micro_non_ponctuelles.pdf\" target=\"_blank\" rel=\"noopener\">Micropolluants &#8211; Dirig\u00e9 par l&rsquo;Office F\u00e9d\u00e9rale de l&rsquo;Environnement<\/a><\/p>\n<p><b>(In English) :\u00a0<\/b><\/p>\n<p><a href=\"https:\/\/www.thebts.org\/careers\/ecotoxicology\/\" target=\"_blank\" rel=\"noopener\">Definition of ecotoxicology &#8211; British Toxicology Society<\/a><\/p>\n<p><a href=\"https:\/\/npic.orst.edu\/factsheets\/ecotox.html\" target=\"_blank\" rel=\"noopener\">Factsheet on ecotoxicology &#8211; National Pesticide Information Center (Oregon State University)<\/a><\/p>\n<p><a href=\"https:\/\/phys.org\/news\/2017-06-ecosystem-stress-micropollutants.html\" target=\"_blank\" rel=\"noopener\">Ecosystem stress caused by micropollutants &#8211; Eawag <\/a><\/p>\n<p><strong>Books :<\/strong><\/p>\n<p><a href=\"https:\/\/www.epflpress.org\/produit\/260\/9782889144334\/Alerte%20aux%20micropolluants%20\">Alerte aux micropolluants &#8211; Un p\u00e9ril invisible<\/a><\/p>\n<p><a href=\"https:\/\/www.epflpress.org\/produit\/874\/9782889144280\/micropollutants-in-large-lakes\">Micropolluants in large lakes &#8211; From Potential Pollution to Risk Assessements<\/a><\/p>\n<p><strong><a href=\"https:\/\/www.cipel.org\/publications\/rapports-scientifiques\/\">Publications of the Commission Internationale pour la Protection des Eaux du L\u00e9man (CIPEL) available online <\/a><\/strong><a href=\"https:\/\/www.cipel.org\/publications\/rapports-scientifiques\/\">(in french)<\/a><\/p>\n","protected":false},"excerpt":{"rendered":"<p>Blog on ecotoxicologie.fr (in french). Blog in \u00ab\u00a0Le Temps\u00a0\u00bb (now closed) , a swiss-french daily newspaper : Petite chimie du quotidien Inter-institutes research project on Geneva Lake :\u00a0Project Leman21 Ateliers micropolluants (2011\/12): les m\u00e9dicaments, les cosm\u00e9tiques, le b\u00e2ti Personal website of Nathalie Ch\u00e8vre General information about micropolluants (in french):\u00a0 Micropolluants &#8211; Centre Ecotox Micropolluants &#8211; &hellip; <\/p>\n<p class=\"link-more\"><a href=\"https:\/\/wp.unil.ch\/ecotox\/links\/\" class=\"more-link\">Continuer la lecture<span class=\"screen-reader-text\"> de &laquo;&nbsp;Links&nbsp;&raquo;<\/span><\/a><\/p>\n","protected":false},"author":551,"featured_media":0,"parent":0,"menu_order":0,"comment_status":"closed","ping_status":"closed","template":"","meta":{"_seopress_robots_primary_cat":"","_seopress_titles_title":"","_seopress_titles_desc":"","_seopress_robots_index":"","footnotes":""},"class_list":["post-135","page","type-page","status-publish"],"_links":{"self":[{"href":"https:\/\/wp.unil.ch\/ecotox\/wp-json\/wp\/v2\/pages\/135","targetHints":{"allow":["GET"]}}],"collection":[{"href":"https:\/\/wp.unil.ch\/ecotox\/wp-json\/wp\/v2\/pages"}],"about":[{"href":"https:\/\/wp.unil.ch\/ecotox\/wp-json\/wp\/v2\/types\/page"}],"author":[{"embeddable":true,"href":"https:\/\/wp.unil.ch\/ecotox\/wp-json\/wp\/v2\/users\/551"}],"replies":[{"embeddable":true,"href":"https:\/\/wp.unil.ch\/ecotox\/wp-json\/wp\/v2\/comments?post=135"}],"version-history":[{"count":0,"href":"https:\/\/wp.unil.ch\/ecotox\/wp-json\/wp\/v2\/pages\/135\/revisions"}],"wp:attachment":[{"href":"https:\/\/wp.unil.ch\/ecotox\/wp-json\/wp\/v2\/media?parent=135"}],"curies":[{"name":"wp","href":"https:\/\/api.w.org\/{rel}","templated":true}]}}