{"id":347,"date":"2024-08-28T15:12:00","date_gmt":"2024-08-28T13:12:00","guid":{"rendered":"https:\/\/wp.unil.ch\/ecotopiales\/?page_id=347"},"modified":"2024-10-17T11:38:02","modified_gmt":"2024-10-17T09:38:02","slug":"jeu-de-role","status":"publish","type":"page","link":"https:\/\/wp.unil.ch\/ecotopiales\/jeu-de-role\/","title":{"rendered":"L&rsquo;ATELIER JEU DE R\u00d4LE"},"content":{"rendered":"\n<div class=\"wp-block-media-text has-media-on-the-right is-stacked-on-mobile\"><div class=\"wp-block-media-text__content\">\n<h2 class=\"wp-block-heading has-text-align-left\"><strong>Ces r\u00e9cits \u00e9cologiques dont vous \u00eates les h\u00e9ro\u00b7\u00efnes<\/strong><\/h2>\n\n\n\n<h4 class=\"wp-block-heading\">Contenu de l&rsquo;atelier : atelier jeu de r\u00f4le collaboratif, cr\u00e9ation d&rsquo;utopies \u00e9cologiques, musique <em>live<\/em><\/h4>\n\n\n\n<p>Lieu : La Grange UNIL, Quartier Dorigny, 1015 Lausanne<\/p>\n\n\n\n<p>Date : Samedi 2 novembre<\/p>\n\n\n\n<p>Horaire : 09h00 &#8211; 12h30<\/p>\n\n\n\n<p>Participation gratuite<\/p>\n\n\n\n<p>\u00c2ge : d\u00e8s 12 ans<\/p>\n<\/div><figure class=\"wp-block-media-text__media\"><img alt=\"\" decoding=\"async\" src=\"https:\/\/wp.unil.ch\/ecotopiales\/files\/2024\/09\/grange-1024x1024.png\" alt=\"\" class=\"wp-image-1079 size-full\" \/><\/figure><\/div>\n\n\n\n<div style=\"height:50px\" aria-hidden=\"true\" class=\"wp-block-spacer\"><\/div>\n\n\n\n<p class=\"has-drop-cap has-large-font-size\">Cet atelier vous propose une immersion dans la fiction climatique par le biais du jeu de r\u00f4les. <\/p>\n\n\n\n<p class=\"has-normal-font-size\">Que vous soyez rompu\u00b7es aux arcanes de cette activit\u00e9 (consistant \u00e0 \u00e9laborer une aventure en groupe sous la f\u00e9rule d&rsquo;un\u00b7e meneur\u00b7euse de jeu) ou que vous soyez parfaitement profane en la mati\u00e8re, chacun\u00b7e est bienvenu\u00b7e&nbsp;!<\/p>\n\n\n\n<p>Oubliez donjons, dragons, tr\u00e9sors et boules de feu : notre \u00e9quipe d&rsquo;animation a ourdi pour vous des sc\u00e9narios climatiques in\u00e9dits, servi par un syst\u00e8me de jeu d&rsquo;une accessibilit\u00e9 prodigieuse. Venez participer \u00e0 la cr\u00e9ation de mondes nouveaux et retrouver votre puissance d&rsquo;agir via la narration partag\u00e9e. <\/p>\n\n\n\n<p>R\u00e9inventer les r\u00e9cits de demain, c&rsquo;est maintenant et c&rsquo;est entre vos mains !<\/p>\n\n\n<div class=\"wp-block-image\">\n<figure class=\"aligncenter size-large is-resized\"><img alt=\"\" loading=\"lazy\" decoding=\"async\" width=\"1024\" height=\"512\" src=\"https:\/\/wp.unil.ch\/ecotopiales\/files\/2024\/09\/LATELIER-JEU-DE-ROLE-1024x512.png\" alt=\"\" class=\"wp-image-859\" style=\"width:400px\" srcset=\"https:\/\/wp.unil.ch\/ecotopiales\/files\/2024\/09\/LATELIER-JEU-DE-ROLE-1024x512.png 1024w, https:\/\/wp.unil.ch\/ecotopiales\/files\/2024\/09\/LATELIER-JEU-DE-ROLE-300x150.png 300w, https:\/\/wp.unil.ch\/ecotopiales\/files\/2024\/09\/LATELIER-JEU-DE-ROLE-768x384.png 768w, https:\/\/wp.unil.ch\/ecotopiales\/files\/2024\/09\/LATELIER-JEU-DE-ROLE-1536x768.png 1536w, https:\/\/wp.unil.ch\/ecotopiales\/files\/2024\/09\/LATELIER-JEU-DE-ROLE-2048x1024.png 2048w, https:\/\/wp.unil.ch\/ecotopiales\/files\/2024\/09\/LATELIER-JEU-DE-ROLE-540x270.png 540w, https:\/\/wp.unil.ch\/ecotopiales\/files\/2024\/09\/LATELIER-JEU-DE-ROLE-1080x540.png 1080w, https:\/\/wp.unil.ch\/ecotopiales\/files\/2024\/09\/LATELIER-JEU-DE-ROLE-1980x990.png 1980w\" sizes=\"auto, (max-width: 1024px) 100vw, 1024px\" \/><\/figure>\n<\/div>\n\n\n<div class=\"wp-block-buttons is-content-justification-center is-layout-flex wp-container-core-buttons-is-layout-16018d1d wp-block-buttons-is-layout-flex\">\n<div class=\"wp-block-button has-custom-width wp-block-button__width-75 has-custom-font-size has-large-font-size\"><a class=\"wp-block-button__link has-background wp-element-button\" href=\"https:\/\/events.unil.ch\/register\/357\" style=\"border-radius:5px;background-color:#8eb3c9\">JE M&rsquo;INSCRIS<\/a><\/div>\n<\/div>\n\n\n\n<p class=\"has-text-align-center\">Participation gratuite mais places limit\u00e9es&nbsp;: inscription (fortement) conseill\u00e9e&nbsp;!&nbsp;<\/p>\n\n\n\n<div style=\"height:70px\" aria-hidden=\"true\" class=\"wp-block-spacer\"><\/div>\n\n\n\n<p class=\"has-text-align-center has-large-font-size\">L\u2019atelier est organis\u00e9 en collaboration avec<\/p>\n\n\n\n<div class=\"wp-block-columns alignwide is-layout-flex wp-container-core-columns-is-layout-9d6595d7 wp-block-columns-is-layout-flex\">\n<div class=\"wp-block-column is-vertically-aligned-center is-layout-flow wp-block-column-is-layout-flow\"><div class=\"wp-block-image\">\n<figure class=\"aligncenter size-full is-resized\"><a href=\"https:\/\/www.grange-unil.ch\/\"><img alt=\"\" loading=\"lazy\" decoding=\"async\" width=\"1000\" height=\"408\" src=\"https:\/\/wp.unil.ch\/ecotopiales\/files\/2024\/08\/Grange.png\" alt=\"\" class=\"wp-image-210\" style=\"width:300px\" srcset=\"https:\/\/wp.unil.ch\/ecotopiales\/files\/2024\/08\/Grange.png 1000w, https:\/\/wp.unil.ch\/ecotopiales\/files\/2024\/08\/Grange-300x122.png 300w, https:\/\/wp.unil.ch\/ecotopiales\/files\/2024\/08\/Grange-768x313.png 768w, https:\/\/wp.unil.ch\/ecotopiales\/files\/2024\/08\/Grange-540x220.png 540w\" sizes=\"auto, (max-width: 1000px) 100vw, 1000px\" \/><\/a><\/figure>\n<\/div><\/div>\n\n\n\n<div class=\"wp-block-column is-vertically-aligned-center is-layout-flow wp-block-column-is-layout-flow\"><div class=\"wp-block-image\">\n<figure class=\"aligncenter size-large is-resized\"><a href=\"https:\/\/arsludendi.ch\/\"><img alt=\"\" loading=\"lazy\" decoding=\"async\" width=\"1024\" height=\"1021\" src=\"https:\/\/wp.unil.ch\/ecotopiales\/files\/2024\/09\/arsludendi-1024x1021.jpeg\" alt=\"\" class=\"wp-image-418\" style=\"width:200px\" srcset=\"https:\/\/wp.unil.ch\/ecotopiales\/files\/2024\/09\/arsludendi-1024x1021.jpeg 1024w, https:\/\/wp.unil.ch\/ecotopiales\/files\/2024\/09\/arsludendi-300x300.jpeg 300w, https:\/\/wp.unil.ch\/ecotopiales\/files\/2024\/09\/arsludendi-150x150.jpeg 150w, https:\/\/wp.unil.ch\/ecotopiales\/files\/2024\/09\/arsludendi-768x766.jpeg 768w, https:\/\/wp.unil.ch\/ecotopiales\/files\/2024\/09\/arsludendi-540x539.jpeg 540w, https:\/\/wp.unil.ch\/ecotopiales\/files\/2024\/09\/arsludendi-1080x1077.jpeg 1080w, https:\/\/wp.unil.ch\/ecotopiales\/files\/2024\/09\/arsludendi.jpeg 1203w\" sizes=\"auto, (max-width: 1024px) 100vw, 1024px\" \/><\/a><\/figure>\n<\/div><\/div>\n<\/div>\n","protected":false},"excerpt":{"rendered":"<p>Ces r\u00e9cits \u00e9cologiques dont vous \u00eates les h\u00e9ro\u00b7\u00efnes Contenu de l&rsquo;atelier : atelier jeu de r\u00f4le collaboratif, cr\u00e9ation d&rsquo;utopies \u00e9cologiques, musique live Lieu : La Grange UNIL, Quartier&hellip;<\/p>\n","protected":false},"author":1002526,"featured_media":0,"parent":0,"menu_order":0,"comment_status":"closed","ping_status":"closed","template":"template-full-width.php","meta":{"_seopress_robots_primary_cat":"","_seopress_titles_title":"","_seopress_titles_desc":"","_seopress_robots_index":"","_uag_custom_page_level_css":"","footnotes":""},"class_list":["post-347","page","type-page","status-publish","has-post-thumbnail"],"uagb_featured_image_src":{"full":false,"thumbnail":false,"medium":false,"medium_large":false,"large":false,"1536x1536":false,"2048x2048":false,"post-thumbnail":false,"chaplin_preview_image_low_resolution":false,"chaplin_preview_image_high_resolution":false,"chaplin_fullscreen":false,"mailpoet_newsletter_max":false},"uagb_author_info":{"display_name":"Niccolo Panozzo","author_link":"https:\/\/wp.unil.ch\/ecotopiales\/author\/npanozzo\/"},"uagb_comment_info":0,"uagb_excerpt":"Ces r\u00e9cits \u00e9cologiques dont vous \u00eates les h\u00e9ro\u00b7\u00efnes Contenu de l&rsquo;atelier : atelier jeu de r\u00f4le collaboratif, cr\u00e9ation d&rsquo;utopies \u00e9cologiques, musique live Lieu : La Grange UNIL, Quartier&hellip;","_links":{"self":[{"href":"https:\/\/wp.unil.ch\/ecotopiales\/wp-json\/wp\/v2\/pages\/347","targetHints":{"allow":["GET"]}}],"collection":[{"href":"https:\/\/wp.unil.ch\/ecotopiales\/wp-json\/wp\/v2\/pages"}],"about":[{"href":"https:\/\/wp.unil.ch\/ecotopiales\/wp-json\/wp\/v2\/types\/page"}],"author":[{"embeddable":true,"href":"https:\/\/wp.unil.ch\/ecotopiales\/wp-json\/wp\/v2\/users\/1002526"}],"replies":[{"embeddable":true,"href":"https:\/\/wp.unil.ch\/ecotopiales\/wp-json\/wp\/v2\/comments?post=347"}],"version-history":[{"count":5,"href":"https:\/\/wp.unil.ch\/ecotopiales\/wp-json\/wp\/v2\/pages\/347\/revisions"}],"predecessor-version":[{"id":1139,"href":"https:\/\/wp.unil.ch\/ecotopiales\/wp-json\/wp\/v2\/pages\/347\/revisions\/1139"}],"wp:attachment":[{"href":"https:\/\/wp.unil.ch\/ecotopiales\/wp-json\/wp\/v2\/media?parent=347"}],"curies":[{"name":"wp","href":"https:\/\/api.w.org\/{rel}","templated":true}]}}