{"id":298,"date":"2024-08-26T16:55:12","date_gmt":"2024-08-26T14:55:12","guid":{"rendered":"https:\/\/wp.unil.ch\/ecotopiales\/?page_id=298"},"modified":"2024-10-16T09:32:55","modified_gmt":"2024-10-16T07:32:55","slug":"soiree-cinema","status":"publish","type":"page","link":"https:\/\/wp.unil.ch\/ecotopiales\/soiree-cinema\/","title":{"rendered":"LE GRAND FILM AU CAPITOLE"},"content":{"rendered":"\n<div class=\"wp-block-media-text has-media-on-the-right is-stacked-on-mobile\"><div class=\"wp-block-media-text__content\">\n<h3 class=\"wp-block-heading has-text-align-left\">Projection de <em>The Host<\/em> (119&prime;)<br>De Bong Joon-ho<\/h3>\n\n\n\n<p>Cor\u00e9e du Sud, 2006<br>Avec Song Kan-ho, Byun Hee-bong, Park Hae-il<\/p>\n\n\n\n<p>Lieu : Cin\u00e9math\u00e8que suisse, Cin\u00e9ma Capitole<\/p>\n\n\n\n<p>Horaire : 20h30 (ouverture des portes \u00e0 19h30)<\/p>\n\n\n\n<p>Prix : Tarif normal : 15 CHF<br>Tarif r\u00e9duit : 12 CHF<\/p>\n\n\n\n<p>\u00c2ge : d\u00e8s 12 ans<\/p>\n\n\n\n<div class=\"wp-block-buttons is-layout-flex wp-block-buttons-is-layout-flex\"><\/div>\n<\/div><figure class=\"wp-block-media-text__media\"><img alt=\"\" decoding=\"async\" src=\"https:\/\/wp.unil.ch\/ecotopiales\/files\/2024\/09\/capitole-1024x1024.png\" alt=\"\" class=\"wp-image-1083 size-full\" \/><\/figure><\/div>\n\n\n\n<h4 class=\"wp-block-heading\"><strong>R\u00e9sum\u00e9 du film<\/strong><\/h4>\n\n\n\n<p class=\"has-drop-cap has-large-font-size\">A S\u00e9oul, un monstre amphibie g\u00e9n\u00e9r\u00e9 par des d\u00e9chets toxiques r\u00e9pandus par l&rsquo;arm\u00e9e am\u00e9ricaine cr\u00e9e la panique. <\/p>\n\n\n\n<p class=\"has-normal-font-size\">Lorsqu&rsquo;une jeune femme est enlev\u00e9e par la cr\u00e9ature, sa famille se met \u00e0 sa recherche\u2026<\/p>\n\n\n\n<p class=\"has-normal-font-size\">Le cin\u00e9aste propose un hommage virtuose au cin\u00e9ma de genre et joue avec plusieurs registres: \u00ab C&rsquo;est parce qu&rsquo;on n&rsquo;est jamais vraiment s\u00fbr de ce que l&rsquo;on voit en lui que le monstre \u00e9veille notre fascination. De la m\u00eame mani\u00e8re,&nbsp;<em>The Host<\/em>&nbsp;est changeant, multiple, insaisissable, comme en t\u00e9moigne l&rsquo;aisance prodigieuse avec laquelle il passe d&rsquo;un cin\u00e9ma \u00e0 un autre sans jamais les faire se heurter. Godzilla y c\u00f4toie Chaplin (le film d\u00e9ploie un formidable \u00e9ventail de chutes et autres motifs burlesques), comme y dialoguent farce chabrolienne et \u00e9pouvante shyamalanienne \u00bb (J\u00e9r\u00e9mie Oro,&nbsp;<em>Les Inrockuptibles<\/em>, 2023).<\/p>\n\n\n\n<p>Au travers de la figure du monstre, le film de Bong Joon-ho nous invite aussi \u00e0 nous questionner de fa\u00e7on humoristique et imag\u00e9e sur le rapport que nous entretenons \u00e0 notre environnement, via la production de d\u00e9chets&#8230; Une \u00e9cofiction qui questionne les multiples mutations de notre monde, et que nous avons choisie pour conclure cette premi\u00e8re \u00e9dition des <em>\u00c9cotopiales.<\/em><\/p>\n\n\n<div class=\"wp-block-image\">\n<figure class=\"aligncenter size-large is-resized\"><img alt=\"\" loading=\"lazy\" decoding=\"async\" width=\"1024\" height=\"512\" src=\"https:\/\/wp.unil.ch\/ecotopiales\/files\/2024\/09\/PROJECTION-DE-THE-HOST-1-1024x512.png\" alt=\"\" class=\"wp-image-905\" style=\"width:400px\" srcset=\"https:\/\/wp.unil.ch\/ecotopiales\/files\/2024\/09\/PROJECTION-DE-THE-HOST-1-1024x512.png 1024w, https:\/\/wp.unil.ch\/ecotopiales\/files\/2024\/09\/PROJECTION-DE-THE-HOST-1-300x150.png 300w, https:\/\/wp.unil.ch\/ecotopiales\/files\/2024\/09\/PROJECTION-DE-THE-HOST-1-768x384.png 768w, https:\/\/wp.unil.ch\/ecotopiales\/files\/2024\/09\/PROJECTION-DE-THE-HOST-1-1536x768.png 1536w, https:\/\/wp.unil.ch\/ecotopiales\/files\/2024\/09\/PROJECTION-DE-THE-HOST-1-2048x1024.png 2048w, https:\/\/wp.unil.ch\/ecotopiales\/files\/2024\/09\/PROJECTION-DE-THE-HOST-1-540x270.png 540w, https:\/\/wp.unil.ch\/ecotopiales\/files\/2024\/09\/PROJECTION-DE-THE-HOST-1-1080x540.png 1080w, https:\/\/wp.unil.ch\/ecotopiales\/files\/2024\/09\/PROJECTION-DE-THE-HOST-1-1980x990.png 1980w\" sizes=\"auto, (max-width: 1024px) 100vw, 1024px\" \/><\/figure>\n<\/div>\n\n\n<div class=\"wp-block-buttons is-content-justification-center is-layout-flex wp-container-core-buttons-is-layout-16018d1d wp-block-buttons-is-layout-flex\">\n<div class=\"wp-block-button has-custom-width wp-block-button__width-75 has-custom-font-size has-large-font-size\"><a class=\"wp-block-button__link has-background wp-element-button\" href=\"https:\/\/live.cinematheque.ch\/films\/the-host\" style=\"border-radius:5px;background-color:#ba9bb2\">JE R\u00c9SERVE MON BILLET<\/a><\/div>\n<\/div>\n\n\n\n<div style=\"height:70px\" aria-hidden=\"true\" class=\"wp-block-spacer\"><\/div>\n\n\n\n<p class=\"has-text-align-center has-large-font-size\">La projection est organis\u00e9e en collaboration avec<\/p>\n\n\n<div class=\"wp-block-image\">\n<figure class=\"aligncenter size-large is-resized\"><a href=\"https:\/\/www.cinematheque.ch\/\"><img alt=\"\" decoding=\"async\" src=\"https:\/\/wp.unil.ch\/ecotopiales\/files\/2024\/08\/Cinematheques-1024x103.png\" alt=\"\" class=\"wp-image-227\" style=\"width:300px\" \/><\/a><\/figure>\n<\/div>","protected":false},"excerpt":{"rendered":"<p>R\u00e9sum\u00e9 du film A S\u00e9oul, un monstre amphibie g\u00e9n\u00e9r\u00e9 par des d\u00e9chets toxiques r\u00e9pandus par l&rsquo;arm\u00e9e am\u00e9ricaine cr\u00e9e la panique. Lorsqu&rsquo;une jeune femme est enlev\u00e9e par la cr\u00e9ature,&hellip;<\/p>\n","protected":false},"author":1002526,"featured_media":0,"parent":0,"menu_order":0,"comment_status":"closed","ping_status":"closed","template":"template-full-width.php","meta":{"_seopress_robots_primary_cat":"","_seopress_titles_title":"","_seopress_titles_desc":"","_seopress_robots_index":"","_uag_custom_page_level_css":"","footnotes":""},"class_list":["post-298","page","type-page","status-publish","has-post-thumbnail"],"uagb_featured_image_src":{"full":false,"thumbnail":false,"medium":false,"medium_large":false,"large":false,"1536x1536":false,"2048x2048":false,"post-thumbnail":false,"chaplin_preview_image_low_resolution":false,"chaplin_preview_image_high_resolution":false,"chaplin_fullscreen":false,"mailpoet_newsletter_max":false},"uagb_author_info":{"display_name":"Niccolo Panozzo","author_link":"https:\/\/wp.unil.ch\/ecotopiales\/author\/npanozzo\/"},"uagb_comment_info":0,"uagb_excerpt":"R\u00e9sum\u00e9 du film A S\u00e9oul, un monstre amphibie g\u00e9n\u00e9r\u00e9 par des d\u00e9chets toxiques r\u00e9pandus par l&rsquo;arm\u00e9e am\u00e9ricaine cr\u00e9e la panique. Lorsqu&rsquo;une jeune femme est enlev\u00e9e par la cr\u00e9ature,&hellip;","_links":{"self":[{"href":"https:\/\/wp.unil.ch\/ecotopiales\/wp-json\/wp\/v2\/pages\/298","targetHints":{"allow":["GET"]}}],"collection":[{"href":"https:\/\/wp.unil.ch\/ecotopiales\/wp-json\/wp\/v2\/pages"}],"about":[{"href":"https:\/\/wp.unil.ch\/ecotopiales\/wp-json\/wp\/v2\/types\/page"}],"author":[{"embeddable":true,"href":"https:\/\/wp.unil.ch\/ecotopiales\/wp-json\/wp\/v2\/users\/1002526"}],"replies":[{"embeddable":true,"href":"https:\/\/wp.unil.ch\/ecotopiales\/wp-json\/wp\/v2\/comments?post=298"}],"version-history":[{"count":5,"href":"https:\/\/wp.unil.ch\/ecotopiales\/wp-json\/wp\/v2\/pages\/298\/revisions"}],"predecessor-version":[{"id":1135,"href":"https:\/\/wp.unil.ch\/ecotopiales\/wp-json\/wp\/v2\/pages\/298\/revisions\/1135"}],"wp:attachment":[{"href":"https:\/\/wp.unil.ch\/ecotopiales\/wp-json\/wp\/v2\/media?parent=298"}],"curies":[{"name":"wp","href":"https:\/\/api.w.org\/{rel}","templated":true}]}}