{"id":2793,"date":"2025-10-14T12:32:54","date_gmt":"2025-10-14T10:32:54","guid":{"rendered":"https:\/\/wp.unil.ch\/ecotopiales\/?page_id=2793"},"modified":"2025-10-14T14:07:29","modified_gmt":"2025-10-14T12:07:29","slug":"comment-mettre-les-utopies-ecologiques-en-pratique","status":"publish","type":"page","link":"https:\/\/wp.unil.ch\/ecotopiales\/le-pre-festival-du-23-au-30-octobre\/comment-mettre-les-utopies-ecologiques-en-pratique\/","title":{"rendered":"COMMENT METTRE LES UTOPIES \u00c9COLOGIQUES EN PRATIQUE ?"},"content":{"rendered":"\n<div class=\"wp-block-media-text alignwide has-media-on-the-right is-stacked-on-mobile\"><div class=\"wp-block-media-text__content\">\n<h2 class=\"wp-block-heading has-text-align-left\"><strong><strong>Table ronde et discussion autour de l&rsquo;ouvrage <em>Special Issue on Utopias<\/em><\/strong><\/strong><\/h2>\n\n\n\n<p class=\"has-text-align-left\"><\/p>\n\n\n\n<h4 class=\"wp-block-heading\">Contenu de l&rsquo;\u00e9v\u00e9nement : rencontre avec des chercheur\u00b7euses du Research Center for Grand Challenges<\/h4>\n\n\n\n<p><span style=\"text-decoration: underline\">Lieu<\/span> : La Grange &#8211; Unil<\/p>\n\n\n\n<p><span style=\"text-decoration: underline\">Date<\/span> : Mercredi 29 octobre<\/p>\n\n\n\n<p><span style=\"text-decoration: underline\">Horaire<\/span> : 18h30 &#8211; 20h00<\/p>\n\n\n\n<p class=\"has-large-font-size\"><strong>Participation gratuite<\/strong><\/p>\n<\/div><figure class=\"wp-block-media-text__media\"><img alt=\"dorigny\" loading=\"lazy\" decoding=\"async\" width=\"1024\" height=\"1024\" src=\"https:\/\/wp.unil.ch\/ecotopiales\/files\/2025\/09\/dorigny-1024x1024.jpeg\" alt=\"\" class=\"wp-image-1809 size-full\" srcset=\"https:\/\/wp.unil.ch\/ecotopiales\/files\/2025\/09\/dorigny-1024x1024.jpeg 1024w, https:\/\/wp.unil.ch\/ecotopiales\/files\/2025\/09\/dorigny-300x300.jpeg 300w, https:\/\/wp.unil.ch\/ecotopiales\/files\/2025\/09\/dorigny-150x150.jpeg 150w, https:\/\/wp.unil.ch\/ecotopiales\/files\/2025\/09\/dorigny-768x768.jpeg 768w, https:\/\/wp.unil.ch\/ecotopiales\/files\/2025\/09\/dorigny-540x540.jpeg 540w, https:\/\/wp.unil.ch\/ecotopiales\/files\/2025\/09\/dorigny-1080x1080.jpeg 1080w, https:\/\/wp.unil.ch\/ecotopiales\/files\/2025\/09\/dorigny.jpeg 1200w\" sizes=\"auto, (max-width: 1024px) 100vw, 1024px\" \/><\/figure><\/div>\n\n\n\n<div class=\"wp-block-group alignwide\"><div class=\"wp-block-group__inner-container is-layout-constrained wp-block-group-is-layout-constrained\">\n<p class=\"has-drop-cap has-large-font-size\">Les utopies peuvent-elles \u00eatre r\u00e9alis\u00e9es ?<\/p>\n\n\n\n<p class=\"has-text-align-left\">Cet \u00e9v\u00e9nement rassemble les auteur\u00b7ices et les \u00e9diteur\u00b7ices du num\u00e9ro sp\u00e9cial 2025 sur les utopies publi\u00e9 par l&rsquo;\u00e9quipe du blog <a href=\"https:\/\/hecgrandchallenges.ch\/blog\/\">Grand Challenges de HEC Lausanne<\/a>. Compos\u00e9 de neuf essais dans lesquels des universitaires et des praticiens ont imagin\u00e9 leurs utopies, ce recueil s&rsquo;inspire du livre ing\u00e9nieux \u00ab Le Minist\u00e8re du futur \u00bb du romancier Kim Stanley Robinson, qui a contribu\u00e9 a populariser le genre de la fiction climatique.<\/p>\n\n\n\n<p class=\"has-normal-font-size\">Organis\u00e9 par le Research Center for Grand Challenges, cet \u00e9v\u00e9nement vise \u00e0 offrir un forum pour des id\u00e9es novatrices susceptibles de d\u00e9boucher sur un avenir plus souhaitable. Venez d\u00e9couvrir et discuter de cette publication in\u00e9dite et de concepts philosophiques tels que le possibilisme, les n\u00e9o-agriculteurs qui exp\u00e9rimentent dans des paysages agricoles dystopiques en Suisse ou des concepts de planification concrets pour parvenir \u00e0 des soci\u00e9t\u00e9s post-croissance durables et justes !&nbsp;<\/p>\n\n\n\n<p>La table ronde aura lieu <span style=\"text-decoration: underline\">en anglais<\/span>.<\/p>\n\n\n\n<p>Panel : <strong>Mathilde Vandeale<\/strong> (FGSE), <strong>Elena Hofferberth<\/strong> (FGSE), <strong>Philipp Censkowsky<\/strong> (HEC), <strong>Laurence Jeangros<\/strong> (HEC)<\/p>\n\n\n\n<p>Mod\u00e9ration&nbsp;: <span style=\"text-decoration: underline\">Lilly Felber<\/span>, Doctorante en Facult\u00e9 de HEC Lausanne<br><\/p>\n<\/div><\/div>\n\n\n\n<div class=\"wp-block-group alignwide is-vertical is-content-justification-center is-layout-flex wp-container-core-group-is-layout-73a99bce wp-block-group-is-layout-flex\"><div class=\"wp-block-image\">\n<figure class=\"aligncenter size-large is-resized\"><img loading=\"lazy\" decoding=\"async\" width=\"1024\" height=\"512\" src=\"https:\/\/wp.unil.ch\/ecotopiales\/files\/2025\/09\/chamois-1024x512.jpeg\" alt=\"chamois\" class=\"wp-image-1627\" style=\"width:400px\" srcset=\"https:\/\/wp.unil.ch\/ecotopiales\/files\/2025\/09\/chamois-1024x512.jpeg 1024w, https:\/\/wp.unil.ch\/ecotopiales\/files\/2025\/09\/chamois-300x150.jpeg 300w, https:\/\/wp.unil.ch\/ecotopiales\/files\/2025\/09\/chamois-768x384.jpeg 768w, https:\/\/wp.unil.ch\/ecotopiales\/files\/2025\/09\/chamois-1536x768.jpeg 1536w, https:\/\/wp.unil.ch\/ecotopiales\/files\/2025\/09\/chamois-540x270.jpeg 540w, https:\/\/wp.unil.ch\/ecotopiales\/files\/2025\/09\/chamois-1080x540.jpeg 1080w, https:\/\/wp.unil.ch\/ecotopiales\/files\/2025\/09\/chamois-1320x660.jpeg 1320w, https:\/\/wp.unil.ch\/ecotopiales\/files\/2025\/09\/chamois.jpeg 1920w\" sizes=\"auto, (max-width: 1024px) 100vw, 1024px\" \/><\/figure>\n<\/div>\n\n\n<div class=\"wp-block-buttons alignwide is-content-justification-center is-layout-flex wp-container-core-buttons-is-layout-16018d1d wp-block-buttons-is-layout-flex\">\n<div class=\"wp-block-button has-custom-width wp-block-button__width-100\"><a class=\"wp-block-button__link has-background has-larger-font-size has-custom-font-size wp-element-button\" style=\"border-radius:5px;background-color:#8eb3c9\">ENTR\u00c9E LIBRE, SANS INSCRIPTION !<\/a><\/div>\n<\/div>\n\n\n\n<p><\/p>\n<\/div>\n\n\n\n<p><\/p>\n\n\n\n<div class=\"wp-block-group alignwide is-vertical is-content-justification-center is-layout-flex wp-container-core-group-is-layout-73a99bce wp-block-group-is-layout-flex\">\n<p class=\"has-large-font-size\">Cet \u00e9v\u00e9nement est organis\u00e9 en collaboration avec<\/p>\n\n\n\n<p><a href=\"https:\/\/www.grange-unil.ch\"><\/a><a href=\"https:\/\/www.grange-unil.ch\"><\/a><\/p>\n<\/div>\n\n\n\n<div class=\"wp-block-columns alignwide is-layout-flex wp-container-core-columns-is-layout-9d6595d7 wp-block-columns-is-layout-flex\">\n<div class=\"wp-block-column is-layout-flow wp-block-column-is-layout-flow\"><div class=\"wp-block-image\">\n<figure class=\"alignright size-large is-resized\"><img loading=\"lazy\" decoding=\"async\" width=\"1024\" height=\"576\" src=\"https:\/\/wp.unil.ch\/ecotopiales\/files\/2025\/10\/rcgc-1-1024x576.png\" alt=\"rcgc\" class=\"wp-image-2833\" style=\"aspect-ratio:16\/9;object-fit:cover;width:350px\" srcset=\"https:\/\/wp.unil.ch\/ecotopiales\/files\/2025\/10\/rcgc-1-1024x576.png 1024w, https:\/\/wp.unil.ch\/ecotopiales\/files\/2025\/10\/rcgc-1-300x169.png 300w, https:\/\/wp.unil.ch\/ecotopiales\/files\/2025\/10\/rcgc-1-768x432.png 768w, https:\/\/wp.unil.ch\/ecotopiales\/files\/2025\/10\/rcgc-1-1536x864.png 1536w, https:\/\/wp.unil.ch\/ecotopiales\/files\/2025\/10\/rcgc-1-540x304.png 540w, https:\/\/wp.unil.ch\/ecotopiales\/files\/2025\/10\/rcgc-1-1080x608.png 1080w, https:\/\/wp.unil.ch\/ecotopiales\/files\/2025\/10\/rcgc-1-1980x1114.png 1980w, https:\/\/wp.unil.ch\/ecotopiales\/files\/2025\/10\/rcgc-1-1320x743.png 1320w, https:\/\/wp.unil.ch\/ecotopiales\/files\/2025\/10\/rcgc-1.png 2048w\" sizes=\"auto, (max-width: 1024px) 100vw, 1024px\" \/><\/figure>\n<\/div><\/div>\n\n\n\n<div class=\"wp-block-column is-layout-flow wp-block-column-is-layout-flow\"><div class=\"wp-block-image\">\n<figure class=\"alignleft size-full is-resized\"><img loading=\"lazy\" decoding=\"async\" width=\"1000\" height=\"408\" src=\"https:\/\/wp.unil.ch\/ecotopiales\/files\/2025\/10\/grange.png\" alt=\"grange\" class=\"wp-image-2819\" style=\"width:300px\" srcset=\"https:\/\/wp.unil.ch\/ecotopiales\/files\/2025\/10\/grange.png 1000w, https:\/\/wp.unil.ch\/ecotopiales\/files\/2025\/10\/grange-300x122.png 300w, https:\/\/wp.unil.ch\/ecotopiales\/files\/2025\/10\/grange-768x313.png 768w, https:\/\/wp.unil.ch\/ecotopiales\/files\/2025\/10\/grange-540x220.png 540w\" sizes=\"auto, (max-width: 1000px) 100vw, 1000px\" \/><\/figure>\n<\/div><\/div>\n<\/div>\n\n\n\n<div class=\"wp-block-buttons alignwide is-content-justification-center is-layout-flex wp-container-core-buttons-is-layout-16018d1d wp-block-buttons-is-layout-flex\">\n<div class=\"wp-block-button has-custom-width wp-block-button__width-75 is-style-outline is-style-outline--1\"><a class=\"wp-block-button__link has-large-font-size has-custom-font-size wp-element-button\" href=\"https:\/\/wp.unil.ch\/ecotopiales\/le-pre-festival-du-23-au-30-octobre\/\">VOIR LE PROGRAMME COMPLET DU PR\u00c9-FESTIVAL<\/a><\/div>\n<\/div>\n","protected":false},"excerpt":{"rendered":"<p>Table ronde et discussion autour de l&rsquo;ouvrage Special Issue on Utopias Contenu de l&rsquo;\u00e9v\u00e9nement : rencontre avec des chercheur\u00b7euses du Research Center for Grand Challenges Lieu : La&hellip;<\/p>\n","protected":false},"author":1003057,"featured_media":0,"parent":2088,"menu_order":0,"comment_status":"closed","ping_status":"closed","template":"","meta":{"_seopress_robots_primary_cat":"","_seopress_titles_title":"","_seopress_titles_desc":"","_seopress_robots_index":"","_uag_custom_page_level_css":"","footnotes":""},"class_list":["post-2793","page","type-page","status-publish","has-post-thumbnail"],"uagb_featured_image_src":{"full":false,"thumbnail":false,"medium":false,"medium_large":false,"large":false,"1536x1536":false,"2048x2048":false,"post-thumbnail":false,"chaplin_preview_image_low_resolution":false,"chaplin_preview_image_high_resolution":false,"chaplin_fullscreen":false,"mailpoet_newsletter_max":false},"uagb_author_info":{"display_name":"El\u00e9a T\u00e9cher","author_link":"https:\/\/wp.unil.ch\/ecotopiales\/author\/etecher1\/"},"uagb_comment_info":0,"uagb_excerpt":"Table ronde et discussion autour de l&rsquo;ouvrage Special Issue on Utopias Contenu de l&rsquo;\u00e9v\u00e9nement : rencontre avec des chercheur\u00b7euses du Research Center for Grand Challenges Lieu : La&hellip;","_links":{"self":[{"href":"https:\/\/wp.unil.ch\/ecotopiales\/wp-json\/wp\/v2\/pages\/2793","targetHints":{"allow":["GET"]}}],"collection":[{"href":"https:\/\/wp.unil.ch\/ecotopiales\/wp-json\/wp\/v2\/pages"}],"about":[{"href":"https:\/\/wp.unil.ch\/ecotopiales\/wp-json\/wp\/v2\/types\/page"}],"author":[{"embeddable":true,"href":"https:\/\/wp.unil.ch\/ecotopiales\/wp-json\/wp\/v2\/users\/1003057"}],"replies":[{"embeddable":true,"href":"https:\/\/wp.unil.ch\/ecotopiales\/wp-json\/wp\/v2\/comments?post=2793"}],"version-history":[{"count":4,"href":"https:\/\/wp.unil.ch\/ecotopiales\/wp-json\/wp\/v2\/pages\/2793\/revisions"}],"predecessor-version":[{"id":2851,"href":"https:\/\/wp.unil.ch\/ecotopiales\/wp-json\/wp\/v2\/pages\/2793\/revisions\/2851"}],"up":[{"embeddable":true,"href":"https:\/\/wp.unil.ch\/ecotopiales\/wp-json\/wp\/v2\/pages\/2088"}],"wp:attachment":[{"href":"https:\/\/wp.unil.ch\/ecotopiales\/wp-json\/wp\/v2\/media?parent=2793"}],"curies":[{"name":"wp","href":"https:\/\/api.w.org\/{rel}","templated":true}]}}