{"id":2535,"date":"2025-10-07T10:02:42","date_gmt":"2025-10-07T08:02:42","guid":{"rendered":"https:\/\/wp.unil.ch\/ecotopiales\/?page_id=2535"},"modified":"2025-10-08T15:44:16","modified_gmt":"2025-10-08T13:44:16","slug":"cinema-2","status":"publish","type":"page","link":"https:\/\/wp.unil.ch\/ecotopiales\/cinema-2\/","title":{"rendered":"CIN\u00c9MA"},"content":{"rendered":"\n<div class=\"wp-block-columns alignwide is-layout-flex wp-container-core-columns-is-layout-9d6595d7 wp-block-columns-is-layout-flex\">\n<div class=\"wp-block-column is-vertically-aligned-bottom is-layout-flow wp-block-column-is-layout-flow\">\n<h4 class=\"wp-block-heading\"><strong>MATI\u00c8RES, MOUVEMENTS ET SENSIBILIT\u00c9S<br><\/strong>\u00c9COLOGIES DU CIN\u00c9MA D\u2019ANIMATION<\/h4>\n<\/div>\n\n\n\n<div class=\"wp-block-column is-vertically-aligned-bottom is-layout-flow wp-block-column-is-layout-flow\">\n<h4 class=\"wp-block-heading\"><strong>LES ANIMAUX AU CIN\u00c9MA<\/strong><br>D\u00c9CONSTRUIRE LES ST\u00c9R\u00c9OTYPES ET CR\u00c9ER DE NOUVEAUX R\u00c9CITS<\/h4>\n<\/div>\n\n\n\n<div class=\"wp-block-column is-vertically-aligned-bottom is-layout-flow wp-block-column-is-layout-flow\">\n<h4 class=\"wp-block-heading\"><strong>TROP CHAUD ! <\/strong><br>LES A\u00ceN\u00c9ES POUR LE CLIMAT CONTRE LA SUISSE<\/h4>\n<\/div>\n<\/div>\n\n\n\n<div class=\"wp-block-columns alignwide is-layout-flex wp-container-core-columns-is-layout-9d6595d7 wp-block-columns-is-layout-flex\">\n<div class=\"wp-block-column is-layout-flow wp-block-column-is-layout-flow\">\n<figure class=\"wp-block-image size-large\"><a href=\"https:\/\/wp.unil.ch\/ecotopiales\/matieres-mouvements-et-sensibilites-ecologies-du-cinema-danimation\/\"><img alt=\"\" loading=\"lazy\" decoding=\"async\" width=\"1024\" height=\"1013\" src=\"https:\/\/wp.unil.ch\/ecotopiales\/files\/2024\/09\/amphimax-1024x1013.png\" alt=\"\" class=\"wp-image-1071\" srcset=\"https:\/\/wp.unil.ch\/ecotopiales\/files\/2024\/09\/amphimax-1024x1013.png 1024w, https:\/\/wp.unil.ch\/ecotopiales\/files\/2024\/09\/amphimax-300x297.png 300w, https:\/\/wp.unil.ch\/ecotopiales\/files\/2024\/09\/amphimax-768x760.png 768w, https:\/\/wp.unil.ch\/ecotopiales\/files\/2024\/09\/amphimax-540x534.png 540w, https:\/\/wp.unil.ch\/ecotopiales\/files\/2024\/09\/amphimax-1080x1068.png 1080w, https:\/\/wp.unil.ch\/ecotopiales\/files\/2024\/09\/amphimax.png 1213w\" sizes=\"auto, (max-width: 1024px) 100vw, 1024px\" \/><\/a><\/figure>\n\n\n\n<p><strong><span style=\"text-decoration: underline\">Date<\/span>&nbsp;:<\/strong> Vendredi 31 octobre<\/p>\n\n\n\n<p><strong><span style=\"text-decoration: underline\">Horaire<\/span>&nbsp;: <\/strong>14h00 \u2013 17h00<\/p>\n\n\n\n<p><strong><span style=\"text-decoration: underline\">Lieu<\/span>&nbsp;:<\/strong> Amphimax 413 \u2013 Unil<\/p>\n\n\n\n<p><strong><span style=\"text-decoration: underline\">\u00c2ge<\/span>&nbsp;:<\/strong> d\u00e8s 16 ans<\/p>\n\n\n\n<p class=\"has-large-font-size\"><strong>Participation gratuite<\/strong><\/p>\n\n\n\n<div class=\"wp-block-buttons is-content-justification-center is-layout-flex wp-container-core-buttons-is-layout-16018d1d wp-block-buttons-is-layout-flex\">\n<div class=\"wp-block-button has-custom-width wp-block-button__width-100\"><a class=\"wp-block-button__link has-background has-large-font-size has-custom-font-size wp-element-button\" href=\"https:\/\/wp.unil.ch\/ecotopiales\/matieres-mouvements-et-sensibilites-ecologies-du-cinema-danimation\" style=\"border-radius:5px;background-color:#8192c7\">D\u00c9COUVRIR L&rsquo;ATELIER<\/a><\/div>\n<\/div>\n<\/div>\n\n\n\n<div class=\"wp-block-column is-layout-flow wp-block-column-is-layout-flow\">\n<figure class=\"wp-block-image size-full is-resized\"><a href=\"https:\/\/wp.unil.ch\/ecotopiales\/les-animaux-au-cinema-deconstruire-les-stereotypes-et-creer-de-nouveaux-recits\/\"><img loading=\"lazy\" decoding=\"async\" width=\"639\" height=\"640\" src=\"https:\/\/wp.unil.ch\/ecotopiales\/files\/2025\/10\/montbenon-moyenne.jpeg\" alt=\"montbenon moyenne\" class=\"wp-image-2536\" style=\"width:358px\" srcset=\"https:\/\/wp.unil.ch\/ecotopiales\/files\/2025\/10\/montbenon-moyenne.jpeg 639w, https:\/\/wp.unil.ch\/ecotopiales\/files\/2025\/10\/montbenon-moyenne-300x300.jpeg 300w, https:\/\/wp.unil.ch\/ecotopiales\/files\/2025\/10\/montbenon-moyenne-150x150.jpeg 150w, https:\/\/wp.unil.ch\/ecotopiales\/files\/2025\/10\/montbenon-moyenne-540x541.jpeg 540w\" sizes=\"auto, (max-width: 639px) 100vw, 639px\" \/><\/a><\/figure>\n\n\n\n<p><strong><span style=\"text-decoration: underline\">Date<\/span>&nbsp;: <\/strong>Samedi 1<sup>er<\/sup>&nbsp;novembre<\/p>\n\n\n\n<p><strong><span style=\"text-decoration: underline\">Horaire<\/span>&nbsp;:<\/strong> 14h15 \u2013 17h30<\/p>\n\n\n\n<p><strong><span style=\"text-decoration: underline\">Lieu<\/span>&nbsp;: <\/strong>Casino de Montbenon<\/p>\n\n\n\n<p><strong><span style=\"text-decoration: underline\">\u00c2ge<\/span>&nbsp;:<\/strong> d\u00e8s 14 ans<\/p>\n\n\n\n<p class=\"has-large-font-size\"><strong>Participation gratuite<\/strong><\/p>\n\n\n\n<div class=\"wp-block-buttons is-content-justification-center is-layout-flex wp-container-core-buttons-is-layout-16018d1d wp-block-buttons-is-layout-flex\">\n<div class=\"wp-block-button has-custom-width wp-block-button__width-100\"><a class=\"wp-block-button__link has-background has-large-font-size has-custom-font-size wp-element-button\" href=\"https:\/\/wp.unil.ch\/ecotopiales\/les-animaux-au-cinema-deconstruire-les-stereotypes-et-creer-de-nouveaux-recits\" style=\"border-radius:5px;background-color:#d8ae8c\">D\u00c9COUVRIR L&rsquo;ATELIER<\/a><\/div>\n<\/div>\n<\/div>\n\n\n\n<div class=\"wp-block-column is-layout-flow wp-block-column-is-layout-flow\">\n<figure class=\"wp-block-image size-large is-resized\"><a href=\"https:\/\/wp.unil.ch\/ecotopiales\/trop-chaud-les-ainees-pour-le-climat-contre-la-suisse\/\"><img loading=\"lazy\" decoding=\"async\" width=\"1024\" height=\"1024\" src=\"https:\/\/wp.unil.ch\/ecotopiales\/files\/2025\/10\/cpo-1024x1024.jpg\" alt=\"cpo\" class=\"wp-image-2539\" style=\"width:358px\" srcset=\"https:\/\/wp.unil.ch\/ecotopiales\/files\/2025\/10\/cpo-1024x1024.jpg 1024w, https:\/\/wp.unil.ch\/ecotopiales\/files\/2025\/10\/cpo-300x300.jpg 300w, https:\/\/wp.unil.ch\/ecotopiales\/files\/2025\/10\/cpo-150x150.jpg 150w, https:\/\/wp.unil.ch\/ecotopiales\/files\/2025\/10\/cpo-768x768.jpg 768w, https:\/\/wp.unil.ch\/ecotopiales\/files\/2025\/10\/cpo-540x540.jpg 540w, https:\/\/wp.unil.ch\/ecotopiales\/files\/2025\/10\/cpo-1080x1080.jpg 1080w, https:\/\/wp.unil.ch\/ecotopiales\/files\/2025\/10\/cpo.jpg 1200w\" sizes=\"auto, (max-width: 1024px) 100vw, 1024px\" \/><\/a><\/figure>\n\n\n\n<p><strong><span style=\"text-decoration: underline\">Date<\/span>&nbsp;:<\/strong> Samedi 1<sup>er<\/sup>&nbsp;novembre<\/p>\n\n\n\n<p><strong><span style=\"text-decoration: underline\">Horaire<\/span>&nbsp;:<\/strong> 15h00 \u2013 17h30<\/p>\n\n\n\n<p><strong><span style=\"text-decoration: underline\">Lieu<\/span>&nbsp;: <\/strong>CPO, Ouchy<\/p>\n\n\n\n<p><strong><span style=\"text-decoration: underline\">\u00c2ge<\/span>&nbsp;: <\/strong>d\u00e8s 10 ans<\/p>\n\n\n\n<p class=\"has-large-font-size\"><strong>Prix :<\/strong> 16.- \/ 13.-<\/p>\n\n\n\n<div class=\"wp-block-buttons is-layout-flex wp-block-buttons-is-layout-flex\">\n<div class=\"wp-block-button has-custom-width wp-block-button__width-100\"><a class=\"wp-block-button__link has-background has-large-font-size has-custom-font-size wp-element-button\" href=\"https:\/\/wp.unil.ch\/ecotopiales\/trop-chaud-les-ainees-pour-le-climat-contre-la-suisse\" style=\"border-radius:5px;background-color:#875d4e\">D\u00c9COUVRIR LA PROJECTION<\/a><\/div>\n<\/div>\n<\/div>\n<\/div>\n","protected":false},"excerpt":{"rendered":"<p>MATI\u00c8RES, MOUVEMENTS ET SENSIBILIT\u00c9S\u00c9COLOGIES DU CIN\u00c9MA D\u2019ANIMATION LES ANIMAUX AU CIN\u00c9MAD\u00c9CONSTRUIRE LES ST\u00c9R\u00c9OTYPES ET CR\u00c9ER DE NOUVEAUX R\u00c9CITS TROP CHAUD ! LES A\u00ceN\u00c9ES POUR LE CLIMAT CONTRE LA&hellip;<\/p>\n","protected":false},"author":1002526,"featured_media":0,"parent":0,"menu_order":0,"comment_status":"closed","ping_status":"closed","template":"template-full-width.php","meta":{"_seopress_robots_primary_cat":"","_seopress_titles_title":"","_seopress_titles_desc":"","_seopress_robots_index":"","_uag_custom_page_level_css":"","footnotes":""},"class_list":["post-2535","page","type-page","status-publish","has-post-thumbnail"],"uagb_featured_image_src":{"full":false,"thumbnail":false,"medium":false,"medium_large":false,"large":false,"1536x1536":false,"2048x2048":false,"post-thumbnail":false,"chaplin_preview_image_low_resolution":false,"chaplin_preview_image_high_resolution":false,"chaplin_fullscreen":false,"mailpoet_newsletter_max":false},"uagb_author_info":{"display_name":"Niccolo Panozzo","author_link":"https:\/\/wp.unil.ch\/ecotopiales\/author\/npanozzo\/"},"uagb_comment_info":0,"uagb_excerpt":"MATI\u00c8RES, MOUVEMENTS ET SENSIBILIT\u00c9S\u00c9COLOGIES DU CIN\u00c9MA D\u2019ANIMATION LES ANIMAUX AU CIN\u00c9MAD\u00c9CONSTRUIRE LES ST\u00c9R\u00c9OTYPES ET CR\u00c9ER DE NOUVEAUX R\u00c9CITS TROP CHAUD ! LES A\u00ceN\u00c9ES POUR LE CLIMAT CONTRE LA&hellip;","_links":{"self":[{"href":"https:\/\/wp.unil.ch\/ecotopiales\/wp-json\/wp\/v2\/pages\/2535","targetHints":{"allow":["GET"]}}],"collection":[{"href":"https:\/\/wp.unil.ch\/ecotopiales\/wp-json\/wp\/v2\/pages"}],"about":[{"href":"https:\/\/wp.unil.ch\/ecotopiales\/wp-json\/wp\/v2\/types\/page"}],"author":[{"embeddable":true,"href":"https:\/\/wp.unil.ch\/ecotopiales\/wp-json\/wp\/v2\/users\/1002526"}],"replies":[{"embeddable":true,"href":"https:\/\/wp.unil.ch\/ecotopiales\/wp-json\/wp\/v2\/comments?post=2535"}],"version-history":[{"count":5,"href":"https:\/\/wp.unil.ch\/ecotopiales\/wp-json\/wp\/v2\/pages\/2535\/revisions"}],"predecessor-version":[{"id":2614,"href":"https:\/\/wp.unil.ch\/ecotopiales\/wp-json\/wp\/v2\/pages\/2535\/revisions\/2614"}],"wp:attachment":[{"href":"https:\/\/wp.unil.ch\/ecotopiales\/wp-json\/wp\/v2\/media?parent=2535"}],"curies":[{"name":"wp","href":"https:\/\/api.w.org\/{rel}","templated":true}]}}