{"id":2088,"date":"2025-09-29T10:25:38","date_gmt":"2025-09-29T08:25:38","guid":{"rendered":"https:\/\/wp.unil.ch\/ecotopiales\/?page_id=2088"},"modified":"2025-10-10T18:10:40","modified_gmt":"2025-10-10T16:10:40","slug":"le-pre-festival-du-23-au-30-octobre","status":"publish","type":"page","link":"https:\/\/wp.unil.ch\/ecotopiales\/le-pre-festival-du-23-au-30-octobre\/","title":{"rendered":"LE PR\u00c9-FESTIVAL : DU 23 AU 30 OCTOBRE"},"content":{"rendered":"\n<div class=\"wp-block-media-text has-media-on-the-right is-stacked-on-mobile\"><div class=\"wp-block-media-text__content\">\n<p class=\"has-large-font-size\">Cette ann\u00e9e, les <em>\u00c9cotopiales<\/em> s&rsquo;essaiment par-del\u00e0 le programme officiel&#8230; Du 23 au 30 octobre, <strong>plusieurs \u00e9v\u00e9nements sp\u00e9ciaux sont propos\u00e9s en amont du festival<\/strong>. <strong>Ils<\/strong> <strong>ouvrent la voie<\/strong> aux r\u00e9flexions et \u00e0 la cr\u00e9ation qui animeront les deux grandes journ\u00e9es de la fin de la semaine !<\/p>\n\n\n\n<p class=\"has-large-font-size\">Ateliers, expositions, rencontres,<strong> en ville et sur le campus,<\/strong> ce \u00ab\u00a0pr\u00e9-festival\u00a0\u00bb est une invitation <strong>\u00e0 entrer pas \u00e0 pas dans l\u2019univers des <em>\u00c9cotopiales<\/em>&#8230;<\/strong>.en collaboration avec nos partenaires. et avec diverses facult\u00e9s de l&rsquo;Unil.<\/p>\n<\/div><figure class=\"wp-block-media-text__media\"><img loading=\"lazy\" decoding=\"async\" width=\"1024\" height=\"512\" src=\"https:\/\/wp.unil.ch\/ecotopiales\/files\/2025\/09\/calligramme-grande-1024x512.jpeg\" alt=\"calligramme grande\" class=\"wp-image-1668 size-full\" srcset=\"https:\/\/wp.unil.ch\/ecotopiales\/files\/2025\/09\/calligramme-grande-1024x512.jpeg 1024w, https:\/\/wp.unil.ch\/ecotopiales\/files\/2025\/09\/calligramme-grande-300x150.jpeg 300w, https:\/\/wp.unil.ch\/ecotopiales\/files\/2025\/09\/calligramme-grande-768x384.jpeg 768w, https:\/\/wp.unil.ch\/ecotopiales\/files\/2025\/09\/calligramme-grande-540x270.jpeg 540w, https:\/\/wp.unil.ch\/ecotopiales\/files\/2025\/09\/calligramme-grande-1080x540.jpeg 1080w, https:\/\/wp.unil.ch\/ecotopiales\/files\/2025\/09\/calligramme-grande.jpeg 1280w\" sizes=\"auto, (max-width: 1024px) 100vw, 1024px\" \/><\/figure><\/div>\n\n\n\n<div style=\"height:100px\" aria-hidden=\"true\" class=\"wp-block-spacer\"><\/div>\n\n\n\n<div class=\"wp-block-columns is-layout-flex wp-container-core-columns-is-layout-9d6595d7 wp-block-columns-is-layout-flex\">\n<div class=\"wp-block-column is-vertically-aligned-center is-layout-flow wp-block-column-is-layout-flow\" style=\"flex-basis:66.66%\">\n<div class=\"wp-block-buttons is-content-justification-center is-layout-flex wp-container-core-buttons-is-layout-16018d1d wp-block-buttons-is-layout-flex\">\n<div class=\"wp-block-button has-custom-width wp-block-button__width-100\"><a class=\"wp-block-button__link has-background has-large-font-size has-text-align-center has-custom-font-size wp-element-button\" href=\"https:\/\/wp.unil.ch\/ecotopiales\/se-penser-animal-creer-des-mondes-possibles-en-ecopoetique\" style=\"border-radius:5px;background-color:#e9bcba\">SE PENSER ANIMAL<br>Atelier de philo-fiction<\/a><\/div>\n<\/div>\n<\/div>\n\n\n\n<div class=\"wp-block-column is-vertically-aligned-top is-layout-flow wp-block-column-is-layout-flow\" style=\"flex-basis:33.33%\">\n<figure class=\"wp-block-image size-large\"><img alt=\"\" loading=\"lazy\" decoding=\"async\" width=\"1024\" height=\"512\" src=\"https:\/\/wp.unil.ch\/ecotopiales\/files\/2024\/09\/MOUTON-A-1024x512.png\" alt=\"\" class=\"wp-image-899\" srcset=\"https:\/\/wp.unil.ch\/ecotopiales\/files\/2024\/09\/MOUTON-A-1024x512.png 1024w, https:\/\/wp.unil.ch\/ecotopiales\/files\/2024\/09\/MOUTON-A-300x150.png 300w, https:\/\/wp.unil.ch\/ecotopiales\/files\/2024\/09\/MOUTON-A-768x384.png 768w, https:\/\/wp.unil.ch\/ecotopiales\/files\/2024\/09\/MOUTON-A-540x270.png 540w, https:\/\/wp.unil.ch\/ecotopiales\/files\/2024\/09\/MOUTON-A-1080x540.png 1080w, https:\/\/wp.unil.ch\/ecotopiales\/files\/2024\/09\/MOUTON-A.png 1502w\" sizes=\"auto, (max-width: 1024px) 100vw, 1024px\" \/><\/figure>\n<\/div>\n<\/div>\n\n\n\n<div class=\"wp-block-columns is-layout-flex wp-container-core-columns-is-layout-9d6595d7 wp-block-columns-is-layout-flex\">\n<div class=\"wp-block-column is-layout-flow wp-block-column-is-layout-flow\" style=\"flex-basis:66.66%\">\n<div class=\"wp-block-buttons is-content-justification-center is-layout-flex wp-container-core-buttons-is-layout-16018d1d wp-block-buttons-is-layout-flex\">\n<div class=\"wp-block-button has-custom-width wp-block-button__width-100\"><a class=\"wp-block-button__link has-background has-large-font-size has-text-align-center has-custom-font-size wp-element-button\" href=\"https:\/\/wp.unil.ch\/ecotopiales\/vernissage-de-lexposition-partenaire-wwf-youth-et-table-ronde\" style=\"border-radius:5px;background-color:#8192c7\">ENTRE UTOPIE ET DYSTOPIE<br>Vernissage de l&rsquo;exposition WWF Youth et table ronde<\/a><\/div>\n<\/div>\n<\/div>\n\n\n\n<div class=\"wp-block-column is-vertically-aligned-top is-layout-flow wp-block-column-is-layout-flow\" style=\"flex-basis:33.33%\">\n<figure class=\"wp-block-image size-large\"><img loading=\"lazy\" decoding=\"async\" width=\"1024\" height=\"512\" src=\"https:\/\/wp.unil.ch\/ecotopiales\/files\/2025\/09\/panda-1024x512.jpeg\" alt=\"panda\" class=\"wp-image-1625\" srcset=\"https:\/\/wp.unil.ch\/ecotopiales\/files\/2025\/09\/panda-1024x512.jpeg 1024w, https:\/\/wp.unil.ch\/ecotopiales\/files\/2025\/09\/panda-300x150.jpeg 300w, https:\/\/wp.unil.ch\/ecotopiales\/files\/2025\/09\/panda-768x384.jpeg 768w, https:\/\/wp.unil.ch\/ecotopiales\/files\/2025\/09\/panda-1536x768.jpeg 1536w, https:\/\/wp.unil.ch\/ecotopiales\/files\/2025\/09\/panda-540x270.jpeg 540w, https:\/\/wp.unil.ch\/ecotopiales\/files\/2025\/09\/panda-1080x540.jpeg 1080w, https:\/\/wp.unil.ch\/ecotopiales\/files\/2025\/09\/panda-1320x660.jpeg 1320w, https:\/\/wp.unil.ch\/ecotopiales\/files\/2025\/09\/panda.jpeg 1920w\" sizes=\"auto, (max-width: 1024px) 100vw, 1024px\" \/><\/figure>\n<\/div>\n<\/div>\n\n\n\n<div class=\"wp-block-columns is-layout-flex wp-container-core-columns-is-layout-9d6595d7 wp-block-columns-is-layout-flex\">\n<div class=\"wp-block-column is-layout-flow wp-block-column-is-layout-flow\" style=\"flex-basis:66.66%\">\n<div class=\"wp-block-buttons is-content-justification-center is-layout-flex wp-container-core-buttons-is-layout-16018d1d wp-block-buttons-is-layout-flex\">\n<div class=\"wp-block-button has-custom-width wp-block-button__width-100\"><a class=\"wp-block-button__link has-background has-large-font-size has-text-align-center has-custom-font-size wp-element-button\" href=\"https:\/\/wp.unil.ch\/ecotopiales\/la-decroissance-ralentir-vivre-mieux-sauver-la-terre\" style=\"border-radius:5px;background-color:#8eb3c9\">RALENTIR, VIVRE MIEUX, SAUVER LA TERRE<br>Rencontre entre Timoth\u00e9e Parrique et Christian Arnsperger<\/a><\/div>\n<\/div>\n<\/div>\n\n\n\n<div class=\"wp-block-column is-vertically-aligned-top is-layout-flow wp-block-column-is-layout-flow\" style=\"flex-basis:33.33%\">\n<figure class=\"wp-block-image size-large\"><img loading=\"lazy\" decoding=\"async\" width=\"1024\" height=\"512\" src=\"https:\/\/wp.unil.ch\/ecotopiales\/files\/2025\/09\/chamois-1024x512.jpeg\" alt=\"chamois\" class=\"wp-image-1627\" srcset=\"https:\/\/wp.unil.ch\/ecotopiales\/files\/2025\/09\/chamois-1024x512.jpeg 1024w, https:\/\/wp.unil.ch\/ecotopiales\/files\/2025\/09\/chamois-300x150.jpeg 300w, https:\/\/wp.unil.ch\/ecotopiales\/files\/2025\/09\/chamois-768x384.jpeg 768w, https:\/\/wp.unil.ch\/ecotopiales\/files\/2025\/09\/chamois-1536x768.jpeg 1536w, https:\/\/wp.unil.ch\/ecotopiales\/files\/2025\/09\/chamois-540x270.jpeg 540w, https:\/\/wp.unil.ch\/ecotopiales\/files\/2025\/09\/chamois-1080x540.jpeg 1080w, https:\/\/wp.unil.ch\/ecotopiales\/files\/2025\/09\/chamois-1320x660.jpeg 1320w, https:\/\/wp.unil.ch\/ecotopiales\/files\/2025\/09\/chamois.jpeg 1920w\" sizes=\"auto, (max-width: 1024px) 100vw, 1024px\" \/><\/figure>\n<\/div>\n<\/div>\n\n\n\n<div class=\"wp-block-columns is-layout-flex wp-container-core-columns-is-layout-9d6595d7 wp-block-columns-is-layout-flex\">\n<div class=\"wp-block-column is-layout-flow wp-block-column-is-layout-flow\" style=\"flex-basis:66.66%\">\n<div class=\"wp-block-buttons is-content-justification-center is-layout-flex wp-container-core-buttons-is-layout-16018d1d wp-block-buttons-is-layout-flex\">\n<div class=\"wp-block-button has-custom-width wp-block-button__width-100\"><a class=\"wp-block-button__link has-background has-large-font-size has-text-align-center has-custom-font-size wp-element-button\" href=\"https:\/\/wp.unil.ch\/ecotopiales\/le-haiku-pour-ecrire-le-vivant\" style=\"border-radius:5px;background-color:#c3c599\">LE HA\u00cfKU POUR \u00c9CRIRE LE VIVANT ?<br>Atelier d&rsquo;\u00e9criture po\u00e9tique<\/a><\/div>\n<\/div>\n<\/div>\n\n\n\n<div class=\"wp-block-column is-vertically-aligned-top is-layout-flow wp-block-column-is-layout-flow\" style=\"flex-basis:33.33%\">\n<figure class=\"wp-block-image size-large\"><img alt=\"\" loading=\"lazy\" decoding=\"async\" width=\"1024\" height=\"512\" src=\"https:\/\/wp.unil.ch\/ecotopiales\/files\/2024\/09\/LATELIER-DECRITURE-1024x512.png\" alt=\"\" class=\"wp-image-848\" srcset=\"https:\/\/wp.unil.ch\/ecotopiales\/files\/2024\/09\/LATELIER-DECRITURE-1024x512.png 1024w, https:\/\/wp.unil.ch\/ecotopiales\/files\/2024\/09\/LATELIER-DECRITURE-300x150.png 300w, https:\/\/wp.unil.ch\/ecotopiales\/files\/2024\/09\/LATELIER-DECRITURE-768x384.png 768w, https:\/\/wp.unil.ch\/ecotopiales\/files\/2024\/09\/LATELIER-DECRITURE-1536x768.png 1536w, https:\/\/wp.unil.ch\/ecotopiales\/files\/2024\/09\/LATELIER-DECRITURE-540x270.png 540w, https:\/\/wp.unil.ch\/ecotopiales\/files\/2024\/09\/LATELIER-DECRITURE-1080x540.png 1080w, https:\/\/wp.unil.ch\/ecotopiales\/files\/2024\/09\/LATELIER-DECRITURE-1980x990.png 1980w, https:\/\/wp.unil.ch\/ecotopiales\/files\/2024\/09\/LATELIER-DECRITURE.png 2000w\" sizes=\"auto, (max-width: 1024px) 100vw, 1024px\" \/><\/figure>\n<\/div>\n<\/div>\n\n\n\n<div class=\"wp-block-columns is-not-stacked-on-mobile is-layout-flex wp-container-core-columns-is-layout-9d6595d7 wp-block-columns-is-layout-flex\">\n<div class=\"wp-block-column is-layout-flow wp-block-column-is-layout-flow\" style=\"flex-basis:66.66%\">\n<div class=\"wp-block-buttons is-layout-flex wp-block-buttons-is-layout-flex\">\n<div class=\"wp-block-button has-custom-width wp-block-button__width-100\"><a class=\"wp-block-button__link has-background has-large-font-size has-text-align-center has-custom-font-size wp-element-button\" href=\"https:\/\/wp.unil.ch\/ecotopiales\/ma-foret\" style=\"border-radius:5px;background-color:#c6ba74\"><em>MA FOR\u00caT<\/em><br>Rencontre avec la romanci\u00e8re Antoinette Rychner<\/a><\/div>\n<\/div>\n<\/div>\n\n\n\n<div class=\"wp-block-column is-vertically-aligned-top is-layout-flow wp-block-column-is-layout-flow\" style=\"flex-basis:33.33%\">\n<figure class=\"wp-block-image size-large\"><img loading=\"lazy\" decoding=\"async\" width=\"1024\" height=\"512\" src=\"https:\/\/wp.unil.ch\/ecotopiales\/files\/2025\/09\/castor-grande-1024x512.jpeg\" alt=\"castor grande\" class=\"wp-image-1662\" srcset=\"https:\/\/wp.unil.ch\/ecotopiales\/files\/2025\/09\/castor-grande-1024x512.jpeg 1024w, https:\/\/wp.unil.ch\/ecotopiales\/files\/2025\/09\/castor-grande-300x150.jpeg 300w, https:\/\/wp.unil.ch\/ecotopiales\/files\/2025\/09\/castor-grande-768x384.jpeg 768w, https:\/\/wp.unil.ch\/ecotopiales\/files\/2025\/09\/castor-grande-540x270.jpeg 540w, https:\/\/wp.unil.ch\/ecotopiales\/files\/2025\/09\/castor-grande-1080x540.jpeg 1080w, https:\/\/wp.unil.ch\/ecotopiales\/files\/2025\/09\/castor-grande.jpeg 1280w\" sizes=\"auto, (max-width: 1024px) 100vw, 1024px\" \/><\/figure>\n<\/div>\n<\/div>\n\n\n\n<div class=\"wp-block-buttons is-content-justification-center is-layout-flex wp-container-core-buttons-is-layout-16018d1d wp-block-buttons-is-layout-flex\">\n<div class=\"wp-block-button has-custom-width wp-block-button__width-75 is-style-outline is-style-outline--1\"><a class=\"wp-block-button__link has-buttons-background-color has-buttons-text-background-color has-text-color has-background has-link-color has-large-font-size has-custom-font-size wp-element-button\" href=\"https:\/\/wp.unil.ch\/ecotopiales\/\">RETOUR \u00c2 LA PAGE PRINCIPALE DU FESTIVAL<\/a><\/div>\n<\/div>\n","protected":false},"excerpt":{"rendered":"<p>Cette ann\u00e9e, les \u00c9cotopiales s&rsquo;essaiment par-del\u00e0 le programme officiel&#8230; Du 23 au 30 octobre, plusieurs \u00e9v\u00e9nements sp\u00e9ciaux sont propos\u00e9s en amont du festival. Ils ouvrent la voie aux&hellip;<\/p>\n","protected":false},"author":1002526,"featured_media":0,"parent":0,"menu_order":0,"comment_status":"closed","ping_status":"closed","template":"template-full-width.php","meta":{"_seopress_robots_primary_cat":"","_seopress_titles_title":"","_seopress_titles_desc":"","_seopress_robots_index":"","_uag_custom_page_level_css":"","footnotes":""},"class_list":["post-2088","page","type-page","status-publish","has-post-thumbnail"],"uagb_featured_image_src":{"full":false,"thumbnail":false,"medium":false,"medium_large":false,"large":false,"1536x1536":false,"2048x2048":false,"post-thumbnail":false,"chaplin_preview_image_low_resolution":false,"chaplin_preview_image_high_resolution":false,"chaplin_fullscreen":false,"mailpoet_newsletter_max":false},"uagb_author_info":{"display_name":"Niccolo Panozzo","author_link":"https:\/\/wp.unil.ch\/ecotopiales\/author\/npanozzo\/"},"uagb_comment_info":0,"uagb_excerpt":"Cette ann\u00e9e, les \u00c9cotopiales s&rsquo;essaiment par-del\u00e0 le programme officiel&#8230; Du 23 au 30 octobre, plusieurs \u00e9v\u00e9nements sp\u00e9ciaux sont propos\u00e9s en amont du festival. Ils ouvrent la voie aux&hellip;","_links":{"self":[{"href":"https:\/\/wp.unil.ch\/ecotopiales\/wp-json\/wp\/v2\/pages\/2088","targetHints":{"allow":["GET"]}}],"collection":[{"href":"https:\/\/wp.unil.ch\/ecotopiales\/wp-json\/wp\/v2\/pages"}],"about":[{"href":"https:\/\/wp.unil.ch\/ecotopiales\/wp-json\/wp\/v2\/types\/page"}],"author":[{"embeddable":true,"href":"https:\/\/wp.unil.ch\/ecotopiales\/wp-json\/wp\/v2\/users\/1002526"}],"replies":[{"embeddable":true,"href":"https:\/\/wp.unil.ch\/ecotopiales\/wp-json\/wp\/v2\/comments?post=2088"}],"version-history":[{"count":5,"href":"https:\/\/wp.unil.ch\/ecotopiales\/wp-json\/wp\/v2\/pages\/2088\/revisions"}],"predecessor-version":[{"id":2703,"href":"https:\/\/wp.unil.ch\/ecotopiales\/wp-json\/wp\/v2\/pages\/2088\/revisions\/2703"}],"wp:attachment":[{"href":"https:\/\/wp.unil.ch\/ecotopiales\/wp-json\/wp\/v2\/media?parent=2088"}],"curies":[{"name":"wp","href":"https:\/\/api.w.org\/{rel}","templated":true}]}}