{"id":1700,"date":"2025-09-29T09:57:07","date_gmt":"2025-09-29T07:57:07","guid":{"rendered":"https:\/\/wp.unil.ch\/ecotopiales\/?page_id=1700"},"modified":"2025-10-28T11:47:34","modified_gmt":"2025-10-28T10:47:34","slug":"redessiner-nos-relations-au-vivant-comment-se-glisser-grace-a-lart-dans-la-peau-dautres-etres","status":"publish","type":"page","link":"https:\/\/wp.unil.ch\/ecotopiales\/redessiner-nos-relations-au-vivant-comment-se-glisser-grace-a-lart-dans-la-peau-dautres-etres\/","title":{"rendered":"REDESSINER NOS RELATIONS AU VIVANT"},"content":{"rendered":"\n<div class=\"wp-block-media-text has-media-on-the-right is-stacked-on-mobile\"><div class=\"wp-block-media-text__content\">\n<h2 class=\"wp-block-heading has-text-align-left\"><strong>Atelier bande dessin\u00e9e et arts graphiques<\/strong><\/h2>\n\n\n\n<h4 class=\"wp-block-heading\">Contenu de l&rsquo;atelier : d\u00e9fi dessin\u00e9 entre arts et sciences, <em>Masterclass<\/em> avec Pierre Wazem, table ronde et discussions entre illustrateurs et scientifiques, fresque participative&#8230;<\/h4>\n<\/div><figure class=\"wp-block-media-text__media\"><img alt=\"\" loading=\"lazy\" decoding=\"async\" width=\"1024\" height=\"1024\" src=\"https:\/\/wp.unil.ch\/ecotopiales\/files\/2024\/09\/plateforme-10-1024x1024.jpeg\" alt=\"\" class=\"wp-image-480 size-full\" srcset=\"https:\/\/wp.unil.ch\/ecotopiales\/files\/2024\/09\/plateforme-10-1024x1024.jpeg 1024w, https:\/\/wp.unil.ch\/ecotopiales\/files\/2024\/09\/plateforme-10-300x300.jpeg 300w, https:\/\/wp.unil.ch\/ecotopiales\/files\/2024\/09\/plateforme-10-150x150.jpeg 150w, https:\/\/wp.unil.ch\/ecotopiales\/files\/2024\/09\/plateforme-10-768x768.jpeg 768w, https:\/\/wp.unil.ch\/ecotopiales\/files\/2024\/09\/plateforme-10-540x540.jpeg 540w, https:\/\/wp.unil.ch\/ecotopiales\/files\/2024\/09\/plateforme-10-1080x1080.jpeg 1080w, https:\/\/wp.unil.ch\/ecotopiales\/files\/2024\/09\/plateforme-10.jpeg 1200w\" sizes=\"auto, (max-width: 1024px) 100vw, 1024px\" \/><\/figure><\/div>\n\n\n\n<p><span style=\"text-decoration: underline\">Lieu<\/span> : Plateforme 10, Auditoire 10 ELMU<\/p>\n\n\n\n<p><span style=\"text-decoration: underline\">Date<\/span> : Samedi 1<sup>er<\/sup> novembre<\/p>\n\n\n\n<p><span style=\"text-decoration: underline\">Horaire<\/span> : 13h15 &#8211; 16h30<\/p>\n\n\n\n<p class=\"has-large-font-size\"><strong>Participation gratuite<\/strong><\/p>\n\n\n\n<p><span style=\"text-decoration: underline\">\u00c2ge<\/span> : tout \u00e2ge<\/p>\n\n\n\n<div style=\"height:20px\" aria-hidden=\"true\" class=\"wp-block-spacer\"><\/div>\n\n\n\n<p class=\"has-drop-cap has-large-font-size\">Comment la bande dessin\u00e9e et les arts graphiques nous aident-ils \u00e0 renouveler notre regard sur le vivant ? <\/p>\n\n\n\n<p>Comment nous permettent-ils d&rsquo;\u00e9veiller notre conscience, d&rsquo;aiguiser notre attention, de d\u00e9jouer nos attentes ou simplement de retranscrire sa beaut\u00e9 ?<\/p>\n\n\n\n<p>Les artistes savent mobiliser nos \u00e9motions et <strong>nous faire ressentir le lien ind\u00e9fectible qui nous relie aux \u00eatres vivants,<\/strong> du plus petit au plus grand. Dans cet atelier, ils et elles nous feront d\u00e9couvrir leurs secrets de fabrication : <strong>comment ils et elles cr\u00e9ent des histoires en observant la nature,<\/strong> inventent des personnages qui ont le don de nous questionner, ou comment ils et elles font, au travers de leur travail et de leurs \u0153uvres, pour nous permettre de <strong>mieux ressentir le monde et nous inciter \u00e0 amorcer, peut-\u00eatre, un vrai changement.<\/strong><\/p>\n\n\n\n<p>L\u2019apr\u00e8s-midi commencera par un d\u00e9fi dessin\u00e9 dans une ambiance musicale et d\u00e9contract\u00e9e, entre l&rsquo;illustratrice <span style=\"text-decoration: underline\">Maud O\u00efh\u00e9nart <\/span>et le r\u00e9alisateur et auteur <span style=\"text-decoration: underline\">Marcel Barelli,<\/span> autour d\u2019une th\u00e9matique tr\u00e8s \u00ab animali\u00e8re \u00bb, sous la houlette de l\u2019\u00e9quipe de <span style=\"text-decoration: underline\">Ga\u00eblle Kovaliv,<\/span> co-directrice de BDFIL.<\/p>\n\n\n\n<p>Suivra <strong>une <em>Masterclass<\/em> exclusive<\/strong> donn\u00e9e par le sc\u00e9nariste et dessinateur genevois <span style=\"text-decoration: underline\">Pierre Wazem<\/span>.<\/p>\n\n\n\n<p>Lors d\u2019une table ronde conclusive, nous ferons dialoguer l&rsquo;art et la biologie, avec la prof. <span style=\"text-decoration: underline\">Jo\u00eblle Salomon Cavin <\/span>(UNIL), l&rsquo;illustratrice <span style=\"text-decoration: underline\">Maud O\u00efh\u00e9nart<\/span> et l&rsquo;artiste <span style=\"text-decoration: underline\">Louis Loup Collet<\/span><em> <\/em>et nous nous demanderons si <strong>la repr\u00e9sentation des animaux a de l&rsquo;importance quand on est scientifique ?<\/strong><\/p>\n\n\n\n<p>Vous pourrez en parall\u00e8le et durant toute l\u2019apr\u00e8s-midi, <strong>vous adonner en famille aux joies de la cr\u00e9ation en r\u00e9alisant des tampons grav\u00e9s d\u2019animaux<\/strong> inspir\u00e9s du style de F\u00e9lix Vallotton, gr\u00e2ce \u00e0 <span style=\"text-decoration: underline\">Gis\u00e8le Comte<\/span>, m\u00e9diatrice culturelle au Mus\u00e9e cantonal des Beaux-Arts de Lausanne !<\/p>\n\n\n\n<p class=\"has-large-font-size\">Mod\u00e9ration : <span style=\"text-decoration: underline\">Horace Perret,<\/span> m\u00e9diateur scientifique et journaliste culturel <\/p>\n\n\n<div class=\"wp-block-image\">\n<figure class=\"aligncenter size-large is-resized\"><img alt=\"\" loading=\"lazy\" decoding=\"async\" width=\"1024\" height=\"512\" src=\"https:\/\/wp.unil.ch\/ecotopiales\/files\/2024\/09\/GIEC-SF-1-1024x512.png\" alt=\"\" class=\"wp-image-895\" style=\"width:400px\" srcset=\"https:\/\/wp.unil.ch\/ecotopiales\/files\/2024\/09\/GIEC-SF-1-1024x512.png 1024w, https:\/\/wp.unil.ch\/ecotopiales\/files\/2024\/09\/GIEC-SF-1-300x150.png 300w, https:\/\/wp.unil.ch\/ecotopiales\/files\/2024\/09\/GIEC-SF-1-768x384.png 768w, https:\/\/wp.unil.ch\/ecotopiales\/files\/2024\/09\/GIEC-SF-1-1536x768.png 1536w, https:\/\/wp.unil.ch\/ecotopiales\/files\/2024\/09\/GIEC-SF-1-2048x1024.png 2048w, https:\/\/wp.unil.ch\/ecotopiales\/files\/2024\/09\/GIEC-SF-1-540x270.png 540w, https:\/\/wp.unil.ch\/ecotopiales\/files\/2024\/09\/GIEC-SF-1-1080x540.png 1080w, https:\/\/wp.unil.ch\/ecotopiales\/files\/2024\/09\/GIEC-SF-1-1980x990.png 1980w\" sizes=\"auto, (max-width: 1024px) 100vw, 1024px\" \/><\/figure>\n<\/div>\n\n\n<div class=\"wp-block-buttons is-content-justification-center is-layout-flex wp-container-core-buttons-is-layout-16018d1d wp-block-buttons-is-layout-flex\">\n<div class=\"wp-block-button has-custom-width wp-block-button__width-75\"><a class=\"wp-block-button__link has-light-background-color has-text-color has-background has-link-color has-large-font-size has-custom-font-size wp-element-button\" href=\"https:\/\/events.unil.ch\/register\/538\/1001\" style=\"border-radius:5px;background-color:#fdb97d\">JE M&rsquo;INSCRIS \u00c0 L&rsquo;ATELIER<\/a><\/div>\n<\/div>\n\n\n\n<div class=\"wp-block-group has-border-background-color has-background-background-color has-background is-nowrap is-layout-flex wp-container-core-group-is-layout-ad2f72ca wp-block-group-is-layout-flex\">\n<p><p style=\"padding-right: 10px\">13h15 &#8211; 14h00<\/p><\/p>\n\n\n\n<p><strong>D\u00e9fi dessin\u00e9<\/strong><br><br><strong><a href=\"https:\/\/wp.unil.ch\/ecotopiales\/protagonistes\/#oihenart\">Marcel Barelli<\/a><\/strong>, R\u00e9alisateur d&rsquo;animation et auteur<br><strong><a href=\"https:\/\/wp.unil.ch\/ecotopiales\/protagonistes\/#oihenart\">Maud O\u00efh\u00e9nart<\/a><\/strong>, Illustratrice et animatrice naturaliste<\/p>\n<\/div>\n\n\n\n<div class=\"wp-block-group has-border-background-color has-background is-nowrap is-layout-flex wp-container-core-group-is-layout-ad2f72ca wp-block-group-is-layout-flex\">\n<p><p style=\"padding-right: 10px\">14h30 &#8211; 15h30<\/p><\/p>\n\n\n\n<p><strong>Masterclass<\/strong><br><br><strong><a href=\"https:\/\/wp.unil.ch\/ecotopiales\/protagonistes\/#westerhoff\">Pierre Wazem<\/a><\/strong>, Auteur de bande dessin\u00e9e<\/p>\n<\/div>\n\n\n\n<div class=\"wp-block-group has-border-background-color has-background-background-color has-background is-nowrap is-layout-flex wp-container-core-group-is-layout-ad2f72ca wp-block-group-is-layout-flex\">\n<p><p style=\"padding-right: 10px\">15h30 &#8211; 16h30<\/p><\/p>\n\n\n\n<details class=\"wp-block-details wp-container-content-c9763a5f is-layout-flow wp-block-details-is-layout-flow\"><summary>Table ronde<br><strong>Redessiner nos relations aux vivants : comment se glisser dans la peau d&rsquo;autres \u00eatres avec les arts visuels<\/strong> <br><br><strong><a href=\"https:\/\/wp.unil.ch\/ecotopiales\/protagonistes\/#oihenart\">Maud O\u00efh\u00e9nart<\/a><\/strong>, Illustratrice et animatrice naturaliste,<br><strong>Louis Loup Collet,<\/strong> dessinateur, sc\u00e9nographe et com\u00e9dien, et<br><strong><a>Jo\u00eblle Salomon Cavin,<\/a><\/strong> prof. en g\u00e9ographie environnementale (Unil)<\/summary>\n<p><\/p>\n\n\n\n<p>La table ronde rassemblera trois sp\u00e9cialistes des relations complexes entre humains et non humains. Nous les ferons dialoguer autour de leur pratique artistique et scientifique en leur demandant s\u2019il est possible de sortir de notre vision anthropocentrique pour int\u00e9grer, dans les r\u00e9cits et les repr\u00e9sentations que nous nous faisons de la nature, les points de vue des animaux, et pourquoi pas des v\u00e9g\u00e9taux&nbsp;?\nAvec la participation de :  Maud O\u00efh\u00e9nart (Gen\u00e8ve), illustratrice, biologiste-botaniste et animatrice naturaliste. Jo\u00eblle Salomon Cavin (Universit\u00e9 de Lausanne), g\u00e9ographe, sp\u00e9cialiste en \u00e9cologie urbaine. Mod\u00e9r\u00e9 par : Horace Perret, M\u00e9diateur culturel.<\/p>\n<\/details>\n<\/div>\n\n\n\n<div class=\"wp-block-group has-border-background-color has-background is-nowrap is-layout-flex wp-container-core-group-is-layout-ad2f72ca wp-block-group-is-layout-flex\">\n<p><p style=\"padding-right: 10px\">14h00 &#8211; 17h00<\/p><\/p>\n\n\n\n<details class=\"wp-block-details wp-container-content-c9763a5f\"><summary>Atelier tampons JEUNE PUBLIC ! <br><strong>Une multitude d&rsquo;animaux<\/strong><p><\/p><img decoding=\"async\" class=\"aligncenter is-layout-flow wp-block-details-is-layout-flow\" width=\"300px\" src=\"https:\/\/wp.unil.ch\/ecotopiales\/files\/2025\/09\/tampon-moyenne.png\"><br><br><strong>Gis\u00e8le Comte<\/strong>, M\u00e9diatrice culturelle<\/summary>\n\n<p><\/p>\n\n\n<p>R\u00e9alisation de tampons grav\u00e9s d\u2019animaux inspir\u00e9s du style de F\u00e9lix Vallotton.<\/p>\n\n<\/div>\n\n\n\n<div class=\"wp-block-buttons is-content-justification-center is-layout-flex wp-container-core-buttons-is-layout-16018d1d wp-block-buttons-is-layout-flex\">\n<div class=\"wp-block-button has-custom-width wp-block-button__width-75\"><a class=\"wp-block-button__link has-light-background-color has-text-color has-background has-link-color has-large-font-size has-custom-font-size wp-element-button\" href=\"https:\/\/events.unil.ch\/register\/538\/1001\" style=\"border-radius:5px;background-color:#fdb97d\">JE M&rsquo;INSCRIS<\/a><\/div>\n<\/div>\n\n\n\n<p class=\"has-text-align-center has-large-font-size\">Participation gratuite <strong>mais<\/strong> <strong>places limit\u00e9es<\/strong>&nbsp;: inscription (fortement) conseill\u00e9e&nbsp;!&nbsp;<\/p>\n\n\n\n<div style=\"height:20px\" aria-hidden=\"true\" class=\"wp-block-spacer\"><\/div>\n\n\n\n<p class=\"has-text-align-center has-large-font-size\">L&rsquo;atelier est organis\u00e9 en collaboration avec<\/p>\n\n\n\n<div class=\"wp-block-columns alignwide is-layout-flex wp-container-core-columns-is-layout-9d6595d7 wp-block-columns-is-layout-flex\">\n<div class=\"wp-block-column is-vertically-aligned-center is-layout-flow wp-block-column-is-layout-flow\"><div class=\"wp-block-image\">\n<figure class=\"alignright size-full is-resized\"><a href=\"https:\/\/plateforme10.ch\/\"><img alt=\"\" loading=\"lazy\" decoding=\"async\" width=\"1000\" height=\"394\" src=\"https:\/\/wp.unil.ch\/ecotopiales\/files\/2024\/08\/Plateforme10.png\" alt=\"\" class=\"wp-image-211\" style=\"width:200px\" srcset=\"https:\/\/wp.unil.ch\/ecotopiales\/files\/2024\/08\/Plateforme10.png 1000w, https:\/\/wp.unil.ch\/ecotopiales\/files\/2024\/08\/Plateforme10-300x118.png 300w, https:\/\/wp.unil.ch\/ecotopiales\/files\/2024\/08\/Plateforme10-768x303.png 768w, https:\/\/wp.unil.ch\/ecotopiales\/files\/2024\/08\/Plateforme10-540x213.png 540w\" sizes=\"auto, (max-width: 1000px) 100vw, 1000px\" \/><\/a><\/figure>\n<\/div><\/div>\n\n\n\n<div class=\"wp-block-column is-vertically-aligned-center is-layout-flow wp-block-column-is-layout-flow\"><div class=\"wp-block-image\">\n<figure class=\"alignleft size-full is-resized\"><a href=\"https:\/\/bdfil.ch\/\"><img alt=\"\" loading=\"lazy\" decoding=\"async\" width=\"531\" height=\"369\" src=\"https:\/\/wp.unil.ch\/ecotopiales\/files\/2024\/08\/bdfil_logo_def_baseline_black_flat.png\" alt=\"\" class=\"wp-image-222\" style=\"width:200px\" srcset=\"https:\/\/wp.unil.ch\/ecotopiales\/files\/2024\/08\/bdfil_logo_def_baseline_black_flat.png 531w, https:\/\/wp.unil.ch\/ecotopiales\/files\/2024\/08\/bdfil_logo_def_baseline_black_flat-300x208.png 300w\" sizes=\"auto, (max-width: 531px) 100vw, 531px\" \/><\/a><\/figure>\n<\/div><\/div>\n<\/div>\n\n\n\n<div class=\"wp-block-buttons is-layout-flex wp-block-buttons-is-layout-flex\">\n<div class=\"wp-block-button has-custom-width wp-block-button__width-100 is-style-outline is-style-outline--1\"><a class=\"wp-block-button__link has-buttons-background-color has-buttons-text-background-color has-text-color has-background has-link-color has-large-font-size has-custom-font-size wp-element-button\" href=\"https:\/\/wp.unil.ch\/ecotopiales\/1er-novembre-le-festival-se-promene-en-ville\/\">VOIR LE PROGRAMME COMPLET DU SAMEDI 1ER NOVEMBRE<\/a><\/div>\n<\/div>\n","protected":false},"excerpt":{"rendered":"<p>Atelier bande dessin\u00e9e et arts graphiques Contenu de l&rsquo;atelier : d\u00e9fi dessin\u00e9 entre arts et sciences, Masterclass avec Pierre Wazem, table ronde et discussions entre illustrateurs et scientifiques,&hellip;<\/p>\n","protected":false},"author":1002526,"featured_media":0,"parent":0,"menu_order":0,"comment_status":"closed","ping_status":"closed","template":"template-full-width.php","meta":{"_seopress_robots_primary_cat":"","_seopress_titles_title":"","_seopress_titles_desc":"","_seopress_robots_index":"","_uag_custom_page_level_css":"","footnotes":""},"class_list":["post-1700","page","type-page","status-publish","has-post-thumbnail"],"uagb_featured_image_src":{"full":false,"thumbnail":false,"medium":false,"medium_large":false,"large":false,"1536x1536":false,"2048x2048":false,"post-thumbnail":false,"chaplin_preview_image_low_resolution":false,"chaplin_preview_image_high_resolution":false,"chaplin_fullscreen":false,"mailpoet_newsletter_max":false},"uagb_author_info":{"display_name":"Niccolo Panozzo","author_link":"https:\/\/wp.unil.ch\/ecotopiales\/author\/npanozzo\/"},"uagb_comment_info":0,"uagb_excerpt":"Atelier bande dessin\u00e9e et arts graphiques Contenu de l&rsquo;atelier : d\u00e9fi dessin\u00e9 entre arts et sciences, Masterclass avec Pierre Wazem, table ronde et discussions entre illustrateurs et scientifiques,&hellip;","_links":{"self":[{"href":"https:\/\/wp.unil.ch\/ecotopiales\/wp-json\/wp\/v2\/pages\/1700","targetHints":{"allow":["GET"]}}],"collection":[{"href":"https:\/\/wp.unil.ch\/ecotopiales\/wp-json\/wp\/v2\/pages"}],"about":[{"href":"https:\/\/wp.unil.ch\/ecotopiales\/wp-json\/wp\/v2\/types\/page"}],"author":[{"embeddable":true,"href":"https:\/\/wp.unil.ch\/ecotopiales\/wp-json\/wp\/v2\/users\/1002526"}],"replies":[{"embeddable":true,"href":"https:\/\/wp.unil.ch\/ecotopiales\/wp-json\/wp\/v2\/comments?post=1700"}],"version-history":[{"count":5,"href":"https:\/\/wp.unil.ch\/ecotopiales\/wp-json\/wp\/v2\/pages\/1700\/revisions"}],"predecessor-version":[{"id":2936,"href":"https:\/\/wp.unil.ch\/ecotopiales\/wp-json\/wp\/v2\/pages\/1700\/revisions\/2936"}],"wp:attachment":[{"href":"https:\/\/wp.unil.ch\/ecotopiales\/wp-json\/wp\/v2\/media?parent=1700"}],"curies":[{"name":"wp","href":"https:\/\/api.w.org\/{rel}","templated":true}]}}