{"id":1672,"date":"2025-09-25T14:43:46","date_gmt":"2025-09-25T12:43:46","guid":{"rendered":"https:\/\/wp.unil.ch\/ecotopiales\/?page_id=1672"},"modified":"2025-10-29T15:29:49","modified_gmt":"2025-10-29T14:29:49","slug":"matinee-scientifique-du-1er-novembre","status":"publish","type":"page","link":"https:\/\/wp.unil.ch\/ecotopiales\/matinee-scientifique-du-1er-novembre\/","title":{"rendered":"MATIN\u00c9E SCIENTIFIQUE DU 1er NOVEMBRE"},"content":{"rendered":"\n<div class=\"wp-block-media-text has-media-on-the-right is-stacked-on-mobile\"><div class=\"wp-block-media-text__content\">\n<h2 class=\"wp-block-heading\"><strong>Comment les artistes repensent nos fa\u00e7ons d&rsquo;habiter la terre ?<\/strong><\/h2>\n\n\n\n<p class=\"has-text-align-left\"><span style=\"text-decoration: underline\">Lieu<\/span> : Grand Auditoire MCBA &#8211; Plateforme10, Lausanne<\/p>\n\n\n\n<p class=\"has-text-align-left\"><span style=\"text-decoration: underline\">Date<\/span> : Samedi 1er novembre<\/p>\n\n\n\n<p class=\"has-text-align-left\"><span style=\"text-decoration: underline\">Horaire<\/span>: 09h45 &#8211; 12h15<\/p>\n\n\n\n<p class=\"has-text-align-left has-large-font-size\"><strong>Participation gratuite<\/strong><\/p>\n<\/div><figure class=\"wp-block-media-text__media\"><img alt=\"\" loading=\"lazy\" decoding=\"async\" width=\"1024\" height=\"1024\" src=\"https:\/\/wp.unil.ch\/ecotopiales\/files\/2024\/09\/plateforme-10-1024x1024.jpeg\" alt=\"\" class=\"wp-image-480 size-full\" srcset=\"https:\/\/wp.unil.ch\/ecotopiales\/files\/2024\/09\/plateforme-10-1024x1024.jpeg 1024w, https:\/\/wp.unil.ch\/ecotopiales\/files\/2024\/09\/plateforme-10-300x300.jpeg 300w, https:\/\/wp.unil.ch\/ecotopiales\/files\/2024\/09\/plateforme-10-150x150.jpeg 150w, https:\/\/wp.unil.ch\/ecotopiales\/files\/2024\/09\/plateforme-10-768x768.jpeg 768w, https:\/\/wp.unil.ch\/ecotopiales\/files\/2024\/09\/plateforme-10-540x540.jpeg 540w, https:\/\/wp.unil.ch\/ecotopiales\/files\/2024\/09\/plateforme-10-1080x1080.jpeg 1080w, https:\/\/wp.unil.ch\/ecotopiales\/files\/2024\/09\/plateforme-10.jpeg 1200w\" sizes=\"auto, (max-width: 1024px) 100vw, 1024px\" \/><\/figure><\/div>\n\n\n\n<div class=\"wp-block-buttons is-content-justification-center is-layout-flex wp-container-core-buttons-is-layout-16018d1d wp-block-buttons-is-layout-flex\">\n<div class=\"wp-block-button has-custom-width wp-block-button__width-75\"><a class=\"wp-block-button__link has-background has-larger-font-size has-custom-font-size wp-element-button\" href=\"https:\/\/events.unil.ch\/register\/528\/991\" style=\"border-radius:5px;background-color:#8192c7\">JE M&rsquo;INSCRIS \u00c0 LA MATIN\u00c9E ! <\/a><\/div>\n<\/div>\n\n\n\n<div style=\"height:20px\" aria-hidden=\"true\" class=\"wp-block-spacer\"><\/div>\n\n\n\n<p class=\"has-drop-cap has-large-font-size\">Cette matin\u00e9e nous emm\u00e8ne \u00e0 travers les arts visuels, \u00e0 la d\u00e9couverte de nouvelles mani\u00e8res de percevoir et d&rsquo;habiter les lieux.<\/p>\n\n\n\n<p><\/p>\n\n\n\n<p class=\"has-large-font-size\">Dre. <span style=\"text-decoration: underline\">Nathalie Blanc<\/span> (CNRS et Univ. Paris-Cit\u00e9) montrera comment consid\u00e9rer les arts visuels sous l\u2019angle de leurs rapports aux lieux, et proposera, suivant ses recherches pionni\u00e8res, des pistes pratiques pour d\u00e9velopper une esth\u00e9tique environnementale collective et participative qui proposent <strong>de nouvelles formes d\u2019habitabilit\u00e9s terrestres<\/strong>.<\/p>\n\n\n\n<p class=\"has-large-font-size\">Dre. <span style=\"text-decoration: underline\">Nathalie Dietschy <\/span>(Unil) pr\u00e9sentera plusieurs projets photographiques qui abordent ces paysages de l\u2019\u00e9ph\u00e9m\u00e8re et <strong>reconfigurent nos imaginaires d\u2019un patrimoine naturel mill\u00e9naire<\/strong>.<\/p>\n\n\n\n<p class=\"has-large-font-size\">La matin\u00e9e se terminera par une table ronde, mod\u00e9r\u00e9e par Dr. <span style=\"text-decoration: underline\">Damien Delorme<\/span> (Unil), qui explorera les mani\u00e8res dont l&rsquo;art d&rsquo;aujourd&rsquo;hui peut <strong>renouveler notre rapport sensible au monde, en pr\u00e9sence du photographe animalier <span style=\"text-decoration: underline\"><a href=\"https:\/\/www.laurent-geslin.com\/\" data-type=\"link\" data-id=\"https:\/\/www.laurent-geslin.com\/\">Laurent Geslin <\/a><\/span><\/strong><\/p>\n\n\n\n<p><\/p>\n\n\n\n<p><\/p>\n\n\n\n<p class=\"has-large-font-size\"><span style=\"text-decoration: underline\"><strong>D\u00e9couvrez les descriptifs complets des conf\u00e9rences ci-dessous<\/strong><\/span><\/p>\n\n\n<div class=\"wp-block-image\">\n<figure class=\"aligncenter size-large is-resized\"><img loading=\"lazy\" decoding=\"async\" width=\"1024\" height=\"512\" src=\"https:\/\/wp.unil.ch\/ecotopiales\/files\/2025\/09\/chamois-1024x512.jpeg\" alt=\"chamois\" class=\"wp-image-1627\" style=\"width:400px\" srcset=\"https:\/\/wp.unil.ch\/ecotopiales\/files\/2025\/09\/chamois-1024x512.jpeg 1024w, https:\/\/wp.unil.ch\/ecotopiales\/files\/2025\/09\/chamois-300x150.jpeg 300w, https:\/\/wp.unil.ch\/ecotopiales\/files\/2025\/09\/chamois-768x384.jpeg 768w, https:\/\/wp.unil.ch\/ecotopiales\/files\/2025\/09\/chamois-1536x768.jpeg 1536w, https:\/\/wp.unil.ch\/ecotopiales\/files\/2025\/09\/chamois-540x270.jpeg 540w, https:\/\/wp.unil.ch\/ecotopiales\/files\/2025\/09\/chamois-1080x540.jpeg 1080w, https:\/\/wp.unil.ch\/ecotopiales\/files\/2025\/09\/chamois-1320x660.jpeg 1320w, https:\/\/wp.unil.ch\/ecotopiales\/files\/2025\/09\/chamois.jpeg 1920w\" sizes=\"auto, (max-width: 1024px) 100vw, 1024px\" \/><\/figure>\n<\/div>\n\n\n<p class=\"has-drop-cap has-large-font-size\"><\/p>\n\n\n\n<p><\/p>\n\n\n\n<div class=\"wp-block-group has-border-background-color has-background-background-color has-background is-nowrap is-layout-flex wp-container-core-group-is-layout-ad2f72ca wp-block-group-is-layout-flex\">\n<p><p style=\"padding-right: 10px\">09h30 &#8211; 09h45<\/p><\/p>\n\n\n\n<p>Accueil<\/p>\n<\/div>\n\n\n\n<div class=\"wp-block-group has-border-background-color has-background is-nowrap is-layout-flex wp-container-core-group-is-layout-ad2f72ca wp-block-group-is-layout-flex\">\n<p><p style=\"padding-right: 10px\">09h45 &#8211; 09h50<\/p><\/p>\n\n\n\n<p><strong>Introduction \u00e0 la journ\u00e9e<\/strong><br><br><strong>Colin Pahlisch<\/strong>, Coordinateur de l&rsquo;Observatoire des r\u00e9cits et imaginaires de l&rsquo;Anthropoc\u00e8ne (ORIA), <br>Centre de comp\u00e9tences en durabilit\u00e9 (CCD, Unil)<\/p>\n<\/div>\n\n\n\n<div class=\"wp-block-group has-border-background-color has-background-background-color has-background is-nowrap is-layout-flex wp-container-core-group-is-layout-ad2f72ca wp-block-group-is-layout-flex\">\n<p><p style=\"padding-right: 10px\">09h50 &#8211; 10h25<\/p><\/p>\n\n\n\n<details class=\"wp-block-details\"><summary><strong>L&rsquo;art pour l&rsquo;habitabilit\u00e9 terrestre<\/strong> \n<br><br><strong><a href=\"https:\/\/wp.unil.ch\/ecotopiales\/protagonistes\/#demay\">Nathalie Blanc<\/a><\/strong>, G\u00e9ographe, directrice de recherche au CNRS<br><\/summary><\/details>\n<\/div>\n\n\n\n<div class=\"wp-block-group has-border-background-color has-background is-nowrap is-layout-flex wp-container-core-group-is-layout-ad2f72ca wp-block-group-is-layout-flex\">\n<p><p style=\"padding-right: 10px\">10h25 &#8211; 11h<\/p><\/p>\n\n\n\n<details class=\"wp-block-details wp-container-content-c9763a5f is-layout-flow wp-block-details-is-layout-flow\"><summary><strong>Paysages sous b\u00e2ches : t\u00e9moigner des transformations environnementales par la photographie de glaciers.     <\/strong><strong style=\", Helvetica, sans-serif\">Prof. Nathalie Dietschy<\/strong><span style=\", Helvetica, sans-serif\">, Histoire de l&rsquo;art, (Unil, Suisse)<\/span><\/summary>\n<p><\/p>\n\n\n\n<p><em>La catastrophe climatique bouleverse notre rapport \u00e0 l\u2019habitabilit\u00e9 terrestre, en transformant les environnements et les paysages. Ces changements profonds affectent autant notre perception esth\u00e9tique que notre compr\u00e9hension \u00e9cologique du monde. L\u2019art, et la photographie en particulier, se font les t\u00e9moins privil\u00e9gi\u00e9s de ces grandes mutations, en interrogeant la mani\u00e8re dont les d\u00e9r\u00e8glements climatiques reconfigurent nos imaginaires du vivant et de notre patrimoine naturel. En partant \u00e0 la rencontre des glaciers alpins qu\u2019on recouvre aujourd\u2019hui de g\u00e9otextiles pour retarder leur fonte, nous interrogerons les impacts visuels, affectifs et \u00e9cologiques de ces paysages artificialis\u00e9s. Nous verrons comment la cr\u00e9ation artistique rend sensible la fragilit\u00e9 de nos milieux et incite \u00e0 porter un autre regard sur la pr\u00e9carit\u00e9 de nos mani\u00e8res d\u2019habiter aujourd\u2019hui la Terre, tout en nous poussant \u00e0 nous demander : le d\u00e9sastre peut-il aussi \u00eatre&nbsp;<\/em>beau<em>&nbsp;?<\/em><\/p>\n<\/details>\n<\/div>\n\n\n\n<div class=\"wp-block-group has-border-background-color has-background-background-color has-background is-nowrap is-layout-flex wp-container-core-group-is-layout-ad2f72ca wp-block-group-is-layout-flex\">\n<p><\/p>\n<\/div>\n\n\n\n<div class=\"wp-block-group has-border-background-color has-background is-nowrap is-layout-flex wp-container-core-group-is-layout-ad2f72ca wp-block-group-is-layout-flex\">\n<p><p style=\"padding-right: 10px\">11h30 &#8211; 12h15<\/p><\/p>\n\n\n\n<details class=\"wp-block-details wp-container-content-c9763a5f is-layout-flow wp-block-details-is-layout-flow\"><summary>Table ronde <strong>Territoires sensibles : explorer le vivant \u00e0 travers la cr\u00e9ativit\u00e9 environnementale<\/strong><ul><li><strong>Prof.<\/strong><strong style=\", Helvetica, sans-serif\">Nathalie Blanc<\/strong><span style=\", Helvetica, sans-serif\"> (CNRS, France)<\/span><\/li><li><strong>Prof. Nathalie Dietschy<\/strong> (Unil, Suisse) <\/li><\/ul><\/summary>\n<p><\/p>\n\n\n\n<p>Pour cette table ronde les deux chercheuses seront rejointes par le photographe <strong><span style=\"text-decoration: underline\">Laurent Geslin<\/span>,<\/strong> afin d\u2019explorer ensemble la mani\u00e8re dont l\u2019art peut r\u00e9v\u00e9ler de nouvelles fa\u00e7ons d\u2019habiter le monde, notamment au regard de la vie animale qui nous entoure. Cette rencontre propose un dialogue o\u00f9 savoirs scientifiques et r\u00e9flexion esth\u00e9tique s\u2019entrelacent pour interroger nos rapports aux lieux, aux paysages et au vivant.<\/p>\n<\/details>\n<\/div>\n\n\n\n<div class=\"wp-block-buttons is-content-justification-center is-layout-flex wp-container-core-buttons-is-layout-16018d1d wp-block-buttons-is-layout-flex\">\n<div class=\"wp-block-button has-custom-width wp-block-button__width-75\"><a class=\"wp-block-button__link has-background has-large-font-size has-custom-font-size wp-element-button\" href=\"https:\/\/events.unil.ch\/register\/528\/991\" style=\"border-radius:5px;background-color:#8192c7\">JE M&rsquo;INSCRIS \u00c0 LA MATIN\u00c9E ! <\/a><\/div>\n<\/div>\n\n\n\n<p class=\"has-text-align-center has-large-font-size\">Participation gratuite <strong>mais places limit\u00e9es<\/strong>&nbsp;: inscription (fortement) conseill\u00e9e&nbsp;!&nbsp;<\/p>\n\n\n\n<p>&nbsp;<\/p>\n\n\n\n<div class=\"wp-block-buttons is-content-justification-center is-layout-flex wp-container-core-buttons-is-layout-16018d1d wp-block-buttons-is-layout-flex\">\n<div class=\"wp-block-button has-custom-width wp-block-button__width-75 is-style-outline is-style-outline--1\"><a class=\"wp-block-button__link has-buttons-background-color has-buttons-text-background-color has-text-color has-background has-link-color has-large-font-size has-custom-font-size wp-element-button\" href=\"https:\/\/wp.unil.ch\/ecotopiales\/1er-novembre-le-festival-se-promene-en-ville\/\">VOIR LE PROGRAMME COMPLET DU SAMEDI 1ER NOVEMBRE<\/a><\/div>\n<\/div>\n\n\n<blockquote><\/blockquote>\n\n\n<p><\/p>\n","protected":false},"excerpt":{"rendered":"<p>Comment les artistes repensent nos fa\u00e7ons d&rsquo;habiter la terre ? Lieu : Grand Auditoire MCBA &#8211; Plateforme10, Lausanne Date : Samedi 1er novembre Horaire: 09h45 &#8211; 12h15 Participation&hellip;<\/p>\n","protected":false},"author":1002526,"featured_media":0,"parent":0,"menu_order":0,"comment_status":"closed","ping_status":"closed","template":"template-full-width.php","meta":{"_seopress_robots_primary_cat":"","_seopress_titles_title":"","_seopress_titles_desc":"","_seopress_robots_index":"","_uag_custom_page_level_css":"","footnotes":""},"class_list":["post-1672","page","type-page","status-publish","has-post-thumbnail"],"uagb_featured_image_src":{"full":false,"thumbnail":false,"medium":false,"medium_large":false,"large":false,"1536x1536":false,"2048x2048":false,"post-thumbnail":false,"chaplin_preview_image_low_resolution":false,"chaplin_preview_image_high_resolution":false,"chaplin_fullscreen":false,"mailpoet_newsletter_max":false},"uagb_author_info":{"display_name":"Niccolo Panozzo","author_link":"https:\/\/wp.unil.ch\/ecotopiales\/author\/npanozzo\/"},"uagb_comment_info":0,"uagb_excerpt":"Comment les artistes repensent nos fa\u00e7ons d&rsquo;habiter la terre ? Lieu : Grand Auditoire MCBA &#8211; Plateforme10, Lausanne Date : Samedi 1er novembre Horaire: 09h45 &#8211; 12h15 Participation&hellip;","_links":{"self":[{"href":"https:\/\/wp.unil.ch\/ecotopiales\/wp-json\/wp\/v2\/pages\/1672","targetHints":{"allow":["GET"]}}],"collection":[{"href":"https:\/\/wp.unil.ch\/ecotopiales\/wp-json\/wp\/v2\/pages"}],"about":[{"href":"https:\/\/wp.unil.ch\/ecotopiales\/wp-json\/wp\/v2\/types\/page"}],"author":[{"embeddable":true,"href":"https:\/\/wp.unil.ch\/ecotopiales\/wp-json\/wp\/v2\/users\/1002526"}],"replies":[{"embeddable":true,"href":"https:\/\/wp.unil.ch\/ecotopiales\/wp-json\/wp\/v2\/comments?post=1672"}],"version-history":[{"count":5,"href":"https:\/\/wp.unil.ch\/ecotopiales\/wp-json\/wp\/v2\/pages\/1672\/revisions"}],"predecessor-version":[{"id":2938,"href":"https:\/\/wp.unil.ch\/ecotopiales\/wp-json\/wp\/v2\/pages\/1672\/revisions\/2938"}],"wp:attachment":[{"href":"https:\/\/wp.unil.ch\/ecotopiales\/wp-json\/wp\/v2\/media?parent=1672"}],"curies":[{"name":"wp","href":"https:\/\/api.w.org\/{rel}","templated":true}]}}