{"id":1641,"date":"2025-09-29T09:58:08","date_gmt":"2025-09-29T07:58:08","guid":{"rendered":"https:\/\/wp.unil.ch\/ecotopiales\/?page_id=1641"},"modified":"2025-10-19T14:01:21","modified_gmt":"2025-10-19T12:01:21","slug":"matieres-mouvements-et-sensibilites-ecologies-du-cinema-danimation","status":"publish","type":"page","link":"https:\/\/wp.unil.ch\/ecotopiales\/matieres-mouvements-et-sensibilites-ecologies-du-cinema-danimation\/","title":{"rendered":"MATI\u00c8RES, MOUVEMENTS ET SENSIBILIT\u00c9S : \u00c9COLOGIES DU CIN\u00c9MA D&rsquo;ANIMATION"},"content":{"rendered":"\n<div class=\"wp-block-media-text has-media-on-the-right is-stacked-on-mobile\"><div class=\"wp-block-media-text__content\">\n<h2 class=\"wp-block-heading has-text-align-left\"><strong>Atelier cin\u00e9ma d&rsquo;animation<\/strong><br><\/h2>\n\n\n\n<p class=\"has-text-align-left\"><\/p>\n\n\n\n<h4 class=\"wp-block-heading\">Contenu de l&rsquo;atelier : pr\u00e9sentation des enjeux \u00e9cologiques du cin\u00e9ma d&rsquo;animation, initiation pratique \u00e0 diff\u00e9rentes techniques de cr\u00e9ation par des cin\u00e9astes et des chercheuses, cr\u00e9ation d&rsquo;une s\u00e9quence anim\u00e9e<\/h4>\n\n\n\n<p><span style=\"text-decoration: underline\">Lieu<\/span> : Amphimax 413 &#8211; Unil<\/p>\n\n\n\n<p><span style=\"text-decoration: underline\">Date<\/span> : Vendredi 31 octobre<\/p>\n\n\n\n<p><span style=\"text-decoration: underline\">Horaire<\/span> : 14h00 &#8211; 17h00<\/p>\n\n\n\n<p><span style=\"text-decoration: underline\">\u00c2ge<\/span> : d\u00e8s 16 ans<\/p>\n\n\n\n<p class=\"has-large-font-size\"><strong>Participation gratuite<\/strong><\/p>\n\n\n\n<div class=\"wp-block-buttons is-content-justification-center is-layout-flex wp-container-core-buttons-is-layout-16018d1d wp-block-buttons-is-layout-flex\"><\/div>\n<\/div><figure class=\"wp-block-media-text__media\"><img alt=\"\" loading=\"lazy\" decoding=\"async\" width=\"1024\" height=\"1013\" src=\"https:\/\/wp.unil.ch\/ecotopiales\/files\/2024\/09\/amphimax-1024x1013.png\" alt=\"\" class=\"wp-image-1071 size-full\" srcset=\"https:\/\/wp.unil.ch\/ecotopiales\/files\/2024\/09\/amphimax-1024x1013.png 1024w, https:\/\/wp.unil.ch\/ecotopiales\/files\/2024\/09\/amphimax-300x297.png 300w, https:\/\/wp.unil.ch\/ecotopiales\/files\/2024\/09\/amphimax-768x760.png 768w, https:\/\/wp.unil.ch\/ecotopiales\/files\/2024\/09\/amphimax-540x534.png 540w, https:\/\/wp.unil.ch\/ecotopiales\/files\/2024\/09\/amphimax-1080x1068.png 1080w, https:\/\/wp.unil.ch\/ecotopiales\/files\/2024\/09\/amphimax.png 1213w\" sizes=\"auto, (max-width: 1024px) 100vw, 1024px\" \/><\/figure><\/div>\n\n\n\n<p class=\"has-drop-cap has-large-font-size\">Dans le cin\u00e9ma d\u2019animation, la cr\u00e9ation invite \u00e0 un rapport au vivant. <\/p>\n\n\n\n<p class=\"has-large-font-size\">Quelle que soit la technique traditionnelle utilis\u00e9e (sable, peinture sur verre, gravure) le corps des cin\u00e9astes est directement engag\u00e9 avec la mati\u00e8re. <strong>Chaque geste laisse une empreinte,<\/strong> et c\u2019est de ce dialogue entre le mouvement humain et le mat\u00e9riau que naissent les images.<\/p>\n\n\n\n<p class=\"has-large-font-size\">Au cours de cet apr\u00e8s-midi, nous vous invitons \u00e0 <strong>explorer ce rapport sensible et concret<\/strong> au cin\u00e9ma d\u2019animation et \u00e0 vous familiariser avec ses techniques et ses enjeux th\u00e9oriques. Entre r\u00e9flexion, discussion et pratique, venez d\u00e9couvrir comment pens\u00e9e et geste se compl\u00e8tent pour <strong>donner vie aux formes et aux histoires !<\/strong> <br><\/p>\n\n\n\n<p class=\"has-large-font-size\">Cet atelier est cr\u00e9\u00e9 par <span style=\"text-decoration: underline\">Dre. Chlo\u00e9 Hofmann<\/span> (UNIL) et <span style=\"text-decoration: underline\">Dre. St\u00e9phanie Cadoret<\/span> (EMCA &#8211; Angoul\u00eame)<\/p>\n\n\n\n<p class=\"has-large-font-size\"><br><span style=\"text-decoration: underline\">Invit\u00e9e<\/span> : Dre. <strong>C\u00c9CILE NOESSER <\/strong>(ESAD &#8211; Amiens)<\/p>\n\n\n<div class=\"wp-block-image\">\n<figure class=\"aligncenter size-large is-resized\"><img loading=\"lazy\" decoding=\"async\" width=\"1024\" height=\"512\" src=\"https:\/\/wp.unil.ch\/ecotopiales\/files\/2025\/09\/canard-1024x512.jpeg\" alt=\"canard\" class=\"wp-image-1642\" style=\"width:400px\" srcset=\"https:\/\/wp.unil.ch\/ecotopiales\/files\/2025\/09\/canard-1024x512.jpeg 1024w, https:\/\/wp.unil.ch\/ecotopiales\/files\/2025\/09\/canard-300x150.jpeg 300w, https:\/\/wp.unil.ch\/ecotopiales\/files\/2025\/09\/canard-768x384.jpeg 768w, https:\/\/wp.unil.ch\/ecotopiales\/files\/2025\/09\/canard-1536x768.jpeg 1536w, https:\/\/wp.unil.ch\/ecotopiales\/files\/2025\/09\/canard-540x270.jpeg 540w, https:\/\/wp.unil.ch\/ecotopiales\/files\/2025\/09\/canard-1080x540.jpeg 1080w, https:\/\/wp.unil.ch\/ecotopiales\/files\/2025\/09\/canard-1320x660.jpeg 1320w, https:\/\/wp.unil.ch\/ecotopiales\/files\/2025\/09\/canard.jpeg 1920w\" sizes=\"auto, (max-width: 1024px) 100vw, 1024px\" \/><\/figure>\n<\/div>\n\n\n<div class=\"wp-block-buttons is-content-justification-center is-layout-flex wp-container-core-buttons-is-layout-16018d1d wp-block-buttons-is-layout-flex\">\n<div class=\"wp-block-button has-custom-width wp-block-button__width-75\"><a class=\"wp-block-button__link has-background has-larger-font-size has-custom-font-size wp-element-button\" href=\"https:\/\/events.unil.ch\/register\/530\/993\" style=\"border-radius:5px;background-color:#8192c7\">JE M&rsquo;INSCRIS \u00c0 L&rsquo;ATELIER ! <\/a><\/div>\n<\/div>\n\n\n\n<p class=\"has-text-align-center has-large-font-size\"><strong>Participation gratuite mais places limit\u00e9es<\/strong>&nbsp;: inscription (fortement) conseill\u00e9e&nbsp;!&nbsp;<\/p>\n\n\n\n<div style=\"height:20px\" aria-hidden=\"true\" class=\"wp-block-spacer\"><\/div>\n\n\n\n<p class=\"has-text-align-center has-large-font-size\">L&rsquo;atelier est organis\u00e9 en collaboration avec le<\/p>\n\n\n\n<div class=\"wp-block-columns alignwide is-layout-flex wp-container-core-columns-is-layout-9d6595d7 wp-block-columns-is-layout-flex\">\n<div class=\"wp-block-column is-vertically-aligned-center is-layout-flow wp-block-column-is-layout-flow\"><\/div>\n\n\n\n<div class=\"wp-block-column is-vertically-aligned-center is-layout-flow wp-block-column-is-layout-flow\"><div class=\"wp-block-image\">\n<figure class=\"aligncenter size-full is-resized\"><a href=\"https:\/\/www.unil.ch\/cec\/fr\/home.html\"><img loading=\"lazy\" decoding=\"async\" width=\"186\" height=\"103\" src=\"https:\/\/wp.unil.ch\/ecotopiales\/files\/2025\/09\/cecunilogo_bleu_72dpi.png\" alt=\"cecunilogo bleu 72dpi\" class=\"wp-image-1790\" style=\"width:225px;height:auto\" \/><\/a><\/figure>\n<\/div><\/div>\n\n\n\n<div class=\"wp-block-column is-vertically-aligned-center is-layout-flow wp-block-column-is-layout-flow\"><\/div>\n<\/div>\n\n\n\n<div class=\"wp-block-buttons is-content-justification-center is-layout-flex wp-container-core-buttons-is-layout-16018d1d wp-block-buttons-is-layout-flex\">\n<div class=\"wp-block-button has-custom-width wp-block-button__width-75 is-style-outline is-style-outline--1\"><a class=\"wp-block-button__link has-buttons-background-color has-buttons-text-background-color has-text-color has-background has-link-color has-large-font-size has-custom-font-size wp-element-button\" href=\"https:\/\/wp.unil.ch\/ecotopiales\/31-octobre-une-journee-sur-le-campus-unil\/\">RETOUR AU PROGRAMME DU VENDREDI 31 OCTOBRE<\/a><\/div>\n<\/div>\n","protected":false},"excerpt":{"rendered":"<p>Dans le cin\u00e9ma d\u2019animation, la cr\u00e9ation invite \u00e0 un rapport au vivant. Quelle que soit la technique traditionnelle utilis\u00e9e (sable, peinture sur verre, gravure) le corps des cin\u00e9astes&hellip;<\/p>\n","protected":false},"author":1002526,"featured_media":0,"parent":0,"menu_order":0,"comment_status":"closed","ping_status":"closed","template":"template-full-width.php","meta":{"_seopress_robots_primary_cat":"","_seopress_titles_title":"","_seopress_titles_desc":"","_seopress_robots_index":"","_uag_custom_page_level_css":"","footnotes":""},"class_list":["post-1641","page","type-page","status-publish","has-post-thumbnail"],"uagb_featured_image_src":{"full":false,"thumbnail":false,"medium":false,"medium_large":false,"large":false,"1536x1536":false,"2048x2048":false,"post-thumbnail":false,"chaplin_preview_image_low_resolution":false,"chaplin_preview_image_high_resolution":false,"chaplin_fullscreen":false,"mailpoet_newsletter_max":false},"uagb_author_info":{"display_name":"Niccolo Panozzo","author_link":"https:\/\/wp.unil.ch\/ecotopiales\/author\/npanozzo\/"},"uagb_comment_info":0,"uagb_excerpt":"Dans le cin\u00e9ma d\u2019animation, la cr\u00e9ation invite \u00e0 un rapport au vivant. Quelle que soit la technique traditionnelle utilis\u00e9e (sable, peinture sur verre, gravure) le corps des cin\u00e9astes&hellip;","_links":{"self":[{"href":"https:\/\/wp.unil.ch\/ecotopiales\/wp-json\/wp\/v2\/pages\/1641","targetHints":{"allow":["GET"]}}],"collection":[{"href":"https:\/\/wp.unil.ch\/ecotopiales\/wp-json\/wp\/v2\/pages"}],"about":[{"href":"https:\/\/wp.unil.ch\/ecotopiales\/wp-json\/wp\/v2\/types\/page"}],"author":[{"embeddable":true,"href":"https:\/\/wp.unil.ch\/ecotopiales\/wp-json\/wp\/v2\/users\/1002526"}],"replies":[{"embeddable":true,"href":"https:\/\/wp.unil.ch\/ecotopiales\/wp-json\/wp\/v2\/comments?post=1641"}],"version-history":[{"count":5,"href":"https:\/\/wp.unil.ch\/ecotopiales\/wp-json\/wp\/v2\/pages\/1641\/revisions"}],"predecessor-version":[{"id":2916,"href":"https:\/\/wp.unil.ch\/ecotopiales\/wp-json\/wp\/v2\/pages\/1641\/revisions\/2916"}],"wp:attachment":[{"href":"https:\/\/wp.unil.ch\/ecotopiales\/wp-json\/wp\/v2\/media?parent=1641"}],"curies":[{"name":"wp","href":"https:\/\/api.w.org\/{rel}","templated":true}]}}