{"id":1572,"date":"2025-09-29T09:59:27","date_gmt":"2025-09-29T07:59:27","guid":{"rendered":"https:\/\/wp.unil.ch\/ecotopiales\/?page_id=1572"},"modified":"2025-10-18T17:29:10","modified_gmt":"2025-10-18T15:29:10","slug":"quand-les-fleuves-prennent-la-parole-droit-imaginaire-et-conscience-ecologique","status":"publish","type":"page","link":"https:\/\/wp.unil.ch\/ecotopiales\/quand-les-fleuves-prennent-la-parole-droit-imaginaire-et-conscience-ecologique\/","title":{"rendered":"QUAND LES FLEUVES PRENNENT LA PAROLE&#8230; DROIT, IMAGINAIRE ET CONSCIENCE \u00c9COLOGIQUE"},"content":{"rendered":"\n<div class=\"wp-block-media-text has-media-on-the-right is-stacked-on-mobile\" style=\"grid-template-columns:auto 48%\"><div class=\"wp-block-media-text__content\">\n<h2 class=\"wp-block-heading has-text-align-left\"><strong>Grande soir\u00e9e de cl\u00f4ture du festival au Th\u00e9\u00e2tre de Vidy<\/strong><\/h2>\n\n\n\n<p><span style=\"text-decoration: underline\">Lieu<\/span> : Th\u00e9\u00e2tre de Vidy<\/p>\n\n\n\n<p><span style=\"text-decoration: underline\">Date<\/span> : Samedi 1<sup>er<\/sup> novembre<\/p>\n\n\n\n<p><span style=\"text-decoration: underline\">Horaire<\/span> : 19h00 &#8211; 21h00<\/p>\n\n\n\n<p class=\"has-large-font-size\"><strong>Participation gratuite<\/strong><\/p>\n<\/div><figure class=\"wp-block-media-text__media\"><img alt=\"\" loading=\"lazy\" decoding=\"async\" width=\"1024\" height=\"1024\" src=\"https:\/\/wp.unil.ch\/ecotopiales\/files\/2024\/09\/Vidy-1-1024x1024.png\" alt=\"\" class=\"wp-image-808 size-full\" srcset=\"https:\/\/wp.unil.ch\/ecotopiales\/files\/2024\/09\/Vidy-1-1024x1024.png 1024w, https:\/\/wp.unil.ch\/ecotopiales\/files\/2024\/09\/Vidy-1-300x300.png 300w, https:\/\/wp.unil.ch\/ecotopiales\/files\/2024\/09\/Vidy-1-150x150.png 150w, https:\/\/wp.unil.ch\/ecotopiales\/files\/2024\/09\/Vidy-1-768x768.png 768w, https:\/\/wp.unil.ch\/ecotopiales\/files\/2024\/09\/Vidy-1-540x540.png 540w, https:\/\/wp.unil.ch\/ecotopiales\/files\/2024\/09\/Vidy-1-1080x1080.png 1080w, https:\/\/wp.unil.ch\/ecotopiales\/files\/2024\/09\/Vidy-1.png 1200w\" sizes=\"auto, (max-width: 1024px) 100vw, 1024px\" \/><\/figure><\/div>\n\n\n\n<p><\/p>\n\n\n\n<p class=\"has-drop-cap has-large-font-size\">Les fleuves, les for\u00eats, les oc\u00e9ans \u2014 longtemps consid\u00e9r\u00e9s comme de simples ressources, des d\u00e9cors muets \u2014 r\u00e9clament d\u00e9sormais une reconnaissance politique et juridique de leur existence propre.<\/p>\n\n\n\n<p class=\"has-large-font-size\">\u00c0 cette n\u00e9cessit\u00e9 r\u00e9pondent les efforts des artistes, des \u00e9crivaines et des \u00e9crivains. <strong>Car c\u2019est par les r\u00e9cits et les images que les soci\u00e9t\u00e9s se transforment,<\/strong> redessinent leurs horizons communs et repensent leurs relations. Le droit, d\u00e8s lors, ne se d\u00e9ploie pas seulement dans les codes et tribunaux : il s\u2019incarne dans une dramaturgie vivante, qui interroge notre mani\u00e8re de dire \u00ab nous \u00bb avec le monde non humain. Mais <strong>comment permettre aujourd\u2019hui aux forces et aux formes naturelles autres qu\u2019humaines de se d\u00e9fendre ?<\/strong><\/p>\n\n\n\n<p class=\"has-large-font-size\">Dans un monde o\u00f9 les d\u00e9fis \u00e9cologiques appellent \u00e0 repenser non seulement notre relation intime au monde, notre responsabilit\u00e9 vis-\u00e0-vis de celui-ci mais aussi nos lois, cette grande soir\u00e9e de cl\u00f4ture du festival <em>\u00c9cotopiales<\/em> 2025 invite \u00e0 <strong>explorer le lien profond entre juridiction, conscience environnementale et po\u00e9tique du vivant.&nbsp;&nbsp;<\/strong><\/p>\n\n\n\n<p class=\"has-large-font-size\"><span style=\"text-decoration: underline\">Invit\u00e9\u00b7e\u00b7s<\/span>\u202f:&nbsp;&nbsp;<\/p>\n\n\n\n<p class=\"has-large-font-size\"><strong>MARINE YZQUIERDO<\/strong>, avocate, sp\u00e9cialiste en droits de l\u2019environnement, membre du conseil d\u2019administration de <em>Notre affaire \u00e0 tous<\/em> et directrice de la commission ouverte \u00ab\u202fDroits de la Nature\u202f\u00bb au barreau de Paris.&nbsp;&nbsp;<\/p>\n\n\n\n<p class=\"has-large-font-size\"><strong>CAMILLE DE TOLEDO<\/strong>, \u00e9crivain, essayiste, chercheur en litt\u00e9rature et dramaturge, auteur notamment du <em>Fleuve qui voulait \u00e9crire\u202f: les auditions du Parlement de Loire <\/em>(2021)&nbsp;<\/p>\n\n\n\n<p class=\"has-large-font-size\"><strong>G\u00c9RALD HESS<\/strong>, philosophe, sp\u00e9cialiste d\u2019\u00e9thique environnementale, Ma\u00eetre d\u2019enseignement et de recherche \u00e0 l\u2019Universit\u00e9 de Lausanne.&nbsp;&nbsp;<\/p>\n\n\n\n<p class=\"has-large-font-size\">Mod\u00e9ration\u202f: <span style=\"text-decoration: underline\">Dr. Brian Favre,<\/span> juriste et chercheur en droit animalier et de l\u2019environnement.<\/p>\n\n\n\n<p class=\"has-text-align-center has-large-font-size\"><strong>La soir\u00e9e se terminera par un ap\u00e9ritif festif dans le foyer du Th\u00e9\u00e2tre. <\/strong><\/p>\n\n\n<div class=\"wp-block-image\">\n<figure class=\"aligncenter size-large is-resized\"><img alt=\"\" loading=\"lazy\" decoding=\"async\" width=\"1024\" height=\"512\" src=\"https:\/\/wp.unil.ch\/ecotopiales\/files\/2025\/09\/balance-grande-1024x512.jpeg\" alt=\"\" class=\"wp-image-2128\" style=\"width:400px\" srcset=\"https:\/\/wp.unil.ch\/ecotopiales\/files\/2025\/09\/balance-grande-1024x512.jpeg 1024w, https:\/\/wp.unil.ch\/ecotopiales\/files\/2025\/09\/balance-grande-300x150.jpeg 300w, https:\/\/wp.unil.ch\/ecotopiales\/files\/2025\/09\/balance-grande-768x384.jpeg 768w, https:\/\/wp.unil.ch\/ecotopiales\/files\/2025\/09\/balance-grande-540x270.jpeg 540w, https:\/\/wp.unil.ch\/ecotopiales\/files\/2025\/09\/balance-grande-1080x540.jpeg 1080w, https:\/\/wp.unil.ch\/ecotopiales\/files\/2025\/09\/balance-grande.jpeg 1280w\" sizes=\"auto, (max-width: 1024px) 100vw, 1024px\" \/><\/figure>\n<\/div>\n\n\n<div class=\"wp-block-buttons is-content-justification-center is-layout-flex wp-container-core-buttons-is-layout-16018d1d wp-block-buttons-is-layout-flex\">\n<div class=\"wp-block-button has-custom-width wp-block-button__width-75\"><a class=\"wp-block-button__link has-background has-larger-font-size has-custom-font-size wp-element-button\" href=\"https:\/\/events.unil.ch\/register\/566\/1040\" style=\"border-radius:5px;background-color:#c6ba74\">JE R\u00c9SERVE MA PLACE ! <\/a><\/div>\n<\/div>\n\n\n\n<p class=\"has-text-align-center has-large-font-size\">Participation gratuite <strong>mais places limit\u00e9es<\/strong>&nbsp;: inscription (fortement) conseill\u00e9e&nbsp;!&nbsp;<\/p>\n\n\n\n<div style=\"height:20px\" aria-hidden=\"true\" class=\"wp-block-spacer\"><\/div>\n\n\n\n<p class=\"has-text-align-center has-large-font-size\">Cet \u00e9v\u00e9nement est organis\u00e9 en collaboration avec<\/p>\n\n\n\n<div class=\"wp-block-columns alignwide is-layout-flex wp-container-core-columns-is-layout-9d6595d7 wp-block-columns-is-layout-flex\">\n<div class=\"wp-block-column is-vertically-aligned-center is-layout-flow wp-block-column-is-layout-flow\"><div class=\"wp-block-image\">\n<figure class=\"aligncenter size-full is-resized\"><a href=\"https:\/\/www.vidy.ch\/fr\/\"><img alt=\"\" loading=\"lazy\" decoding=\"async\" width=\"1000\" height=\"189\" src=\"https:\/\/wp.unil.ch\/ecotopiales\/files\/2024\/09\/Vidy.png\" alt=\"\" class=\"wp-image-740\" style=\"width:200px\" srcset=\"https:\/\/wp.unil.ch\/ecotopiales\/files\/2024\/09\/Vidy.png 1000w, https:\/\/wp.unil.ch\/ecotopiales\/files\/2024\/09\/Vidy-300x57.png 300w, https:\/\/wp.unil.ch\/ecotopiales\/files\/2024\/09\/Vidy-768x145.png 768w, https:\/\/wp.unil.ch\/ecotopiales\/files\/2024\/09\/Vidy-540x102.png 540w\" sizes=\"auto, (max-width: 1000px) 100vw, 1000px\" \/><\/a><\/figure>\n<\/div><\/div>\n<\/div>\n\n\n\n<div class=\"wp-block-buttons is-content-justification-center is-layout-flex wp-container-core-buttons-is-layout-16018d1d wp-block-buttons-is-layout-flex\">\n<div class=\"wp-block-button has-custom-width wp-block-button__width-75 is-style-outline is-style-outline--1\"><a class=\"wp-block-button__link has-buttons-background-color has-buttons-text-background-color has-text-color has-background has-link-color has-large-font-size has-custom-font-size wp-element-button\" href=\"https:\/\/wp.unil.ch\/ecotopiales\/1er-novembre-le-festival-se-promene-en-ville\/\">VOIR LE PROGRAMME COMPLET DU 1ER NOVEMBRE<\/a><\/div>\n<\/div>\n","protected":false},"excerpt":{"rendered":"<p>Grande soir\u00e9e de cl\u00f4ture du festival au Th\u00e9\u00e2tre de Vidy Lieu : Th\u00e9\u00e2tre de Vidy Date : Samedi 1er novembre Horaire : 19h00 &#8211; 21h00 Participation gratuite Les&hellip;<\/p>\n","protected":false},"author":1002526,"featured_media":0,"parent":0,"menu_order":0,"comment_status":"closed","ping_status":"closed","template":"template-full-width.php","meta":{"_seopress_robots_primary_cat":"","_seopress_titles_title":"","_seopress_titles_desc":"","_seopress_robots_index":"","_uag_custom_page_level_css":"","footnotes":""},"class_list":["post-1572","page","type-page","status-publish","has-post-thumbnail"],"uagb_featured_image_src":{"full":false,"thumbnail":false,"medium":false,"medium_large":false,"large":false,"1536x1536":false,"2048x2048":false,"post-thumbnail":false,"chaplin_preview_image_low_resolution":false,"chaplin_preview_image_high_resolution":false,"chaplin_fullscreen":false,"mailpoet_newsletter_max":false},"uagb_author_info":{"display_name":"Niccolo Panozzo","author_link":"https:\/\/wp.unil.ch\/ecotopiales\/author\/npanozzo\/"},"uagb_comment_info":0,"uagb_excerpt":"Grande soir\u00e9e de cl\u00f4ture du festival au Th\u00e9\u00e2tre de Vidy Lieu : Th\u00e9\u00e2tre de Vidy Date : Samedi 1er novembre Horaire : 19h00 &#8211; 21h00 Participation gratuite Les&hellip;","_links":{"self":[{"href":"https:\/\/wp.unil.ch\/ecotopiales\/wp-json\/wp\/v2\/pages\/1572","targetHints":{"allow":["GET"]}}],"collection":[{"href":"https:\/\/wp.unil.ch\/ecotopiales\/wp-json\/wp\/v2\/pages"}],"about":[{"href":"https:\/\/wp.unil.ch\/ecotopiales\/wp-json\/wp\/v2\/types\/page"}],"author":[{"embeddable":true,"href":"https:\/\/wp.unil.ch\/ecotopiales\/wp-json\/wp\/v2\/users\/1002526"}],"replies":[{"embeddable":true,"href":"https:\/\/wp.unil.ch\/ecotopiales\/wp-json\/wp\/v2\/comments?post=1572"}],"version-history":[{"count":6,"href":"https:\/\/wp.unil.ch\/ecotopiales\/wp-json\/wp\/v2\/pages\/1572\/revisions"}],"predecessor-version":[{"id":2907,"href":"https:\/\/wp.unil.ch\/ecotopiales\/wp-json\/wp\/v2\/pages\/1572\/revisions\/2907"}],"wp:attachment":[{"href":"https:\/\/wp.unil.ch\/ecotopiales\/wp-json\/wp\/v2\/media?parent=1572"}],"curies":[{"name":"wp","href":"https:\/\/api.w.org\/{rel}","templated":true}]}}