{"id":1566,"date":"2025-09-29T09:57:00","date_gmt":"2025-09-29T07:57:00","guid":{"rendered":"https:\/\/wp.unil.ch\/ecotopiales\/?page_id=1566"},"modified":"2025-10-31T15:17:48","modified_gmt":"2025-10-31T14:17:48","slug":"trop-chaud-les-ainees-pour-le-climat-contre-la-suisse","status":"publish","type":"page","link":"https:\/\/wp.unil.ch\/ecotopiales\/trop-chaud-les-ainees-pour-le-climat-contre-la-suisse\/","title":{"rendered":"TROP CHAUD ! LES A\u00ceN\u00c9ES POUR LE CLIMAT CONTRE LA SUISSE"},"content":{"rendered":"\n<div class=\"wp-block-media-text has-media-on-the-right is-stacked-on-mobile\"><div class=\"wp-block-media-text__content\">\n<h2 class=\"wp-block-heading\"><strong>Projection in\u00e9dite du film et table ronde d&rsquo;expert\u00b7es<\/strong><\/h2>\n\n\n\n<h4 class=\"wp-block-heading\">Contenu de l&rsquo;\u00e9v\u00e9nement : projection du film <em>Trop chaud ! Les A\u00een\u00e9es pour le climat contre la Suisse<\/em> de B. Weiss (2025), table ronde avec des juristes, \u00e9change avec le public<\/h4>\n\n\n\n<p class=\"has-text-align-left\"><span style=\"text-decoration: underline\">Lieu<\/span> : Centre Pluriculturel et social d&rsquo;Ouchy (CPO)<\/p>\n\n\n\n<p class=\"has-text-align-left\"><span style=\"text-decoration: underline\">Date<\/span> : Samedi 1<sup>er<\/sup> novembre<\/p>\n\n\n\n<p class=\"has-text-align-left\"><span style=\"text-decoration: underline\">Horaire<\/span> : 14h30 &#8211; 17h00<\/p>\n\n\n\n<p class=\"has-text-align-left\"><span style=\"text-decoration: underline\">\u00c2ge<\/span> : d\u00e8s 10 ans<\/p>\n\n\n\n<p class=\"has-text-align-left\"><\/p>\n<\/div><figure class=\"wp-block-media-text__media\"><img loading=\"lazy\" decoding=\"async\" width=\"640\" height=\"640\" src=\"https:\/\/wp.unil.ch\/ecotopiales\/files\/2025\/09\/cpo-moyenne.jpeg\" alt=\"cpo moyenne\" class=\"wp-image-2055 size-full\" srcset=\"https:\/\/wp.unil.ch\/ecotopiales\/files\/2025\/09\/cpo-moyenne.jpeg 640w, https:\/\/wp.unil.ch\/ecotopiales\/files\/2025\/09\/cpo-moyenne-300x300.jpeg 300w, https:\/\/wp.unil.ch\/ecotopiales\/files\/2025\/09\/cpo-moyenne-150x150.jpeg 150w, https:\/\/wp.unil.ch\/ecotopiales\/files\/2025\/09\/cpo-moyenne-540x540.jpeg 540w\" sizes=\"auto, (max-width: 640px) 100vw, 640px\" \/><\/figure><\/div>\n\n\n\n<p class=\"has-drop-cap has-large-font-size\">Et si la sauvegarde du vivant et la protection des g\u00e9n\u00e9rations futures \u00e9taient entre les mains de nos a\u00een\u00e9\u00b7es ?<\/p>\n\n\n\n<p><\/p>\n\n\n\n<p>TROP CHAUD ! relate le bras de fer entre un groupe de citoyennes suisses engag\u00e9es et le gouvernement suisse, un combat qui les a men\u00e9es jusqu\u2019\u00e0 la Cour europ\u00e9enne des droits de l\u2019homme. <strong>Une aventure in\u00e9dite, port\u00e9e par une formidable volont\u00e9 collective de nos grands-parents en qu\u00eate de justice !<\/strong> La projection sera suivie par une table ronde : Comment d\u00e9fendre aujourd\u2019hui nos a\u00een\u00e9\u00b7es et les g\u00e9n\u00e9rations de demain ?<\/p>\n\n\n\n<p>La justice est-elle un levier essentiel pour la d\u00e9fense des humains et des autres vivants face au r\u00e9chauffement climatique ? <strong>Comment expliquer l\u2019inaction des tribunaux pour prot\u00e9ger les citoyennes et citoyens seniors de suisse et d\u2019ailleurs ?<\/strong><\/p>\n\n\n\n<p>Pour prolonger les r\u00e9flexions autour de ce film poignant, la projection <strong>sera suivie d\u2019une table ronde<\/strong> r\u00e9unissant Prof. <span style=\"text-decoration: underline\">V\u00e9ronique Boillet<\/span>, professeure de droit public (Unil), Dre. <span style=\"text-decoration: underline\">Oriane Sarrasin<\/span>, Ma\u00eetresse d\u2019enseignement et de recherche en psychologie de l\u2019environnement (Unil), Dr. <span style=\"text-decoration: underline\">Matthias Petel<\/span>, chercheur en droit environnemental (UCL) et <span style=\"text-decoration: underline\">Anne Mahrer<\/span>, co-pr\u00e9sidente des A\u00een\u00e9es pour le climat.<\/p>\n\n\n\n<p>Mod\u00e9ration : Dre. <span style=\"text-decoration: underline\">Cl\u00e9mence Demay,<\/span> avocate et chercheuse en sciences juridiques \u00e0 l&rsquo;Unil.<\/p>\n\n\n\n<p class=\"has-large-font-size\"><strong>Un temps d\u2019\u00e9change aura ensuite lieu avec le public<\/strong><\/p>\n\n\n<div class=\"wp-block-image\">\n<figure class=\"aligncenter size-large is-resized\"><img alt=\"\" loading=\"lazy\" decoding=\"async\" width=\"1024\" height=\"512\" src=\"https:\/\/wp.unil.ch\/ecotopiales\/files\/2024\/09\/LATELIER-CINEMA-1-1024x512.png\" alt=\"\" class=\"wp-image-900\" style=\"width:400px\" srcset=\"https:\/\/wp.unil.ch\/ecotopiales\/files\/2024\/09\/LATELIER-CINEMA-1-1024x512.png 1024w, https:\/\/wp.unil.ch\/ecotopiales\/files\/2024\/09\/LATELIER-CINEMA-1-300x150.png 300w, https:\/\/wp.unil.ch\/ecotopiales\/files\/2024\/09\/LATELIER-CINEMA-1-768x384.png 768w, https:\/\/wp.unil.ch\/ecotopiales\/files\/2024\/09\/LATELIER-CINEMA-1-1536x768.png 1536w, https:\/\/wp.unil.ch\/ecotopiales\/files\/2024\/09\/LATELIER-CINEMA-1-2048x1024.png 2048w, https:\/\/wp.unil.ch\/ecotopiales\/files\/2024\/09\/LATELIER-CINEMA-1-540x270.png 540w, https:\/\/wp.unil.ch\/ecotopiales\/files\/2024\/09\/LATELIER-CINEMA-1-1080x540.png 1080w, https:\/\/wp.unil.ch\/ecotopiales\/files\/2024\/09\/LATELIER-CINEMA-1-1980x990.png 1980w\" sizes=\"auto, (max-width: 1024px) 100vw, 1024px\" \/><\/figure>\n<\/div>\n\n\n<div class=\"wp-block-buttons is-content-justification-center is-layout-flex wp-container-core-buttons-is-layout-16018d1d wp-block-buttons-is-layout-flex\">\n<div class=\"wp-block-button has-custom-width wp-block-button__width-75\"><a class=\"wp-block-button__link has-background has-larger-font-size has-custom-font-size wp-element-button\" href=\"https:\/\/infomaniak.events\/fr-ch\/shop\/ecotopiales-projection-trop-chaud-E4XEUE6B4S\" style=\"border-radius:5px;background-color:#c3c599\">JE R\u00c9SERVE MON BILLET MAINTENANT !<\/a><\/div>\n<\/div>\n\n\n\n<p class=\"has-text-align-center has-large-font-size\"><strong><span style=\"text-decoration: underline\">Places limit\u00e9es<\/span>&nbsp;: r\u00e9servation (fortement) conseill\u00e9e&nbsp;!&nbsp;<\/strong><\/p>\n\n\n\n<div style=\"height:20px\" aria-hidden=\"true\" class=\"wp-block-spacer\"><\/div>\n\n\n\n<p class=\"has-text-align-center has-large-font-size\">L&rsquo;\u00e9v\u00e9nement est organis\u00e9 en collaboration avec la soci\u00e9t\u00e9<\/p>\n\n\n\n<div class=\"wp-block-columns alignwide is-layout-flex wp-container-core-columns-is-layout-9d6595d7 wp-block-columns-is-layout-flex\">\n<div class=\"wp-block-column is-vertically-aligned-center is-layout-flow wp-block-column-is-layout-flow\"><\/div>\n\n\n\n<div class=\"wp-block-column is-vertically-aligned-center is-layout-flow wp-block-column-is-layout-flow\"><div class=\"wp-block-image\">\n<figure class=\"aligncenter size-full is-resized\"><a href=\"https:\/\/louisevaaucinema.ch\"><img loading=\"lazy\" decoding=\"async\" width=\"1258\" height=\"1200\" src=\"https:\/\/wp.unil.ch\/ecotopiales\/files\/2025\/09\/louise-va-au-cinema.png\" alt=\"louise va au cine\u0301ma\" class=\"wp-image-1896\" style=\"width:200px\" srcset=\"https:\/\/wp.unil.ch\/ecotopiales\/files\/2025\/09\/louise-va-au-cinema.png 1258w, https:\/\/wp.unil.ch\/ecotopiales\/files\/2025\/09\/louise-va-au-cinema-300x286.png 300w, https:\/\/wp.unil.ch\/ecotopiales\/files\/2025\/09\/louise-va-au-cinema-1024x977.png 1024w, https:\/\/wp.unil.ch\/ecotopiales\/files\/2025\/09\/louise-va-au-cinema-768x733.png 768w, https:\/\/wp.unil.ch\/ecotopiales\/files\/2025\/09\/louise-va-au-cinema-540x515.png 540w, https:\/\/wp.unil.ch\/ecotopiales\/files\/2025\/09\/louise-va-au-cinema-1080x1030.png 1080w\" sizes=\"auto, (max-width: 1258px) 100vw, 1258px\" \/><\/a><\/figure>\n<\/div><\/div>\n\n\n\n<div class=\"wp-block-column is-vertically-aligned-center is-layout-flow wp-block-column-is-layout-flow\"><\/div>\n<\/div>\n\n\n\n<div class=\"wp-block-buttons is-content-justification-center is-layout-flex wp-container-core-buttons-is-layout-16018d1d wp-block-buttons-is-layout-flex\">\n<div class=\"wp-block-button is-style-outline is-style-outline--1\"><a class=\"wp-block-button__link has-buttons-background-color has-buttons-text-background-color has-text-color has-background has-link-color has-large-font-size has-custom-font-size wp-element-button\" href=\"https:\/\/wp.unil.ch\/ecotopiales\/1er-novembre-le-festival-se-promene-en-ville\/\">RETOUR AU PROGRAMME COMPLET DU SAMEDI 1ER NOVEMBRE<\/a><\/div>\n<\/div>\n\n\n\n<p><a href=\"https:\/\/wp.unil.ch\/ecotopiales\/wp-admin\/post.php?post=1654&amp;action=edit\"><\/a><\/p>\n","protected":false},"excerpt":{"rendered":"<p>Projection in\u00e9dite du film et table ronde d&rsquo;expert\u00b7es Contenu de l&rsquo;\u00e9v\u00e9nement : projection du film Trop chaud ! Les A\u00een\u00e9es pour le climat contre la Suisse de B.&hellip;<\/p>\n","protected":false},"author":1002526,"featured_media":0,"parent":0,"menu_order":0,"comment_status":"closed","ping_status":"closed","template":"template-full-width.php","meta":{"_seopress_robots_primary_cat":"","_seopress_titles_title":"","_seopress_titles_desc":"","_seopress_robots_index":"","_uag_custom_page_level_css":"","footnotes":""},"class_list":["post-1566","page","type-page","status-publish","has-post-thumbnail"],"uagb_featured_image_src":{"full":false,"thumbnail":false,"medium":false,"medium_large":false,"large":false,"1536x1536":false,"2048x2048":false,"post-thumbnail":false,"chaplin_preview_image_low_resolution":false,"chaplin_preview_image_high_resolution":false,"chaplin_fullscreen":false,"mailpoet_newsletter_max":false},"uagb_author_info":{"display_name":"Niccolo Panozzo","author_link":"https:\/\/wp.unil.ch\/ecotopiales\/author\/npanozzo\/"},"uagb_comment_info":0,"uagb_excerpt":"Projection in\u00e9dite du film et table ronde d&rsquo;expert\u00b7es Contenu de l&rsquo;\u00e9v\u00e9nement : projection du film Trop chaud ! Les A\u00een\u00e9es pour le climat contre la Suisse de B.&hellip;","_links":{"self":[{"href":"https:\/\/wp.unil.ch\/ecotopiales\/wp-json\/wp\/v2\/pages\/1566","targetHints":{"allow":["GET"]}}],"collection":[{"href":"https:\/\/wp.unil.ch\/ecotopiales\/wp-json\/wp\/v2\/pages"}],"about":[{"href":"https:\/\/wp.unil.ch\/ecotopiales\/wp-json\/wp\/v2\/types\/page"}],"author":[{"embeddable":true,"href":"https:\/\/wp.unil.ch\/ecotopiales\/wp-json\/wp\/v2\/users\/1002526"}],"replies":[{"embeddable":true,"href":"https:\/\/wp.unil.ch\/ecotopiales\/wp-json\/wp\/v2\/comments?post=1566"}],"version-history":[{"count":5,"href":"https:\/\/wp.unil.ch\/ecotopiales\/wp-json\/wp\/v2\/pages\/1566\/revisions"}],"predecessor-version":[{"id":2943,"href":"https:\/\/wp.unil.ch\/ecotopiales\/wp-json\/wp\/v2\/pages\/1566\/revisions\/2943"}],"wp:attachment":[{"href":"https:\/\/wp.unil.ch\/ecotopiales\/wp-json\/wp\/v2\/media?parent=1566"}],"curies":[{"name":"wp","href":"https:\/\/api.w.org\/{rel}","templated":true}]}}