{"id":1564,"date":"2025-09-29T09:57:21","date_gmt":"2025-09-29T07:57:21","guid":{"rendered":"https:\/\/wp.unil.ch\/ecotopiales\/?page_id=1564"},"modified":"2025-10-18T17:31:56","modified_gmt":"2025-10-18T15:31:56","slug":"les-animaux-au-cinema-deconstruire-les-stereotypes-et-creer-de-nouveaux-recits","status":"publish","type":"page","link":"https:\/\/wp.unil.ch\/ecotopiales\/les-animaux-au-cinema-deconstruire-les-stereotypes-et-creer-de-nouveaux-recits\/","title":{"rendered":"LES ANIMAUX AU CIN\u00c9MA, D\u00c9CONSTRUIRE LES ST\u00c9R\u00c9OTYPES ET CR\u00c9ER DE NOUVEAUX R\u00c9CITS"},"content":{"rendered":"\n<div class=\"wp-block-media-text has-media-on-the-right is-stacked-on-mobile\"><div class=\"wp-block-media-text__content\">\n<h2 class=\"wp-block-heading has-text-align-left\"><strong>Atelier cin\u00e9ma et \u00e9criture de sc\u00e9nario<\/strong><\/h2>\n\n\n\n<p class=\"has-text-align-left\"><\/p>\n\n\n\n<h4 class=\"wp-block-heading\">Contenu de l&rsquo;atelier : introduction aux enjeux entre sp\u00e9cisme et cin\u00e9ma, \u00e9change avec des artistes, initiation collective \u00e0 l&rsquo;\u00e9criture sc\u00e9naristique<\/h4>\n\n\n\n<p><span style=\"text-decoration: underline\">Lieu<\/span> : Le Cin\u00e9matographe, Casino de Montbenon<\/p>\n\n\n\n<p><span style=\"text-decoration: underline\">Date<\/span> : Samedi 1<sup>er<\/sup> novembre<\/p>\n\n\n\n<p><span style=\"text-decoration: underline\">Horaire<\/span> : 14h15 &#8211; 17h30<\/p>\n\n\n\n<p><span style=\"text-decoration: underline\">\u00c2ge<\/span> : d\u00e8s 14 ans<\/p>\n\n\n\n<p class=\"has-large-font-size\"><strong>Participation gratuite<\/strong><\/p>\n\n\n\n<div class=\"wp-block-buttons is-content-justification-center is-layout-flex wp-container-core-buttons-is-layout-16018d1d wp-block-buttons-is-layout-flex\"><\/div>\n<\/div><figure class=\"wp-block-media-text__media\"><img alt=\"\" loading=\"lazy\" decoding=\"async\" width=\"1024\" height=\"1024\" src=\"https:\/\/wp.unil.ch\/ecotopiales\/files\/2024\/09\/Montbenon-1024x1024.jpeg\" alt=\"\" class=\"wp-image-498 size-full\" srcset=\"https:\/\/wp.unil.ch\/ecotopiales\/files\/2024\/09\/Montbenon-1024x1024.jpeg 1024w, https:\/\/wp.unil.ch\/ecotopiales\/files\/2024\/09\/Montbenon-300x300.jpeg 300w, https:\/\/wp.unil.ch\/ecotopiales\/files\/2024\/09\/Montbenon-150x150.jpeg 150w, https:\/\/wp.unil.ch\/ecotopiales\/files\/2024\/09\/Montbenon-768x769.jpeg 768w, https:\/\/wp.unil.ch\/ecotopiales\/files\/2024\/09\/Montbenon-540x540.jpeg 540w, https:\/\/wp.unil.ch\/ecotopiales\/files\/2024\/09\/Montbenon-1080x1081.jpeg 1080w, https:\/\/wp.unil.ch\/ecotopiales\/files\/2024\/09\/Montbenon.jpeg 1199w\" sizes=\"auto, (max-width: 1024px) 100vw, 1024px\" \/><\/figure><\/div>\n\n\n\n<p class=\"has-drop-cap has-large-font-size\">Le cin\u00e9ma, matrice et miroir de nos rapports au vivant, fa\u00e7onne depuis plus d\u2019un si\u00e8cle notre perception des animaux. <\/p>\n\n\n\n<p class=\"has-large-font-size\">De Simba \u00e0 Okja, des cr\u00e9atures fantastiques aux documentaires animaliers, <strong>quelles images des animaux sont donn\u00e9es \u00e0 voir ?<\/strong> L\u2019animal y est-il sujet ou objet ? <strong>Symbole, d\u00e9cor, ou protagoniste \u00e0 part enti\u00e8re ?<\/strong> Cet atelier propose une exploration critique de la place des animaux dans les films, en interrogeant les st\u00e9r\u00e9otypes et les r\u00f4les narratifs qui leur sont attribu\u00e9s.<\/p>\n\n\n\n<p class=\"has-large-font-size\">Apr\u00e8s une br\u00e8ve introduction aux enjeux cin\u00e9matographiques de la repr\u00e9sentation du monde vivant par <span style=\"text-decoration: underline\">Jeanne de Roquefeuil<\/span>, doctorante en histoire du cin\u00e9ma (UNIL), <span style=\"text-decoration: underline\">Fanny Vaucher<\/span>, autrice de bande dessin\u00e9e, pr\u00e9sentera le test de Bechdel du sp\u00e9cisme qu\u2019elle a con\u00e7u. Elle discutera ensuite avec le r\u00e9alisateur de films d\u2019animation <span style=\"text-decoration: underline\">Marcel Barelli<\/span> et les participant\u00b7es \u00e0 partir d\u2019extraits de films repr\u00e9sentant des animaux.<\/p>\n\n\n\n<p class=\"has-large-font-size\">Un atelier d\u2019\u00e9criture collective de synopsis et d\u2019initiation \u00e0 l\u2019\u00e9criture sc\u00e9naristique sera ensuite propos\u00e9 par les sc\u00e9naristes et formateurs professionnels Vincent Fichera et Adrien Royer (<a href=\"https:\/\/www.wip-edu.ch\">WIP<\/a>, Gen\u00e8ve).<\/p>\n\n\n\n<p class=\"has-large-font-size\"><span style=\"text-decoration: underline\">Invit\u00e9.e.s<\/span> : <strong>MARCEL BARELLI, VINCENT FICHERA, JEANNE DE ROQUEFEUIL, ADRIEN ROYER, FANNY VAUCHER<\/strong><\/p>\n\n\n<div class=\"wp-block-image\">\n<figure class=\"aligncenter size-large is-resized\"><img loading=\"lazy\" decoding=\"async\" width=\"1024\" height=\"511\" src=\"https:\/\/wp.unil.ch\/ecotopiales\/files\/2025\/09\/cinoche-grande-1024x511.jpeg\" alt=\"cinoche grande\" class=\"wp-image-1692\" style=\"width:400px\" srcset=\"https:\/\/wp.unil.ch\/ecotopiales\/files\/2025\/09\/cinoche-grande-1024x511.jpeg 1024w, https:\/\/wp.unil.ch\/ecotopiales\/files\/2025\/09\/cinoche-grande-300x150.jpeg 300w, https:\/\/wp.unil.ch\/ecotopiales\/files\/2025\/09\/cinoche-grande-768x383.jpeg 768w, https:\/\/wp.unil.ch\/ecotopiales\/files\/2025\/09\/cinoche-grande-540x270.jpeg 540w, https:\/\/wp.unil.ch\/ecotopiales\/files\/2025\/09\/cinoche-grande-1080x539.jpeg 1080w, https:\/\/wp.unil.ch\/ecotopiales\/files\/2025\/09\/cinoche-grande.jpeg 1280w\" sizes=\"auto, (max-width: 1024px) 100vw, 1024px\" \/><\/figure>\n<\/div>\n\n\n<div class=\"wp-block-buttons is-content-justification-center is-layout-flex wp-container-core-buttons-is-layout-16018d1d wp-block-buttons-is-layout-flex\">\n<div class=\"wp-block-button has-custom-width wp-block-button__width-75\"><a class=\"wp-block-button__link has-background has-larger-font-size has-custom-font-size wp-element-button\" href=\"https:\/\/events.unil.ch\/register\/531\/994\" style=\"border-radius:5px;background-color:#c3c599\">JE M&rsquo;INSCRIS \u00c0 L&rsquo;ATELIER !<\/a><\/div>\n<\/div>\n\n\n\n<p class=\"has-text-align-center has-large-font-size\"><strong>Participation gratuite mais places limit\u00e9es<\/strong>&nbsp;: inscription (fortement) conseill\u00e9e&nbsp;!&nbsp;<\/p>\n\n\n\n<div style=\"height:20px\" aria-hidden=\"true\" class=\"wp-block-spacer\"><\/div>\n\n\n\n<p class=\"has-text-align-center has-large-font-size\">L&rsquo;atelier est organis\u00e9 en collaboration avec<\/p>\n\n\n\n<div class=\"wp-block-columns alignwide is-layout-flex wp-container-core-columns-is-layout-9d6595d7 wp-block-columns-is-layout-flex\">\n<div class=\"wp-block-column is-vertically-aligned-center is-layout-flow wp-block-column-is-layout-flow\"><\/div>\n\n\n\n<div class=\"wp-block-column is-vertically-aligned-center is-layout-flow wp-block-column-is-layout-flow\"><div class=\"wp-block-image\">\n<figure class=\"aligncenter size-full is-resized\"><a href=\"https:\/\/lecinematographe.ch\"><img alt=\"\" loading=\"lazy\" decoding=\"async\" width=\"304\" height=\"201\" src=\"https:\/\/wp.unil.ch\/ecotopiales\/files\/2024\/08\/Cinematographe.png\" alt=\"\" class=\"wp-image-221\" style=\"width:200px\" srcset=\"https:\/\/wp.unil.ch\/ecotopiales\/files\/2024\/08\/Cinematographe.png 304w, https:\/\/wp.unil.ch\/ecotopiales\/files\/2024\/08\/Cinematographe-300x198.png 300w\" sizes=\"auto, (max-width: 304px) 100vw, 304px\" \/><\/a><\/figure>\n<\/div><\/div>\n\n\n\n<div class=\"wp-block-column is-layout-flow wp-block-column-is-layout-flow\"><div class=\"wp-block-image\">\n<figure class=\"aligncenter size-full is-resized\"><a href=\"https:\/\/www.wip-edu.ch\"><img loading=\"lazy\" decoding=\"async\" width=\"422\" height=\"154\" src=\"https:\/\/wp.unil.ch\/ecotopiales\/files\/2025\/10\/white.png\" alt=\"white\" class=\"wp-image-2580\" style=\"width:258px;height:auto\" srcset=\"https:\/\/wp.unil.ch\/ecotopiales\/files\/2025\/10\/white.png 422w, https:\/\/wp.unil.ch\/ecotopiales\/files\/2025\/10\/white-300x109.png 300w\" sizes=\"auto, (max-width: 422px) 100vw, 422px\" \/><\/a><\/figure>\n<\/div><\/div>\n\n\n\n<div class=\"wp-block-column is-layout-flow wp-block-column-is-layout-flow\"><\/div>\n<\/div>\n\n\n\n<div class=\"wp-block-buttons is-content-justification-center is-layout-flex wp-container-core-buttons-is-layout-16018d1d wp-block-buttons-is-layout-flex\">\n<div class=\"wp-block-button has-custom-width wp-block-button__width-100 is-style-outline is-style-outline--1\"><a class=\"wp-block-button__link has-buttons-background-color has-buttons-text-background-color has-text-color has-background has-link-color has-large-font-size has-custom-font-size wp-element-button\" href=\"https:\/\/wp.unil.ch\/ecotopiales\/1er-novembre-le-festival-se-promene-en-ville\/\">VOIR LE PROGRAMME COMPLET DU SAMEDI 1ER NOVEMBRE<\/a><\/div>\n<\/div>\n","protected":false},"excerpt":{"rendered":"<p>Le cin\u00e9ma, matrice et miroir de nos rapports au vivant, fa\u00e7onne depuis plus d\u2019un si\u00e8cle notre perception des animaux. De Simba \u00e0 Okja, des cr\u00e9atures fantastiques aux documentaires&hellip;<\/p>\n","protected":false},"author":1002526,"featured_media":0,"parent":0,"menu_order":0,"comment_status":"closed","ping_status":"closed","template":"template-full-width.php","meta":{"_seopress_robots_primary_cat":"","_seopress_titles_title":"","_seopress_titles_desc":"","_seopress_robots_index":"","_uag_custom_page_level_css":"","footnotes":""},"class_list":["post-1564","page","type-page","status-publish","has-post-thumbnail"],"uagb_featured_image_src":{"full":false,"thumbnail":false,"medium":false,"medium_large":false,"large":false,"1536x1536":false,"2048x2048":false,"post-thumbnail":false,"chaplin_preview_image_low_resolution":false,"chaplin_preview_image_high_resolution":false,"chaplin_fullscreen":false,"mailpoet_newsletter_max":false},"uagb_author_info":{"display_name":"Niccolo Panozzo","author_link":"https:\/\/wp.unil.ch\/ecotopiales\/author\/npanozzo\/"},"uagb_comment_info":0,"uagb_excerpt":"Le cin\u00e9ma, matrice et miroir de nos rapports au vivant, fa\u00e7onne depuis plus d\u2019un si\u00e8cle notre perception des animaux. De Simba \u00e0 Okja, des cr\u00e9atures fantastiques aux documentaires&hellip;","_links":{"self":[{"href":"https:\/\/wp.unil.ch\/ecotopiales\/wp-json\/wp\/v2\/pages\/1564","targetHints":{"allow":["GET"]}}],"collection":[{"href":"https:\/\/wp.unil.ch\/ecotopiales\/wp-json\/wp\/v2\/pages"}],"about":[{"href":"https:\/\/wp.unil.ch\/ecotopiales\/wp-json\/wp\/v2\/types\/page"}],"author":[{"embeddable":true,"href":"https:\/\/wp.unil.ch\/ecotopiales\/wp-json\/wp\/v2\/users\/1002526"}],"replies":[{"embeddable":true,"href":"https:\/\/wp.unil.ch\/ecotopiales\/wp-json\/wp\/v2\/comments?post=1564"}],"version-history":[{"count":5,"href":"https:\/\/wp.unil.ch\/ecotopiales\/wp-json\/wp\/v2\/pages\/1564\/revisions"}],"predecessor-version":[{"id":2898,"href":"https:\/\/wp.unil.ch\/ecotopiales\/wp-json\/wp\/v2\/pages\/1564\/revisions\/2898"}],"wp:attachment":[{"href":"https:\/\/wp.unil.ch\/ecotopiales\/wp-json\/wp\/v2\/media?parent=1564"}],"curies":[{"name":"wp","href":"https:\/\/api.w.org\/{rel}","templated":true}]}}