{"id":1561,"date":"2025-09-29T09:59:34","date_gmt":"2025-09-29T07:59:34","guid":{"rendered":"https:\/\/wp.unil.ch\/ecotopiales\/?page_id=1561"},"modified":"2025-10-30T09:36:17","modified_gmt":"2025-10-30T08:36:17","slug":"sinspirer-du-vivant-pour-construire-un-monde-robuste","status":"publish","type":"page","link":"https:\/\/wp.unil.ch\/ecotopiales\/sinspirer-du-vivant-pour-construire-un-monde-robuste\/","title":{"rendered":"S&rsquo;INSPIRER DU VIVANT POUR CONSTRUIRE UN MONDE ROBUSTE ?"},"content":{"rendered":"\n<div class=\"wp-block-media-text has-media-on-the-right is-stacked-on-mobile\"><div class=\"wp-block-media-text__content\">\n<h2 class=\"wp-block-heading has-text-align-left\"><strong>Grande rencontre avec Olivier Hamant et Ga\u00ebl Giraud \u00e0 la Grange Unil<\/strong><\/h2>\n\n\n\n<p class=\"has-text-align-left\"><\/p>\n\n\n\n<p><span style=\"text-decoration: underline\">Lieu<\/span> : La Grange &#8211; Unil<\/p>\n\n\n\n<p><span style=\"text-decoration: underline\">Date<\/span> : Vendredi 31 octobre<\/p>\n\n\n\n<p>Horaires : <\/p>\n\n\n\n<ul class=\"wp-block-list\">\n<li>19h00 &#8211; 20h00 : Spectacle \u00ab\u00a0Holobiontes\u00a0\u00bb<\/li>\n\n\n\n<li>20h15 &#8211; 21h30 <strong>: Rencontre avec Olivier Hamant et Ga\u00ebl Giraud<\/strong><\/li>\n<\/ul>\n\n\n\n<p><\/p>\n\n\n\n<p><strong>Prix : \u00e0 partir de 30.- \/ 20.- \/ 10.-<\/strong><\/p>\n<\/div><figure class=\"wp-block-media-text__media\"><img loading=\"lazy\" decoding=\"async\" width=\"1024\" height=\"1024\" src=\"https:\/\/wp.unil.ch\/ecotopiales\/files\/2025\/09\/dorigny-1024x1024.jpeg\" alt=\"dorigny\" class=\"wp-image-1809 size-full\" srcset=\"https:\/\/wp.unil.ch\/ecotopiales\/files\/2025\/09\/dorigny-1024x1024.jpeg 1024w, https:\/\/wp.unil.ch\/ecotopiales\/files\/2025\/09\/dorigny-300x300.jpeg 300w, https:\/\/wp.unil.ch\/ecotopiales\/files\/2025\/09\/dorigny-150x150.jpeg 150w, https:\/\/wp.unil.ch\/ecotopiales\/files\/2025\/09\/dorigny-768x768.jpeg 768w, https:\/\/wp.unil.ch\/ecotopiales\/files\/2025\/09\/dorigny-540x540.jpeg 540w, https:\/\/wp.unil.ch\/ecotopiales\/files\/2025\/09\/dorigny-1080x1080.jpeg 1080w, https:\/\/wp.unil.ch\/ecotopiales\/files\/2025\/09\/dorigny.jpeg 1200w\" sizes=\"auto, (max-width: 1024px) 100vw, 1024px\" \/><\/figure><\/div>\n\n\n\n<p class=\"has-drop-cap has-large-font-size\">Pour faire face \u00e0 la catastrophe climatique en cours et construire un monde plus r\u00e9silient et joyeux, le biologiste Olivier Hamant sugg\u00e8re de s&rsquo;inspirer de la \u00ab\u00a0robustesse\u00a0\u00bb du vivant. <\/p>\n\n\n\n<p class=\"has-large-font-size\">\u00catre robuste, c&rsquo;est s&rsquo;inspirer du vivant pour favoriser la diversit\u00e9, la lenteur et la coop\u00e9ration, plut\u00f4t que la performance \u00e0 tout prix ! Cette soir\u00e9e sera l&rsquo;occasion <strong>d&rsquo;explorer ce concept essentiel, et les liens qu&rsquo;il tisse avec les arts vivants<\/strong>. \u00c0 la suite du spectacle <em>Holobiontes<\/em>, <span style=\"text-decoration: underline\">Olivier Hamant<\/span> (ENS &#8211; Lyon) dialoguera avec la chercheuse et professeure d&rsquo;\u00e9tudes th\u00e9\u00e2trales <span style=\"text-decoration: underline\">Danielle Chaperon<\/span> (Unil) pour mettre en perspective les interd\u00e9pendances incarn\u00e9es sur sc\u00e8ne avec ses propres recherches. Ces panelistes seront rejoint par l&rsquo;\u00e9conomiste <span style=\"text-decoration: underline\">Ga\u00ebl Giraud<\/span> (CNRS). <\/p>\n\n\n\n<p class=\"has-large-font-size\">La discussion aura lieue au plateau et sera <strong>suivie d&rsquo;un \u00e9change avec le public. <\/strong> <\/p>\n\n\n\n<p class=\"has-large-font-size\">Mod\u00e9ration : <span style=\"text-decoration: underline\">Aur\u00e9lien Maignant<\/span><strong>,<\/strong> charg\u00e9 de projets arts\/sciences \u00e0 La Grange, Centre \/ Arts et Sciences \/ Unil<\/p>\n\n\n<div class=\"wp-block-image\">\n<figure class=\"aligncenter size-large is-resized\"><img loading=\"lazy\" decoding=\"async\" width=\"1024\" height=\"512\" src=\"https:\/\/wp.unil.ch\/ecotopiales\/files\/2025\/09\/castor-grande-1024x512.jpeg\" alt=\"castor grande\" class=\"wp-image-1662\" style=\"width:400px\" srcset=\"https:\/\/wp.unil.ch\/ecotopiales\/files\/2025\/09\/castor-grande-1024x512.jpeg 1024w, https:\/\/wp.unil.ch\/ecotopiales\/files\/2025\/09\/castor-grande-300x150.jpeg 300w, https:\/\/wp.unil.ch\/ecotopiales\/files\/2025\/09\/castor-grande-768x384.jpeg 768w, https:\/\/wp.unil.ch\/ecotopiales\/files\/2025\/09\/castor-grande-540x270.jpeg 540w, https:\/\/wp.unil.ch\/ecotopiales\/files\/2025\/09\/castor-grande-1080x540.jpeg 1080w, https:\/\/wp.unil.ch\/ecotopiales\/files\/2025\/09\/castor-grande.jpeg 1280w\" sizes=\"auto, (max-width: 1024px) 100vw, 1024px\" \/><\/figure>\n<\/div>\n\n\n<div class=\"wp-block-buttons is-content-justification-center is-layout-flex wp-container-core-buttons-is-layout-16018d1d wp-block-buttons-is-layout-flex\">\n<div class=\"wp-block-button has-custom-width wp-block-button__width-75\"><a class=\"wp-block-button__link has-background has-larger-font-size has-custom-font-size wp-element-button\" href=\"https:\/\/events.unil.ch\/register\/586\/1061\" style=\"border-radius:5px;background-color:#8eb3c9\">VERS LA BILLETERIE<\/a><\/div>\n<\/div>\n\n\n\n<div style=\"height:20px\" aria-hidden=\"true\" class=\"wp-block-spacer\"><\/div>\n\n\n\n<p class=\"has-text-align-center has-large-font-size\">La soir\u00e9e est organis\u00e9e en collaboration avec<\/p>\n\n\n\n<div class=\"wp-block-columns alignwide is-layout-flex wp-container-core-columns-is-layout-9d6595d7 wp-block-columns-is-layout-flex\">\n<div class=\"wp-block-column is-vertically-aligned-center is-layout-flow wp-block-column-is-layout-flow\"><\/div>\n\n\n\n<div class=\"wp-block-column is-vertically-aligned-center is-layout-flow wp-block-column-is-layout-flow\"><div class=\"wp-block-image\">\n<figure class=\"aligncenter size-full is-resized\"><a href=\"https:\/\/www.grange-unil.ch\"><img alt=\"\" loading=\"lazy\" decoding=\"async\" width=\"1000\" height=\"408\" src=\"https:\/\/wp.unil.ch\/ecotopiales\/files\/2024\/08\/Grange.png\" alt=\"\" class=\"wp-image-210\" style=\"width:200px\" srcset=\"https:\/\/wp.unil.ch\/ecotopiales\/files\/2024\/08\/Grange.png 1000w, https:\/\/wp.unil.ch\/ecotopiales\/files\/2024\/08\/Grange-300x122.png 300w, https:\/\/wp.unil.ch\/ecotopiales\/files\/2024\/08\/Grange-768x313.png 768w, https:\/\/wp.unil.ch\/ecotopiales\/files\/2024\/08\/Grange-540x220.png 540w\" sizes=\"auto, (max-width: 1000px) 100vw, 1000px\" \/><\/a><\/figure>\n<\/div><\/div>\n\n\n\n<div class=\"wp-block-column is-vertically-aligned-center is-layout-flow wp-block-column-is-layout-flow\"><\/div>\n<\/div>\n","protected":false},"excerpt":{"rendered":"<p>Pour faire face \u00e0 la catastrophe climatique en cours et construire un monde plus r\u00e9silient et joyeux, le biologiste Olivier Hamant sugg\u00e8re de s&rsquo;inspirer de la \u00ab\u00a0robustesse\u00a0\u00bb du&hellip;<\/p>\n","protected":false},"author":1002526,"featured_media":0,"parent":0,"menu_order":0,"comment_status":"closed","ping_status":"closed","template":"template-full-width.php","meta":{"_seopress_robots_primary_cat":"","_seopress_titles_title":"","_seopress_titles_desc":"","_seopress_robots_index":"","_uag_custom_page_level_css":"","footnotes":""},"class_list":["post-1561","page","type-page","status-publish","has-post-thumbnail"],"uagb_featured_image_src":{"full":false,"thumbnail":false,"medium":false,"medium_large":false,"large":false,"1536x1536":false,"2048x2048":false,"post-thumbnail":false,"chaplin_preview_image_low_resolution":false,"chaplin_preview_image_high_resolution":false,"chaplin_fullscreen":false,"mailpoet_newsletter_max":false},"uagb_author_info":{"display_name":"Niccolo Panozzo","author_link":"https:\/\/wp.unil.ch\/ecotopiales\/author\/npanozzo\/"},"uagb_comment_info":0,"uagb_excerpt":"Pour faire face \u00e0 la catastrophe climatique en cours et construire un monde plus r\u00e9silient et joyeux, le biologiste Olivier Hamant sugg\u00e8re de s&rsquo;inspirer de la \u00ab\u00a0robustesse\u00a0\u00bb du&hellip;","_links":{"self":[{"href":"https:\/\/wp.unil.ch\/ecotopiales\/wp-json\/wp\/v2\/pages\/1561","targetHints":{"allow":["GET"]}}],"collection":[{"href":"https:\/\/wp.unil.ch\/ecotopiales\/wp-json\/wp\/v2\/pages"}],"about":[{"href":"https:\/\/wp.unil.ch\/ecotopiales\/wp-json\/wp\/v2\/types\/page"}],"author":[{"embeddable":true,"href":"https:\/\/wp.unil.ch\/ecotopiales\/wp-json\/wp\/v2\/users\/1002526"}],"replies":[{"embeddable":true,"href":"https:\/\/wp.unil.ch\/ecotopiales\/wp-json\/wp\/v2\/comments?post=1561"}],"version-history":[{"count":5,"href":"https:\/\/wp.unil.ch\/ecotopiales\/wp-json\/wp\/v2\/pages\/1561\/revisions"}],"predecessor-version":[{"id":2939,"href":"https:\/\/wp.unil.ch\/ecotopiales\/wp-json\/wp\/v2\/pages\/1561\/revisions\/2939"}],"wp:attachment":[{"href":"https:\/\/wp.unil.ch\/ecotopiales\/wp-json\/wp\/v2\/media?parent=1561"}],"curies":[{"name":"wp","href":"https:\/\/api.w.org\/{rel}","templated":true}]}}