{"id":1521,"date":"2025-09-29T09:58:27","date_gmt":"2025-09-29T07:58:27","guid":{"rendered":"https:\/\/wp.unil.ch\/ecotopiales\/?page_id=1521"},"modified":"2025-10-18T13:31:46","modified_gmt":"2025-10-18T11:31:46","slug":"ma-foret","status":"publish","type":"page","link":"https:\/\/wp.unil.ch\/ecotopiales\/ma-foret\/","title":{"rendered":"\u00ab\u00a0MA FOR\u00caT\u00a0\u00bb RENCONTRE AVEC ANTOINETTE RYCHNER"},"content":{"rendered":"\n<div class=\"wp-block-media-text has-media-on-the-right is-stacked-on-mobile\"><div class=\"wp-block-media-text__content\">\n<h2 class=\"wp-block-heading has-text-align-left\"><strong>Rencontre avec l&rsquo;autrice <\/strong> autour de son nouveau roman<\/h2>\n\n\n\n<p class=\"has-text-align-left\"><\/p>\n\n\n\n<p><span style=\"text-decoration: underline\">Lieu<\/span> : Th\u00e9\u00e2tre de Vidy<\/p>\n\n\n\n<p><span style=\"text-decoration: underline\">Date<\/span> : Jeudi 30 octobre<\/p>\n\n\n\n<p><span style=\"text-decoration: underline\">Horaire<\/span> : 18h00 &#8211; 19h00<\/p>\n\n\n\n<p class=\"has-large-font-size\"><strong>Participation gratuite<\/strong><\/p>\n\n\n\n<div class=\"wp-block-buttons is-content-justification-center is-layout-flex wp-container-core-buttons-is-layout-16018d1d wp-block-buttons-is-layout-flex\"><\/div>\n<\/div><figure class=\"wp-block-media-text__media\"><img alt=\"\" loading=\"lazy\" decoding=\"async\" width=\"1024\" height=\"1024\" src=\"https:\/\/wp.unil.ch\/ecotopiales\/files\/2024\/09\/Vidy-1-1024x1024.png\" alt=\"\" class=\"wp-image-808 size-full\" srcset=\"https:\/\/wp.unil.ch\/ecotopiales\/files\/2024\/09\/Vidy-1-1024x1024.png 1024w, https:\/\/wp.unil.ch\/ecotopiales\/files\/2024\/09\/Vidy-1-300x300.png 300w, https:\/\/wp.unil.ch\/ecotopiales\/files\/2024\/09\/Vidy-1-150x150.png 150w, https:\/\/wp.unil.ch\/ecotopiales\/files\/2024\/09\/Vidy-1-768x768.png 768w, https:\/\/wp.unil.ch\/ecotopiales\/files\/2024\/09\/Vidy-1-540x540.png 540w, https:\/\/wp.unil.ch\/ecotopiales\/files\/2024\/09\/Vidy-1-1080x1080.png 1080w, https:\/\/wp.unil.ch\/ecotopiales\/files\/2024\/09\/Vidy-1.png 1200w\" sizes=\"auto, (max-width: 1024px) 100vw, 1024px\" \/><\/figure><\/div>\n\n\n\n<p><\/p>\n\n\n\n<p class=\"has-drop-cap has-large-font-size\"><em>Nous avons fait machine arri\u00e8re : vers un pass\u00e9 nouveau !<\/em><\/p>\n\n\n\n<p class=\"has-large-font-size\">Cette citation d&rsquo;Antoinette Rychner pourrait illustrer le nouveau r\u00e9cit qu&rsquo;elle porte aujourd&rsquo;hui, intitul\u00e9 : <em>Ma for\u00eat<\/em>. Festival des r\u00e9cits et des imaginaires \u00e9cologiques, les <em>\u00c9cotopiales<\/em>, d\u00e9cide donc de rapprocher l\u2019Universit\u00e9 de Lausanne et le Th\u00e9\u00e2tre de Vidy en f\u00eatant l\u2019ouverture de son \u00e9dition 2025 au bord du lac et en pr\u00e9sence de l\u2019autrice et dramaturge suisse. <\/p>\n\n\n\n<p class=\"has-large-font-size\">Si dans <em>Apr\u00e8s le monde<\/em> (Buchet-Chastel, 2000), Antoinette Rychner nous offrait un conte philosophique d\u00e9crivant un futur proche et cataclysmique, son nouveau roman, dans <em>Ma for\u00eat<\/em> (Fugue, 2025) <strong>elle<\/strong> <strong>recr\u00e9e cette fois une civilisation ancestrale<\/strong>, les Ouxes\u2026 en pleine r\u00e9volution. Du futur au pass\u00e9, venez d\u00e9couvrir cette <strong>\u0153uvre \u00e9copo\u00e9tique puissante situ\u00e9e dans une pr\u00e9histoire invent\u00e9e<\/strong>&#8230;plus actuelle que jamais ! <\/p>\n\n\n\n<p class=\"has-normal-font-size\">Mod\u00e9ration : <span style=\"text-decoration: underline\">Dominique Kunz-Westerhoff<\/span>, prof. de litt\u00e9rature fran\u00e7aise \u00e0 l\u2019UNIL, et <span style=\"text-decoration: underline\">Alicia Schmid<\/span>, doctorante en litt\u00e9rature, en collaboration avec la Section de fran\u00e7ais de l&rsquo;Unil et le colloque <a href=\"https:\/\/www.unil.ch\/events\/1757077244111\" data-type=\"link\" data-id=\"https:\/\/www.unil.ch\/events\/1757077244111\">\u00ab\u00a0\u00c9copo\u00e9tiques de l&rsquo;imaginaire\u00a0\u00bb <\/a><\/p>\n\n\n\n<p><\/p>\n\n\n<div class=\"wp-block-image\">\n<figure class=\"aligncenter size-large is-resized\"><img alt=\"\" loading=\"lazy\" decoding=\"async\" width=\"1024\" height=\"512\" src=\"https:\/\/wp.unil.ch\/ecotopiales\/files\/2024\/09\/ECOBLANCHIMENT-ROMAN-1-1024x512.png\" alt=\"\" class=\"wp-image-897\" style=\"width:400px\" srcset=\"https:\/\/wp.unil.ch\/ecotopiales\/files\/2024\/09\/ECOBLANCHIMENT-ROMAN-1-1024x512.png 1024w, https:\/\/wp.unil.ch\/ecotopiales\/files\/2024\/09\/ECOBLANCHIMENT-ROMAN-1-300x150.png 300w, https:\/\/wp.unil.ch\/ecotopiales\/files\/2024\/09\/ECOBLANCHIMENT-ROMAN-1-768x384.png 768w, https:\/\/wp.unil.ch\/ecotopiales\/files\/2024\/09\/ECOBLANCHIMENT-ROMAN-1-1536x768.png 1536w, https:\/\/wp.unil.ch\/ecotopiales\/files\/2024\/09\/ECOBLANCHIMENT-ROMAN-1-2048x1024.png 2048w, https:\/\/wp.unil.ch\/ecotopiales\/files\/2024\/09\/ECOBLANCHIMENT-ROMAN-1-540x270.png 540w, https:\/\/wp.unil.ch\/ecotopiales\/files\/2024\/09\/ECOBLANCHIMENT-ROMAN-1-1080x540.png 1080w, https:\/\/wp.unil.ch\/ecotopiales\/files\/2024\/09\/ECOBLANCHIMENT-ROMAN-1-1980x990.png 1980w\" sizes=\"auto, (max-width: 1024px) 100vw, 1024px\" \/><\/figure>\n<\/div>\n\n\n<div class=\"wp-block-buttons is-content-justification-center is-layout-flex wp-container-core-buttons-is-layout-16018d1d wp-block-buttons-is-layout-flex\">\n<div class=\"wp-block-button has-custom-width wp-block-button__width-75\"><a class=\"wp-block-button__link has-background has-larger-font-size has-custom-font-size wp-element-button\" href=\"https:\/\/events.unil.ch\/register\/554\/1028?lang=fr\" style=\"border-radius:5px;background-color:#c6ba74\">JE R\u00c9SERVE MA PLACE ! <\/a><\/div>\n<\/div>\n\n\n\n<p class=\"has-text-align-center has-large-font-size\"><strong>Participation gratuite mais places limit\u00e9es<\/strong>&nbsp;: inscription (fortement) conseill\u00e9e&nbsp;!<\/p>\n\n\n\n<div style=\"height:20px\" aria-hidden=\"true\" class=\"wp-block-spacer\"><\/div>\n\n\n\n<p class=\"has-text-align-center has-large-font-size\">Cet \u00e9v\u00e9nement est organis\u00e9 en collaboration avec<\/p>\n\n\n<div class=\"wp-block-image\">\n<figure class=\"aligncenter size-full is-resized\"><a href=\"https:\/\/www.vidy.ch\/fr\/\"><img alt=\"\" loading=\"lazy\" decoding=\"async\" width=\"1000\" height=\"189\" src=\"https:\/\/wp.unil.ch\/ecotopiales\/files\/2024\/09\/Vidy.png\" alt=\"\" class=\"wp-image-740\" style=\"width:243px;height:auto\" srcset=\"https:\/\/wp.unil.ch\/ecotopiales\/files\/2024\/09\/Vidy.png 1000w, https:\/\/wp.unil.ch\/ecotopiales\/files\/2024\/09\/Vidy-300x57.png 300w, https:\/\/wp.unil.ch\/ecotopiales\/files\/2024\/09\/Vidy-768x145.png 768w, https:\/\/wp.unil.ch\/ecotopiales\/files\/2024\/09\/Vidy-540x102.png 540w\" sizes=\"auto, (max-width: 1000px) 100vw, 1000px\" \/><\/a><\/figure>\n<\/div>\n\n\n<div class=\"wp-block-buttons is-content-justification-center is-layout-flex wp-container-core-buttons-is-layout-16018d1d wp-block-buttons-is-layout-flex\">\n<div class=\"wp-block-button has-custom-width wp-block-button__width-100 is-style-outline is-style-outline--1\"><a class=\"wp-block-button__link has-buttons-background-color has-buttons-text-background-color has-text-color has-background has-link-color has-large-font-size has-custom-font-size wp-element-button\" href=\"https:\/\/wp.unil.ch\/ecotopiales\/le-pre-festival-du-23-au-30-octobre\/\">VOIR LE PROGRAMME COMPLET DU PR\u00c9-FESTIVAL<\/a><\/div>\n<\/div>\n\n\n\n<div class=\"wp-block-columns alignwide is-layout-flex wp-container-core-columns-is-layout-9d6595d7 wp-block-columns-is-layout-flex\">\n<div class=\"wp-block-column is-layout-flow wp-block-column-is-layout-flow\"><\/div>\n\n\n\n<div class=\"wp-block-column is-layout-flow wp-block-column-is-layout-flow\"><\/div>\n\n\n\n<div class=\"wp-block-column is-layout-flow wp-block-column-is-layout-flow\"><\/div>\n<\/div>\n\n\n\n<p><\/p>\n","protected":false},"excerpt":{"rendered":"<p>Nous avons fait machine arri\u00e8re : vers un pass\u00e9 nouveau ! Cette citation d&rsquo;Antoinette Rychner pourrait illustrer le nouveau r\u00e9cit qu&rsquo;elle porte aujourd&rsquo;hui, intitul\u00e9 : Ma for\u00eat. Festival&hellip;<\/p>\n","protected":false},"author":1002526,"featured_media":0,"parent":0,"menu_order":0,"comment_status":"closed","ping_status":"closed","template":"template-full-width.php","meta":{"_seopress_robots_primary_cat":"","_seopress_titles_title":"","_seopress_titles_desc":"","_seopress_robots_index":"","_uag_custom_page_level_css":"","footnotes":""},"class_list":["post-1521","page","type-page","status-publish","has-post-thumbnail"],"uagb_featured_image_src":{"full":false,"thumbnail":false,"medium":false,"medium_large":false,"large":false,"1536x1536":false,"2048x2048":false,"post-thumbnail":false,"chaplin_preview_image_low_resolution":false,"chaplin_preview_image_high_resolution":false,"chaplin_fullscreen":false,"mailpoet_newsletter_max":false},"uagb_author_info":{"display_name":"Niccolo Panozzo","author_link":"https:\/\/wp.unil.ch\/ecotopiales\/author\/npanozzo\/"},"uagb_comment_info":0,"uagb_excerpt":"Nous avons fait machine arri\u00e8re : vers un pass\u00e9 nouveau ! Cette citation d&rsquo;Antoinette Rychner pourrait illustrer le nouveau r\u00e9cit qu&rsquo;elle porte aujourd&rsquo;hui, intitul\u00e9 : Ma for\u00eat. Festival&hellip;","_links":{"self":[{"href":"https:\/\/wp.unil.ch\/ecotopiales\/wp-json\/wp\/v2\/pages\/1521","targetHints":{"allow":["GET"]}}],"collection":[{"href":"https:\/\/wp.unil.ch\/ecotopiales\/wp-json\/wp\/v2\/pages"}],"about":[{"href":"https:\/\/wp.unil.ch\/ecotopiales\/wp-json\/wp\/v2\/types\/page"}],"author":[{"embeddable":true,"href":"https:\/\/wp.unil.ch\/ecotopiales\/wp-json\/wp\/v2\/users\/1002526"}],"replies":[{"embeddable":true,"href":"https:\/\/wp.unil.ch\/ecotopiales\/wp-json\/wp\/v2\/comments?post=1521"}],"version-history":[{"count":5,"href":"https:\/\/wp.unil.ch\/ecotopiales\/wp-json\/wp\/v2\/pages\/1521\/revisions"}],"predecessor-version":[{"id":2890,"href":"https:\/\/wp.unil.ch\/ecotopiales\/wp-json\/wp\/v2\/pages\/1521\/revisions\/2890"}],"wp:attachment":[{"href":"https:\/\/wp.unil.ch\/ecotopiales\/wp-json\/wp\/v2\/media?parent=1521"}],"curies":[{"name":"wp","href":"https:\/\/api.w.org\/{rel}","templated":true}]}}