{"id":1519,"date":"2025-09-29T09:59:41","date_gmt":"2025-09-29T07:59:41","guid":{"rendered":"https:\/\/wp.unil.ch\/ecotopiales\/?page_id=1519"},"modified":"2025-10-10T18:09:44","modified_gmt":"2025-10-10T16:09:44","slug":"le-haiku-pour-ecrire-le-vivant","status":"publish","type":"page","link":"https:\/\/wp.unil.ch\/ecotopiales\/le-haiku-pour-ecrire-le-vivant\/","title":{"rendered":"LE HA\u00cfKU POUR \u00c9CRIRE LE VIVANT ?"},"content":{"rendered":"\n<div class=\"wp-block-media-text has-media-on-the-right is-stacked-on-mobile\"><div class=\"wp-block-media-text__content\">\n<h2 class=\"wp-block-heading\"><strong>Atelier de po\u00e9sie<\/strong><\/h2>\n\n\n\n<h4 class=\"wp-block-heading\">Contenu de l&rsquo;atelier : introduction \u00e0 l&rsquo;histoire du ha\u00efku, et initiation \u00e0 l&rsquo;\u00e9criture de ce po\u00e8me japonais<\/h4>\n\n\n\n<p><span style=\"text-decoration: underline\">Lieu<\/span> : Palais de Rumine<\/p>\n\n\n\n<p><span style=\"text-decoration: underline\">Date<\/span> : Mercredi 29 octobre<\/p>\n\n\n\n<p><span style=\"text-decoration: underline\">Horaire<\/span> : 19h00 &#8211; 21h00<\/p>\n\n\n\n<p><span style=\"text-decoration: underline\">\u00c2ge<\/span> : d\u00e8s 14 ans<\/p>\n\n\n\n<p><strong>Participation gratuite<\/strong><\/p>\n<\/div><figure class=\"wp-block-media-text__media\"><\/figure><\/div>\n\n\n\n<p class=\"has-drop-cap has-large-font-size\">Le ha\u00efku est un champion du bref\u2026 et un v\u00e9ritable globe-trotter !<\/p>\n\n\n\n<p>N\u00e9 au Japon, il est, depuis plus d\u2019un si\u00e8cle, embl\u00e9matique de la litt\u00e9rature mondiale. Traditionnellement li\u00e9 \u00e0 l\u2019\u00e9criture saisonni\u00e8re de la nature, le ha\u00efku renseigne sur notre mani\u00e8re d\u2019\u00eatre au monde. Face \u00e0 des mutations irr\u00e9versibles (r\u00e9chauffement climatique, nucl\u00e9aire), peut-il nous aider \u00e0 (re)penser nos relations au vivant, \u00e0 tisser d\u2019autres liens ?<\/p>\n\n\n\n<p>Cet atelier sera anim\u00e9 par <span style=\"text-decoration: underline\">Magali Bossi<\/span>, docteure en langue et litt\u00e9rature fran\u00e7aise \u00e0 l\u2019Universit\u00e9 de Gen\u00e8ve, musicienne et autrice.<\/p>\n\n\n\n<p>Magali est passionn\u00e9e par le Japon et a consacr\u00e9 sa th\u00e8se au ha\u00efku. Elle propose dans cet atelier <strong>une exploration ludique et accessible de cette forme po\u00e9tique,<\/strong> entre vulgarisation et exp\u00e9rimentation.<\/p>\n\n\n<div class=\"wp-block-image\">\n<figure class=\"aligncenter size-large is-resized\"><img alt=\"\" loading=\"lazy\" decoding=\"async\" width=\"1024\" height=\"512\" src=\"https:\/\/wp.unil.ch\/ecotopiales\/files\/2024\/09\/LATELIER-DECRITURE-1-1024x512.png\" alt=\"\" class=\"wp-image-901\" style=\"width:400px\" srcset=\"https:\/\/wp.unil.ch\/ecotopiales\/files\/2024\/09\/LATELIER-DECRITURE-1-1024x512.png 1024w, https:\/\/wp.unil.ch\/ecotopiales\/files\/2024\/09\/LATELIER-DECRITURE-1-300x150.png 300w, https:\/\/wp.unil.ch\/ecotopiales\/files\/2024\/09\/LATELIER-DECRITURE-1-768x384.png 768w, https:\/\/wp.unil.ch\/ecotopiales\/files\/2024\/09\/LATELIER-DECRITURE-1-1536x768.png 1536w, https:\/\/wp.unil.ch\/ecotopiales\/files\/2024\/09\/LATELIER-DECRITURE-1-540x270.png 540w, https:\/\/wp.unil.ch\/ecotopiales\/files\/2024\/09\/LATELIER-DECRITURE-1-1080x540.png 1080w, https:\/\/wp.unil.ch\/ecotopiales\/files\/2024\/09\/LATELIER-DECRITURE-1-1980x990.png 1980w, https:\/\/wp.unil.ch\/ecotopiales\/files\/2024\/09\/LATELIER-DECRITURE-1.png 2000w\" sizes=\"auto, (max-width: 1024px) 100vw, 1024px\" \/><\/figure>\n<\/div>\n\n\n<div class=\"wp-block-buttons is-content-justification-center is-layout-flex wp-container-core-buttons-is-layout-16018d1d wp-block-buttons-is-layout-flex\">\n<div class=\"wp-block-button has-custom-width wp-block-button__width-75\"><a class=\"wp-block-button__link has-background has-larger-font-size has-custom-font-size wp-element-button\" href=\"https:\/\/www.bcu-lausanne.ch\/manifestation\/copie-de-complet-le-haiku-pour-ecrire-le-vivant\/\" style=\"border-radius:5px;background-color:#c3c599\">JE M&rsquo;INSCRIS \u00c0 L&rsquo;ATELIER !<\/a><\/div>\n<\/div>\n\n\n\n<p class=\"has-text-align-center has-large-font-size\"><strong>Participation gratuite mais places limit\u00e9es<\/strong>\u00a0: inscription (fortement) conseill\u00e9e\u00a0!\u00a0<\/p>\n\n\n\n<div style=\"height:20px\" aria-hidden=\"true\" class=\"wp-block-spacer\"><\/div>\n\n\n\n<p class=\"has-text-align-center has-large-font-size\">Cet atelier est organis\u00e9 en collaboration avec<\/p>\n\n\n\n<div class=\"wp-block-columns is-layout-flex wp-container-core-columns-is-layout-9d6595d7 wp-block-columns-is-layout-flex\">\n<div class=\"wp-block-column is-layout-flow wp-block-column-is-layout-flow\"><\/div>\n\n\n\n<div class=\"wp-block-column is-layout-flow wp-block-column-is-layout-flow\">\n<figure class=\"wp-block-image size-full\"><a href=\"https:\/\/www.bcu-lausanne.ch\"><img loading=\"lazy\" decoding=\"async\" width=\"1535\" height=\"1181\" src=\"https:\/\/wp.unil.ch\/ecotopiales\/files\/2025\/09\/bculogo-rvb-2.jpg\" alt=\"bcu maquette logo\" class=\"wp-image-1806\" srcset=\"https:\/\/wp.unil.ch\/ecotopiales\/files\/2025\/09\/bculogo-rvb-2.jpg 1535w, https:\/\/wp.unil.ch\/ecotopiales\/files\/2025\/09\/bculogo-rvb-2-300x231.jpg 300w, https:\/\/wp.unil.ch\/ecotopiales\/files\/2025\/09\/bculogo-rvb-2-1024x788.jpg 1024w, https:\/\/wp.unil.ch\/ecotopiales\/files\/2025\/09\/bculogo-rvb-2-768x591.jpg 768w, https:\/\/wp.unil.ch\/ecotopiales\/files\/2025\/09\/bculogo-rvb-2-540x415.jpg 540w, https:\/\/wp.unil.ch\/ecotopiales\/files\/2025\/09\/bculogo-rvb-2-1080x831.jpg 1080w, https:\/\/wp.unil.ch\/ecotopiales\/files\/2025\/09\/bculogo-rvb-2-1320x1016.jpg 1320w\" sizes=\"auto, (max-width: 1535px) 100vw, 1535px\" \/><\/a><\/figure>\n<\/div>\n\n\n\n<div class=\"wp-block-column is-layout-flow wp-block-column-is-layout-flow\"><\/div>\n<\/div>\n\n\n\n<div class=\"wp-block-buttons is-content-justification-center is-layout-flex wp-container-core-buttons-is-layout-16018d1d wp-block-buttons-is-layout-flex\">\n<div class=\"wp-block-button has-custom-width wp-block-button__width-100 is-style-outline is-style-outline--1\"><a class=\"wp-block-button__link has-buttons-background-color has-buttons-text-background-color has-text-color has-background has-link-color has-large-font-size has-custom-font-size wp-element-button\" href=\"https:\/\/wp.unil.ch\/ecotopiales\/le-pre-festival-du-23-au-30-octobre\/\">VOIR LE PROGRAMME COMPLET DU PRE-FESTIVAL<\/a><\/div>\n<\/div>\n","protected":false},"excerpt":{"rendered":"<p>Atelier de po\u00e9sie Contenu de l&rsquo;atelier : introduction \u00e0 l&rsquo;histoire du ha\u00efku, et initiation \u00e0 l&rsquo;\u00e9criture de ce po\u00e8me japonais Lieu : Palais de Rumine Date : Mercredi&hellip;<\/p>\n","protected":false},"author":1002526,"featured_media":0,"parent":0,"menu_order":0,"comment_status":"closed","ping_status":"closed","template":"template-full-width.php","meta":{"_seopress_robots_primary_cat":"","_seopress_titles_title":"","_seopress_titles_desc":"","_seopress_robots_index":"","_uag_custom_page_level_css":"","footnotes":""},"class_list":["post-1519","page","type-page","status-publish","has-post-thumbnail"],"uagb_featured_image_src":{"full":false,"thumbnail":false,"medium":false,"medium_large":false,"large":false,"1536x1536":false,"2048x2048":false,"post-thumbnail":false,"chaplin_preview_image_low_resolution":false,"chaplin_preview_image_high_resolution":false,"chaplin_fullscreen":false,"mailpoet_newsletter_max":false},"uagb_author_info":{"display_name":"Niccolo Panozzo","author_link":"https:\/\/wp.unil.ch\/ecotopiales\/author\/npanozzo\/"},"uagb_comment_info":0,"uagb_excerpt":"Atelier de po\u00e9sie Contenu de l&rsquo;atelier : introduction \u00e0 l&rsquo;histoire du ha\u00efku, et initiation \u00e0 l&rsquo;\u00e9criture de ce po\u00e8me japonais Lieu : Palais de Rumine Date : Mercredi&hellip;","_links":{"self":[{"href":"https:\/\/wp.unil.ch\/ecotopiales\/wp-json\/wp\/v2\/pages\/1519","targetHints":{"allow":["GET"]}}],"collection":[{"href":"https:\/\/wp.unil.ch\/ecotopiales\/wp-json\/wp\/v2\/pages"}],"about":[{"href":"https:\/\/wp.unil.ch\/ecotopiales\/wp-json\/wp\/v2\/types\/page"}],"author":[{"embeddable":true,"href":"https:\/\/wp.unil.ch\/ecotopiales\/wp-json\/wp\/v2\/users\/1002526"}],"replies":[{"embeddable":true,"href":"https:\/\/wp.unil.ch\/ecotopiales\/wp-json\/wp\/v2\/comments?post=1519"}],"version-history":[{"count":5,"href":"https:\/\/wp.unil.ch\/ecotopiales\/wp-json\/wp\/v2\/pages\/1519\/revisions"}],"predecessor-version":[{"id":2702,"href":"https:\/\/wp.unil.ch\/ecotopiales\/wp-json\/wp\/v2\/pages\/1519\/revisions\/2702"}],"wp:attachment":[{"href":"https:\/\/wp.unil.ch\/ecotopiales\/wp-json\/wp\/v2\/media?parent=1519"}],"curies":[{"name":"wp","href":"https:\/\/api.w.org\/{rel}","templated":true}]}}