{"id":1516,"date":"2025-09-29T09:59:47","date_gmt":"2025-09-29T07:59:47","guid":{"rendered":"https:\/\/wp.unil.ch\/ecotopiales\/?page_id=1516"},"modified":"2025-10-18T17:41:05","modified_gmt":"2025-10-18T15:41:05","slug":"la-decroissance-ralentir-vivre-mieux-sauver-la-terre","status":"publish","type":"page","link":"https:\/\/wp.unil.ch\/ecotopiales\/la-decroissance-ralentir-vivre-mieux-sauver-la-terre\/","title":{"rendered":"LA D\u00c9CROISSANCE : RALENTIR, VIVRE MIEUX, SAUVER LA TERRE ?"},"content":{"rendered":"\n<div class=\"wp-block-media-text has-media-on-the-right is-stacked-on-mobile\"><div class=\"wp-block-media-text__content\">\n<h2 class=\"wp-block-heading has-text-align-left\"><strong>Rencontre entre Timoth\u00e9e Parrique et Christian Arnsperger<\/strong><\/h2>\n\n\n\n<p class=\"has-text-align-left\"><\/p>\n\n\n\n<h4 class=\"wp-block-heading\">Contenu de l&rsquo;\u00e9v\u00e9nement : discussion entre deux chercheurs en durabilit\u00e9 \u00e0 l&rsquo;Unil, suivie d&rsquo;un \u00e9change avec le public.<\/h4>\n\n\n\n<p><span style=\"text-decoration: underline\">Lieu<\/span> : La Grange &#8211; Unil<\/p>\n\n\n\n<p><span style=\"text-decoration: underline\">Date<\/span> : Mardi 28 octobre<\/p>\n\n\n\n<p><span style=\"text-decoration: underline\">Horaire<\/span> : 18h00 &#8211; 19h30<\/p>\n\n\n\n<p class=\"has-large-font-size\"><strong>Participation gratuite,<\/strong> sur inscription<\/p>\n\n\n\n<div class=\"wp-block-buttons is-content-justification-center is-layout-flex wp-container-core-buttons-is-layout-16018d1d wp-block-buttons-is-layout-flex\"><\/div>\n<\/div><figure class=\"wp-block-media-text__media\"><img alt=\"dorigny\" loading=\"lazy\" decoding=\"async\" width=\"1024\" height=\"1024\" src=\"https:\/\/wp.unil.ch\/ecotopiales\/files\/2025\/09\/dorigny-1024x1024.jpeg\" alt=\"\" class=\"wp-image-1809 size-full\" srcset=\"https:\/\/wp.unil.ch\/ecotopiales\/files\/2025\/09\/dorigny-1024x1024.jpeg 1024w, https:\/\/wp.unil.ch\/ecotopiales\/files\/2025\/09\/dorigny-300x300.jpeg 300w, https:\/\/wp.unil.ch\/ecotopiales\/files\/2025\/09\/dorigny-150x150.jpeg 150w, https:\/\/wp.unil.ch\/ecotopiales\/files\/2025\/09\/dorigny-768x768.jpeg 768w, https:\/\/wp.unil.ch\/ecotopiales\/files\/2025\/09\/dorigny-540x540.jpeg 540w, https:\/\/wp.unil.ch\/ecotopiales\/files\/2025\/09\/dorigny-1080x1080.jpeg 1080w, https:\/\/wp.unil.ch\/ecotopiales\/files\/2025\/09\/dorigny.jpeg 1200w\" sizes=\"auto, (max-width: 1024px) 100vw, 1024px\" \/><\/figure><\/div>\n\n\n\n<p class=\"has-drop-cap has-large-font-size\">Il serait selon le dicton \u00ab plus facile d\u2019imaginer la fin du monde que la fin du capitalisme \u00bb\u2026&nbsp;<\/p>\n\n\n\n<p class=\"has-large-font-size\">Pourtant la d\u00e9croissance appara\u00eet depuis plusieurs ann\u00e9es comme une voie alternative inspirante pour enrayer la destruction des \u00e9cosyst\u00e8mes, r\u00e9duire les in\u00e9galit\u00e9s et retrouver un bien-\u00eatre collectif en phase avec les limites plan\u00e9taires. Cependant pour d\u00e9cro\u00eetre, il faut encore \u00ab d\u00e9croire \u00bb ! <strong>Souvent pr\u00e9sent\u00e9e comme une utopie, la d\u00e9croissance est-elle le r\u00eave<\/strong> d\u2019une classe de privil\u00e9gi\u00e9\u00b7es \u00e9co-anxieux\u00b7ses ou repr\u00e9sente-t-elle un levier concret pour retrouver un \u00e9quilibre existentiel avec l\u2019ensemble du vivant ? &nbsp;<\/p>\n\n\n\n<p class=\"has-large-font-size\">Durant cette soir\u00e9e, plac\u00e9e sous le signe de la collaboration entre La Grange \u2013 Unil et le festival&nbsp;\u00c9cotopiales, nous explorerons les aspects tant \u00e9conomiques que philosophiques de la pens\u00e9e de la d\u00e9croissance et nous nous demanderons <strong>si, vraiment, elle pr\u00e9sente l\u2019\u00e9toffe d\u2019un nouveau r\u00e9cit d\u00e9sirable pour notre futur \u00e9cologique ? <\/strong><\/p>\n\n\n\n<p class=\"has-large-font-size\">Mod\u00e9ration&nbsp;: <span style=\"text-decoration: underline\">Jean-Andr\u00e9 Davy-Guidicelli <\/span>&#8211; Doctorant&nbsp;en \u00e9conomie \u00e9cologique (FGSE &#8211; Unil)<br><\/p>\n\n\n<div class=\"wp-block-image\">\n<figure class=\"aligncenter size-large is-resized\"><img loading=\"lazy\" decoding=\"async\" width=\"1024\" height=\"512\" src=\"https:\/\/wp.unil.ch\/ecotopiales\/files\/2025\/09\/chamois-1024x512.jpeg\" alt=\"chamois\" class=\"wp-image-1627\" style=\"width:400px\" srcset=\"https:\/\/wp.unil.ch\/ecotopiales\/files\/2025\/09\/chamois-1024x512.jpeg 1024w, https:\/\/wp.unil.ch\/ecotopiales\/files\/2025\/09\/chamois-300x150.jpeg 300w, https:\/\/wp.unil.ch\/ecotopiales\/files\/2025\/09\/chamois-768x384.jpeg 768w, https:\/\/wp.unil.ch\/ecotopiales\/files\/2025\/09\/chamois-1536x768.jpeg 1536w, https:\/\/wp.unil.ch\/ecotopiales\/files\/2025\/09\/chamois-540x270.jpeg 540w, https:\/\/wp.unil.ch\/ecotopiales\/files\/2025\/09\/chamois-1080x540.jpeg 1080w, https:\/\/wp.unil.ch\/ecotopiales\/files\/2025\/09\/chamois-1320x660.jpeg 1320w, https:\/\/wp.unil.ch\/ecotopiales\/files\/2025\/09\/chamois.jpeg 1920w\" sizes=\"auto, (max-width: 1024px) 100vw, 1024px\" \/><\/figure>\n<\/div>\n\n\n<div class=\"wp-block-buttons is-content-justification-center is-layout-flex wp-container-core-buttons-is-layout-16018d1d wp-block-buttons-is-layout-flex\">\n<div class=\"wp-block-button has-custom-width wp-block-button__width-75\"><a class=\"wp-block-button__link has-background has-larger-font-size has-custom-font-size wp-element-button\" href=\"https:\/\/events.unil.ch\/register\/562\" style=\"border-radius:5px;background-color:#8eb3c9\">JE M&rsquo;INSCRIS !<\/a><\/div>\n<\/div>\n\n\n\n<p class=\"has-text-align-center has-large-font-size\"><strong>Participation gratuite mais places limit\u00e9es&nbsp;<\/strong>: inscription requise&nbsp;!&nbsp;<\/p>\n\n\n\n<div style=\"height:20px\" aria-hidden=\"true\" class=\"wp-block-spacer\"><\/div>\n\n\n\n<p class=\"has-text-align-center has-large-font-size\">Cet \u00e9v\u00e9nement est organis\u00e9 en collaboration avec <\/p>\n\n\n\n<div class=\"wp-block-columns is-layout-flex wp-container-core-columns-is-layout-9d6595d7 wp-block-columns-is-layout-flex\">\n<div class=\"wp-block-column is-layout-flow wp-block-column-is-layout-flow\"><\/div>\n\n\n\n<div class=\"wp-block-column is-layout-flow wp-block-column-is-layout-flow\"><div class=\"wp-block-image\">\n<figure class=\"aligncenter size-full is-resized\"><a href=\"https:\/\/www.grange-unil.ch\"><img alt=\"\" loading=\"lazy\" decoding=\"async\" width=\"1000\" height=\"408\" src=\"https:\/\/wp.unil.ch\/ecotopiales\/files\/2024\/08\/Grange.png\" alt=\"\" class=\"wp-image-210\" style=\"width:200px\" srcset=\"https:\/\/wp.unil.ch\/ecotopiales\/files\/2024\/08\/Grange.png 1000w, https:\/\/wp.unil.ch\/ecotopiales\/files\/2024\/08\/Grange-300x122.png 300w, https:\/\/wp.unil.ch\/ecotopiales\/files\/2024\/08\/Grange-768x313.png 768w, https:\/\/wp.unil.ch\/ecotopiales\/files\/2024\/08\/Grange-540x220.png 540w\" sizes=\"auto, (max-width: 1000px) 100vw, 1000px\" \/><\/a><\/figure>\n<\/div><\/div>\n\n\n\n<div class=\"wp-block-column is-layout-flow wp-block-column-is-layout-flow\"><\/div>\n<\/div>\n\n\n\n<div class=\"wp-block-buttons is-content-justification-center is-layout-flex wp-container-core-buttons-is-layout-16018d1d wp-block-buttons-is-layout-flex\">\n<div class=\"wp-block-button has-custom-width wp-block-button__width-100 is-style-outline is-style-outline--1\"><a class=\"wp-block-button__link has-buttons-background-color has-buttons-text-background-color has-text-color has-background has-link-color has-large-font-size has-custom-font-size wp-element-button\" href=\"https:\/\/wp.unil.ch\/ecotopiales\/le-pre-festival-du-23-au-30-octobre\/\">VOIR LE PROGRAMME COMPLET DU PR\u00c9-FESTIVAL<\/a><\/div>\n<\/div>\n","protected":false},"excerpt":{"rendered":"<p>Il serait selon le dicton \u00ab plus facile d\u2019imaginer la fin du monde que la fin du capitalisme \u00bb\u2026&nbsp; Pourtant la d\u00e9croissance appara\u00eet depuis plusieurs ann\u00e9es comme une&hellip;<\/p>\n","protected":false},"author":1002526,"featured_media":0,"parent":0,"menu_order":0,"comment_status":"closed","ping_status":"closed","template":"template-full-width.php","meta":{"_seopress_robots_primary_cat":"","_seopress_titles_title":"","_seopress_titles_desc":"","_seopress_robots_index":"","_uag_custom_page_level_css":"","footnotes":""},"class_list":["post-1516","page","type-page","status-publish","has-post-thumbnail"],"uagb_featured_image_src":{"full":false,"thumbnail":false,"medium":false,"medium_large":false,"large":false,"1536x1536":false,"2048x2048":false,"post-thumbnail":false,"chaplin_preview_image_low_resolution":false,"chaplin_preview_image_high_resolution":false,"chaplin_fullscreen":false,"mailpoet_newsletter_max":false},"uagb_author_info":{"display_name":"Niccolo Panozzo","author_link":"https:\/\/wp.unil.ch\/ecotopiales\/author\/npanozzo\/"},"uagb_comment_info":0,"uagb_excerpt":"Il serait selon le dicton \u00ab plus facile d\u2019imaginer la fin du monde que la fin du capitalisme \u00bb\u2026&nbsp; Pourtant la d\u00e9croissance appara\u00eet depuis plusieurs ann\u00e9es comme une&hellip;","_links":{"self":[{"href":"https:\/\/wp.unil.ch\/ecotopiales\/wp-json\/wp\/v2\/pages\/1516","targetHints":{"allow":["GET"]}}],"collection":[{"href":"https:\/\/wp.unil.ch\/ecotopiales\/wp-json\/wp\/v2\/pages"}],"about":[{"href":"https:\/\/wp.unil.ch\/ecotopiales\/wp-json\/wp\/v2\/types\/page"}],"author":[{"embeddable":true,"href":"https:\/\/wp.unil.ch\/ecotopiales\/wp-json\/wp\/v2\/users\/1002526"}],"replies":[{"embeddable":true,"href":"https:\/\/wp.unil.ch\/ecotopiales\/wp-json\/wp\/v2\/comments?post=1516"}],"version-history":[{"count":5,"href":"https:\/\/wp.unil.ch\/ecotopiales\/wp-json\/wp\/v2\/pages\/1516\/revisions"}],"predecessor-version":[{"id":2905,"href":"https:\/\/wp.unil.ch\/ecotopiales\/wp-json\/wp\/v2\/pages\/1516\/revisions\/2905"}],"wp:attachment":[{"href":"https:\/\/wp.unil.ch\/ecotopiales\/wp-json\/wp\/v2\/media?parent=1516"}],"curies":[{"name":"wp","href":"https:\/\/api.w.org\/{rel}","templated":true}]}}