{"id":1514,"date":"2025-09-29T09:58:34","date_gmt":"2025-09-29T07:58:34","guid":{"rendered":"https:\/\/wp.unil.ch\/ecotopiales\/?page_id=1514"},"modified":"2025-10-07T12:07:41","modified_gmt":"2025-10-07T10:07:41","slug":"vernissage-de-lexposition-partenaire-wwf-youth-et-table-ronde","status":"publish","type":"page","link":"https:\/\/wp.unil.ch\/ecotopiales\/vernissage-de-lexposition-partenaire-wwf-youth-et-table-ronde\/","title":{"rendered":"VERNISSAGE DE L&rsquo;EXPOSITION PARTENAIRE  WWF YOUTH ET TABLE RONDE"},"content":{"rendered":"\n<div class=\"wp-block-media-text has-media-on-the-right is-stacked-on-mobile\"><div class=\"wp-block-media-text__content\">\n<h2 class=\"wp-block-heading has-text-align-left\"><strong>Entre utopie et dystopie<\/strong><br><strong>Quel r\u00e9cit pour demain&nbsp;?<\/strong><\/h2>\n\n\n\n<p class=\"has-text-align-left\"><\/p>\n\n\n\n<h4 class=\"wp-block-heading\">Contenu de l&rsquo;\u00e9v\u00e9nement&nbsp;: vernissage de l&rsquo;exposition du WWF Youth, suivie d&rsquo;une rencontre sur la th\u00e9matique des r\u00e9cits \u00e9cologiques<\/h4>\n\n\n\n<p><span style=\"text-decoration: underline\">Lieu<\/span> : La Grange &#8211; Unil<\/p>\n\n\n\n<p><span style=\"text-decoration: underline\">Date<\/span> : Lundi 27 octobre<\/p>\n\n\n\n<p>Horaires : <\/p>\n\n\n\n<ul class=\"wp-block-list\">\n<li>17h30 : vernissage exposition<\/li>\n\n\n\n<li>18h30 &#8211; 19h30 : table ronde<\/li>\n<\/ul>\n\n\n\n<p class=\"has-large-font-size\"><strong>Participation gratuite<\/strong><\/p>\n\n\n\n<div class=\"wp-block-buttons is-content-justification-center is-layout-flex wp-container-core-buttons-is-layout-16018d1d wp-block-buttons-is-layout-flex\"><\/div>\n<\/div><figure class=\"wp-block-media-text__media\"><img loading=\"lazy\" decoding=\"async\" width=\"1024\" height=\"1024\" src=\"https:\/\/wp.unil.ch\/ecotopiales\/files\/2025\/09\/dorigny-1024x1024.jpeg\" alt=\"dorigny\" class=\"wp-image-1809 size-full\" srcset=\"https:\/\/wp.unil.ch\/ecotopiales\/files\/2025\/09\/dorigny-1024x1024.jpeg 1024w, https:\/\/wp.unil.ch\/ecotopiales\/files\/2025\/09\/dorigny-300x300.jpeg 300w, https:\/\/wp.unil.ch\/ecotopiales\/files\/2025\/09\/dorigny-150x150.jpeg 150w, https:\/\/wp.unil.ch\/ecotopiales\/files\/2025\/09\/dorigny-768x768.jpeg 768w, https:\/\/wp.unil.ch\/ecotopiales\/files\/2025\/09\/dorigny-540x540.jpeg 540w, https:\/\/wp.unil.ch\/ecotopiales\/files\/2025\/09\/dorigny-1080x1080.jpeg 1080w, https:\/\/wp.unil.ch\/ecotopiales\/files\/2025\/09\/dorigny.jpeg 1200w\" sizes=\"auto, (max-width: 1024px) 100vw, 1024px\" \/><\/figure><\/div>\n\n\n\n<p class=\"has-drop-cap has-large-font-size\">Nos mani\u00e8res de raconter le monde ne sont jamais neutres. <\/p>\n\n\n\n<p> Elles fa\u00e7onnent notre regard sur la nature, sur nous-m\u00eames et sur l\u2019avenir. Certains r\u00e9cits insistent sur l\u2019effondrement et la perte, d\u2019autres sur le progr\u00e8s technique. <strong>Ces histoires influencent profond\u00e9ment notre rapport au vivant<\/strong>.<\/p>\n\n\n\n<p>Au travers d&rsquo;une s\u00e9lection d&rsquo;extraits de r\u00e9cits litt\u00e9raires, artistiques et cin\u00e9matographiques, <strong>cette exposition explore les histoires que l&rsquo;on nous raconte sur le futur,<\/strong> analyse les r\u00e9cits dominants et met en lumi\u00e8re des alternatives. <\/p>\n\n\n\n<p>Comment nos imaginaires fa\u00e7onnent-ils notre capacit\u00e9 \u00e0 prendre soin de la plan\u00e8te et du vivant ? Quelles histoires devons-nous questionner, transformer ou inventer pour <strong>ouvrir des voies d\u2019avenir plus justes et durables ?<\/strong><\/p>\n\n\n\n<p>Le vernissage sera suivi <strong>d&rsquo;une table ronde <\/strong>avec l&rsquo;autrice <span style=\"text-decoration: underline\">C\u00e9line Cerny<\/span>, Prof. <span style=\"text-decoration: underline\">Guido Palazzo, <\/span>chercheur \u00e0 la Facult\u00e9 des hautes \u00e9tudes commerciales (HEC &#8211; UNIL), sp\u00e9cialiste en \u00e9thique des affaires, Prof. <span style=\"text-decoration: underline\">Agnieszka Soltysik Monnet<\/span>, chercheuse \u00e0 la Facult\u00e9 des lettres, sp\u00e9cialiste en litt\u00e9rature am\u00e9ricaine \u2013 UNIL<\/p>\n\n\n\n<p>Mod\u00e9ration : <span style=\"text-decoration: underline\">Chantal Peyer<\/span>  (co-fondatrice du Hub des possibles)<\/p>\n\n\n<div class=\"wp-block-image\">\n<figure class=\"aligncenter size-large is-resized\"><img loading=\"lazy\" decoding=\"async\" width=\"1024\" height=\"512\" src=\"https:\/\/wp.unil.ch\/ecotopiales\/files\/2025\/09\/panda-1024x512.jpeg\" alt=\"panda\" class=\"wp-image-1625\" style=\"width:400px\" srcset=\"https:\/\/wp.unil.ch\/ecotopiales\/files\/2025\/09\/panda-1024x512.jpeg 1024w, https:\/\/wp.unil.ch\/ecotopiales\/files\/2025\/09\/panda-300x150.jpeg 300w, https:\/\/wp.unil.ch\/ecotopiales\/files\/2025\/09\/panda-768x384.jpeg 768w, https:\/\/wp.unil.ch\/ecotopiales\/files\/2025\/09\/panda-1536x768.jpeg 1536w, https:\/\/wp.unil.ch\/ecotopiales\/files\/2025\/09\/panda-540x270.jpeg 540w, https:\/\/wp.unil.ch\/ecotopiales\/files\/2025\/09\/panda-1080x540.jpeg 1080w, https:\/\/wp.unil.ch\/ecotopiales\/files\/2025\/09\/panda-1320x660.jpeg 1320w, https:\/\/wp.unil.ch\/ecotopiales\/files\/2025\/09\/panda.jpeg 1920w\" sizes=\"auto, (max-width: 1024px) 100vw, 1024px\" \/><\/figure>\n<\/div>\n\n\n<div class=\"wp-block-buttons is-content-justification-center is-layout-flex wp-container-core-buttons-is-layout-16018d1d wp-block-buttons-is-layout-flex\">\n<div class=\"wp-block-button has-custom-width wp-block-button__width-75\"><a class=\"wp-block-button__link has-background has-larger-font-size has-custom-font-size wp-element-button\" href=\"https:\/\/www.grange-unil.ch\/evenement\/entre-utopie-et-dystopie-quel-recit-pour-demain\" style=\"border-radius:5px;background-color:#8eb3c9\">Entr\u00e9e libre !<br>(Sans inscription)<\/a><\/div>\n<\/div>\n\n\n\n<p class=\"has-text-align-center has-large-font-size\">Cet \u00e9v\u00e8nement ne n\u00e9cessite pas d&rsquo;inscriptions.<\/p>\n\n\n\n<div style=\"height:20px\" aria-hidden=\"true\" class=\"wp-block-spacer\"><\/div>\n\n\n\n<p class=\"has-text-align-center has-large-font-size\">Cet \u00e9v\u00e9nement est organis\u00e9 en collaboration avec <\/p>\n\n\n\n<div class=\"wp-block-columns alignwide is-layout-flex wp-container-core-columns-is-layout-9d6595d7 wp-block-columns-is-layout-flex\">\n<div class=\"wp-block-column is-layout-flow wp-block-column-is-layout-flow\"><div class=\"wp-block-image\">\n<figure class=\"alignright size-full is-resized\"><a href=\"https:\/\/www.wwf.ch\/fr\/projets\/wwf-youth-je-mengage-pour-la-planete\"><img loading=\"lazy\" decoding=\"async\" width=\"596\" height=\"250\" src=\"https:\/\/wp.unil.ch\/ecotopiales\/files\/2025\/09\/wwf_logo_youth.jpg\" alt=\"wwf logo youth\" class=\"wp-image-1527\" style=\"width:200px\" srcset=\"https:\/\/wp.unil.ch\/ecotopiales\/files\/2025\/09\/wwf_logo_youth.jpg 596w, https:\/\/wp.unil.ch\/ecotopiales\/files\/2025\/09\/wwf_logo_youth-300x126.jpg 300w, https:\/\/wp.unil.ch\/ecotopiales\/files\/2025\/09\/wwf_logo_youth-540x227.jpg 540w\" sizes=\"auto, (max-width: 596px) 100vw, 596px\" \/><\/a><\/figure>\n<\/div><\/div>\n\n\n\n<div class=\"wp-block-column is-layout-flow wp-block-column-is-layout-flow\"><div class=\"wp-block-image\">\n<figure class=\"alignleft size-full is-resized\"><a href=\"https:\/\/www.grange-unil.ch\"><img alt=\"\" loading=\"lazy\" decoding=\"async\" width=\"1000\" height=\"408\" src=\"https:\/\/wp.unil.ch\/ecotopiales\/files\/2024\/08\/Grange.png\" alt=\"\" class=\"wp-image-210\" style=\"width:200px\" srcset=\"https:\/\/wp.unil.ch\/ecotopiales\/files\/2024\/08\/Grange.png 1000w, https:\/\/wp.unil.ch\/ecotopiales\/files\/2024\/08\/Grange-300x122.png 300w, https:\/\/wp.unil.ch\/ecotopiales\/files\/2024\/08\/Grange-768x313.png 768w, https:\/\/wp.unil.ch\/ecotopiales\/files\/2024\/08\/Grange-540x220.png 540w\" sizes=\"auto, (max-width: 1000px) 100vw, 1000px\" \/><\/a><\/figure>\n<\/div><\/div>\n<\/div>\n\n\n\n<div class=\"wp-block-buttons is-content-justification-center is-layout-flex wp-container-core-buttons-is-layout-16018d1d wp-block-buttons-is-layout-flex\">\n<div class=\"wp-block-button is-style-outline is-style-outline--1\"><a class=\"wp-block-button__link has-buttons-background-color has-buttons-text-background-color has-text-color has-background has-link-color has-large-font-size has-custom-font-size wp-element-button\" href=\"https:\/\/wp.unil.ch\/ecotopiales\/le-pre-festival-du-23-au-30-octobre\/\">RETOUR AU PROGRAMME DU PRE-FESTIVAL <\/a><\/div>\n<\/div>\n","protected":false},"excerpt":{"rendered":"<p>Nos mani\u00e8res de raconter le monde ne sont jamais neutres. Elles fa\u00e7onnent notre regard sur la nature, sur nous-m\u00eames et sur l\u2019avenir. Certains r\u00e9cits insistent sur l\u2019effondrement et&hellip;<\/p>\n","protected":false},"author":1002526,"featured_media":0,"parent":0,"menu_order":0,"comment_status":"closed","ping_status":"closed","template":"template-full-width.php","meta":{"_seopress_robots_primary_cat":"","_seopress_titles_title":"","_seopress_titles_desc":"","_seopress_robots_index":"","_uag_custom_page_level_css":"","footnotes":""},"class_list":["post-1514","page","type-page","status-publish","has-post-thumbnail"],"uagb_featured_image_src":{"full":false,"thumbnail":false,"medium":false,"medium_large":false,"large":false,"1536x1536":false,"2048x2048":false,"post-thumbnail":false,"chaplin_preview_image_low_resolution":false,"chaplin_preview_image_high_resolution":false,"chaplin_fullscreen":false,"mailpoet_newsletter_max":false},"uagb_author_info":{"display_name":"Niccolo Panozzo","author_link":"https:\/\/wp.unil.ch\/ecotopiales\/author\/npanozzo\/"},"uagb_comment_info":0,"uagb_excerpt":"Nos mani\u00e8res de raconter le monde ne sont jamais neutres. Elles fa\u00e7onnent notre regard sur la nature, sur nous-m\u00eames et sur l\u2019avenir. Certains r\u00e9cits insistent sur l\u2019effondrement et&hellip;","_links":{"self":[{"href":"https:\/\/wp.unil.ch\/ecotopiales\/wp-json\/wp\/v2\/pages\/1514","targetHints":{"allow":["GET"]}}],"collection":[{"href":"https:\/\/wp.unil.ch\/ecotopiales\/wp-json\/wp\/v2\/pages"}],"about":[{"href":"https:\/\/wp.unil.ch\/ecotopiales\/wp-json\/wp\/v2\/types\/page"}],"author":[{"embeddable":true,"href":"https:\/\/wp.unil.ch\/ecotopiales\/wp-json\/wp\/v2\/users\/1002526"}],"replies":[{"embeddable":true,"href":"https:\/\/wp.unil.ch\/ecotopiales\/wp-json\/wp\/v2\/comments?post=1514"}],"version-history":[{"count":5,"href":"https:\/\/wp.unil.ch\/ecotopiales\/wp-json\/wp\/v2\/pages\/1514\/revisions"}],"predecessor-version":[{"id":2558,"href":"https:\/\/wp.unil.ch\/ecotopiales\/wp-json\/wp\/v2\/pages\/1514\/revisions\/2558"}],"wp:attachment":[{"href":"https:\/\/wp.unil.ch\/ecotopiales\/wp-json\/wp\/v2\/media?parent=1514"}],"curies":[{"name":"wp","href":"https:\/\/api.w.org\/{rel}","templated":true}]}}