{"id":1512,"date":"2025-09-29T09:58:14","date_gmt":"2025-09-29T07:58:14","guid":{"rendered":"https:\/\/wp.unil.ch\/ecotopiales\/?page_id=1512"},"modified":"2025-10-18T17:34:25","modified_gmt":"2025-10-18T15:34:25","slug":"se-penser-animal-creer-des-mondes-possibles-en-ecopoetique","status":"publish","type":"page","link":"https:\/\/wp.unil.ch\/ecotopiales\/se-penser-animal-creer-des-mondes-possibles-en-ecopoetique\/","title":{"rendered":"SE PENSER ANIMAL : CR\u00c9ER DES MONDES POSSIBLES EN \u00c9COPO\u00c9TIQUE"},"content":{"rendered":"\n<div class=\"wp-block-media-text has-media-on-the-right is-stacked-on-mobile\"><div class=\"wp-block-media-text__content\">\n<h2 class=\"wp-block-heading has-text-align-left\"><strong>Atelier de philo-fiction<\/strong><br><\/h2>\n\n\n\n<p class=\"has-text-align-left\"><\/p>\n\n\n\n<h4 class=\"wp-block-heading\">Contenu de l&rsquo;atelier : r\u00e9flexion, d\u00e9bat, cr\u00e9ation collective au carrefour de la philosophie et de la fiction<\/h4>\n\n\n\n<p><span style=\"text-decoration: underline\">Lieu<\/span> : La Grange &#8211; Unil<\/p>\n\n\n\n<p><span style=\"text-decoration: underline\">Date<\/span> : Jeudi 23 octobre<\/p>\n\n\n\n<p><span style=\"text-decoration: underline\">Horaires<\/span> : 19h00 &#8211; 21h30<\/p>\n\n\n\n<p><span style=\"text-decoration: underline\">\u00c2ge<\/span> : d\u00e8s 16 ans<\/p>\n\n\n\n<p class=\"has-large-font-size\"><strong>Participation gratuite<\/strong><\/p>\n\n\n\n<div class=\"wp-block-buttons is-content-justification-center is-layout-flex wp-container-core-buttons-is-layout-16018d1d wp-block-buttons-is-layout-flex\"><\/div>\n<\/div><figure class=\"wp-block-media-text__media\"><img loading=\"lazy\" decoding=\"async\" width=\"1024\" height=\"1024\" src=\"https:\/\/wp.unil.ch\/ecotopiales\/files\/2025\/09\/dorigny-1024x1024.jpeg\" alt=\"dorigny\" class=\"wp-image-1809 size-full\" srcset=\"https:\/\/wp.unil.ch\/ecotopiales\/files\/2025\/09\/dorigny-1024x1024.jpeg 1024w, https:\/\/wp.unil.ch\/ecotopiales\/files\/2025\/09\/dorigny-300x300.jpeg 300w, https:\/\/wp.unil.ch\/ecotopiales\/files\/2025\/09\/dorigny-150x150.jpeg 150w, https:\/\/wp.unil.ch\/ecotopiales\/files\/2025\/09\/dorigny-768x768.jpeg 768w, https:\/\/wp.unil.ch\/ecotopiales\/files\/2025\/09\/dorigny-540x540.jpeg 540w, https:\/\/wp.unil.ch\/ecotopiales\/files\/2025\/09\/dorigny-1080x1080.jpeg 1080w, https:\/\/wp.unil.ch\/ecotopiales\/files\/2025\/09\/dorigny.jpeg 1200w\" sizes=\"auto, (max-width: 1024px) 100vw, 1024px\" \/><\/figure><\/div>\n\n\n\n<p class=\"has-drop-cap has-large-font-size\">On ne pense bien que par images, si tu veux \u00eatre philosophe, \u00e9cris des romans ! <\/p>\n\n\n\n<p class=\"has-large-font-size\">Cet atelier d\u2019\u00e9criture et de philosophie se propose de prendre la citation d&rsquo;Albert Camus au s\u00e9rieux ! <\/p>\n\n\n\n<p class=\"has-large-font-size\">Nous vous vous invitons \u00e0 imaginer plusieurs micro-r\u00e9cits centr\u00e9s sur la fictionnalisation d\u2019une probl\u00e9matique philosophique, \u00e0 partir de textes publi\u00e9s aux Presses inverses. <\/p>\n\n\n\n<p class=\"has-large-font-size\">Maison d\u2019\u00e9dition fond\u00e9e \u00e0 Prilly en 2020, les Presses inverses ont pour ambition de <strong>d\u00e9velopper la \u00ab philosophie-fiction \u00bb, <\/strong>une forme de litt\u00e9rature qui se veut \u00e0 la philosophie ce que la science-fiction est aux sciences techniques. <\/p>\n\n\n\n<p class=\"has-large-font-size\">Leurs livres se pr\u00e9sentent ainsi comme la mise en \u0153uvre fictionnelle de th\u00e9ories, conjectures et enjeux philosophiques. <\/p>\n\n\n\n<p class=\"has-large-font-size\">\u00c0 partir de deux textes parus en 2024-2025 aux Presses inverses, nous proposons de d\u00e9velopper des exp\u00e9riences de pens\u00e9e narratives bas\u00e9es sur des conjectures philosophiques. <strong>Notre point de d\u00e9part ? La th\u00e9orie des mondes possibles. <\/strong>Au fil de l\u2019atelier, les participant\u00b7es imagineront plusieurs micro-r\u00e9cits qui leur permettront de <strong>vivre par l\u2019\u00e9criture trois exp\u00e9riences d\u2019alt\u00e9rit\u00e9, dans les divers r\u00e8gnes du vivant<\/strong>. En s\u2019inspirant des recherches men\u00e9es en \u00e9copo\u00e9tique, iels seront invit\u00e9\u00b7es \u00e0 d\u00e9caler leurs perceptions humaines pour de-venir\u2026 autres.<\/p>\n\n\n\n<p class=\"has-large-font-size\">Les participant\u00b7es qui le souhaitent pourront voir leur texte publi\u00e9 sur le site de la P\u00e9pini\u00e8re m\u00e9dia 100% num\u00e9rique qui d\u00e9fend la biodiversit\u00e9 culturelle et locale (<a href=\"https:\/\/www.lapepinieregeneve.ch\">www.lapepinieregeneve.ch<\/a>), et b\u00e9n\u00e9ficieront dans ce cadre d\u2019un accompagnement \u00e9ditorial.<\/p>\n\n\n\n<p class=\"has-large-font-size\">Mat\u00e9riel \u00e0 pr\u00e9voir : papier, crayons, multiprise au besoin ! <\/p>\n\n\n\n<p class=\"has-large-font-size\">Cet atelier est cr\u00e9\u00e9 par <span style=\"text-decoration: underline\">Magali Bossi <\/span>et <span style=\"text-decoration: underline\">Antoine Viredaz<\/span>, autrice de science-fiction et \u00e9diteur des Presses Inverses<\/p>\n\n\n<div class=\"wp-block-image\">\n<figure class=\"aligncenter size-large is-resized\"><img alt=\"\" loading=\"lazy\" decoding=\"async\" width=\"1024\" height=\"512\" src=\"https:\/\/wp.unil.ch\/ecotopiales\/files\/2024\/09\/LATELIER-DECRITURE-1-1024x512.png\" alt=\"\" class=\"wp-image-901\" style=\"width:400px\" srcset=\"https:\/\/wp.unil.ch\/ecotopiales\/files\/2024\/09\/LATELIER-DECRITURE-1-1024x512.png 1024w, https:\/\/wp.unil.ch\/ecotopiales\/files\/2024\/09\/LATELIER-DECRITURE-1-300x150.png 300w, https:\/\/wp.unil.ch\/ecotopiales\/files\/2024\/09\/LATELIER-DECRITURE-1-768x384.png 768w, https:\/\/wp.unil.ch\/ecotopiales\/files\/2024\/09\/LATELIER-DECRITURE-1-1536x768.png 1536w, https:\/\/wp.unil.ch\/ecotopiales\/files\/2024\/09\/LATELIER-DECRITURE-1-540x270.png 540w, https:\/\/wp.unil.ch\/ecotopiales\/files\/2024\/09\/LATELIER-DECRITURE-1-1080x540.png 1080w, https:\/\/wp.unil.ch\/ecotopiales\/files\/2024\/09\/LATELIER-DECRITURE-1-1980x990.png 1980w, https:\/\/wp.unil.ch\/ecotopiales\/files\/2024\/09\/LATELIER-DECRITURE-1.png 2000w\" sizes=\"auto, (max-width: 1024px) 100vw, 1024px\" \/><\/figure>\n<\/div>\n\n\n<div class=\"wp-block-buttons is-content-justification-center is-layout-flex wp-container-core-buttons-is-layout-16018d1d wp-block-buttons-is-layout-flex\">\n<div class=\"wp-block-button has-custom-width wp-block-button__width-75\"><a class=\"wp-block-button__link has-background has-large-font-size has-custom-font-size wp-element-button\" href=\"https:\/\/events.unil.ch\/register\/529\/992\" style=\"border-radius:5px;background-color:#8eb3c9\">JE M&rsquo;INSCRIS \u00c0 CET ATELIER !<\/a><\/div>\n<\/div>\n\n\n\n<p class=\"has-text-align-center has-large-font-size\">Participation gratuite mais <strong>places limit\u00e9es<\/strong>&nbsp;: inscription (fortement) conseill\u00e9e&nbsp;!&nbsp;<\/p>\n\n\n\n<div style=\"height:20px\" aria-hidden=\"true\" class=\"wp-block-spacer\"><\/div>\n\n\n\n<p class=\"has-text-align-center has-large-font-size\">Cette atelier est organis\u00e9 en collaboration avec<\/p>\n\n\n<div class=\"wp-block-image\">\n<figure class=\"aligncenter size-large is-resized\"><img loading=\"lazy\" decoding=\"async\" width=\"1024\" height=\"1024\" src=\"https:\/\/wp.unil.ch\/ecotopiales\/files\/2025\/09\/image-1024x1024.png\" alt=\"image\" class=\"wp-image-1544\" style=\"width:200px\" srcset=\"https:\/\/wp.unil.ch\/ecotopiales\/files\/2025\/09\/image-1024x1024.png 1024w, https:\/\/wp.unil.ch\/ecotopiales\/files\/2025\/09\/image-300x300.png 300w, https:\/\/wp.unil.ch\/ecotopiales\/files\/2025\/09\/image-150x150.png 150w, https:\/\/wp.unil.ch\/ecotopiales\/files\/2025\/09\/image-768x768.png 768w, https:\/\/wp.unil.ch\/ecotopiales\/files\/2025\/09\/image-540x540.png 540w, https:\/\/wp.unil.ch\/ecotopiales\/files\/2025\/09\/image-1080x1080.png 1080w, https:\/\/wp.unil.ch\/ecotopiales\/files\/2025\/09\/image.png 1200w\" sizes=\"auto, (max-width: 1024px) 100vw, 1024px\" \/><\/figure>\n<\/div>\n\n\n<div class=\"wp-block-buttons is-content-justification-center is-layout-flex wp-container-core-buttons-is-layout-16018d1d wp-block-buttons-is-layout-flex\">\n<div class=\"wp-block-button has-custom-width wp-block-button__width-100 is-style-outline is-style-outline--1\"><a class=\"wp-block-button__link has-buttons-background-color has-buttons-text-background-color has-text-color has-background has-link-color has-large-font-size has-custom-font-size wp-element-button\" href=\"https:\/\/wp.unil.ch\/ecotopiales\/le-pre-festival-du-23-au-30-octobre\/\">VOIR LE PROGRAMME COMPLET DU PRE-FESTIVAL<\/a><\/div>\n<\/div>\n\n\n\n<p><\/p>\n","protected":false},"excerpt":{"rendered":"<p>On ne pense bien que par images, si tu veux \u00eatre philosophe, \u00e9cris des romans ! Cet atelier d\u2019\u00e9criture et de philosophie se propose de prendre la citation&hellip;<\/p>\n","protected":false},"author":1002526,"featured_media":0,"parent":0,"menu_order":0,"comment_status":"closed","ping_status":"closed","template":"template-full-width.php","meta":{"_seopress_robots_primary_cat":"","_seopress_titles_title":"","_seopress_titles_desc":"","_seopress_robots_index":"","_uag_custom_page_level_css":"","footnotes":""},"class_list":["post-1512","page","type-page","status-publish","has-post-thumbnail"],"uagb_featured_image_src":{"full":false,"thumbnail":false,"medium":false,"medium_large":false,"large":false,"1536x1536":false,"2048x2048":false,"post-thumbnail":false,"chaplin_preview_image_low_resolution":false,"chaplin_preview_image_high_resolution":false,"chaplin_fullscreen":false,"mailpoet_newsletter_max":false},"uagb_author_info":{"display_name":"Niccolo Panozzo","author_link":"https:\/\/wp.unil.ch\/ecotopiales\/author\/npanozzo\/"},"uagb_comment_info":0,"uagb_excerpt":"On ne pense bien que par images, si tu veux \u00eatre philosophe, \u00e9cris des romans ! Cet atelier d\u2019\u00e9criture et de philosophie se propose de prendre la citation&hellip;","_links":{"self":[{"href":"https:\/\/wp.unil.ch\/ecotopiales\/wp-json\/wp\/v2\/pages\/1512","targetHints":{"allow":["GET"]}}],"collection":[{"href":"https:\/\/wp.unil.ch\/ecotopiales\/wp-json\/wp\/v2\/pages"}],"about":[{"href":"https:\/\/wp.unil.ch\/ecotopiales\/wp-json\/wp\/v2\/types\/page"}],"author":[{"embeddable":true,"href":"https:\/\/wp.unil.ch\/ecotopiales\/wp-json\/wp\/v2\/users\/1002526"}],"replies":[{"embeddable":true,"href":"https:\/\/wp.unil.ch\/ecotopiales\/wp-json\/wp\/v2\/comments?post=1512"}],"version-history":[{"count":5,"href":"https:\/\/wp.unil.ch\/ecotopiales\/wp-json\/wp\/v2\/pages\/1512\/revisions"}],"predecessor-version":[{"id":2900,"href":"https:\/\/wp.unil.ch\/ecotopiales\/wp-json\/wp\/v2\/pages\/1512\/revisions\/2900"}],"wp:attachment":[{"href":"https:\/\/wp.unil.ch\/ecotopiales\/wp-json\/wp\/v2\/media?parent=1512"}],"curies":[{"name":"wp","href":"https:\/\/api.w.org\/{rel}","templated":true}]}}