{"id":1499,"date":"2025-09-29T09:59:15","date_gmt":"2025-09-29T07:59:15","guid":{"rendered":"https:\/\/wp.unil.ch\/ecotopiales\/?page_id=1499"},"modified":"2025-10-30T09:36:47","modified_gmt":"2025-10-30T08:36:47","slug":"holobiontes","status":"publish","type":"page","link":"https:\/\/wp.unil.ch\/ecotopiales\/holobiontes\/","title":{"rendered":"HOLOBIONTES"},"content":{"rendered":"\n<div class=\"wp-block-media-text has-media-on-the-right is-stacked-on-mobile\"><div class=\"wp-block-media-text__content\">\n<h2 class=\"wp-block-heading has-text-align-left\"><strong>Spectacle de danse<\/strong> <strong>\u2013<\/strong> <strong>demestri+lefeuvre<\/strong><\/h2>\n\n\n\n<p class=\"has-text-align-left\"><\/p>\n\n\n\n<p><span style=\"text-decoration: underline\">Lieu<\/span> : La Grange &#8211; Unil<\/p>\n\n\n\n<p><span style=\"text-decoration: underline\">Date<\/span> : Vendredi 31 octobre<\/p>\n\n\n\n<p><strong>Horaires<\/strong> :<\/p>\n\n\n\n<ul class=\"wp-block-list\">\n<li>19h00 &#8211; 20h00 : <em>Holobiontes<\/em> Spectacle de danse \u2013 demestri+lefeuvre<\/li>\n\n\n\n<li>20h15 &#8211; 21h30 : <strong>Rencontre avec Olivier Hamant<\/strong><\/li>\n<\/ul>\n\n\n\n<p><span style=\"text-decoration: underline\">\u00c2ge<\/span> : d\u00e8s 12 ans<\/p>\n\n\n\n<p><strong>Prix : 30.- \/ 20.- \/ 10.-<\/strong><\/p>\n<\/div><figure class=\"wp-block-media-text__media\"><img loading=\"lazy\" decoding=\"async\" width=\"1024\" height=\"1024\" src=\"https:\/\/wp.unil.ch\/ecotopiales\/files\/2025\/09\/dorigny-1024x1024.jpeg\" alt=\"dorigny\" class=\"wp-image-1809 size-full\" srcset=\"https:\/\/wp.unil.ch\/ecotopiales\/files\/2025\/09\/dorigny-1024x1024.jpeg 1024w, https:\/\/wp.unil.ch\/ecotopiales\/files\/2025\/09\/dorigny-300x300.jpeg 300w, https:\/\/wp.unil.ch\/ecotopiales\/files\/2025\/09\/dorigny-150x150.jpeg 150w, https:\/\/wp.unil.ch\/ecotopiales\/files\/2025\/09\/dorigny-768x768.jpeg 768w, https:\/\/wp.unil.ch\/ecotopiales\/files\/2025\/09\/dorigny-540x540.jpeg 540w, https:\/\/wp.unil.ch\/ecotopiales\/files\/2025\/09\/dorigny-1080x1080.jpeg 1080w, https:\/\/wp.unil.ch\/ecotopiales\/files\/2025\/09\/dorigny.jpeg 1200w\" sizes=\"auto, (max-width: 1024px) 100vw, 1024px\" \/><\/figure><\/div>\n\n\n\n<p class=\"has-drop-cap has-large-font-size\">Le terme&nbsp;<em>holobionte<\/em>&nbsp;d\u00e9signe le fait que tout organisme pluricellulaire ne peut vivre qu\u2019en symbiose avec la multitude d\u2019autres formes de vie qu\u2019il h\u00e9berge. <\/p>\n\n\n\n<p>\u00c0 l\u2019instar du corps humain qui abrite naturellement un grand nombre de bact\u00e9ries et autres micro-organismes, certains sont essentiels \u00e0 notre survie. Autrement dit, <strong>il n\u2019existe pas de forme de vie isol\u00e9e&nbsp;: toute vie est multipli\u00e9e par d\u2019autres<\/strong>.<\/p>\n\n\n\n<p>Au c\u0153ur d\u2019un dispositif immersif o\u00f9 le public est invit\u00e9 \u00e0 prendre place sur sc\u00e8ne,&nbsp;<em>Holobiontes<\/em>&nbsp;c\u00e9l\u00e8bre les frictions et les relations d\u2019interd\u00e9pendances entre les esp\u00e8ces qui fondent le vivant. Une forme singuli\u00e8re et n\u00e9cessaire qui cr\u00e9e des alliances et hybridations entre pratiques chor\u00e9graphiques, arts visuels et microbiologie. Comme autant d\u2019utopies interesp\u00e8ces cherchant \u00e0 d\u00e9clencher une sensation concr\u00e8te de nouveaux possibles.<\/p>\n\n\n\n<h2 class=\"wp-block-heading has-text-align-center\">Le spectacle sera suivi par la rencontre avec <strong>Olivier Hamant<\/strong>.<\/h2>\n\n\n<div class=\"wp-block-image\">\n<figure class=\"aligncenter size-large is-resized\"><img loading=\"lazy\" decoding=\"async\" width=\"1024\" height=\"512\" src=\"https:\/\/wp.unil.ch\/ecotopiales\/files\/2025\/09\/poussin-grande-1024x512.jpeg\" alt=\"poussin grande\" class=\"wp-image-1665\" style=\"width:400px\" srcset=\"https:\/\/wp.unil.ch\/ecotopiales\/files\/2025\/09\/poussin-grande-1024x512.jpeg 1024w, https:\/\/wp.unil.ch\/ecotopiales\/files\/2025\/09\/poussin-grande-300x150.jpeg 300w, https:\/\/wp.unil.ch\/ecotopiales\/files\/2025\/09\/poussin-grande-768x384.jpeg 768w, https:\/\/wp.unil.ch\/ecotopiales\/files\/2025\/09\/poussin-grande-540x270.jpeg 540w, https:\/\/wp.unil.ch\/ecotopiales\/files\/2025\/09\/poussin-grande-1080x540.jpeg 1080w, https:\/\/wp.unil.ch\/ecotopiales\/files\/2025\/09\/poussin-grande.jpeg 1280w\" sizes=\"auto, (max-width: 1024px) 100vw, 1024px\" \/><\/figure>\n<\/div>\n\n\n<div class=\"wp-block-buttons is-content-justification-center is-layout-flex wp-container-core-buttons-is-layout-16018d1d wp-block-buttons-is-layout-flex\">\n<div class=\"wp-block-button has-custom-width wp-block-button__width-75\"><a class=\"wp-block-button__link has-background has-large-font-size has-custom-font-size wp-element-button\" href=\"https:\/\/events.unil.ch\/register\/586\/1061\" style=\"border-radius:5px;background-color:#8eb3c9\">VERS LA BILLETERIE<\/a><\/div>\n<\/div>\n\n\n\n<div style=\"height:20px\" aria-hidden=\"true\" class=\"wp-block-spacer\"><\/div>\n\n\n\n<p class=\"has-text-align-center has-large-font-size\">Cet \u00e9v\u00e9nement est organis\u00e9 en collaboration avec<\/p>\n\n\n\n<div class=\"wp-block-columns alignwide is-layout-flex wp-container-core-columns-is-layout-9d6595d7 wp-block-columns-is-layout-flex\">\n<div class=\"wp-block-column is-vertically-aligned-center is-layout-flow wp-block-column-is-layout-flow\"><\/div>\n\n\n\n<div class=\"wp-block-column is-vertically-aligned-center is-layout-flow wp-block-column-is-layout-flow\"><div class=\"wp-block-image\">\n<figure class=\"aligncenter size-full is-resized\"><a href=\"https:\/\/www.grange-unil.ch\"><img alt=\"\" loading=\"lazy\" decoding=\"async\" width=\"1000\" height=\"408\" src=\"https:\/\/wp.unil.ch\/ecotopiales\/files\/2024\/08\/Grange.png\" alt=\"\" class=\"wp-image-210\" style=\"width:200px\" srcset=\"https:\/\/wp.unil.ch\/ecotopiales\/files\/2024\/08\/Grange.png 1000w, https:\/\/wp.unil.ch\/ecotopiales\/files\/2024\/08\/Grange-300x122.png 300w, https:\/\/wp.unil.ch\/ecotopiales\/files\/2024\/08\/Grange-768x313.png 768w, https:\/\/wp.unil.ch\/ecotopiales\/files\/2024\/08\/Grange-540x220.png 540w\" sizes=\"auto, (max-width: 1000px) 100vw, 1000px\" \/><\/a><\/figure>\n<\/div><\/div>\n\n\n\n<div class=\"wp-block-column is-vertically-aligned-center is-layout-flow wp-block-column-is-layout-flow\"><\/div>\n<\/div>\n","protected":false},"excerpt":{"rendered":"<p>Le terme&nbsp;holobionte&nbsp;d\u00e9signe le fait que tout organisme pluricellulaire ne peut vivre qu\u2019en symbiose avec la multitude d\u2019autres formes de vie qu\u2019il h\u00e9berge. \u00c0 l\u2019instar du corps humain qui&hellip;<\/p>\n","protected":false},"author":1002526,"featured_media":0,"parent":0,"menu_order":0,"comment_status":"closed","ping_status":"closed","template":"template-full-width.php","meta":{"_seopress_robots_primary_cat":"","_seopress_titles_title":"","_seopress_titles_desc":"","_seopress_robots_index":"","_uag_custom_page_level_css":"","footnotes":""},"class_list":["post-1499","page","type-page","status-publish","has-post-thumbnail"],"uagb_featured_image_src":{"full":false,"thumbnail":false,"medium":false,"medium_large":false,"large":false,"1536x1536":false,"2048x2048":false,"post-thumbnail":false,"chaplin_preview_image_low_resolution":false,"chaplin_preview_image_high_resolution":false,"chaplin_fullscreen":false,"mailpoet_newsletter_max":false},"uagb_author_info":{"display_name":"Niccolo Panozzo","author_link":"https:\/\/wp.unil.ch\/ecotopiales\/author\/npanozzo\/"},"uagb_comment_info":0,"uagb_excerpt":"Le terme&nbsp;holobionte&nbsp;d\u00e9signe le fait que tout organisme pluricellulaire ne peut vivre qu\u2019en symbiose avec la multitude d\u2019autres formes de vie qu\u2019il h\u00e9berge. \u00c0 l\u2019instar du corps humain qui&hellip;","_links":{"self":[{"href":"https:\/\/wp.unil.ch\/ecotopiales\/wp-json\/wp\/v2\/pages\/1499","targetHints":{"allow":["GET"]}}],"collection":[{"href":"https:\/\/wp.unil.ch\/ecotopiales\/wp-json\/wp\/v2\/pages"}],"about":[{"href":"https:\/\/wp.unil.ch\/ecotopiales\/wp-json\/wp\/v2\/types\/page"}],"author":[{"embeddable":true,"href":"https:\/\/wp.unil.ch\/ecotopiales\/wp-json\/wp\/v2\/users\/1002526"}],"replies":[{"embeddable":true,"href":"https:\/\/wp.unil.ch\/ecotopiales\/wp-json\/wp\/v2\/comments?post=1499"}],"version-history":[{"count":5,"href":"https:\/\/wp.unil.ch\/ecotopiales\/wp-json\/wp\/v2\/pages\/1499\/revisions"}],"predecessor-version":[{"id":2940,"href":"https:\/\/wp.unil.ch\/ecotopiales\/wp-json\/wp\/v2\/pages\/1499\/revisions\/2940"}],"wp:attachment":[{"href":"https:\/\/wp.unil.ch\/ecotopiales\/wp-json\/wp\/v2\/media?parent=1499"}],"curies":[{"name":"wp","href":"https:\/\/api.w.org\/{rel}","templated":true}]}}