{"id":1498,"date":"2025-09-29T09:56:34","date_gmt":"2025-09-29T07:56:34","guid":{"rendered":"https:\/\/wp.unil.ch\/ecotopiales\/?page_id=1498"},"modified":"2025-10-15T11:45:50","modified_gmt":"2025-10-15T09:45:50","slug":"il-suffit-de-contempler-la-foret-pour-realiser-que-le-cerveau-humain-est-surevalue","status":"publish","type":"page","link":"https:\/\/wp.unil.ch\/ecotopiales\/il-suffit-de-contempler-la-foret-pour-realiser-que-le-cerveau-humain-est-surevalue\/","title":{"rendered":"\u00ab\u00a0IL SUFFIT DE CONTEMPLER LA FOR\u00caT POUR R\u00c9ALISER QUE LE CERVEAU HUMAIN EST SUR\u00c9VALU\u00c9\u00a0\u00bb"},"content":{"rendered":"\n<div class=\"wp-block-media-text has-media-on-the-right is-stacked-on-mobile\"><div class=\"wp-block-media-text__content\">\n<h2 class=\"wp-block-heading has-text-align-left\"><strong>Rencontre avec l&rsquo;\u00e9crivain Antoine Jaquier<\/strong><\/h2>\n\n\n\n<p class=\"has-text-align-left\"><\/p>\n\n\n\n<p><span style=\"text-decoration: underline\">Lieu<\/span> : Amphimax 412 &#8211; Unil<\/p>\n\n\n\n<p><span style=\"text-decoration: underline\">Date<\/span> : Vendredi 31 octobre<\/p>\n\n\n\n<p><span style=\"text-decoration: underline\">Horaire<\/span> : 16h00 &#8211; 17h30<\/p>\n\n\n\n<p class=\"has-large-font-size\"><strong>Participation gratuite<\/strong><\/p>\n\n\n\n<p><\/p>\n<\/div><figure class=\"wp-block-media-text__media\"><img alt=\"\" loading=\"lazy\" decoding=\"async\" width=\"1024\" height=\"1013\" src=\"https:\/\/wp.unil.ch\/ecotopiales\/files\/2024\/09\/amphimax-1024x1013.png\" alt=\"\" class=\"wp-image-1071 size-full\" srcset=\"https:\/\/wp.unil.ch\/ecotopiales\/files\/2024\/09\/amphimax-1024x1013.png 1024w, https:\/\/wp.unil.ch\/ecotopiales\/files\/2024\/09\/amphimax-300x297.png 300w, https:\/\/wp.unil.ch\/ecotopiales\/files\/2024\/09\/amphimax-768x760.png 768w, https:\/\/wp.unil.ch\/ecotopiales\/files\/2024\/09\/amphimax-540x534.png 540w, https:\/\/wp.unil.ch\/ecotopiales\/files\/2024\/09\/amphimax-1080x1068.png 1080w, https:\/\/wp.unil.ch\/ecotopiales\/files\/2024\/09\/amphimax.png 1213w\" sizes=\"auto, (max-width: 1024px) 100vw, 1024px\" \/><\/figure><\/div>\n\n\n\n<p class=\"has-drop-cap has-large-font-size\">C\u2019est l\u2019histoire d\u2019une civilisation qui tombe. Pour mieux se relever ?<\/p>\n\n\n\n<p>Dans son dernier roman <em>Tous les arbres au-dessous<\/em> (2023) Antoine Jaquier raconte le d\u00e9litement de notre soci\u00e9t\u00e9, et<strong> son possible recommencement<\/strong>. Travailleur social de formation, auteur de romans noirs prim\u00e9s et salu\u00e9s par la critique, Jaquier s\u2019initie au genre de l\u2019imaginaire et <strong>nous plonge dans un monde o\u00f9 le vivant retrouve ses droits, et o\u00f9 nous retrouvons, peut-\u00eatre, notre humanit\u00e9.<\/strong><\/p>\n\n\n\n<p>Les <em>\u00c9cotopiales<\/em> s\u2019associent pour cette rencontre \u00e0 l\u2019AMDA \u2013 Association des ami.es de la Maison d\u2019Ailleurs \u2013 et \u00e0 la section de fran\u00e7ais de la facult\u00e9 des Lettres afin de vous faire d\u00e9couvrir l\u2019\u0153uvre passionnante d\u2019un \u00e9crivain suisse contemporain pour qui, son roman en t\u00e9moigne, <strong>\u00ab m\u00eame si \u00e7a s\u2019\u00e9croule, \u00e7a ne sera pas l\u2019apocalypse. \u00bb<\/strong><\/p>\n\n\n\n<p>Mod\u00e9ration : <span style=\"text-decoration: underline\">Vincent Gerber <\/span>(pour l&rsquo;AMDA), en collaboration avec la Section de fran\u00e7ais de l&rsquo;Unil et le colloque <a href=\"https:\/\/www.unil.ch\/events\/1757077244111\" data-type=\"link\" data-id=\"https:\/\/www.unil.ch\/events\/1757077244111\">\u00ab\u00a0\u00c9copo\u00e9tiques de l&rsquo;imaginaire\u00a0\u00bb <\/a><\/p>\n\n\n<div class=\"wp-block-image\">\n<figure class=\"aligncenter size-large is-resized\"><img loading=\"lazy\" decoding=\"async\" width=\"1024\" height=\"512\" src=\"https:\/\/wp.unil.ch\/ecotopiales\/files\/2025\/09\/castor-grande-1024x512.jpeg\" alt=\"castor grande\" class=\"wp-image-1662\" style=\"width:400px\" srcset=\"https:\/\/wp.unil.ch\/ecotopiales\/files\/2025\/09\/castor-grande-1024x512.jpeg 1024w, https:\/\/wp.unil.ch\/ecotopiales\/files\/2025\/09\/castor-grande-300x150.jpeg 300w, https:\/\/wp.unil.ch\/ecotopiales\/files\/2025\/09\/castor-grande-768x384.jpeg 768w, https:\/\/wp.unil.ch\/ecotopiales\/files\/2025\/09\/castor-grande-540x270.jpeg 540w, https:\/\/wp.unil.ch\/ecotopiales\/files\/2025\/09\/castor-grande-1080x540.jpeg 1080w, https:\/\/wp.unil.ch\/ecotopiales\/files\/2025\/09\/castor-grande.jpeg 1280w\" sizes=\"auto, (max-width: 1024px) 100vw, 1024px\" \/><\/figure>\n<\/div>\n\n\n<div class=\"wp-block-buttons is-content-justification-center is-layout-flex wp-container-core-buttons-is-layout-16018d1d wp-block-buttons-is-layout-flex\">\n<div class=\"wp-block-button has-custom-width wp-block-button__width-75\"><a class=\"wp-block-button__link has-background has-larger-font-size has-custom-font-size wp-element-button\" href=\"https:\/\/events.unil.ch\/register\/541\/1004\" style=\"border-radius:5px;background-color:#8192c7\">JE M&rsquo;INSCRIS \u00c0 LA RENCONTRE ! <\/a><\/div>\n<\/div>\n\n\n\n<p class=\"has-text-align-center has-large-font-size\">Participation gratuite mais <strong>places limit\u00e9es<\/strong>&nbsp;: inscription (fortement) conseill\u00e9e&nbsp;!&nbsp;<\/p>\n\n\n\n<div style=\"height:20px\" aria-hidden=\"true\" class=\"wp-block-spacer\"><\/div>\n\n\n\n<p class=\"has-text-align-center has-large-font-size\">Cet \u00e9v\u00e9nement est organis\u00e9 en collaboration avec<\/p>\n\n\n\n<div class=\"wp-block-columns is-layout-flex wp-container-core-columns-is-layout-9d6595d7 wp-block-columns-is-layout-flex\">\n<div class=\"wp-block-column is-layout-flow wp-block-column-is-layout-flow\"><div class=\"wp-block-image\">\n<figure class=\"alignright size-full is-resized\"><a href=\"https:\/\/amda.ch\"><img loading=\"lazy\" decoding=\"async\" width=\"474\" height=\"421\" src=\"https:\/\/wp.unil.ch\/ecotopiales\/files\/2025\/09\/amda.jpeg\" alt=\"amda\" class=\"wp-image-1663\" style=\"width:200px\" srcset=\"https:\/\/wp.unil.ch\/ecotopiales\/files\/2025\/09\/amda.jpeg 474w, https:\/\/wp.unil.ch\/ecotopiales\/files\/2025\/09\/amda-300x266.jpeg 300w\" sizes=\"auto, (max-width: 474px) 100vw, 474px\" \/><\/a><\/figure>\n<\/div><\/div>\n\n\n\n<div class=\"wp-block-column is-layout-flow wp-block-column-is-layout-flow\"><div class=\"wp-block-image\">\n<figure class=\"alignleft size-full is-resized\"><a href=\"https:\/\/www.unil.ch\/fra\/fr\/home.html\"><img loading=\"lazy\" decoding=\"async\" width=\"410\" height=\"245\" src=\"https:\/\/wp.unil.ch\/ecotopiales\/files\/2025\/09\/section-francais-1.jpg\" alt=\"section francais\" class=\"wp-image-1831\" style=\"width:200px\" srcset=\"https:\/\/wp.unil.ch\/ecotopiales\/files\/2025\/09\/section-francais-1.jpg 410w, https:\/\/wp.unil.ch\/ecotopiales\/files\/2025\/09\/section-francais-1-300x179.jpg 300w\" sizes=\"auto, (max-width: 410px) 100vw, 410px\" \/><\/a><\/figure>\n<\/div><\/div>\n<\/div>\n\n\n\n<div class=\"wp-block-buttons is-content-justification-center is-layout-flex wp-container-core-buttons-is-layout-16018d1d wp-block-buttons-is-layout-flex\">\n<div class=\"wp-block-button has-custom-width wp-block-button__width-100 is-style-outline is-style-outline--1\"><a class=\"wp-block-button__link has-buttons-text-background-color has-background has-large-font-size has-custom-font-size wp-element-button\" href=\"https:\/\/wp.unil.ch\/ecotopiales\/31-octobre-une-journee-sur-le-campus-unil\/\">VOIR LE PROGRAMME COMPLET  DU VENDREDI 31 OCTOBRE<\/a><\/div>\n<\/div>\n","protected":false},"excerpt":{"rendered":"<p>Rencontre avec l&rsquo;\u00e9crivain Antoine Jaquier Lieu : Amphimax 412 &#8211; Unil Date : Vendredi 31 octobre Horaire : 16h00 &#8211; 17h30 Participation gratuite C\u2019est l\u2019histoire d\u2019une civilisation qui&hellip;<\/p>\n","protected":false},"author":1002526,"featured_media":0,"parent":0,"menu_order":0,"comment_status":"closed","ping_status":"closed","template":"template-full-width.php","meta":{"_seopress_robots_primary_cat":"","_seopress_titles_title":"","_seopress_titles_desc":"","_seopress_robots_index":"","_uag_custom_page_level_css":"","footnotes":""},"class_list":["post-1498","page","type-page","status-publish","has-post-thumbnail"],"uagb_featured_image_src":{"full":false,"thumbnail":false,"medium":false,"medium_large":false,"large":false,"1536x1536":false,"2048x2048":false,"post-thumbnail":false,"chaplin_preview_image_low_resolution":false,"chaplin_preview_image_high_resolution":false,"chaplin_fullscreen":false,"mailpoet_newsletter_max":false},"uagb_author_info":{"display_name":"Niccolo Panozzo","author_link":"https:\/\/wp.unil.ch\/ecotopiales\/author\/npanozzo\/"},"uagb_comment_info":0,"uagb_excerpt":"Rencontre avec l&rsquo;\u00e9crivain Antoine Jaquier Lieu : Amphimax 412 &#8211; Unil Date : Vendredi 31 octobre Horaire : 16h00 &#8211; 17h30 Participation gratuite C\u2019est l\u2019histoire d\u2019une civilisation qui&hellip;","_links":{"self":[{"href":"https:\/\/wp.unil.ch\/ecotopiales\/wp-json\/wp\/v2\/pages\/1498","targetHints":{"allow":["GET"]}}],"collection":[{"href":"https:\/\/wp.unil.ch\/ecotopiales\/wp-json\/wp\/v2\/pages"}],"about":[{"href":"https:\/\/wp.unil.ch\/ecotopiales\/wp-json\/wp\/v2\/types\/page"}],"author":[{"embeddable":true,"href":"https:\/\/wp.unil.ch\/ecotopiales\/wp-json\/wp\/v2\/users\/1002526"}],"replies":[{"embeddable":true,"href":"https:\/\/wp.unil.ch\/ecotopiales\/wp-json\/wp\/v2\/comments?post=1498"}],"version-history":[{"count":5,"href":"https:\/\/wp.unil.ch\/ecotopiales\/wp-json\/wp\/v2\/pages\/1498\/revisions"}],"predecessor-version":[{"id":2867,"href":"https:\/\/wp.unil.ch\/ecotopiales\/wp-json\/wp\/v2\/pages\/1498\/revisions\/2867"}],"wp:attachment":[{"href":"https:\/\/wp.unil.ch\/ecotopiales\/wp-json\/wp\/v2\/media?parent=1498"}],"curies":[{"name":"wp","href":"https:\/\/api.w.org\/{rel}","templated":true}]}}