{"id":1496,"date":"2025-09-29T09:57:38","date_gmt":"2025-09-29T07:57:38","guid":{"rendered":"https:\/\/wp.unil.ch\/ecotopiales\/?page_id=1496"},"modified":"2025-10-14T15:55:12","modified_gmt":"2025-10-14T13:55:12","slug":"du-loup-tu-parles-quand-le-vivant-fait-controverse","status":"publish","type":"page","link":"https:\/\/wp.unil.ch\/ecotopiales\/du-loup-tu-parles-quand-le-vivant-fait-controverse\/","title":{"rendered":"DU LOUP, TU PARLES ! QUAND LE VIVANT FAIT CONTROVERSE&#8230;"},"content":{"rendered":"\n<div class=\"wp-block-media-text has-media-on-the-right is-stacked-on-mobile\"><div class=\"wp-block-media-text__content\">\n<h2 class=\"wp-block-heading\"><strong><strong>Atelier m\u00e9diation scientifique et cr\u00e9ation<\/strong><\/strong><\/h2>\n\n\n\n<h4 class=\"wp-block-heading\">Contenu de l\u2019atelier : initiation aux enjeux scientifiques autour de la pr\u00e9sence du loup, jeu de r\u00f4le rh\u00e9torique et th\u00e9\u00e2tral <\/h4>\n\n\n\n<p class=\"has-text-align-left\"><span style=\"text-decoration: underline\">Lieu<\/span> : Unil \u2013 Forum L&rsquo;\u00e9prouvette<\/p>\n\n\n\n<p class=\"has-text-align-left\"><span style=\"text-decoration: underline\">Date<\/span> : Vendredi 31 octobre<\/p>\n\n\n\n<p class=\"has-text-align-left\"><span style=\"text-decoration: underline\">Horaire<\/span> : 14h00 &#8211; 17h00<\/p>\n\n\n\n<p class=\"has-text-align-left\"><span style=\"text-decoration: underline\">Public<\/span> : Adulte <\/p>\n\n\n\n<p class=\"has-text-align-left\">Cet atelier est conseill\u00e9 aux enseignant\u00b7es, et propos\u00e9 en tant que formation continue pour les enseignant\u00b7es du secondaire II.<\/p>\n\n\n\n<p class=\"has-text-align-left has-large-font-size\"><strong>Participation gratuite<\/strong><\/p>\n<\/div><figure class=\"wp-block-media-text__media\"><img loading=\"lazy\" decoding=\"async\" width=\"640\" height=\"640\" src=\"https:\/\/wp.unil.ch\/ecotopiales\/files\/2025\/09\/eprouvette-moyenne.jpeg\" alt=\"e\u0301prouvette moyenne\" class=\"wp-image-2047 size-full\" srcset=\"https:\/\/wp.unil.ch\/ecotopiales\/files\/2025\/09\/eprouvette-moyenne.jpeg 640w, https:\/\/wp.unil.ch\/ecotopiales\/files\/2025\/09\/eprouvette-moyenne-300x300.jpeg 300w, https:\/\/wp.unil.ch\/ecotopiales\/files\/2025\/09\/eprouvette-moyenne-150x150.jpeg 150w, https:\/\/wp.unil.ch\/ecotopiales\/files\/2025\/09\/eprouvette-moyenne-540x540.jpeg 540w\" sizes=\"auto, (max-width: 640px) 100vw, 640px\" \/><\/figure><\/div>\n\n\n\n<p class=\"has-drop-cap has-large-font-size\">On dit que lorsqu\u2019on croise un loup, s\u2019il vous voit le premier, on est frapp\u00e9 de mutisme ! <\/p>\n\n\n\n<p>Tel n\u2019est pas le cas ici car c\u2019est \u00e0 <strong>une joute oratoire que le grand pr\u00e9dateur donnera lieu !<\/strong> Y a-t-il sujet de controverses, objet de fantasmes, mati\u00e8re \u00e0 discussion plus in\u00e9puisable que le loup ? <\/p>\n\n\n\n<p>Depuis son retour, s\u2019il est l\u2019objet de <strong>pol\u00e9miques abondantes et passionn\u00e9es<\/strong>, o\u00f9 se polarisent des positions souvent irr\u00e9conciliables, c\u2019est sans doute parce qu\u2019il constitue un probl\u00e8me actuel lancinant, mais aussi parce que nos imaginaires du loup puisent \u00e0 <strong>de tr\u00e8s profondes sources culturelles.<\/strong><\/p>\n\n\n\n<p>Cet atelier s\u2019adresse aux p\u00e9dagogues et professeur\u00b7es du secondaire I et II, mais aussi <strong>\u00e0 toutes les personnes f\u00e9rues de d\u00e9bat<\/strong>, qui endosseront le r\u00f4le et l\u2019opinion de diff\u00e9rent\u00b7es protagonistes. Au moyen de ressources documentaires et de r\u00e9cits, on pourra <strong>collecter arguments et r\u00e9f\u00e9rences<\/strong> qui permettront d\u2019alimenter le discours. Puis, deux \u00e0 deux, les antagonistes s\u2019affronteront pendant un temps donn\u00e9 au terme duquel le public d\u00e9cidera s\u2019il y a, ou non, un gagnant et un perdant.<\/p>\n\n\n\n<p>Au cours de cet atelier, le biologiste, \u00e9thologue et directeur de recherches  <span style=\"text-decoration: underline\">Jean-Marc Landry<\/span> et l\u2019anthropologue <span style=\"text-decoration: underline\">Dre. Claire Galloni d\u2019Istria <\/span>(UNIGE) reviendront sur les diff\u00e9rents aspects des relations entre les hommes et les loups que les diff\u00e9rents d\u00e9bats auront pu mettre en lumi\u00e8re.<\/p>\n\n\n\n<p>Cet atelier est cr\u00e9\u00e9 et accompagn\u00e9 par <span style=\"text-decoration: underline\">Nicolas Schaffter, m\u00e9diateur scientifique<\/span> (UNIL).<\/p>\n\n\n<div class=\"wp-block-image\">\n<figure class=\"aligncenter size-large is-resized\"><img loading=\"lazy\" decoding=\"async\" width=\"1024\" height=\"513\" src=\"https:\/\/wp.unil.ch\/ecotopiales\/files\/2025\/09\/eprouvette-loup-1024x513.jpeg\" alt=\"e\u0301prouvette loup\" class=\"wp-image-1652\" style=\"width:400px\" srcset=\"https:\/\/wp.unil.ch\/ecotopiales\/files\/2025\/09\/eprouvette-loup-1024x513.jpeg 1024w, https:\/\/wp.unil.ch\/ecotopiales\/files\/2025\/09\/eprouvette-loup-300x150.jpeg 300w, https:\/\/wp.unil.ch\/ecotopiales\/files\/2025\/09\/eprouvette-loup-768x384.jpeg 768w, https:\/\/wp.unil.ch\/ecotopiales\/files\/2025\/09\/eprouvette-loup-1536x769.jpeg 1536w, https:\/\/wp.unil.ch\/ecotopiales\/files\/2025\/09\/eprouvette-loup-540x270.jpeg 540w, https:\/\/wp.unil.ch\/ecotopiales\/files\/2025\/09\/eprouvette-loup-1080x541.jpeg 1080w, https:\/\/wp.unil.ch\/ecotopiales\/files\/2025\/09\/eprouvette-loup-1320x661.jpeg 1320w, https:\/\/wp.unil.ch\/ecotopiales\/files\/2025\/09\/eprouvette-loup.jpeg 1920w\" sizes=\"auto, (max-width: 1024px) 100vw, 1024px\" \/><\/figure>\n<\/div>\n\n\n<div class=\"wp-block-buttons is-content-justification-center is-layout-flex wp-container-core-buttons-is-layout-16018d1d wp-block-buttons-is-layout-flex\">\n<div class=\"wp-block-button has-custom-width wp-block-button__width-75 is-style-fill\"><a class=\"wp-block-button__link has-buttons-background-background-color has-background has-larger-font-size has-custom-font-size wp-element-button\" href=\"https:\/\/events.unil.ch\/register\/537\/1000\" style=\"border-radius:5px\">JE M&rsquo;INSCRIS \u00c0 L&rsquo;ATELIER ! <\/a><\/div>\n<\/div>\n\n\n\n<p class=\"has-text-align-center has-large-font-size\"><strong>Participation gratuite mais places limit\u00e9es&nbsp;<\/strong>: inscription (fortement) conseill\u00e9e&nbsp;!&nbsp;<\/p>\n\n\n\n<p class=\"has-text-align-center\"><\/p>\n\n\n\n<p class=\"has-text-align-center has-large-font-size\">Atelier organis\u00e9 en collaboration avec<\/p>\n\n\n\n<div class=\"wp-block-columns alignwide is-layout-flex wp-container-core-columns-is-layout-9d6595d7 wp-block-columns-is-layout-flex\">\n<div class=\"wp-block-column is-vertically-aligned-center is-layout-flow wp-block-column-is-layout-flow\"><\/div>\n\n\n\n<div class=\"wp-block-column is-vertically-aligned-center is-layout-flow wp-block-column-is-layout-flow\"><div class=\"wp-block-image\">\n<figure class=\"aligncenter size-full is-resized\"><a href=\"https:\/\/www.eprouvette-unil.ch\"><img alt=\"\" loading=\"lazy\" decoding=\"async\" width=\"1074\" height=\"526\" src=\"https:\/\/wp.unil.ch\/ecotopiales\/files\/2024\/09\/Eprouvette_complet_noir_meilleur.png\" alt=\"\" class=\"wp-image-789\" style=\"width:200px\" srcset=\"https:\/\/wp.unil.ch\/ecotopiales\/files\/2024\/09\/Eprouvette_complet_noir_meilleur.png 1074w, https:\/\/wp.unil.ch\/ecotopiales\/files\/2024\/09\/Eprouvette_complet_noir_meilleur-300x147.png 300w, https:\/\/wp.unil.ch\/ecotopiales\/files\/2024\/09\/Eprouvette_complet_noir_meilleur-1024x502.png 1024w, https:\/\/wp.unil.ch\/ecotopiales\/files\/2024\/09\/Eprouvette_complet_noir_meilleur-768x376.png 768w, https:\/\/wp.unil.ch\/ecotopiales\/files\/2024\/09\/Eprouvette_complet_noir_meilleur-540x264.png 540w\" sizes=\"auto, (max-width: 1074px) 100vw, 1074px\" \/><\/a><\/figure>\n<\/div><\/div>\n\n\n\n<div class=\"wp-block-column is-vertically-aligned-center is-layout-flow wp-block-column-is-layout-flow\">\n<p><\/p>\n<\/div>\n<\/div>\n\n\n\n<div class=\"wp-block-buttons is-vertical is-content-justification-center is-layout-flex wp-container-core-buttons-is-layout-9a7cdcfd wp-block-buttons-is-layout-flex\">\n<div class=\"wp-block-button has-custom-width wp-block-button__width-100 is-style-outline is-style-outline--1\"><a class=\"wp-block-button__link has-buttons-background-color has-buttons-text-background-color has-text-color has-background has-link-color has-large-font-size has-custom-font-size wp-element-button\" href=\"https:\/\/wp.unil.ch\/ecotopiales\/31-octobre-une-journee-sur-le-campus-unil\/\" style=\"border-radius:0px\"><strong>V<\/strong>OIR LE<strong> PROGRAMME COMPLET DU V<\/strong>ENDREDI<strong> 31 OCTOBRE<\/strong><\/a><\/div>\n<\/div>\n\n\n\n<p><\/p>\n\n\n\n<div style=\"height:2.5rem\" aria-hidden=\"true\" class=\"wp-block-spacer\"><\/div>\n\n\n\n<p><\/p>\n","protected":false},"excerpt":{"rendered":"<p>Atelier m\u00e9diation scientifique et cr\u00e9ation Contenu de l\u2019atelier : initiation aux enjeux scientifiques autour de la pr\u00e9sence du loup, jeu de r\u00f4le rh\u00e9torique et th\u00e9\u00e2tral Lieu : Unil&hellip;<\/p>\n","protected":false},"author":1002526,"featured_media":0,"parent":0,"menu_order":0,"comment_status":"closed","ping_status":"closed","template":"template-full-width.php","meta":{"_seopress_robots_primary_cat":"","_seopress_titles_title":"","_seopress_titles_desc":"","_seopress_robots_index":"","_uag_custom_page_level_css":"","footnotes":""},"class_list":["post-1496","page","type-page","status-publish","has-post-thumbnail"],"uagb_featured_image_src":{"full":false,"thumbnail":false,"medium":false,"medium_large":false,"large":false,"1536x1536":false,"2048x2048":false,"post-thumbnail":false,"chaplin_preview_image_low_resolution":false,"chaplin_preview_image_high_resolution":false,"chaplin_fullscreen":false,"mailpoet_newsletter_max":false},"uagb_author_info":{"display_name":"Niccolo Panozzo","author_link":"https:\/\/wp.unil.ch\/ecotopiales\/author\/npanozzo\/"},"uagb_comment_info":0,"uagb_excerpt":"Atelier m\u00e9diation scientifique et cr\u00e9ation Contenu de l\u2019atelier : initiation aux enjeux scientifiques autour de la pr\u00e9sence du loup, jeu de r\u00f4le rh\u00e9torique et th\u00e9\u00e2tral Lieu : Unil&hellip;","_links":{"self":[{"href":"https:\/\/wp.unil.ch\/ecotopiales\/wp-json\/wp\/v2\/pages\/1496","targetHints":{"allow":["GET"]}}],"collection":[{"href":"https:\/\/wp.unil.ch\/ecotopiales\/wp-json\/wp\/v2\/pages"}],"about":[{"href":"https:\/\/wp.unil.ch\/ecotopiales\/wp-json\/wp\/v2\/types\/page"}],"author":[{"embeddable":true,"href":"https:\/\/wp.unil.ch\/ecotopiales\/wp-json\/wp\/v2\/users\/1002526"}],"replies":[{"embeddable":true,"href":"https:\/\/wp.unil.ch\/ecotopiales\/wp-json\/wp\/v2\/comments?post=1496"}],"version-history":[{"count":5,"href":"https:\/\/wp.unil.ch\/ecotopiales\/wp-json\/wp\/v2\/pages\/1496\/revisions"}],"predecessor-version":[{"id":2859,"href":"https:\/\/wp.unil.ch\/ecotopiales\/wp-json\/wp\/v2\/pages\/1496\/revisions\/2859"}],"wp:attachment":[{"href":"https:\/\/wp.unil.ch\/ecotopiales\/wp-json\/wp\/v2\/media?parent=1496"}],"curies":[{"name":"wp","href":"https:\/\/api.w.org\/{rel}","templated":true}]}}