{"id":1489,"date":"2025-09-29T12:47:52","date_gmt":"2025-09-29T10:47:52","guid":{"rendered":"https:\/\/wp.unil.ch\/ecotopiales\/?page_id=1489"},"modified":"2025-10-10T18:18:12","modified_gmt":"2025-10-10T16:18:12","slug":"rever-le-vivant-creer-une-utopie-concrete","status":"publish","type":"page","link":"https:\/\/wp.unil.ch\/ecotopiales\/rever-le-vivant-creer-une-utopie-concrete\/","title":{"rendered":"R\u00caVER LE VIVANT : CR\u00c9ER UNE UTOPIE CONCR\u00c8TE"},"content":{"rendered":"\n<div class=\"wp-block-media-text has-media-on-the-right is-stacked-on-mobile\"><div class=\"wp-block-media-text__content\">\n<h2 class=\"wp-block-heading has-text-align-left\"><strong>Atelier jeu de r\u00f4le<\/strong><\/h2>\n\n\n\n<p class=\"has-text-align-left\"><\/p>\n\n\n\n<h4 class=\"wp-block-heading\">Contenu de l\u2019atelier : jeu de r\u00f4le collaboratif, cr\u00e9ation d\u2019utopies \u00e9cologiques sur le vivant, musique&nbsp;<em>live<\/em><\/h4>\n\n\n\n<p><span style=\"text-decoration: underline\">Lieu<\/span> : La Grange &#8211; Unil<\/p>\n\n\n\n<p><span style=\"text-decoration: underline\">Date<\/span> : Vendredi 31 octobre<\/p>\n\n\n\n<p><span style=\"text-decoration: underline\">Horaire<\/span> : 14h00 &#8211; 17h00<\/p>\n\n\n\n<p><span style=\"text-decoration: underline\">\u00c2ge<\/span> : d\u00e8s 12 ans<\/p>\n\n\n\n<p class=\"has-large-font-size\"><strong>Participation gratuite<\/strong><\/p>\n\n\n\n<div class=\"wp-block-buttons is-content-justification-center is-layout-flex wp-container-core-buttons-is-layout-16018d1d wp-block-buttons-is-layout-flex\"><\/div>\n<\/div><figure class=\"wp-block-media-text__media\"><img loading=\"lazy\" decoding=\"async\" width=\"1024\" height=\"1024\" src=\"https:\/\/wp.unil.ch\/ecotopiales\/files\/2025\/09\/dorigny-1024x1024.jpeg\" alt=\"dorigny\" class=\"wp-image-1809 size-full\" srcset=\"https:\/\/wp.unil.ch\/ecotopiales\/files\/2025\/09\/dorigny-1024x1024.jpeg 1024w, https:\/\/wp.unil.ch\/ecotopiales\/files\/2025\/09\/dorigny-300x300.jpeg 300w, https:\/\/wp.unil.ch\/ecotopiales\/files\/2025\/09\/dorigny-150x150.jpeg 150w, https:\/\/wp.unil.ch\/ecotopiales\/files\/2025\/09\/dorigny-768x768.jpeg 768w, https:\/\/wp.unil.ch\/ecotopiales\/files\/2025\/09\/dorigny-540x540.jpeg 540w, https:\/\/wp.unil.ch\/ecotopiales\/files\/2025\/09\/dorigny-1080x1080.jpeg 1080w, https:\/\/wp.unil.ch\/ecotopiales\/files\/2025\/09\/dorigny.jpeg 1200w\" sizes=\"auto, (max-width: 1024px) 100vw, 1024px\" \/><\/figure><\/div>\n\n\n\n<p class=\"has-drop-cap has-large-font-size\">Cr\u00e9ez, imaginez, vibrez : votre civilisation vous attend !<\/p>\n\n\n\n<p>Dans ce jeu de r\u00f4le collaboratif et musical, vous devrez <strong>cr\u00e9er une civilisation, son histoire, sa culture<\/strong> et relever les d\u00e9fis qui ne tarderont pas \u00e0 na\u00eetre lors des interactions avec les civilisations des autres joueur\u00b7euses.<\/p>\n\n\n\n<p>Jouant sur la mani\u00e8re dont la r\u00e9alit\u00e9 impacte ou non la fiction, l&rsquo;atelier \u00ab\u00a0R\u00eaver le vivant : cr\u00e9er une utopie concr\u00e8te\u00a0\u00bb vous offre la possibilit\u00e9 de <strong>vous affranchir de ce qui a d\u00e9j\u00e0 \u00e9t\u00e9 fait pour tenter de faire mieux ou de recr\u00e9er ce qui n&rsquo;a pas pu \u00eatre.<\/strong> Pourrez-vous faire cohabiter les diff\u00e9rentes utopies, et tisser de nouveaux liens avec le vivant ?<\/p>\n\n\n\n<p>Cet atelier est cr\u00e9\u00e9 par <span style=\"text-decoration: underline\">Gr\u00e9gory Thonney<\/span> et <span style=\"text-decoration: underline\">Pierre Saliba<\/span>, <em>games designers <\/em>et co-fondateurs de l&rsquo;association Ars Ludendi.<\/p>\n\n\n<div class=\"wp-block-image\">\n<figure class=\"aligncenter size-large is-resized\"><img alt=\"\" loading=\"lazy\" decoding=\"async\" width=\"1024\" height=\"512\" src=\"https:\/\/wp.unil.ch\/ecotopiales\/files\/2024\/09\/LATELIER-JEU-DE-ROLE-1-1024x512.png\" alt=\"\" class=\"wp-image-902\" style=\"width:400px\" srcset=\"https:\/\/wp.unil.ch\/ecotopiales\/files\/2024\/09\/LATELIER-JEU-DE-ROLE-1-1024x512.png 1024w, https:\/\/wp.unil.ch\/ecotopiales\/files\/2024\/09\/LATELIER-JEU-DE-ROLE-1-300x150.png 300w, https:\/\/wp.unil.ch\/ecotopiales\/files\/2024\/09\/LATELIER-JEU-DE-ROLE-1-768x384.png 768w, https:\/\/wp.unil.ch\/ecotopiales\/files\/2024\/09\/LATELIER-JEU-DE-ROLE-1-1536x768.png 1536w, https:\/\/wp.unil.ch\/ecotopiales\/files\/2024\/09\/LATELIER-JEU-DE-ROLE-1-2048x1024.png 2048w, https:\/\/wp.unil.ch\/ecotopiales\/files\/2024\/09\/LATELIER-JEU-DE-ROLE-1-540x270.png 540w, https:\/\/wp.unil.ch\/ecotopiales\/files\/2024\/09\/LATELIER-JEU-DE-ROLE-1-1080x540.png 1080w, https:\/\/wp.unil.ch\/ecotopiales\/files\/2024\/09\/LATELIER-JEU-DE-ROLE-1-1980x990.png 1980w\" sizes=\"auto, (max-width: 1024px) 100vw, 1024px\" \/><\/figure>\n<\/div>\n\n\n<div class=\"wp-block-buttons is-content-justification-center is-layout-flex wp-container-core-buttons-is-layout-16018d1d wp-block-buttons-is-layout-flex\">\n<div class=\"wp-block-button has-custom-width wp-block-button__width-75\"><a class=\"wp-block-button__link has-background has-larger-font-size has-custom-font-size wp-element-button\" href=\"https:\/\/events.unil.ch\/register\/533\/996\" style=\"border-radius:5px;background-color:#8eb3c9\">JE M&rsquo;INSCRIS \u00c0 L&rsquo;ATELIER ! <\/a><\/div>\n<\/div>\n\n\n\n<p class=\"has-text-align-center has-large-font-size\"><strong>Participation gratuite mais places limit\u00e9es&nbsp;<\/strong>: inscription (fortement) conseill\u00e9e&nbsp;!&nbsp;<\/p>\n\n\n\n<div style=\"height:20px\" aria-hidden=\"true\" class=\"wp-block-spacer\"><\/div>\n\n\n\n<p class=\"has-text-align-center has-large-font-size\">L&rsquo;atelier est organis\u00e9 en collaboration avec<\/p>\n\n\n\n<div class=\"wp-block-columns alignwide is-layout-flex wp-container-core-columns-is-layout-9d6595d7 wp-block-columns-is-layout-flex\">\n<div class=\"wp-block-column is-vertically-aligned-center is-layout-flow wp-block-column-is-layout-flow\"><div class=\"wp-block-image\">\n<figure class=\"alignright size-full is-resized\"><a href=\"https:\/\/www.grange-unil.ch\"><img alt=\"\" loading=\"lazy\" decoding=\"async\" width=\"1000\" height=\"408\" src=\"https:\/\/wp.unil.ch\/ecotopiales\/files\/2024\/08\/Grange.png\" alt=\"\" class=\"wp-image-210\" style=\"width:200px\" srcset=\"https:\/\/wp.unil.ch\/ecotopiales\/files\/2024\/08\/Grange.png 1000w, https:\/\/wp.unil.ch\/ecotopiales\/files\/2024\/08\/Grange-300x122.png 300w, https:\/\/wp.unil.ch\/ecotopiales\/files\/2024\/08\/Grange-768x313.png 768w, https:\/\/wp.unil.ch\/ecotopiales\/files\/2024\/08\/Grange-540x220.png 540w\" sizes=\"auto, (max-width: 1000px) 100vw, 1000px\" \/><\/a><\/figure>\n<\/div><\/div>\n\n\n\n<div class=\"wp-block-column is-vertically-aligned-center is-layout-flow wp-block-column-is-layout-flow\"><div class=\"wp-block-image\">\n<figure class=\"alignleft size-large is-resized\"><a href=\"https:\/\/arsludendi.ch\"><img alt=\"\" loading=\"lazy\" decoding=\"async\" width=\"1024\" height=\"1021\" src=\"https:\/\/wp.unil.ch\/ecotopiales\/files\/2024\/09\/arsludendi-1024x1021.jpeg\" alt=\"\" class=\"wp-image-418\" style=\"width:200px\" srcset=\"https:\/\/wp.unil.ch\/ecotopiales\/files\/2024\/09\/arsludendi-1024x1021.jpeg 1024w, https:\/\/wp.unil.ch\/ecotopiales\/files\/2024\/09\/arsludendi-300x300.jpeg 300w, https:\/\/wp.unil.ch\/ecotopiales\/files\/2024\/09\/arsludendi-150x150.jpeg 150w, https:\/\/wp.unil.ch\/ecotopiales\/files\/2024\/09\/arsludendi-768x766.jpeg 768w, https:\/\/wp.unil.ch\/ecotopiales\/files\/2024\/09\/arsludendi-540x539.jpeg 540w, https:\/\/wp.unil.ch\/ecotopiales\/files\/2024\/09\/arsludendi-1080x1077.jpeg 1080w, https:\/\/wp.unil.ch\/ecotopiales\/files\/2024\/09\/arsludendi.jpeg 1203w\" sizes=\"auto, (max-width: 1024px) 100vw, 1024px\" \/><\/a><\/figure>\n<\/div><\/div>\n<\/div>\n\n\n\n<div class=\"wp-block-buttons is-layout-flex wp-block-buttons-is-layout-flex\">\n<div class=\"wp-block-button has-custom-width wp-block-button__width-100 is-style-outline is-style-outline--1\"><a class=\"wp-block-button__link has-buttons-background-color has-buttons-text-background-color has-text-color has-background has-link-color has-large-font-size has-custom-font-size wp-element-button\" href=\"https:\/\/wp.unil.ch\/ecotopiales\/31-octobre-une-journee-sur-le-campus-unil\/\">VOIR LE PROGRAMME COMPLET DU VENDREDI 31 OCTOBRE<\/a><\/div>\n<\/div>\n\n\n\n<div class=\"wp-block-uagb-container uagb-block-007e7d7e alignfull uagb-is-root-container\"><div class=\"uagb-container-inner-blocks-wrap\"><\/div><\/div>\n","protected":false},"excerpt":{"rendered":"<p>Cr\u00e9ez, imaginez, vibrez : votre civilisation vous attend ! Dans ce jeu de r\u00f4le collaboratif et musical, vous devrez cr\u00e9er une civilisation, son histoire, sa culture et relever&hellip;<\/p>\n","protected":false},"author":1002526,"featured_media":0,"parent":0,"menu_order":0,"comment_status":"closed","ping_status":"closed","template":"template-full-width.php","meta":{"_seopress_robots_primary_cat":"","_seopress_titles_title":"","_seopress_titles_desc":"","_seopress_robots_index":"","_uag_custom_page_level_css":"","footnotes":""},"class_list":["post-1489","page","type-page","status-publish","has-post-thumbnail"],"uagb_featured_image_src":{"full":false,"thumbnail":false,"medium":false,"medium_large":false,"large":false,"1536x1536":false,"2048x2048":false,"post-thumbnail":false,"chaplin_preview_image_low_resolution":false,"chaplin_preview_image_high_resolution":false,"chaplin_fullscreen":false,"mailpoet_newsletter_max":false},"uagb_author_info":{"display_name":"Niccolo Panozzo","author_link":"https:\/\/wp.unil.ch\/ecotopiales\/author\/npanozzo\/"},"uagb_comment_info":0,"uagb_excerpt":"Cr\u00e9ez, imaginez, vibrez : votre civilisation vous attend ! Dans ce jeu de r\u00f4le collaboratif et musical, vous devrez cr\u00e9er une civilisation, son histoire, sa culture et relever&hellip;","_links":{"self":[{"href":"https:\/\/wp.unil.ch\/ecotopiales\/wp-json\/wp\/v2\/pages\/1489","targetHints":{"allow":["GET"]}}],"collection":[{"href":"https:\/\/wp.unil.ch\/ecotopiales\/wp-json\/wp\/v2\/pages"}],"about":[{"href":"https:\/\/wp.unil.ch\/ecotopiales\/wp-json\/wp\/v2\/types\/page"}],"author":[{"embeddable":true,"href":"https:\/\/wp.unil.ch\/ecotopiales\/wp-json\/wp\/v2\/users\/1002526"}],"replies":[{"embeddable":true,"href":"https:\/\/wp.unil.ch\/ecotopiales\/wp-json\/wp\/v2\/comments?post=1489"}],"version-history":[{"count":5,"href":"https:\/\/wp.unil.ch\/ecotopiales\/wp-json\/wp\/v2\/pages\/1489\/revisions"}],"predecessor-version":[{"id":2710,"href":"https:\/\/wp.unil.ch\/ecotopiales\/wp-json\/wp\/v2\/pages\/1489\/revisions\/2710"}],"wp:attachment":[{"href":"https:\/\/wp.unil.ch\/ecotopiales\/wp-json\/wp\/v2\/media?parent=1489"}],"curies":[{"name":"wp","href":"https:\/\/api.w.org\/{rel}","templated":true}]}}