{"id":1486,"date":"2025-09-29T09:58:01","date_gmt":"2025-09-29T07:58:01","guid":{"rendered":"https:\/\/wp.unil.ch\/ecotopiales\/?page_id=1486"},"modified":"2025-10-10T18:07:39","modified_gmt":"2025-10-10T16:07:39","slug":"lallure-des-betes-ecrire-sur-la-trace-des-animaux","status":"publish","type":"page","link":"https:\/\/wp.unil.ch\/ecotopiales\/lallure-des-betes-ecrire-sur-la-trace-des-animaux\/","title":{"rendered":"L&rsquo;ALLURE DES B\u00caTES, \u00c9CRIRE SUR LA TRACE DES ANIMAUX"},"content":{"rendered":"\n<p><\/p>\n\n\n\n<div class=\"wp-block-media-text has-media-on-the-right is-stacked-on-mobile\"><div class=\"wp-block-media-text__content\">\n<h2 class=\"wp-block-heading has-text-align-left\"><strong>Atelier d&rsquo;\u00e9criture<\/strong><\/h2>\n\n\n\n<p class=\"has-text-align-left\"><\/p>\n\n\n\n<h4 class=\"wp-block-heading\">Contenu de l&rsquo;atelier : \u00e9criture cr\u00e9ative et collective avec le studio d\u2019\u00e9criture suisse <strong>La Zac<\/strong><\/h4>\n\n\n\n<p><span style=\"text-decoration: underline\">Lieu<\/span> : Villanova &#8211; Unil<\/p>\n\n\n\n<p><span style=\"text-decoration: underline\">Date<\/span> : Vendredi 31 octobre<\/p>\n\n\n\n<p><span style=\"text-decoration: underline\">Horaire<\/span> : 14h00 &#8211; 17h00<\/p>\n\n\n\n<p><span style=\"text-decoration: underline\">\u00c2ge<\/span> : d\u00e8s 16 ans<\/p>\n\n\n\n<p class=\"has-large-font-size\"><strong>Participation gratuite<\/strong><\/p>\n\n\n\n<div class=\"wp-block-buttons is-content-justification-center is-layout-flex wp-container-core-buttons-is-layout-16018d1d wp-block-buttons-is-layout-flex\"><\/div>\n<\/div><figure class=\"wp-block-media-text__media\"><img loading=\"lazy\" decoding=\"async\" width=\"640\" height=\"640\" src=\"https:\/\/wp.unil.ch\/ecotopiales\/files\/2025\/09\/villanova-moyenne.jpeg\" alt=\"villanova moyenne\" class=\"wp-image-2043 size-full\" srcset=\"https:\/\/wp.unil.ch\/ecotopiales\/files\/2025\/09\/villanova-moyenne.jpeg 640w, https:\/\/wp.unil.ch\/ecotopiales\/files\/2025\/09\/villanova-moyenne-300x300.jpeg 300w, https:\/\/wp.unil.ch\/ecotopiales\/files\/2025\/09\/villanova-moyenne-150x150.jpeg 150w, https:\/\/wp.unil.ch\/ecotopiales\/files\/2025\/09\/villanova-moyenne-540x540.jpeg 540w\" sizes=\"auto, (max-width: 640px) 100vw, 640px\" \/><\/figure><\/div>\n\n\n\n<p class=\"has-drop-cap has-large-font-size\">L\u2019\u00e9criture cr\u00e9ative est un moyen de donner vie aux \u00eatres qui nous entourent.<\/p>\n\n\n\n<p>Pendant cet atelier nous nous mettrons \u00e0 l\u2019aff\u00fbt. Nous vous proposons de <strong>partir en qu\u00eate de tous les vivants que nous c\u00f4toyons sans les voir<\/strong>, de ces cr\u00e9atures dont nous ne percevons souvent que la trace. Ce faisant, nous chercherons \u00e0 <strong>retisser, par les mots, le lien qui nous unit \u00e0 eux<\/strong>. Nous guetterons les signes d\u2019une rencontre, nous questionnerons notre rapport au sensible et \u00e0 l\u2019alt\u00e9rit\u00e9.<\/p>\n\n\n\n<p>Le temps d\u2019une apr\u00e8s-midi venez vous plonger au c\u0153ur du campus de Dorigny, guid\u00e9\u00b7es par trois auteur\u00b7es aguerri\u00b7es, membres du studio d\u2019\u00e9criture La Zac : <a href=\"https:\/\/editionszoe.ch\/auteur\/daniel-vuataz\/#biography\">Daniel Vuataz<\/a>, <a href=\"https:\/\/editionszoe.ch\/auteur\/aude-seigne\/\">Aude Seigne<\/a> et <a href=\"https:\/\/www.viceversalitterature.ch\/author\/7377\">Fanny Wobmann<\/a>.<br>Que vous soyez un\u00b7e \u00e9crivain\u00b7e amateur\u00b7ice ou un\u00b7e adepte de la plume confirm\u00e9\u00b7e, venez vous initier au plaisir de l\u2019\u00e9criture cr\u00e9ative, <strong>jouer avec le langage, et trouver votre voix litt\u00e9raire<\/strong> en vous glissant dans l\u2019allure des b\u00eates.<\/p>\n\n\n<div class=\"wp-block-image\">\n<figure class=\"aligncenter size-large is-resized\"><img alt=\"\" loading=\"lazy\" decoding=\"async\" width=\"1024\" height=\"512\" src=\"https:\/\/wp.unil.ch\/ecotopiales\/files\/2024\/09\/LATELIER-DECRITURE-1-1024x512.png\" alt=\"\" class=\"wp-image-901\" style=\"width:400px\" srcset=\"https:\/\/wp.unil.ch\/ecotopiales\/files\/2024\/09\/LATELIER-DECRITURE-1-1024x512.png 1024w, https:\/\/wp.unil.ch\/ecotopiales\/files\/2024\/09\/LATELIER-DECRITURE-1-300x150.png 300w, https:\/\/wp.unil.ch\/ecotopiales\/files\/2024\/09\/LATELIER-DECRITURE-1-768x384.png 768w, https:\/\/wp.unil.ch\/ecotopiales\/files\/2024\/09\/LATELIER-DECRITURE-1-1536x768.png 1536w, https:\/\/wp.unil.ch\/ecotopiales\/files\/2024\/09\/LATELIER-DECRITURE-1-540x270.png 540w, https:\/\/wp.unil.ch\/ecotopiales\/files\/2024\/09\/LATELIER-DECRITURE-1-1080x540.png 1080w, https:\/\/wp.unil.ch\/ecotopiales\/files\/2024\/09\/LATELIER-DECRITURE-1-1980x990.png 1980w, https:\/\/wp.unil.ch\/ecotopiales\/files\/2024\/09\/LATELIER-DECRITURE-1.png 2000w\" sizes=\"auto, (max-width: 1024px) 100vw, 1024px\" \/><\/figure>\n<\/div>\n\n\n<div class=\"wp-block-buttons is-content-justification-center is-layout-flex wp-container-core-buttons-is-layout-16018d1d wp-block-buttons-is-layout-flex\">\n<div class=\"wp-block-button has-custom-width wp-block-button__width-75\"><a class=\"wp-block-button__link has-background has-larger-font-size has-custom-font-size wp-element-button\" href=\"https:\/\/events.unil.ch\/register\/532\/995\" style=\"border-radius:5px;background-color:#c3c599\">JE M&rsquo;INSCRIS \u00c0 L&rsquo;ATELIER ! <\/a><\/div>\n<\/div>\n\n\n\n<p class=\"has-text-align-center has-large-font-size\">Participation gratuite mais <strong>places limit\u00e9es<\/strong>&nbsp;: inscription (fortement) conseill\u00e9e&nbsp;!&nbsp;<\/p>\n\n\n\n<div style=\"height:20px\" aria-hidden=\"true\" class=\"wp-block-spacer\"><\/div>\n\n\n\n<p class=\"has-text-align-center has-large-font-size\">L&rsquo;atelier est organis\u00e9 en collaboration avec<\/p>\n\n\n<div class=\"wp-block-image\">\n<figure class=\"aligncenter size-large is-resized\"><a href=\"https:\/\/www.la-zac.ch\"><img alt=\"\" loading=\"lazy\" decoding=\"async\" width=\"1024\" height=\"266\" src=\"https:\/\/wp.unil.ch\/ecotopiales\/files\/2024\/09\/ZAC-1-1024x266.png\" alt=\"\" class=\"wp-image-421\" style=\"width:200px\" srcset=\"https:\/\/wp.unil.ch\/ecotopiales\/files\/2024\/09\/ZAC-1-1024x266.png 1024w, https:\/\/wp.unil.ch\/ecotopiales\/files\/2024\/09\/ZAC-1-300x78.png 300w, https:\/\/wp.unil.ch\/ecotopiales\/files\/2024\/09\/ZAC-1-768x199.png 768w, https:\/\/wp.unil.ch\/ecotopiales\/files\/2024\/09\/ZAC-1-540x140.png 540w, https:\/\/wp.unil.ch\/ecotopiales\/files\/2024\/09\/ZAC-1-1080x280.png 1080w, https:\/\/wp.unil.ch\/ecotopiales\/files\/2024\/09\/ZAC-1.png 1256w\" sizes=\"auto, (max-width: 1024px) 100vw, 1024px\" \/><\/a><\/figure>\n<\/div>\n\n\n<div class=\"wp-block-columns alignwide is-layout-flex wp-container-core-columns-is-layout-9d6595d7 wp-block-columns-is-layout-flex\">\n<div class=\"wp-block-column is-vertically-aligned-center is-layout-flow wp-block-column-is-layout-flow\"><\/div>\n\n\n\n<div class=\"wp-block-column is-vertically-aligned-center is-layout-flow wp-block-column-is-layout-flow\">\n<div class=\"wp-block-buttons is-content-justification-center is-layout-flex wp-container-core-buttons-is-layout-16018d1d wp-block-buttons-is-layout-flex\">\n<div class=\"wp-block-button has-custom-width wp-block-button__width-100 is-style-outline is-style-outline--1\"><a class=\"wp-block-button__link has-buttons-background-color has-buttons-text-background-color has-text-color has-background has-link-color has-custom-font-size wp-element-button\" href=\"https:\/\/wp.unil.ch\/ecotopiales\/31-octobre-une-journee-sur-le-campus-unil\/\" style=\"border-radius:0px;font-size:23px\">VOIR LE PROGRAMME COMPLET DU VENDREDI 31 OCTOBRE<\/a><\/div>\n<\/div>\n<\/div>\n\n\n\n<div class=\"wp-block-column is-vertically-aligned-center is-layout-flow wp-block-column-is-layout-flow\"><\/div>\n<\/div>\n\n\n\n<p><\/p>\n","protected":false},"excerpt":{"rendered":"<p>L\u2019\u00e9criture cr\u00e9ative est un moyen de donner vie aux \u00eatres qui nous entourent. Pendant cet atelier nous nous mettrons \u00e0 l\u2019aff\u00fbt. Nous vous proposons de partir en qu\u00eate&hellip;<\/p>\n","protected":false},"author":1002526,"featured_media":0,"parent":0,"menu_order":0,"comment_status":"closed","ping_status":"closed","template":"template-full-width.php","meta":{"_seopress_robots_primary_cat":"","_seopress_titles_title":"","_seopress_titles_desc":"","_seopress_robots_index":"","_uag_custom_page_level_css":"","footnotes":""},"class_list":["post-1486","page","type-page","status-publish","has-post-thumbnail"],"uagb_featured_image_src":{"full":false,"thumbnail":false,"medium":false,"medium_large":false,"large":false,"1536x1536":false,"2048x2048":false,"post-thumbnail":false,"chaplin_preview_image_low_resolution":false,"chaplin_preview_image_high_resolution":false,"chaplin_fullscreen":false,"mailpoet_newsletter_max":false},"uagb_author_info":{"display_name":"Niccolo Panozzo","author_link":"https:\/\/wp.unil.ch\/ecotopiales\/author\/npanozzo\/"},"uagb_comment_info":0,"uagb_excerpt":"L\u2019\u00e9criture cr\u00e9ative est un moyen de donner vie aux \u00eatres qui nous entourent. Pendant cet atelier nous nous mettrons \u00e0 l\u2019aff\u00fbt. Nous vous proposons de partir en qu\u00eate&hellip;","_links":{"self":[{"href":"https:\/\/wp.unil.ch\/ecotopiales\/wp-json\/wp\/v2\/pages\/1486","targetHints":{"allow":["GET"]}}],"collection":[{"href":"https:\/\/wp.unil.ch\/ecotopiales\/wp-json\/wp\/v2\/pages"}],"about":[{"href":"https:\/\/wp.unil.ch\/ecotopiales\/wp-json\/wp\/v2\/types\/page"}],"author":[{"embeddable":true,"href":"https:\/\/wp.unil.ch\/ecotopiales\/wp-json\/wp\/v2\/users\/1002526"}],"replies":[{"embeddable":true,"href":"https:\/\/wp.unil.ch\/ecotopiales\/wp-json\/wp\/v2\/comments?post=1486"}],"version-history":[{"count":6,"href":"https:\/\/wp.unil.ch\/ecotopiales\/wp-json\/wp\/v2\/pages\/1486\/revisions"}],"predecessor-version":[{"id":2724,"href":"https:\/\/wp.unil.ch\/ecotopiales\/wp-json\/wp\/v2\/pages\/1486\/revisions\/2724"}],"wp:attachment":[{"href":"https:\/\/wp.unil.ch\/ecotopiales\/wp-json\/wp\/v2\/media?parent=1486"}],"curies":[{"name":"wp","href":"https:\/\/api.w.org\/{rel}","templated":true}]}}