{"id":1303,"date":"2025-01-23T11:37:33","date_gmt":"2025-01-23T10:37:33","guid":{"rendered":"https:\/\/wp.unil.ch\/ecotopiales\/?page_id=1303"},"modified":"2025-09-29T09:29:33","modified_gmt":"2025-09-29T07:29:33","slug":"lobservatoire-des-recits-et-imaginaires-de-lanthropocene","status":"publish","type":"page","link":"https:\/\/wp.unil.ch\/ecotopiales\/lobservatoire-des-recits-et-imaginaires-de-lanthropocene\/","title":{"rendered":"L&rsquo;Observatoire des r\u00e9cits et imaginaires de l&rsquo;Anthropoc\u00e8ne"},"content":{"rendered":"\n<div class=\"wp-block-group\" style=\"padding-right:var(--wp--preset--spacing--20);padding-left:var(--wp--preset--spacing--20)\"><div class=\"wp-block-group__inner-container is-layout-constrained wp-container-core-group-is-layout-56a9e311 wp-block-group-is-layout-constrained\">\n<h2 class=\"wp-block-heading\"><\/h2>\n\n\n\n<div class=\"wp-block-columns is-layout-flex wp-container-core-columns-is-layout-9d6595d7 wp-block-columns-is-layout-flex\">\n<div class=\"wp-block-column is-layout-flow wp-block-column-is-layout-flow\" style=\"flex-basis:66.66%\">\n<h2 class=\"wp-block-heading\">Qu&rsquo;est-ce que l&rsquo;ORIA ?<\/h2>\n<\/div>\n\n\n\n<div class=\"wp-block-column is-layout-flow wp-block-column-is-layout-flow\" style=\"flex-basis:33.33%\">\n<figure class=\"wp-block-image size-full is-resized\"><img alt=\"\" loading=\"lazy\" decoding=\"async\" width=\"453\" height=\"283\" src=\"https:\/\/wp.unil.ch\/ecotopiales\/files\/2024\/09\/personalized_logo_blue-1.png\" alt=\"\" class=\"wp-image-734\" style=\"width:150px\" srcset=\"https:\/\/wp.unil.ch\/ecotopiales\/files\/2024\/09\/personalized_logo_blue-1.png 453w, https:\/\/wp.unil.ch\/ecotopiales\/files\/2024\/09\/personalized_logo_blue-1-300x187.png 300w\" sizes=\"auto, (max-width: 453px) 100vw, 453px\" \/><\/figure>\n<\/div>\n<\/div>\n\n\n\n<p>L\u2019Observatoire des r\u00e9cits et imaginaires de l&rsquo;anthropoc\u00e8ne (ORIA)&nbsp;est un organisme de recherche, de veille et de prospective scientifique. Il est rattach\u00e9 au <a href=\"https:\/\/www.unil.ch\/unil\/fr\/home\/menuinst\/universite\/organisation-universite\/unites-et-services\/centre-de-competence-en-durabilite.html\">Centre de comp\u00e9tences en durabilit\u00e9<\/a> de l&rsquo;Universit\u00e9 de Lausanne (CCD). <\/p>\n\n\n\n<p>L&rsquo;ORIA rassemble des chercheurs\u00b7euses en sciences humaines issu\u00b7es de disciplines multiples (litt\u00e9rature, sociologie, didactique, sciences du langage, etc.).<\/p>\n\n\n\n<p>L&rsquo;ORIA entend en particulier soutenir la rel\u00e8ve scientifique et promouvoir les liens entre les diff\u00e9rents corps de recherche acad\u00e9mique.&nbsp;Il&nbsp;pl\u00e9biscite \u00e9galement les perspectives de recherche-action et de cr\u00e9ation en tissant des partenariats culturels et artistiques avec des acteurs\u00b7trices de terrain.<\/p>\n\n\n\n<h3 class=\"wp-block-heading\"><strong>Que fait l\u2019ORIA&nbsp;?<\/strong><\/h3>\n\n\n\n<h5 class=\"wp-block-heading\"><strong>Le 30 avril 2019, la centaine de chercheurs\u00b7euses r\u00e9uni\u00b7es pour le lancement du Centre de comp\u00e9tences en durabilit\u00e9 a identifi\u00e9 la recherche sur les r\u00e9cits et les imaginaires comme chantier prioritaire pour engager une transition \u00e9cologique globale. L&rsquo;Observatoire des r\u00e9cits et imaginaires de l&rsquo;anthropoc\u00e8ne est l&rsquo;un des outils qui visent \u00e0 r\u00e9pondre \u00e0 cette demande.<\/strong><\/h5>\n\n\n\n<p>Pour se faire, l&rsquo;ORIA s\u2019est fix\u00e9 3 missions principales.<\/p>\n\n\n\n<div class=\"wp-block-columns is-layout-flex wp-container-core-columns-is-layout-9d6595d7 wp-block-columns-is-layout-flex\">\n<div class=\"wp-block-column is-layout-flow wp-block-column-is-layout-flow\">\n<p><strong>RECENSER&nbsp;<\/strong>et visibiliser les r\u00e9cits et imaginaires \u00e9cologiques existants, dans les arts en g\u00e9n\u00e9ral et la litt\u00e9rature en particulier, depuis la naissance de l&rsquo;\u00e8re que les scientifiques ont nomm\u00e9 l&rsquo;Anthropoc\u00e8ne (Crutzen et Stoermer&nbsp;: 2000).<\/p>\n<\/div>\n\n\n\n<div class=\"wp-block-column is-layout-flow wp-block-column-is-layout-flow\">\n<p><strong>\u00c9TUDIER<\/strong>&nbsp;ces r\u00e9cits et ces imaginaires en valorisant les perspectives existantes (notamment de l&rsquo;\u00e9co-po\u00e9tique et de l&rsquo;\u00e9co-critique) et en d\u00e9veloppant de nouveaux outils pour la recherche en sciences humaines.<\/p>\n<\/div>\n\n\n\n<div class=\"wp-block-column is-layout-flow wp-block-column-is-layout-flow\">\n<p><strong>TRANSMETTRE&nbsp;<\/strong>ces imaginaires et ces r\u00e9cits au travers d&rsquo;\u00e9v\u00e9nements culturels et institutionnels (formations, conf\u00e9rences publiques, ateliers) pour favoriser leur appropriation par le grand public et int\u00e9grer les enjeux qu&rsquo;ils refl\u00e8tent au d\u00e9bat d\u00e9mocratique.<br><\/p>\n<\/div>\n<\/div>\n\n\n\n<p>Depuis 2022, l&rsquo;ORIA est coordonn\u00e9 par Colin Pahlisch, chercheur en facult\u00e9 des Lettres \u00e0 l\u2019UNIL et membre du Centre de comp\u00e9tences en durabilit\u00e9.<\/p>\n\n\n<ul class=\"wp-block-latest-posts__list wp-block-latest-posts\"><\/ul>\n\n\n\n\n<h3 class=\"wp-block-heading\">Membres<\/h3>\n\n\n\n<figure class=\"wp-block-table is-style-stripes\"><table class=\"has-fixed-layout\"><thead><tr><th class=\"has-text-align-left\" data-align=\"left\">Nom<\/th><th class=\"has-text-align-left\" data-align=\"left\">Domaine de recherche<\/th><th class=\"has-text-align-left\" data-align=\"left\">Institut de rattachement<\/th><th>Statut au sein de l&rsquo;ORIA<\/th><\/tr><\/thead><tbody><tr><td class=\"has-text-align-left\" data-align=\"left\">Colin Pahlisch<\/td><td class=\"has-text-align-left\" data-align=\"left\">Charg\u00e9 de projet et chercheur sp\u00e9cialis\u00e9<\/td><td class=\"has-text-align-left\" data-align=\"left\">CCD &#8211; UNIL (STRIVE)<\/td><td>Coordinateur<\/td><\/tr><tr><td class=\"has-text-align-left\" data-align=\"left\">Valentine Girardier<\/td><td class=\"has-text-align-left\" data-align=\"left\">Doctorante en sciences sociales et politiques&nbsp;<\/td><td class=\"has-text-align-left\" data-align=\"left\">UNIL \u2013 Facult\u00e9 SSP<\/td><td>Active<\/td><\/tr><tr><td class=\"has-text-align-left\" data-align=\"left\">Thalie Schmidt<\/td><td class=\"has-text-align-left\" data-align=\"left\">Doctorante en psychologie<\/td><td class=\"has-text-align-left\" data-align=\"left\">UNIL \u2013 Facult\u00e9 SSP<\/td><td>Active<\/td><\/tr><tr><td class=\"has-text-align-left\" data-align=\"left\">Beno\u00eet Ischer<\/td><td class=\"has-text-align-left\" data-align=\"left\">Doctorant en Th\u00e9ologie<\/td><td class=\"has-text-align-left\" data-align=\"left\">UNIGE \u2013 Facult\u00e9 de Th\u00e9ologie<\/td><td>Actif<\/td><\/tr><tr><td class=\"has-text-align-left\" data-align=\"left\">Gaspard Turin<\/td><td class=\"has-text-align-left\" data-align=\"left\">Charg\u00e9 d\u2019enseignement en didactique de la litt\u00e9rature<\/td><td class=\"has-text-align-left\" data-align=\"left\">UNIGE &#8211; Institut de didactique<\/td><td>Actif<\/td><\/tr><tr><td class=\"has-text-align-left\" data-align=\"left\">Karim Skandrani<\/td><td class=\"has-text-align-left\" data-align=\"left\">Doctorant en histoire contemporaine<\/td><td class=\"has-text-align-left\" data-align=\"left\">UNIL &#8211; Facult\u00e9 SSP<\/td><td>Actif<\/td><\/tr><tr><td class=\"has-text-align-left\" data-align=\"left\">Horace Perret<\/td><td class=\"has-text-align-left\" data-align=\"left\">M\u00e9ditation scientifique<\/td><td class=\"has-text-align-left\" data-align=\"left\"><\/td><td>Actif<\/td><\/tr><tr><td class=\"has-text-align-left\" data-align=\"left\">Nicolas Schaffter<\/td><td class=\"has-text-align-left\" data-align=\"left\">M\u00e9diation scientifique<\/td><td class=\"has-text-align-left\" data-align=\"left\">UNIL &#8211; L&rsquo;Eprouvette<\/td><td>Actif<\/td><\/tr><tr><td class=\"has-text-align-left\" data-align=\"left\">Sophie Desbiolles<\/td><td class=\"has-text-align-left\" data-align=\"left\">Doctorante en \u00e9tudes cin\u00e9matographiques<\/td><td class=\"has-text-align-left\" data-align=\"left\">UNIL &#8211; Facult\u00e9 des Lettres<\/td><td>Active<\/td><\/tr><tr><td class=\"has-text-align-left\" data-align=\"left\">Margaux Chehab<\/td><td class=\"has-text-align-left\" data-align=\"left\">Doctorante en sciences de l\u2019\u00e9ducation<\/td><td class=\"has-text-align-left\" data-align=\"left\">Haute \u00e9cole f\u00e9d\u00e9rale en formation professionnelle<\/td><td>Active<\/td><\/tr><tr><td class=\"has-text-align-left\" data-align=\"left\">C\u00e9lia de Pietro<\/td><td class=\"has-text-align-left\" data-align=\"left\">Doctorante en sciences sociales et politiques<\/td><td class=\"has-text-align-left\" data-align=\"left\">UNIL \u2013 Facult\u00e9 SSP<\/td><td>Passive<\/td><\/tr><tr><td class=\"has-text-align-left\" data-align=\"left\">H\u00e9l\u00e8ne Cordier<\/td><td class=\"has-text-align-left\" data-align=\"left\">Enseignante en litt\u00e9rature fran\u00e7aise<\/td><td class=\"has-text-align-left\" data-align=\"left\">Gymnase de Burier<\/td><td>Passive<\/td><\/tr><tr><td class=\"has-text-align-left\" data-align=\"left\">Manon Tardy<\/td><td class=\"has-text-align-left\" data-align=\"left\">Doctorante en litt\u00e9rature compar\u00e9e<\/td><td class=\"has-text-align-left\" data-align=\"left\">Universit\u00e9 de Nantes<\/td><td>Passive<\/td><\/tr><\/tbody><\/table><\/figure>\n<\/div><\/div>\n\n\n\n<p><\/p>\n","protected":false},"excerpt":{"rendered":"<p>Qu&rsquo;est-ce que l&rsquo;ORIA ? L\u2019Observatoire des r\u00e9cits et imaginaires de l&rsquo;anthropoc\u00e8ne (ORIA)&nbsp;est un organisme de recherche, de veille et de prospective scientifique. Il est rattach\u00e9 au Centre de&hellip;<\/p>\n","protected":false},"author":1002526,"featured_media":0,"parent":0,"menu_order":0,"comment_status":"closed","ping_status":"closed","template":"template-full-width.php","meta":{"_seopress_robots_primary_cat":"","_seopress_titles_title":"","_seopress_titles_desc":"","_seopress_robots_index":"","_uag_custom_page_level_css":"","footnotes":""},"class_list":["post-1303","page","type-page","status-publish","has-post-thumbnail"],"uagb_featured_image_src":{"full":false,"thumbnail":false,"medium":false,"medium_large":false,"large":false,"1536x1536":false,"2048x2048":false,"post-thumbnail":false,"chaplin_preview_image_low_resolution":false,"chaplin_preview_image_high_resolution":false,"chaplin_fullscreen":false,"mailpoet_newsletter_max":false},"uagb_author_info":{"display_name":"Niccolo Panozzo","author_link":"https:\/\/wp.unil.ch\/ecotopiales\/author\/npanozzo\/"},"uagb_comment_info":0,"uagb_excerpt":"Qu&rsquo;est-ce que l&rsquo;ORIA ? L\u2019Observatoire des r\u00e9cits et imaginaires de l&rsquo;anthropoc\u00e8ne (ORIA)&nbsp;est un organisme de recherche, de veille et de prospective scientifique. Il est rattach\u00e9 au Centre de&hellip;","_links":{"self":[{"href":"https:\/\/wp.unil.ch\/ecotopiales\/wp-json\/wp\/v2\/pages\/1303","targetHints":{"allow":["GET"]}}],"collection":[{"href":"https:\/\/wp.unil.ch\/ecotopiales\/wp-json\/wp\/v2\/pages"}],"about":[{"href":"https:\/\/wp.unil.ch\/ecotopiales\/wp-json\/wp\/v2\/types\/page"}],"author":[{"embeddable":true,"href":"https:\/\/wp.unil.ch\/ecotopiales\/wp-json\/wp\/v2\/users\/1002526"}],"replies":[{"embeddable":true,"href":"https:\/\/wp.unil.ch\/ecotopiales\/wp-json\/wp\/v2\/comments?post=1303"}],"version-history":[{"count":5,"href":"https:\/\/wp.unil.ch\/ecotopiales\/wp-json\/wp\/v2\/pages\/1303\/revisions"}],"predecessor-version":[{"id":2062,"href":"https:\/\/wp.unil.ch\/ecotopiales\/wp-json\/wp\/v2\/pages\/1303\/revisions\/2062"}],"wp:attachment":[{"href":"https:\/\/wp.unil.ch\/ecotopiales\/wp-json\/wp\/v2\/media?parent=1303"}],"curies":[{"name":"wp","href":"https:\/\/api.w.org\/{rel}","templated":true}]}}