{"id":1171,"date":"2024-11-18T16:31:40","date_gmt":"2024-11-18T15:31:40","guid":{"rendered":"https:\/\/wp.unil.ch\/ecotopiales\/?page_id=1171"},"modified":"2024-11-21T09:01:15","modified_gmt":"2024-11-21T08:01:15","slug":"dans-la-presse","status":"publish","type":"page","link":"https:\/\/wp.unil.ch\/ecotopiales\/dans-la-presse\/","title":{"rendered":"DANS LA PRESSE"},"content":{"rendered":"\n<ul class=\"wp-block-list\">\n<li>29.10.20024, Vertigo (RTS) : <a href=\"https:\/\/www.rts.ch\/audio-podcast\/2024\/audio\/premiere-edition-du-festival-les-ecotopiales-28678205.html\">Premi\u00e8re \u00e9dition du Festival \u00ab\u00a0Les Ecotopiales\u00a0\u00bb<\/a><\/li>\n\n\n\n<li>24.10.20214, Livre Suisse : <a href=\"https:\/\/www.livresuisse.ch\/blog\/ecotopiales-festival-des-imaginaires-ecologiques\">\u00c9cotopiales, festival des imaginaires \u00e9cologiques<\/a><\/li>\n\n\n\n<li>08.10.2024, Terre&amp;Nature : <a href=\"https:\/\/unils-my.sharepoint.com\/:b:\/g\/personal\/centredurabilite_unil_ch\/EVfx3QkB82hOteaAWg5aurgB7ZMSdFxjkQ3vnBYiveT0VQ?e=Fiegfz\">Un festival pour transformer l&rsquo;\u00e9coanxi\u00e9t\u00e9 en force de changement<\/a><\/li>\n\n\n\n<li>03.10.2024, fabula : <a href=\"https:\/\/www.fabula.org\/actualites\/122940\/rouvrir-le-temps-lausanne.html\">Rouvrir le temps<\/a><\/li>\n\n\n\n<li>10.2024, L&rsquo;Auditoire : <a href=\"https:\/\/wp.unil.ch\/ecotopiales\/files\/2024\/11\/Lauditoire_maquette.finale_282.pdf\">Les \u00c9cotopiales<\/a><\/li>\n\n\n\n<li>23.09.2024, Uniscope : <a href=\"https:\/\/wp.unil.ch\/uniscope\/refaire-notre-monde\/\">Refaire notre monde aux limites plan\u00e9taires<\/a><\/li>\n<\/ul>\n","protected":false},"excerpt":{"rendered":"","protected":false},"author":1002526,"featured_media":0,"parent":0,"menu_order":0,"comment_status":"closed","ping_status":"closed","template":"template-full-width.php","meta":{"_seopress_robots_primary_cat":"","_seopress_titles_title":"","_seopress_titles_desc":"","_seopress_robots_index":"","_uag_custom_page_level_css":"","footnotes":""},"class_list":["post-1171","page","type-page","status-publish","has-post-thumbnail"],"uagb_featured_image_src":{"full":false,"thumbnail":false,"medium":false,"medium_large":false,"large":false,"1536x1536":false,"2048x2048":false,"post-thumbnail":false,"chaplin_preview_image_low_resolution":false,"chaplin_preview_image_high_resolution":false,"chaplin_fullscreen":false,"mailpoet_newsletter_max":false},"uagb_author_info":{"display_name":"Niccolo Panozzo","author_link":"https:\/\/wp.unil.ch\/ecotopiales\/author\/npanozzo\/"},"uagb_comment_info":0,"uagb_excerpt":null,"_links":{"self":[{"href":"https:\/\/wp.unil.ch\/ecotopiales\/wp-json\/wp\/v2\/pages\/1171","targetHints":{"allow":["GET"]}}],"collection":[{"href":"https:\/\/wp.unil.ch\/ecotopiales\/wp-json\/wp\/v2\/pages"}],"about":[{"href":"https:\/\/wp.unil.ch\/ecotopiales\/wp-json\/wp\/v2\/types\/page"}],"author":[{"embeddable":true,"href":"https:\/\/wp.unil.ch\/ecotopiales\/wp-json\/wp\/v2\/users\/1002526"}],"replies":[{"embeddable":true,"href":"https:\/\/wp.unil.ch\/ecotopiales\/wp-json\/wp\/v2\/comments?post=1171"}],"version-history":[{"count":2,"href":"https:\/\/wp.unil.ch\/ecotopiales\/wp-json\/wp\/v2\/pages\/1171\/revisions"}],"predecessor-version":[{"id":1215,"href":"https:\/\/wp.unil.ch\/ecotopiales\/wp-json\/wp\/v2\/pages\/1171\/revisions\/1215"}],"wp:attachment":[{"href":"https:\/\/wp.unil.ch\/ecotopiales\/wp-json\/wp\/v2\/media?parent=1171"}],"curies":[{"name":"wp","href":"https:\/\/api.w.org\/{rel}","templated":true}]}}