{"id":459,"date":"2020-01-13T15:56:47","date_gmt":"2020-01-13T14:56:47","guid":{"rendered":"http:\/\/wp.unil.ch\/echosduvivant\/?page_id=459"},"modified":"2025-11-19T20:05:22","modified_gmt":"2025-11-19T19:05:22","slug":"pedagogie","status":"publish","type":"page","link":"https:\/\/wp.unil.ch\/echosduvivant\/pedagogie\/","title":{"rendered":"Mat\u00e9riel p\u00e9dagogique"},"content":{"rendered":"\n<p>Vous trouverez ici des propositions d\u2019activit\u00e9s p\u00e9dagogiques \u00e0 mener avec vos \u00e9l\u00e8ves, en lien avec les sujets d\u00e9velopp\u00e9s dans les newsletters \u00c9chos du vivant. L\u2019objectif est de faciliter la t\u00e2che \u00e0 celles et ceux qui souhaitent utiliser les newsletters en classe et\/ou approfondir les th\u00e9matiques qui y sont abord\u00e9es.<\/p>\n\n\n\n<p>Ces propositions n\u2019engagent que leurs auteurs et autrices mais pourraient encourager chacun\u00b7e \u00e0 d\u00e9velopper des activit\u00e9s en classe se basant sur l\u2019actualit\u00e9 scientifique, en particulier celle de la Facult\u00e9 de biologie et de m\u00e9decine de l\u2019Unil.<\/p>\n\n\n\n<p>Tous les documents sont disponibles aux formats PDF et <em>Word<\/em> et peuvent \u00eatre modifi\u00e9s \u00e0 votre guise. <strong>Nous vous remercions de les utiliser \u00e0 des fins d\u2019enseignement uniquement<\/strong>.<\/p>\n\n\n\n<p class=\"has-text-align-right\">Le Comit\u00e9 r\u00e9dactionnel d\u2019\u00c9chos du vivant<br><\/p>\n\n\n\n<p><br><a href=\"https:\/\/wp.unil.ch\/echosduvivant\/pedagogie\/pedagogie-2\/\"><strong>Acc\u00e8s au mat\u00e9riel p\u00e9dagogique<\/strong><\/a> (avec mot de passe uniquement)<\/p>\n\n\n\n<p><\/p>\n\n\n\n<p>Si vous \u00eates enseignant\u00b7e de biologie et que vous souhaitez acc\u00e9der au mat\u00e9riel p\u00e9dagogique (ou que vous avez perdu votre mot de passe), merci d\u2019envoyer un courriel \u00e0 <a href=\"mailto:echosduvivant@unil.ch\">echosduvivant@unil.ch<\/a>.<\/p>\n","protected":false},"excerpt":{"rendered":"<p>Vous trouverez ici des propositions d\u2019activit\u00e9s p\u00e9dagogiques \u00e0 mener avec vos \u00e9l\u00e8ves, en lien avec les sujets d\u00e9velopp\u00e9s dans les newsletters \u00c9chos du vivant. L\u2019objectif est de faciliter la t\u00e2che \u00e0 celles et ceux qui souhaitent utiliser les newsletters en<\/p>\n","protected":false},"author":855,"featured_media":0,"parent":0,"menu_order":3,"comment_status":"closed","ping_status":"closed","template":"","meta":{"_seopress_robots_primary_cat":"","_seopress_titles_title":"","_seopress_titles_desc":"","_seopress_robots_index":"","footnotes":""},"class_list":["post-459","page","type-page","status-publish"],"_links":{"self":[{"href":"https:\/\/wp.unil.ch\/echosduvivant\/wp-json\/wp\/v2\/pages\/459","targetHints":{"allow":["GET"]}}],"collection":[{"href":"https:\/\/wp.unil.ch\/echosduvivant\/wp-json\/wp\/v2\/pages"}],"about":[{"href":"https:\/\/wp.unil.ch\/echosduvivant\/wp-json\/wp\/v2\/types\/page"}],"author":[{"embeddable":true,"href":"https:\/\/wp.unil.ch\/echosduvivant\/wp-json\/wp\/v2\/users\/855"}],"replies":[{"embeddable":true,"href":"https:\/\/wp.unil.ch\/echosduvivant\/wp-json\/wp\/v2\/comments?post=459"}],"version-history":[{"count":2,"href":"https:\/\/wp.unil.ch\/echosduvivant\/wp-json\/wp\/v2\/pages\/459\/revisions"}],"predecessor-version":[{"id":1042,"href":"https:\/\/wp.unil.ch\/echosduvivant\/wp-json\/wp\/v2\/pages\/459\/revisions\/1042"}],"wp:attachment":[{"href":"https:\/\/wp.unil.ch\/echosduvivant\/wp-json\/wp\/v2\/media?parent=459"}],"curies":[{"name":"wp","href":"https:\/\/api.w.org\/{rel}","templated":true}]}}