{"id":389,"date":"2019-12-11T10:43:35","date_gmt":"2019-12-11T09:43:35","guid":{"rendered":"http:\/\/wp.unil.ch\/echosduvivant\/?page_id=389"},"modified":"2026-03-31T10:31:19","modified_gmt":"2026-03-31T08:31:19","slug":"rencontres","status":"publish","type":"page","link":"https:\/\/wp.unil.ch\/echosduvivant\/rencontres\/","title":{"rendered":"Rencontres"},"content":{"rendered":"\n<p class=\"has-text-color has-link-color wp-elements-63b634b545d53f6dee0d37aa430cd8c4\" style=\"color:#af4c64\"><\/p>\n\n\n\n<p>En compl\u00e9ment \u00e0 la newsletter, une \u00abRencontre \u00c9chos du vivant\u00bb est organis\u00e9e en principe une fois dans l\u2019ann\u00e9e. L\u2019occasion pour les enseignant\u00b7es de biologie du Secondaire II (gymnase, coll\u00e8ge ou lyc\u00e9e selon les cantons) de d\u00e9couvrir des activit\u00e9s et des travaux de pointe men\u00e9s \u00e0 la FBM, ainsi que d\u2019\u00e9changer avec des chercheuses et chercheurs durant une apr\u00e8s-midi.<\/p>\n\n\n\n\n\n<p>Revivre les pr\u00e9c\u00e9dentes \u00e9ditions:<\/p>\n\n\n\n<hr class=\"wp-block-separator has-text-color has-cyan-bluish-gray-color has-alpha-channel-opacity has-cyan-bluish-gray-background-color has-background is-style-wide\" \/>\n\n\n\n<div class=\"wp-block-group\"><div class=\"wp-block-group__inner-container is-layout-constrained wp-block-group-is-layout-constrained\"><div class=\"wp-block-image\">\n<figure class=\"alignleft size-full\"><img alt=\"\" decoding=\"async\" src=\"https:\/\/wp.unil.ch\/echosduvivant\/files\/2026\/03\/stick_insect.png\" alt=\"\" class=\"wp-image-950\" \/><\/figure>\n<\/div>\n\n\n<p><strong>Des enseignant\u00b7es rencontrent les \u00absexpert\u00b7es\u00bb de l\u2019Unil<\/strong><br>(<a href=\"https:\/\/www.unil.ch\/news\/1774429744961\">en savoir plus<\/a>)<\/p>\n<\/div><\/div>\n\n\n\n<hr class=\"wp-block-separator has-text-color has-cyan-bluish-gray-color has-alpha-channel-opacity has-cyan-bluish-gray-background-color has-background is-style-wide\" \/>\n\n\n\n<div class=\"wp-block-group\"><div class=\"wp-block-group__inner-container is-layout-constrained wp-block-group-is-layout-constrained\"><div class=\"wp-block-image\">\n<figure class=\"alignleft size-full\"><img alt=\"\" loading=\"lazy\" decoding=\"async\" width=\"100\" height=\"75\" src=\"https:\/\/wp.unil.ch\/echosduvivant\/files\/2025\/01\/tit.png\" alt=\"\" class=\"wp-image-950\" \/><\/figure>\n<\/div>\n\n\n<p><strong>Le campus de Dorigny, un laboratoire \u00e0 ciel ouvert: d\u00e9couverte des recherches sur les relations h\u00f4tes-parasites<\/strong><br>(<a href=\"https:\/\/www.unil.ch\/news\/1744642949076\">en savoir plus<\/a>)<\/p>\n<\/div><\/div>\n\n\n\n<hr class=\"wp-block-separator has-text-color has-cyan-bluish-gray-color has-alpha-channel-opacity has-cyan-bluish-gray-background-color has-background is-style-wide\" \/>\n\n\n\n<div class=\"wp-block-group\"><div class=\"wp-block-group__inner-container is-layout-constrained wp-block-group-is-layout-constrained\"><div class=\"wp-block-image\">\n<figure class=\"alignleft size-full\"><img alt=\"\" loading=\"lazy\" decoding=\"async\" width=\"100\" height=\"75\" src=\"https:\/\/wp.unil.ch\/echosduvivant\/files\/2024\/04\/brain.png\" alt=\"\" class=\"wp-image-798\" \/><\/figure>\n<\/div>\n\n\n<p><strong>D\u00e9couverte du Centre de neurosciences psychiatriques CHUV-Unil<\/strong><br>(<a href=\"https:\/\/news.unil.ch\/display\/1713944802774\">en savoir plus<\/a>)<\/p>\n<\/div><\/div>\n\n\n\n<hr class=\"wp-block-separator has-text-color has-cyan-bluish-gray-color has-alpha-channel-opacity has-cyan-bluish-gray-background-color has-background is-style-wide\" \/>\n\n\n\n<div class=\"wp-block-group\"><div class=\"wp-block-group__inner-container is-layout-constrained wp-block-group-is-layout-constrained\"><div class=\"wp-block-image\">\n<figure class=\"alignleft size-full\"><img alt=\"\" loading=\"lazy\" decoding=\"async\" width=\"100\" height=\"75\" src=\"https:\/\/wp.unil.ch\/echosduvivant\/files\/2023\/03\/sneaker.png\" alt=\"\" class=\"wp-image-716\" \/><\/figure>\n<\/div>\n\n\n<p><strong>D\u00e9couverte de l\u2019Institut des sciences du sport de l\u2019Unil<\/strong><br>(<a href=\"https:\/\/news.unil.ch\/display\/1679992530315\">en savoir plus<\/a>)<\/p>\n<\/div><\/div>\n\n\n\n<hr class=\"wp-block-separator has-text-color has-cyan-bluish-gray-color has-alpha-channel-opacity has-cyan-bluish-gray-background-color has-background is-style-wide\" \/>\n\n\n\n<div class=\"wp-block-group\"><div class=\"wp-block-group__inner-container is-layout-constrained wp-block-group-is-layout-constrained\"><div class=\"wp-block-image\">\n<figure class=\"alignleft size-full\"><img alt=\"\" loading=\"lazy\" decoding=\"async\" width=\"100\" height=\"75\" src=\"https:\/\/wp.unil.ch\/echosduvivant\/files\/2022\/05\/bee-1.png\" alt=\"\" class=\"wp-image-672\" \/><\/figure>\n<\/div>\n\n\n<p><strong>D\u00e9couverte du microbiote des abeilles au D\u00e9partement de microbiologie fondamentale de l\u2019Unil<\/strong><br>(<a href=\"https:\/\/news.unil.ch\/display\/1652860724296\">en savoir plus<\/a>)<\/p>\n<\/div><\/div>\n\n\n\n<hr class=\"wp-block-separator has-text-color has-cyan-bluish-gray-color has-alpha-channel-opacity has-cyan-bluish-gray-background-color has-background is-style-wide\" \/>\n\n\n\n<div class=\"wp-block-group\"><div class=\"wp-block-group__inner-container is-layout-constrained wp-block-group-is-layout-constrained\"><div class=\"wp-block-image\">\n<figure class=\"alignleft size-full\"><img alt=\"\" loading=\"lazy\" decoding=\"async\" width=\"100\" height=\"75\" src=\"https:\/\/wp.unil.ch\/echosduvivant\/files\/2020\/01\/oreiller.png\" alt=\"\" class=\"wp-image-453\" \/><\/figure>\n<\/div>\n\n\n<p><strong>Visite du Centre d\u2019investigation et de recherche sur le sommeil du CHUV<br><\/strong>(<a rel=\"noopener noreferrer\" href=\"https:\/\/news.unil.ch\/display\/1555408110288\" target=\"_blank\">en savoir plus<\/a>)<\/p>\n<\/div><\/div>\n\n\n\n<hr class=\"wp-block-separator has-text-color has-cyan-bluish-gray-color has-alpha-channel-opacity has-cyan-bluish-gray-background-color has-background is-style-wide\" \/>\n\n\n\n<div class=\"wp-block-group\"><div class=\"wp-block-group__inner-container is-layout-constrained wp-block-group-is-layout-constrained\"><div class=\"wp-block-image\">\n<figure class=\"alignleft size-full\"><img alt=\"\" loading=\"lazy\" decoding=\"async\" width=\"100\" height=\"75\" src=\"https:\/\/wp.unil.ch\/echosduvivant\/files\/2020\/01\/corps.png\" alt=\"\" class=\"wp-image-454\" \/><\/figure>\n<\/div>\n\n\n<p><strong>Visite du Centre universitaire romand de m\u00e9decine l\u00e9gale<br><\/strong>(<a rel=\"noopener noreferrer\" href=\"https:\/\/news.unil.ch\/display\/1490599291235\" target=\"_blank\">en savoir plus<\/a>)<\/p>\n<\/div><\/div>\n\n\n\n<hr class=\"wp-block-separator has-text-color has-cyan-bluish-gray-color has-alpha-channel-opacity has-cyan-bluish-gray-background-color has-background is-style-wide\" \/>\n\n\n\n<div class=\"wp-block-group\"><div class=\"wp-block-group__inner-container is-layout-constrained wp-block-group-is-layout-constrained\"><div class=\"wp-block-image\">\n<figure class=\"alignleft size-full\"><img alt=\"\" loading=\"lazy\" decoding=\"async\" width=\"100\" height=\"75\" src=\"https:\/\/wp.unil.ch\/echosduvivant\/files\/2020\/01\/souris.png\" alt=\"\" class=\"wp-image-455\" \/><\/figure>\n<\/div>\n\n\n<p><strong>Visite de l\u2019animalerie et des laboratoires du D\u00e9partement de physiologie de l\u2019Unil<br><\/strong>(<a href=\"https:\/\/news.unil.ch\/display\/1457361062541115\" target=\"_blank\" rel=\"noopener noreferrer\">en savoir plus<\/a>)<\/p>\n<\/div><\/div>\n","protected":false},"excerpt":{"rendered":"<p>En compl\u00e9ment \u00e0 la newsletter, une \u00abRencontre \u00c9chos du vivant\u00bb est organis\u00e9e en principe une fois dans l\u2019ann\u00e9e. L\u2019occasion pour les enseignant\u00b7es de biologie du Secondaire II (gymnase, coll\u00e8ge ou lyc\u00e9e selon les cantons) de d\u00e9couvrir des activit\u00e9s et des<\/p>\n","protected":false},"author":855,"featured_media":0,"parent":0,"menu_order":2,"comment_status":"closed","ping_status":"closed","template":"","meta":{"_seopress_robots_primary_cat":"","_seopress_titles_title":"","_seopress_titles_desc":"","_seopress_robots_index":"","footnotes":""},"class_list":["post-389","page","type-page","status-publish"],"_links":{"self":[{"href":"https:\/\/wp.unil.ch\/echosduvivant\/wp-json\/wp\/v2\/pages\/389","targetHints":{"allow":["GET"]}}],"collection":[{"href":"https:\/\/wp.unil.ch\/echosduvivant\/wp-json\/wp\/v2\/pages"}],"about":[{"href":"https:\/\/wp.unil.ch\/echosduvivant\/wp-json\/wp\/v2\/types\/page"}],"author":[{"embeddable":true,"href":"https:\/\/wp.unil.ch\/echosduvivant\/wp-json\/wp\/v2\/users\/855"}],"replies":[{"embeddable":true,"href":"https:\/\/wp.unil.ch\/echosduvivant\/wp-json\/wp\/v2\/comments?post=389"}],"version-history":[{"count":5,"href":"https:\/\/wp.unil.ch\/echosduvivant\/wp-json\/wp\/v2\/pages\/389\/revisions"}],"predecessor-version":[{"id":1116,"href":"https:\/\/wp.unil.ch\/echosduvivant\/wp-json\/wp\/v2\/pages\/389\/revisions\/1116"}],"wp:attachment":[{"href":"https:\/\/wp.unil.ch\/echosduvivant\/wp-json\/wp\/v2\/media?parent=389"}],"curies":[{"name":"wp","href":"https:\/\/api.w.org\/{rel}","templated":true}]}}