{"id":376,"date":"2019-12-03T11:11:01","date_gmt":"2019-12-03T10:11:01","guid":{"rendered":"http:\/\/wp.unil.ch\/echosduvivant\/?page_id=376"},"modified":"2025-11-19T20:14:50","modified_gmt":"2025-11-19T19:14:50","slug":"contact-abonnements","status":"publish","type":"page","link":"https:\/\/wp.unil.ch\/echosduvivant\/contact-abonnements\/","title":{"rendered":"Abonnement &amp; contact"},"content":{"rendered":"<script type=\"text\/javascript\">\n\/* <![CDATA[ *\/\nvar gform;gform||(document.addEventListener(\"gform_main_scripts_loaded\",function(){gform.scriptsLoaded=!0}),document.addEventListener(\"gform\/theme\/scripts_loaded\",function(){gform.themeScriptsLoaded=!0}),window.addEventListener(\"DOMContentLoaded\",function(){gform.domLoaded=!0}),gform={domLoaded:!1,scriptsLoaded:!1,themeScriptsLoaded:!1,isFormEditor:()=>\"function\"==typeof InitializeEditor,callIfLoaded:function(o){return!(!gform.domLoaded||!gform.scriptsLoaded||!gform.themeScriptsLoaded&&!gform.isFormEditor()||(gform.isFormEditor()&&console.warn(\"The use of gform.initializeOnLoaded() is deprecated in the form editor context and will be removed in Gravity Forms 3.1.\"),o(),0))},initializeOnLoaded:function(o){gform.callIfLoaded(o)||(document.addEventListener(\"gform_main_scripts_loaded\",()=>{gform.scriptsLoaded=!0,gform.callIfLoaded(o)}),document.addEventListener(\"gform\/theme\/scripts_loaded\",()=>{gform.themeScriptsLoaded=!0,gform.callIfLoaded(o)}),window.addEventListener(\"DOMContentLoaded\",()=>{gform.domLoaded=!0,gform.callIfLoaded(o)}))},hooks:{action:{},filter:{}},addAction:function(o,r,e,t){gform.addHook(\"action\",o,r,e,t)},addFilter:function(o,r,e,t){gform.addHook(\"filter\",o,r,e,t)},doAction:function(o){gform.doHook(\"action\",o,arguments)},applyFilters:function(o){return gform.doHook(\"filter\",o,arguments)},removeAction:function(o,r){gform.removeHook(\"action\",o,r)},removeFilter:function(o,r,e){gform.removeHook(\"filter\",o,r,e)},addHook:function(o,r,e,t,n){null==gform.hooks[o][r]&&(gform.hooks[o][r]=[]);var d=gform.hooks[o][r];null==n&&(n=r+\"_\"+d.length),gform.hooks[o][r].push({tag:n,callable:e,priority:t=null==t?10:t})},doHook:function(r,o,e){var t;if(e=Array.prototype.slice.call(e,1),null!=gform.hooks[r][o]&&((o=gform.hooks[r][o]).sort(function(o,r){return o.priority-r.priority}),o.forEach(function(o){\"function\"!=typeof(t=o.callable)&&(t=window[t]),\"action\"==r?t.apply(null,e):e[0]=t.apply(null,e)})),\"filter\"==r)return e[0]},removeHook:function(o,r,t,n){var e;null!=gform.hooks[o][r]&&(e=(e=gform.hooks[o][r]).filter(function(o,r,e){return!!(null!=n&&n!=o.tag||null!=t&&t!=o.priority)}),gform.hooks[o][r]=e)}});\n\/* ]]> *\/\n<\/script>\n\n                <div class='gf_browser_gecko gform_wrapper gravity-theme gform-theme--no-framework' data-form-theme='gravity-theme' data-form-index='0' id='gform_wrapper_15' ><form method='post' enctype='multipart\/form-data'  id='gform_15'  action='\/echosduvivant\/wp-json\/wp\/v2\/pages\/376' data-formid='15' novalidate><div class='gf_invisible ginput_recaptchav3' data-sitekey='6LdujuwpAAAAAPhxRpxIHMzMYtcnJGeT7dAg7O30' data-tabindex='0'><input id=\"input_4c80892ff0f822fe0a44d9d3abb0470e\" class=\"gfield_recaptcha_response\" type=\"hidden\" name=\"input_4c80892ff0f822fe0a44d9d3abb0470e\" value=\"\"\/><\/div>\n                        <div class='gform-body gform_body'><div id='gform_fields_15' class='gform_fields top_label form_sublabel_above description_below validation_below'><div id=\"field_15_19\" class=\"gfield gfield--type-honeypot gform_validation_container field_sublabel_above gfield--has-description field_description_below field_validation_below gfield_visibility_visible\"  ><label class='gfield_label gform-field-label' for='input_15_19'>X\/Twitter<\/label><div class='ginput_container'><input name='input_19' id='input_15_19' type='text' value='' autocomplete='new-password'\/><\/div><div class='gfield_description' id='gfield_description_15_19'>Ce champ n\u2019est utilis\u00e9 qu\u2019\u00e0 des fins de validation et devrait rester inchang\u00e9.<\/div><\/div><div id=\"field_15_15\" class=\"gfield gfield--type-section gfield--input-type-section gsection field_sublabel_above gfield--has-description field_description_below field_validation_below gfield_visibility_hidden\"  ><div class=\"admin-hidden-markup\"><i class=\"gform-icon gform-icon--hidden\" aria-hidden=\"true\" title=\"Ce champ est masqu\u00e9 lorsque l\u2018on voit le formulaire.\"><\/i><span>Ce champ est masqu\u00e9 lorsque l\u2018on voit le formulaire.<\/span><\/div><h3 class=\"gsection_title\">\u00c9tapes suivantes\u00a0: Synchronisation d\u2019un module de messagerie<\/h3><div class='gsection_description' id='gfield_description_15_15'>Pour tirer le meilleur parti de votre formulaire, nous vous sugg\u00e9rons de le synchroniser avec un module de messagerie. Pour en savoir plus sur les options de votre module de messagerie, consultez la page suivante (https:\/\/www.gravityforms.com\/the-8-best-email-plugins-for-wordpress-in-2020\/). Important\u00a0: Supprimez cette astuce avant de publier le formulaire.<\/div><\/div><fieldset id=\"field_15_16\" class=\"gfield gfield--type-radio gfield--type-choice gfield--input-type-radio gfield--width-full field_sublabel_above gfield--no-description field_description_below field_validation_below gfield_visibility_visible\"  ><legend class='gfield_label gform-field-label screen-reader-text' ><\/legend><div class='ginput_container ginput_container_radio'><div class='gfield_radio' id='input_15_16'>\n\t\t\t<div class='gchoice gchoice_15_16_0'>\n\t\t\t\t\t<input class='gfield-choice-input' name='input_16' type='radio' value='Je souhaite m&#039;abonner \u00e0 la newsletter'  id='choice_15_16_0' onchange='gformToggleRadioOther( this )'    \/>\n\t\t\t\t\t<label for='choice_15_16_0' id='label_15_16_0' class='gform-field-label gform-field-label--type-inline'>Je souhaite m&rsquo;abonner \u00e0 la newsletter<\/label>\n\t\t\t<\/div>\n\t\t\t<div class='gchoice gchoice_15_16_1'>\n\t\t\t\t\t<input class='gfield-choice-input' name='input_16' type='radio' value='Je ne veux plus recevoir la newsletter'  id='choice_15_16_1' onchange='gformToggleRadioOther( this )'    \/>\n\t\t\t\t\t<label for='choice_15_16_1' id='label_15_16_1' class='gform-field-label gform-field-label--type-inline'>Je ne veux plus recevoir la newsletter<\/label>\n\t\t\t<\/div><\/div><\/div><\/fieldset><fieldset id=\"field_15_1\" class=\"gfield gfield--type-name gfield--input-type-name gfield_contains_required field_sublabel_above gfield--no-description field_description_below field_validation_below gfield_visibility_visible\"  ><legend class='gfield_label gform-field-label gfield_label_before_complex' >Votre nom<span class=\"gfield_required\"><span class=\"gfield_required gfield_required_text\">(N\u00e9cessaire)<\/span><\/span><\/legend><div class='ginput_complex ginput_container ginput_container--name has_prefix has_first_name no_middle_name has_last_name no_suffix gf_name_has_3 ginput_container_name gform-grid-row' id='input_15_1'>\n                            <span id='input_15_1_2_container' class='name_prefix name_prefix_select gform-grid-col gform-grid-col--size-auto' >\n                                                    <label for='input_15_1_2' class='gform-field-label gform-field-label--type-sub '>Pr\u00e9fixe<\/label>\n                                                    <select name='input_1.2' id='input_15_1_2'   autocomplete=\"honorific-prefix\" aria-required='false'   >\n                          <option value=''><\/option><option value='M.' >M.<\/option><option value='Mme' >Mme<\/option>\n                      <\/select>\n                                                  <\/span>\n                            <span id='input_15_1_3_container' class='name_first gform-grid-col gform-grid-col--size-auto' >\n                                                    <label for='input_15_1_3' class='gform-field-label gform-field-label--type-sub '>Pr\u00e9nom<\/label>\n                                                    <input type='text' name='input_1.3' id='input_15_1_3' value=''   aria-required='true'    autocomplete=\"given-name\" \/>\n                                                <\/span>\n                            \n                            <span id='input_15_1_6_container' class='name_last gform-grid-col gform-grid-col--size-auto' >\n                                                            <label for='input_15_1_6' class='gform-field-label gform-field-label--type-sub '>Nom<\/label>\n                                                            <input type='text' name='input_1.6' id='input_15_1_6' value=''   aria-required='true'    autocomplete=\"family-name\" \/>\n                                                        <\/span>\n                            \n                        <\/div><\/fieldset><fieldset id=\"field_15_4\" class=\"gfield gfield--type-address gfield--input-type-address gfield_contains_required field_sublabel_above gfield--no-description field_description_below field_validation_below gfield_visibility_visible\"  ><legend class='gfield_label gform-field-label gfield_label_before_complex' >Votre adresse<span class=\"gfield_required\"><span class=\"gfield_required gfield_required_text\">(N\u00e9cessaire)<\/span><\/span><\/legend>    \n                    <div class='ginput_complex ginput_container has_street has_city has_zip ginput_container_address gform-grid-row' id='input_15_4' >\n                         <span class='ginput_full address_line_1 ginput_address_line_1 gform-grid-col' id='input_15_4_1_container' >\n                                        <label for='input_15_4_1' id='input_15_4_1_label' class='gform-field-label gform-field-label--type-sub '>Adresse postale<\/label>\n                                        <input type='text' name='input_4.1' id='input_15_4_1' value=''    aria-required='true'   autocomplete=\"address-line1\" \/>\n                                   <\/span><span class='ginput_left address_city ginput_address_city gform-grid-col' id='input_15_4_3_container' >\n                                    <label for='input_15_4_3' id='input_15_4_3_label' class='gform-field-label gform-field-label--type-sub '>Ville<\/label>\n                                    <input type='text' name='input_4.3' id='input_15_4_3' value=''    aria-required='true'   autocomplete=\"address-level2\" \/>\n                                 <\/span><input type='hidden' class='gform_hidden' name='input_4.4' id='input_15_4_4' value=''\/><span class='ginput_right address_zip ginput_address_zip gform-grid-col' id='input_15_4_5_container' >\n                                    <label for='input_15_4_5' id='input_15_4_5_label' class='gform-field-label gform-field-label--type-sub '>Code postal<\/label>\n                                    <input type='text' name='input_4.5' id='input_15_4_5' value=''    aria-required='true'   autocomplete=\"postal-code\" \/>\n                                <\/span><input type='hidden' class='gform_hidden' name='input_4.6' id='input_15_4_6' value='Suisse' \/>\n                    <div class='gf_clear gf_clear_complex'><\/div>\n                <\/div><\/fieldset><div id=\"field_15_11\" class=\"gfield gfield--type-select gfield--input-type-select gfield_contains_required field_sublabel_above gfield--no-description field_description_below field_validation_below gfield_visibility_visible\"  ><label class='gfield_label gform-field-label' for='input_15_11'>Fonction<span class=\"gfield_required\"><span class=\"gfield_required gfield_required_text\">(N\u00e9cessaire)<\/span><\/span><\/label><div class='ginput_container ginput_container_select'><select name='input_11' id='input_15_11' class='medium gfield_select'    aria-required=\"true\" aria-invalid=\"false\" ><option value='Enseignant\u00b7e de biologie au Secondaire II' >Enseignant\u00b7e de biologie au Secondaire II<\/option><option value='Autre enseignant\u00b7e' >Autre enseignant\u00b7e<\/option><option value='Autre' >Autre<\/option><\/select><\/div><\/div><fieldset id=\"field_15_2\" class=\"gfield gfield--type-email gfield--input-type-email gfield_contains_required field_sublabel_above gfield--no-description field_description_below field_validation_below gfield_visibility_visible\"  ><legend class='gfield_label gform-field-label gfield_label_before_complex' >Votre adresse e-mail<span class=\"gfield_required\"><span class=\"gfield_required gfield_required_text\">(N\u00e9cessaire)<\/span><\/span><\/legend><div class='ginput_complex ginput_container ginput_container_email gform-grid-row' id='input_15_2_container'>\n                                <span id='input_15_2_1_container' class='ginput_left gform-grid-col gform-grid-col--size-auto'>\n                                    <label for='input_15_2' class='gform-field-label gform-field-label--type-sub '>Adresse e-mail<\/label>\n                                    <input class='' type='email' name='input_2' id='input_15_2' value=''    aria-required=\"true\" aria-invalid=\"false\"  autocomplete=\"email\"\/>\n                                <\/span>\n                                <span id='input_15_2_2_container' class='ginput_right gform-grid-col gform-grid-col--size-auto'>\n                                    <label for='input_15_2_2' class='gform-field-label gform-field-label--type-sub '>Confirmez l&rsquo;e-mail<\/label>\n                                    <input class='' type='email' name='input_2_2' id='input_15_2_2' value=''    aria-required=\"true\" aria-invalid=\"false\"  autocomplete=\"email\"\/>\n                                <\/span>\n                                <div class='gf_clear gf_clear_complex'><\/div>\n                            <\/div><\/fieldset><div id=\"field_15_17\" class=\"gfield gfield--type-text gfield--input-type-text gfield--width-full field_sublabel_above gfield--no-description field_description_below field_validation_below gfield_visibility_visible\"  ><label class='gfield_label gform-field-label' for='input_15_17'>Pour les enseignant\u00b7es (\u00e9tablissement nom et lieu)<\/label><div class='ginput_container ginput_container_text'><input name='input_17' id='input_15_17' type='text' value='' class='large'      aria-invalid=\"false\"   \/><\/div><\/div><fieldset id=\"field_15_18\" class=\"gfield gfield--type-checkbox gfield--type-choice gfield--input-type-checkbox gfield--width-full field_sublabel_above gfield--no-description field_description_below field_validation_below gfield_visibility_visible\"  ><legend class='gfield_label gform-field-label screen-reader-text gfield_label_before_complex' ><\/legend><div class='ginput_container ginput_container_checkbox'><div class='gfield_checkbox ' id='input_15_18'><div class='gchoice gchoice_15_18_1'>\n\t\t\t\t\t\t\t\t<input class='gfield-choice-input' name='input_18.1' type='checkbox'  value='Je souhaite recevoir d&#039;autres informations concernant les activit\u00e9s et \u00e9v\u00e9nements de la Facult\u00e9 de biologie et de m\u00e9decine de l\u2019Unil'  id='choice_15_18_1'   \/>\n\t\t\t\t\t\t\t\t<label for='choice_15_18_1' id='label_15_18_1' class='gform-field-label gform-field-label--type-inline'>Je souhaite recevoir d&rsquo;autres informations concernant les activit\u00e9s et \u00e9v\u00e9nements de la Facult\u00e9 de biologie et de m\u00e9decine de l\u2019Unil<\/label>\n\t\t\t\t\t\t\t<\/div><\/div><\/div><\/fieldset><\/div><\/div>\n        <div class='gform-footer gform_footer top_label'> <input type='submit' id='gform_submit_button_15' class='gform_button button' onclick='gform.submission.handleButtonClick(this);' data-submission-type='submit' value='Envoyer'  \/> \n            <input type='hidden' class='gform_hidden' name='gform_submission_method' data-js='gform_submission_method_15' value='postback' \/>\n            <input type='hidden' class='gform_hidden' name='gform_theme' data-js='gform_theme_15' id='gform_theme_15' value='gravity-theme' \/>\n            <input type='hidden' class='gform_hidden' name='gform_style_settings' data-js='gform_style_settings_15' id='gform_style_settings_15' value='{&quot;inputPrimaryColor&quot;:&quot;#204ce5&quot;}' \/>\n            <input type='hidden' class='gform_hidden' name='is_submit_15' value='1' \/>\n            <input type='hidden' class='gform_hidden' name='gform_submit' value='15' \/>\n            \n            <input type='hidden' class='gform_hidden' name='gform_currency' data-currency='USD' value='0KR+\/l50CWZKcDDOztsDHLkHM8W16COTIIG99cqQDdSn1mmMYczpznoMAz7woen4WLO0VHd20oeNHb8+okkItbOM2tiDooNtqJUUkbGjgyf2NvM=' \/>\n            <input type='hidden' class='gform_hidden' name='gform_unique_id' value='' \/>\n            <input type='hidden' class='gform_hidden' name='state_15' value='WyJ7XCIxNlwiOltcIjI5ZGUyYTc0OGE5NTVlNWVmYmQ2ODE2MDA3ZmI5YjNmXCIsXCJjYmU4ZDAxM2JiZTMyNWE0MDU0ODdkODAwN2M4NzBiZFwiXSxcIjE4LjFcIjpcImU3MGYxZjZjOTBkMDYxYmY1Y2IyMDA4ZGY5NjFlNGE5XCJ9IiwiMjZmYTNjYWY5ODBlZGE4MGNlMTdhYzNmOWNlZDZiN2MiXQ==' \/>\n            <input type='hidden' autocomplete='off' class='gform_hidden' name='gform_target_page_number_15' id='gform_target_page_number_15' value='0' \/>\n            <input type='hidden' autocomplete='off' class='gform_hidden' name='gform_source_page_number_15' id='gform_source_page_number_15' value='1' \/>\n            <input type='hidden' name='gform_field_values' value='' \/>\n            \n        <\/div>\n                        <\/form>\n                        <\/div><script type=\"text\/javascript\">\n\/* <![CDATA[ *\/\n gform.initializeOnLoaded( function() {gformInitSpinner( 15, 'https:\/\/wp.unil.ch\/echosduvivant\/wp-content\/plugins\/gravityforms\/images\/spinner.svg', true );jQuery('#gform_ajax_frame_15').on('load',function(){var contents = jQuery(this).contents().find('*').html();var is_postback = contents.indexOf('GF_AJAX_POSTBACK') >= 0;if(!is_postback){return;}var form_content = jQuery(this).contents().find('#gform_wrapper_15');var is_confirmation = jQuery(this).contents().find('#gform_confirmation_wrapper_15').length > 0;var is_redirect = contents.indexOf('gformRedirect(){') >= 0;var is_form = form_content.length > 0 && ! is_redirect && ! is_confirmation;var mt = parseInt(jQuery('html').css('margin-top'), 10) + parseInt(jQuery('body').css('margin-top'), 10) + 100;if(is_form){jQuery('#gform_wrapper_15').html(form_content.html());if(form_content.hasClass('gform_validation_error')){jQuery('#gform_wrapper_15').addClass('gform_validation_error');} else {jQuery('#gform_wrapper_15').removeClass('gform_validation_error');}setTimeout( function() { \/* delay the scroll by 50 milliseconds to fix a bug in chrome *\/  }, 50 );if(window['gformInitDatepicker']) {gformInitDatepicker();}if(window['gformInitPriceFields']) {gformInitPriceFields();}var current_page = jQuery('#gform_source_page_number_15').val();gformInitSpinner( 15, 'https:\/\/wp.unil.ch\/echosduvivant\/wp-content\/plugins\/gravityforms\/images\/spinner.svg', true );jQuery(document).trigger('gform_page_loaded', [15, current_page]);window['gf_submitting_15'] = false;}else if(!is_redirect){var confirmation_content = jQuery(this).contents().find('.GF_AJAX_POSTBACK').html();if(!confirmation_content){confirmation_content = contents;}jQuery('#gform_wrapper_15').replaceWith(confirmation_content);jQuery(document).trigger('gform_confirmation_loaded', [15]);window['gf_submitting_15'] = false;wp.a11y.speak(jQuery('#gform_confirmation_message_15').text());}else{jQuery('#gform_15').append(contents);if(window['gformRedirect']) {gformRedirect();}}jQuery(document).trigger(\"gform_pre_post_render\", [{ formId: \"15\", currentPage: \"current_page\", abort: function() { this.preventDefault(); } }]);        if (event && event.defaultPrevented) {                return;        }        const gformWrapperDiv = document.getElementById( \"gform_wrapper_15\" );        if ( gformWrapperDiv ) {            const visibilitySpan = document.createElement( \"span\" );            visibilitySpan.id = \"gform_visibility_test_15\";            gformWrapperDiv.insertAdjacentElement( \"afterend\", visibilitySpan );        }        const visibilityTestDiv = document.getElementById( \"gform_visibility_test_15\" );        let postRenderFired = false;        function triggerPostRender() {            if ( postRenderFired ) {                return;            }            postRenderFired = true;            gform.core.triggerPostRenderEvents( 15, current_page );            if ( visibilityTestDiv ) {                visibilityTestDiv.parentNode.removeChild( visibilityTestDiv );            }        }        function debounce( func, wait, immediate ) {            var timeout;            return function() {                var context = this, args = arguments;                var later = function() {                    timeout = null;                    if ( !immediate ) func.apply( context, args );                };                var callNow = immediate && !timeout;                clearTimeout( timeout );                timeout = setTimeout( later, wait );                if ( callNow ) func.apply( context, args );            };        }        const debouncedTriggerPostRender = debounce( function() {            triggerPostRender();        }, 200 );        if ( visibilityTestDiv && visibilityTestDiv.offsetParent === null ) {            const observer = new MutationObserver( ( mutations ) => {                mutations.forEach( ( mutation ) => {                    if ( mutation.type === 'attributes' && visibilityTestDiv.offsetParent !== null ) {                        debouncedTriggerPostRender();                        observer.disconnect();                    }                });            });            observer.observe( document.body, {                attributes: true,                childList: false,                subtree: true,                attributeFilter: [ 'style', 'class' ],            });        } else {            triggerPostRender();        }    } );} ); \n\/* ]]> *\/\n<\/script>\n\n\n\n<div class=\"wp-block-columns is-layout-flex wp-container-core-columns-is-layout-9d6595d7 wp-block-columns-is-layout-flex\">\n<div class=\"wp-block-column is-layout-flow wp-block-column-is-layout-flow\" style=\"flex-basis:100%\">\n<div class=\"wp-block-columns is-layout-flex wp-container-core-columns-is-layout-9d6595d7 wp-block-columns-is-layout-flex\">\n<div class=\"wp-block-column is-layout-flow wp-block-column-is-layout-flow\">\n<h5 class=\"wp-block-heading\"><strong>Contact<\/strong><\/h5>\n\n\n<div class=\"wp-block-image\">\n<figure class=\"alignleft size-full\"><a href=\"unil.ch\/fbm\"><img loading=\"lazy\" decoding=\"async\" width=\"200\" height=\"93\" src=\"https:\/\/wp.unil.ch\/echosduvivant\/files\/2025\/11\/cropped-unil-logotype-black-rgb-1-scaled-e1763040529245.png\" alt=\"unil logotype black rgb\" class=\"wp-image-1025\" \/><\/a><\/figure>\n<\/div><\/div>\n\n\n\n<p>\u00c9chos du vivant<br>Universit\u00e9 de Lausanne<br>Facult\u00e9 de biologie et de m\u00e9decine<br>Unit\u00e9 de communication<br>Quartier Unil-CHUV<br>Rue du Bugnon 21<br>CH-1011 Lausanne<br><a href=\"mailto:echosduvivant@unil.ch\">Courriel<\/a><\/p>\n\n\n\n<div class=\"wp-block-column is-layout-flow wp-block-column-is-layout-flow\"><\/div>\n<\/div>\n<\/div>\n<\/div>\n\n\n\n<p><\/p>\n\n\n\n<h5 class=\"wp-block-heading\"><strong>Comit\u00e9 r\u00e9dactionnel<\/strong><\/h5>\n\n\n\n<div class=\"wp-block-columns is-layout-flex wp-container-core-columns-is-layout-9d6595d7 wp-block-columns-is-layout-flex\"><\/div>\n\n\n\n<ul class=\"wp-block-list\">\n<li>M\u00e9lanie Affentranger, conseill\u00e8re en communication FBM-Unil, charg\u00e9e du projet \u00c9chos du vivant<\/li>\n\n\n\n<li>Angela Ciuffi, professeure associ\u00e9e FBM-Unil au sein de l\u2019Institut de microbiologie Unil-CHUV, directrice de l\u2019\u00c9cole de biologie<\/li>\n\n\n\n<li>Sveva Grigioni Baur, professeure associ\u00e9e HEP-Vaud en didactique des sciences de la nature, enseignante de biologie au Gymnase de la Cit\u00e9<\/li>\n\n\n\n<li>Solange Grosjean, enseignante de biologie au Gymnase de la Cit\u00e9 et charg\u00e9e d\u2019enseignement en sciences \u00e0 la HEP-Vaud<\/li>\n\n\n\n<li>Manuela Palma de Figueiredo, responsable de la communication FBM-Unil<\/li>\n\n\n\n<li>Claudio Sartori, professeur associ\u00e9 FBM-Unil au sein du Service de m\u00e9decine interne du CHUV<\/li>\n<\/ul>\n\n\n\n<p><em>Ancien\u00b7nes membres<\/em>:<\/p>\n\n\n\n<ul class=\"wp-block-list\">\n<li>Jean-Christophe Decker<\/li>\n\n\n\n<li>Elena Martinez<\/li>\n\n\n\n<li>Liliane Michalik<\/li>\n\n\n\n<li>Peter Vollenweider<\/li>\n<\/ul>\n\n\n\n<p><\/p>\n\n\n\n<p><\/p>\n","protected":false},"excerpt":{"rendered":"<p>Contact \u00c9chos du vivantUniversit\u00e9 de LausanneFacult\u00e9 de biologie et de m\u00e9decineUnit\u00e9 de communicationQuartier Unil-CHUVRue du Bugnon 21CH-1011 LausanneCourriel Comit\u00e9 r\u00e9dactionnel Ancien\u00b7nes membres:<\/p>\n","protected":false},"author":855,"featured_media":0,"parent":0,"menu_order":4,"comment_status":"closed","ping_status":"closed","template":"","meta":{"_seopress_robots_primary_cat":"","_seopress_titles_title":"","_seopress_titles_desc":"","_seopress_robots_index":"","footnotes":""},"class_list":["post-376","page","type-page","status-publish"],"_links":{"self":[{"href":"https:\/\/wp.unil.ch\/echosduvivant\/wp-json\/wp\/v2\/pages\/376","targetHints":{"allow":["GET"]}}],"collection":[{"href":"https:\/\/wp.unil.ch\/echosduvivant\/wp-json\/wp\/v2\/pages"}],"about":[{"href":"https:\/\/wp.unil.ch\/echosduvivant\/wp-json\/wp\/v2\/types\/page"}],"author":[{"embeddable":true,"href":"https:\/\/wp.unil.ch\/echosduvivant\/wp-json\/wp\/v2\/users\/855"}],"replies":[{"embeddable":true,"href":"https:\/\/wp.unil.ch\/echosduvivant\/wp-json\/wp\/v2\/comments?post=376"}],"version-history":[{"count":5,"href":"https:\/\/wp.unil.ch\/echosduvivant\/wp-json\/wp\/v2\/pages\/376\/revisions"}],"predecessor-version":[{"id":1046,"href":"https:\/\/wp.unil.ch\/echosduvivant\/wp-json\/wp\/v2\/pages\/376\/revisions\/1046"}],"wp:attachment":[{"href":"https:\/\/wp.unil.ch\/echosduvivant\/wp-json\/wp\/v2\/media?parent=376"}],"curies":[{"name":"wp","href":"https:\/\/api.w.org\/{rel}","templated":true}]}}