{"id":29,"date":"2011-12-13T00:59:14","date_gmt":"2011-12-12T23:59:14","guid":{"rendered":"http:\/\/wp.unil.ch\/ebnews\/?page_id=29"},"modified":"2024-03-05T09:35:46","modified_gmt":"2024-03-05T08:35:46","slug":"archives","status":"publish","type":"page","link":"https:\/\/wp.unil.ch\/ebnews\/","title":{"rendered":"Tous les num\u00e9ros"},"content":{"rendered":"\n<p><SPAN STYLE=\"font-size:20px;font-family:'Arial';margin-left:45px\"> Derni\u00e8res Parutions<\/span> <\/p>\n\n\n<ul class=\"mailpoet_archive\"><li><span class=\"mailpoet_archive_date\">3 mars 2026<\/span>\n          <span class=\"mailpoet_archive_subject\"><a href=\"https:\/\/wp.unil.ch\/ebnews?mailpoet_router&amp;endpoint=view_in_browser&amp;action=view&amp;data=WzQwLCI1OTAxMDBlNzMxMDciLDAsMCwzMCwxXQ\" target=\"_blank\" title=\"Aper\u00e7u dans un nouvel onglet\">Newsletter n\u00b042<\/a><\/span>\n        <\/li><li><span class=\"mailpoet_archive_date\">9 octobre 2025<\/span>\n          <span class=\"mailpoet_archive_subject\"><a href=\"https:\/\/wp.unil.ch\/ebnews?mailpoet_router&amp;endpoint=view_in_browser&amp;action=view&amp;data=WzM3LCI3Njc0MzRhMDQyNDMiLDAsMCwyNywxXQ\" target=\"_blank\" title=\"Aper\u00e7u dans un nouvel onglet\">Newsletter n\u00b041<\/a><\/span>\n        <\/li><li><span class=\"mailpoet_archive_date\">9 juillet 2025<\/span>\n          <span class=\"mailpoet_archive_subject\"><a href=\"https:\/\/wp.unil.ch\/ebnews?mailpoet_router&amp;endpoint=view_in_browser&amp;action=view&amp;data=WzMxLCI1MTA0YTVmNzc5YzQiLDAsMCwyNSwxXQ\" target=\"_blank\" title=\"Aper\u00e7u dans un nouvel onglet\">Newsletter n\u00b040<\/a><\/span>\n        <\/li><li><span class=\"mailpoet_archive_date\">28 f\u00e9vrier 2025<\/span>\n          <span class=\"mailpoet_archive_subject\"><a href=\"https:\/\/wp.unil.ch\/ebnews?mailpoet_router&amp;endpoint=view_in_browser&amp;action=view&amp;data=WzI5LCI0ZDU4OTY2ODFmYTgiLDAsMCwyMywxXQ\" target=\"_blank\" title=\"Aper\u00e7u dans un nouvel onglet\">Newsletter n\u00b039<\/a><\/span>\n        <\/li><li><span class=\"mailpoet_archive_date\">16 octobre 2024<\/span>\n          <span class=\"mailpoet_archive_subject\"><a href=\"https:\/\/wp.unil.ch\/ebnews?mailpoet_router&amp;endpoint=view_in_browser&amp;action=view&amp;data=WzI4LCIzZDdhZGQyMTY3YTciLDAsMCwyMSwxXQ\" target=\"_blank\" title=\"Aper\u00e7u dans un nouvel onglet\">Newsletter n\u00b038<\/a><\/span>\n        <\/li><li><span class=\"mailpoet_archive_date\">1 juillet 2024<\/span>\n          <span class=\"mailpoet_archive_subject\"><a href=\"https:\/\/wp.unil.ch\/ebnews?mailpoet_router&amp;endpoint=view_in_browser&amp;action=view&amp;data=WzI2LCJlZjE5MjRmOGM0ZDEiLDAsMCwxOSwxXQ\" target=\"_blank\" title=\"Aper\u00e7u dans un nouvel onglet\">Newsletter n\u00b037<\/a><\/span>\n        <\/li><li><span class=\"mailpoet_archive_date\">28 f\u00e9vrier 2024<\/span>\n          <span class=\"mailpoet_archive_subject\"><a href=\"https:\/\/wp.unil.ch\/ebnews?mailpoet_router&amp;endpoint=view_in_browser&amp;action=view&amp;data=WzIwLCIzYTFhODM1YThhYzgiLDAsMCwxNywxXQ\" target=\"_blank\" title=\"Aper\u00e7u dans un nouvel onglet\">Newsletter n\u00b036<\/a><\/span>\n        <\/li><\/ul>\n\n\n\n<p><SPAN STYLE=\"font-size:20px;font-family:'Arial';margin-left:45px\"> Nos Pr\u00e9c\u00e9dents Num\u00e9ros<\/span> <\/p>\n\n\n\n<ul class=\"wp-block-list\">\n<li class=\"has-normal-font-size\">12 octobre 2023 <a href=\"https:\/\/wp.unil.ch\/ebnews?mailpoet_router&amp;endpoint=view_in_browser&amp;action=view&amp;data=WzE5LCIzMDg4MmQ4YjE3ZTYiLDY0NzAzLCI0dG5udGJyNTdyZW84d3djNG9vczR3NGd3ODBna3NjbyIsMTYsMV0\" target=\"_blank\" rel=\"noreferrer noopener\">Newsletter n\u00b035<\/a><\/li>\n\n\n\n<li>4 juillet 2023 <a href=\"https:\/\/wp.unil.ch\/ebnews?mailpoet_router&amp;endpoint=view_in_browser&amp;action=view&amp;data=WzE4LCI5OGY3OTE4NmM3NGMiLDY0NzAzLCI0dG5udGJyNTdyZW84d3djNG9vczR3NGd3ODBna3NjbyIsMTUsMV0\" target=\"_blank\" rel=\"noreferrer noopener\">Newsletter n\u00b034<\/a><\/li>\n\n\n\n<li>23 f\u00e9vrier 2023 <a href=\"https:\/\/wp.unil.ch\/ebnews?mailpoet_router&amp;endpoint=view_in_browser&amp;action=view&amp;data=WzE2LCIzODI2OGYxMmJmY2EiLDY0NzAzLCI0dG5udGJyNTdyZW84d3djNG9vczR3NGd3ODBna3NjbyIsMTQsMV0\" target=\"_blank\" rel=\"noreferrer noopener\">Newsletter n\u00b033<\/a><\/li>\n\n\n\n<li>7 octobre 2022 <a href=\"https:\/\/wp.unil.ch\/ebnews?mailpoet_router&amp;endpoint=view_in_browser&amp;action=view&amp;data=WzE1LCJiZWIxYzAyYTI1ZDAiLDY0NzAzLCI0dG5udGJyNTdyZW84d3djNG9vczR3NGd3ODBna3NjbyIsMTMsMV0\" target=\"_blank\" rel=\"noreferrer noopener\">Newsletter n\u00b032<\/a><\/li>\n\n\n\n<li>11 juillet 2022 <a href=\"https:\/\/wp.unil.ch\/ebnews?mailpoet_router&amp;endpoint=view_in_browser&amp;action=view&amp;data=WzE0LCI1MGU4ZmNlMTVjNWEiLDY0NzAzLCI0dG5udGJyNTdyZW84d3djNG9vczR3NGd3ODBna3NjbyIsMTIsMV0\" target=\"_blank\" rel=\"noreferrer noopener\">Newsletter n\u00b031<\/a><\/li>\n\n\n\n<li>21 octobre 2021 <a href=\"https:\/\/wp.unil.ch\/ebnews?mailpoet_router&amp;endpoint=view_in_browser&amp;action=view&amp;data=WzEzLCJhYzg0YjkzMzY5NWMiLDY0NzAzLCI0dG5udGJyNTdyZW84d3djNG9vczR3NGd3ODBna3NjbyIsMTEsMV0\" target=\"_blank\" rel=\"noreferrer noopener\">Newsletter n\u00b030<\/a><\/li>\n\n\n\n<li>14 juillet 2021 <a href=\"https:\/\/wp.unil.ch\/ebnews?mailpoet_router&amp;endpoint=view_in_browser&amp;action=view&amp;data=WzEyLCI3OGIwMDY1Y2I3MjQiLDY0NzAzLCI0dG5udGJyNTdyZW84d3djNG9vczR3NGd3ODBna3NjbyIsMTAsMV0\" target=\"_blank\" rel=\"noreferrer noopener\">Newsletter n\u00b029<\/a><\/li>\n\n\n\n<li>30 mars 2021 <a href=\"https:\/\/wp.unil.ch\/ebnews?mailpoet_router&amp;endpoint=view_in_browser&amp;action=view&amp;data=WzExLCIwZmYyNDdhMGI4NzIiLDY0NzAzLCI0dG5udGJyNTdyZW84d3djNG9vczR3NGd3ODBna3NjbyIsOSwxXQ\" target=\"_blank\" rel=\"noreferrer noopener\">Newsletter n\u00b028<\/a><\/li>\n\n\n\n<li>7 juillet 2020 <a href=\"https:\/\/wp.unil.ch\/ebnews?mailpoet_router&amp;endpoint=view_in_browser&amp;action=view&amp;data=WzEwLCIwYWYyNWI2NGVhZmYiLDY0NzAzLCI0dG5udGJyNTdyZW84d3djNG9vczR3NGd3ODBna3NjbyIsOCwxXQ\" target=\"_blank\" rel=\"noreferrer noopener\">Newsletter n\u00b027<\/a><\/li>\n\n\n\n<li>15 octobre 2019 <a href=\"https:\/\/wp.unil.ch\/ebnews?mailpoet_router&amp;endpoint=view_in_browser&amp;action=view&amp;data=WzksImNiYmJmNWExZjMzNCIsNjQ3MDMsIjR0bm50YnI1N3Jlbzh3d2M0b29zNHc0Z3c4MGdrc2NvIiw3LDFd\" target=\"_blank\" rel=\"noreferrer noopener\">Newsletter n\u00b026<\/a><\/li>\n\n\n\n<li>4 juillet 2019 <a href=\"https:\/\/wp.unil.ch\/ebnews?mailpoet_router&amp;endpoint=view_in_browser&amp;action=view&amp;data=WzgsImVmZDAxOTI5M2UyZCIsNjQ3MDMsIjR0bm50YnI1N3Jlbzh3d2M0b29zNHc0Z3c4MGdrc2NvIiw2LDFd\" target=\"_blank\" rel=\"noreferrer noopener\">Newsletter n\u00b025<\/a><\/li>\n\n\n\n<li>21 f\u00e9vrier 2019 <a href=\"https:\/\/wp.unil.ch\/ebnews?mailpoet_router&amp;endpoint=view_in_browser&amp;action=view&amp;data=WzcsImM5OWRjMWM0ZjI5YyIsNjQ3MDMsIjR0bm50YnI1N3Jlbzh3d2M0b29zNHc0Z3c4MGdrc2NvIiw1LDFd\" target=\"_blank\" rel=\"noreferrer noopener\">Newsletter n\u00b024<\/a><\/li>\n\n\n\n<li>10 octobre 2018 <a href=\"https:\/\/wp.unil.ch\/ebnews?mailpoet_router&amp;endpoint=view_in_browser&amp;action=view&amp;data=WzUsImQ3MzFlNzM2OTA5YSIsNjQ3MDMsIjR0bm50YnI1N3Jlbzh3d2M0b29zNHc0Z3c4MGdrc2NvIiwzLDFd\" target=\"_blank\" rel=\"noreferrer noopener\">Newsletter n\u00b023<\/a><\/li>\n\n\n\n<li>11 juillet 2018 <a href=\"https:\/\/wp.unil.ch\/ebnews?mailpoet_router&amp;endpoint=view_in_browser&amp;action=view&amp;data=WzQsImIyMzA2MTJmN2MxNyIsNjQ3MDMsIjR0bm50YnI1N3Jlbzh3d2M0b29zNHc0Z3c4MGdrc2NvIiwyLDFd\" target=\"_blank\" rel=\"noreferrer noopener\">Newsletter n\u00b022<\/a><\/li>\n<\/ul>\n\n\n\n<div class=\"wp-block-group\"><div class=\"wp-block-group__inner-container is-layout-constrained wp-block-group-is-layout-constrained\">\n<details class=\"wp-block-details is-layout-flow wp-block-details-is-layout-flow\"><summary>Archives<\/summary>\n<ul>\n<li><a href=\"https:\/\/wp.unil.ch\/ebnews\/files\/2018\/05\/Nouvelles-Ecole-de-biologie-21.pdf\">N\u00b0 21 : f\u00e9vrier 2018<\/a><\/li>\n<li><a href=\"https:\/\/wp.unil.ch\/ebnews\/files\/2018\/05\/Nouvelles-Ecole-de-biologie-20.pdf\">N\u00b0 20 : octobre 2017<\/a><\/li>\n<li><a href=\"https:\/\/wp.unil.ch\/ebnews\/files\/2018\/05\/Nouvelles-Ecole-de-biologie-19.pdf\">N\u00b0 19 : juillet 2017<\/a><\/li>\n<li><a href=\"https:\/\/wp.unil.ch\/ebnews\/files\/2018\/05\/Nouvelles-Ecole-de-biologie-18.pdf\">N\u00b0 18 : mars 2017<\/a><\/li>\n<li><a href=\"https:\/\/wp.unil.ch\/ebnews\/files\/2018\/05\/Nouvelles-Ecole-de-biologie-17.pdf\">N\u00b0 17 : septembre 2016<\/a><\/li>\n<li><a href=\"https:\/\/wp.unil.ch\/ebnews\/files\/2018\/05\/Nouvelles-Ecole-de-biologie-16.pdf\">N\u00b0 16 : juin 2016<\/a><\/li>\n<li><a href=\"https:\/\/wp.unil.ch\/ebnews\/files\/2018\/05\/Nouvelles-Ecole-de-biologie-15.pdf\">N\u00b0 15 : f\u00e9vrier 2016<\/a><\/li>\n<li><a href=\"https:\/\/wp.unil.ch\/ebnews\/2015\/10\/no-14-octobre-2015\/\">N\u00b0 14 : octobre 2015<\/a><\/li>\n<li><a href=\"https:\/\/wp.unil.ch\/ebnews\/2015\/07\/n-13-juillet-2015\/\">N\u00b0 13 : juillet 2015<\/a><\/li>\n<li><a href=\"https:\/\/wp.unil.ch\/ebnews\/2014\/11\/n-12-avril-2015\/\" target=\"_blank\" rel=\"noopener\">N\u00b0 12 : avril 2015<\/a><\/li>\n<li><a href=\"https:\/\/wp.unil.ch\/ebnews\/2014\/11\/n11-novembre-2014\/\" target=\"_blank\" rel=\"noopener\">N\u00b0 11 : novembre 2014<\/a><\/li>\n<li><a href=\"https:\/\/wp.unil.ch\/ebnews\/2014\/06\/n10-juin-2014\/\" target=\"_blank\" rel=\"noopener\">N\u00b0 10 : juin 2014<\/a><\/li>\n<li><a href=\"https:\/\/wp.unil.ch\/ebnews\/2014\/02\/n-9-fevrier-2014\/\" target=\"_blank\" rel=\"noopener\">N\u00b0 9 : f\u00e9vrier 2014<\/a><\/li>\n<li><a href=\"https:\/\/wp.unil.ch\/ebnews\/2013\/10\/n-8-octobre-2013\/\" target=\"_blank\" rel=\"noopener\">N\u00b0 8 : octobre 2013<\/a><\/li>\n<li><a href=\"https:\/\/wp.unil.ch\/ebnews\/2013\/05\/nl-juin-2013-fin-dannee-academique-2012-1013\/\" target=\"_blank\" rel=\"noopener\">N\u00b0 7 : juin 2013<\/a><\/li>\n<li><a href=\"https:\/\/wp.unil.ch\/ebnews\/2013\/02\/nl6-fevrier-2012\/\" target=\"_blank\" rel=\"noopener\">N\u00b0 6 : f\u00e9vrier 2012<\/a><\/li>\n<li><a href=\"https:\/\/wp.unil.ch\/ebnews\/2012\/10\/nl5-automne-2012\/\" target=\"_blank\" rel=\"noopener\">N\u00b0 5 : automne 2012<\/a><\/li>\n<li><a href=\"https:\/\/wp.unil.ch\/ebnews\/2012\/07\/n-4-juillet-2012\/\">N\u00b0 4 : juillet 2012<\/a><\/li>\n<li><a href=\"https:\/\/wp.unil.ch\/ebnews\/2012\/03\/n-3-printemps-2012\/\">N\u00b0 3 : printemps 2012<\/a><\/li>\n<li><a href=\"https:\/\/www.unil.ch\/ecoledebiologie\/files\/live\/sites\/ecoledebiologie\/files\/shared\/Enseignants\/NL2.pdf\">N\u00b0 2 : septembre 2011<\/a><\/li>\n<li><a href=\"https:\/\/www.unil.ch\/ecoledebiologie\/files\/live\/sites\/ecoledebiologie\/files\/shared\/Enseignants\/NL_mai_2011.pdf\">N\u00b0 1 : juillet 2011<\/a><\/li>\n<\/ul>\n<\/details>\n<\/div><\/div>\n","protected":false},"excerpt":{"rendered":"<p>Derni\u00e8res Parutions Nos Pr\u00e9c\u00e9dents Num\u00e9ros<\/p>\n","protected":false},"author":1002627,"featured_media":2131,"parent":0,"menu_order":0,"comment_status":"closed","ping_status":"closed","template":"template-full-width-cover.php","meta":{"_seopress_robots_primary_cat":"","_seopress_titles_title":"","_seopress_titles_desc":"","_seopress_robots_index":"","footnotes":""},"class_list":["post-29","page","type-page","status-publish","has-post-thumbnail"],"_links":{"self":[{"href":"https:\/\/wp.unil.ch\/ebnews\/wp-json\/wp\/v2\/pages\/29","targetHints":{"allow":["GET"]}}],"collection":[{"href":"https:\/\/wp.unil.ch\/ebnews\/wp-json\/wp\/v2\/pages"}],"about":[{"href":"https:\/\/wp.unil.ch\/ebnews\/wp-json\/wp\/v2\/types\/page"}],"author":[{"embeddable":true,"href":"https:\/\/wp.unil.ch\/ebnews\/wp-json\/wp\/v2\/users\/1002627"}],"replies":[{"embeddable":true,"href":"https:\/\/wp.unil.ch\/ebnews\/wp-json\/wp\/v2\/comments?post=29"}],"version-history":[{"count":6,"href":"https:\/\/wp.unil.ch\/ebnews\/wp-json\/wp\/v2\/pages\/29\/revisions"}],"predecessor-version":[{"id":2397,"href":"https:\/\/wp.unil.ch\/ebnews\/wp-json\/wp\/v2\/pages\/29\/revisions\/2397"}],"wp:featuredmedia":[{"embeddable":true,"href":"https:\/\/wp.unil.ch\/ebnews\/wp-json\/wp\/v2\/media\/2131"}],"wp:attachment":[{"href":"https:\/\/wp.unil.ch\/ebnews\/wp-json\/wp\/v2\/media?parent=29"}],"curies":[{"name":"wp","href":"https:\/\/api.w.org\/{rel}","templated":true}]}}