{"id":1816,"date":"2018-09-21T17:49:01","date_gmt":"2018-09-21T15:49:01","guid":{"rendered":"http:\/\/wp.unil.ch\/ebnews\/?page_id=1816"},"modified":"2018-09-21T17:50:08","modified_gmt":"2018-09-21T15:50:08","slug":"desabonnement","status":"publish","type":"page","link":"https:\/\/wp.unil.ch\/ebnews\/desabonnement\/","title":{"rendered":""},"content":{"rendered":"<h1 class=\"entry-title\">Vous \u00eates maintenant d\u00e9sabonn\u00e9\u00b7e.<\/h1>\n","protected":false},"excerpt":{"rendered":"<p>Vous \u00eates maintenant d\u00e9sabonn\u00e9\u00b7e.<\/p>\n","protected":false},"author":497,"featured_media":0,"parent":0,"menu_order":0,"comment_status":"closed","ping_status":"closed","template":"","meta":{"_seopress_robots_primary_cat":"","_seopress_titles_title":"","_seopress_titles_desc":"","_seopress_robots_index":"","footnotes":""},"class_list":["post-1816","page","type-page","status-publish","has-post-thumbnail"],"_links":{"self":[{"href":"https:\/\/wp.unil.ch\/ebnews\/wp-json\/wp\/v2\/pages\/1816","targetHints":{"allow":["GET"]}}],"collection":[{"href":"https:\/\/wp.unil.ch\/ebnews\/wp-json\/wp\/v2\/pages"}],"about":[{"href":"https:\/\/wp.unil.ch\/ebnews\/wp-json\/wp\/v2\/types\/page"}],"author":[{"embeddable":true,"href":"https:\/\/wp.unil.ch\/ebnews\/wp-json\/wp\/v2\/users\/497"}],"replies":[{"embeddable":true,"href":"https:\/\/wp.unil.ch\/ebnews\/wp-json\/wp\/v2\/comments?post=1816"}],"version-history":[{"count":0,"href":"https:\/\/wp.unil.ch\/ebnews\/wp-json\/wp\/v2\/pages\/1816\/revisions"}],"wp:attachment":[{"href":"https:\/\/wp.unil.ch\/ebnews\/wp-json\/wp\/v2\/media?parent=1816"}],"curies":[{"name":"wp","href":"https:\/\/api.w.org\/{rel}","templated":true}]}}