{"id":958,"date":"2024-09-01T12:29:03","date_gmt":"2024-09-01T10:29:03","guid":{"rendered":"https:\/\/wp.unil.ch\/dsbu\/?page_id=958"},"modified":"2026-03-18T20:37:12","modified_gmt":"2026-03-18T19:37:12","slug":"chuv_gestion-de-donnees","status":"publish","type":"page","link":"https:\/\/wp.unil.ch\/dsbu\/chuv_gestion-de-donnees\/","title":{"rendered":"Gestion de donn\u00e9es de recherche cliniques au CHUV"},"content":{"rendered":"\n<h2 class=\"wp-block-heading\">Formation th\u00e9orique CRC- L\u2019essentiel pour mener votre recherche sur les donn\u00e9es cliniques au CHUV<\/h2>\n\n\n\n<p>Le Centre de Recherche Clinique (CRC), avec le soutien de la Direction de l\u2019innovation et de la recherche clinique (DIRC) et le D\u00e9canat de la FBM, organise une formation autour de la gestion de donn\u00e9es de recherche clinique. Elle est destin\u00e9e \u00e0 tous\/toutes les professionnel\u00b7le\u00b7s de la sant\u00e9 impliqu\u00e9\u00b7e\u00b7s dans la gestion de donn\u00e9es de recherche. <a href=\"https:\/\/www.chuv.ch\/fileadmin\/sites\/crc\/documents\/Gestion_des_donnees_de_recherche_programme_mars_2025_mod.pdf\">lien<\/a><\/p>\n\n\n\n<details class=\"wp-block-details is-layout-flow wp-block-details-is-layout-flow\"><summary>D\u00e9tails<\/summary>\n<h2 class=\"wp-block-heading\">Public cible<\/h2>\n\n\n\n<p>Il s&#8217;agit d&#8217;une formation post-gradu\u00e9e destin\u00e9e \u00e0 tous\/toutes les professionnel\u00b7le\u00b7s de la sant\u00e9 impliqu\u00e9\u00b7e\u00b7s dans la gestion de donn\u00e9es de recherche.<\/p>\n\n\n\n<h2 class=\"wp-block-heading\">Attestation \/ Titre d\u00e9livr\u00e9<\/h2>\n\n\n\n<p>Les participant\u00b7e\u00b7s ayant assist\u00e9 aux 2 sessions th\u00e9oriques (J1,J2) recevront attestation CHUV<\/p>\n\n\n\n<h2 class=\"wp-block-heading\">Responsable(s)<\/h2>\n\n\n\n<p>Dr Cindy Allenbach, PhD, Responsable de l&#8217;Unit\u00e9 du consentement \u00e0 la recherche et Pr Gr\u00e9goire Wuerzner, Responsable m\u00e9dical et scientifique du CRC<\/p>\n<\/details>\n\n\n\n<h4 class=\"wp-block-heading\"><strong>Th\u00e9orie \u2013 session 2<\/strong>\u00a0(Extraire\/r\u00e9cup\u00e9rer, Analyser, Partager\/publier)\u00a0<\/h4>\n\n\n\n<h4 class=\"wp-block-heading\">Interventions de la DSBU:<strong>&#8220;Partage des donn\u00e9es de recherche de mani\u00e8re FAIR et en \u00ab open access&#8221; <\/strong><\/h4>\n\n\n\n<p>Intervenante: C\u00e9cile Lebrand, PhD<\/p>\n\n\n\n<p>La DSBU accompagne les chercheurs du CHUV dans l\u2019ensemble du cycle de vie des donn\u00e9es afin de garantir un <strong>partage conforme aux principes FAIR <\/strong>et aux e<strong>xigences d\u2019Open Research Data.<\/strong> Son action couvre la planification des projets (DMP), la gestion des donn\u00e9es sensibles et des risques, la structuration et la documentation des donn\u00e9es, ainsi que l\u2019utilisation d\u2019outils permettant d\u2019automatiser et de s\u00e9curiser ces donn\u00e9es.<\/p>\n\n\n\n<p>Elle <strong>soutient \u00e9galement le d\u00e9p\u00f4t des donn\u00e9es dans des infrastructures adapt\u00e9es<\/strong>, en assurant la conformit\u00e9 \u00e9thique et r\u00e9glementaire, notamment pour les donn\u00e9es sensibles. Enfin, la DSBU joue un r\u00f4le central dans la curation, la qualit\u00e9 et la visibilit\u00e9 des donn\u00e9es, afin d\u2019en maximiser la r\u00e9utilisation et l\u2019impact scientifique.\u00a0\u00a0\u00a0\u00a0<\/p>\n\n\n\n<details class=\"wp-block-details is-layout-flow wp-block-details-is-layout-flow\"><summary>Details<\/summary>\n<p><strong>Partage FAIR et Open Access des donn\u00e9es : r\u00f4le strat\u00e9gique de la DSBU \u00e0 l\u2019UNIL-CHUV<\/strong><\/p>\n\n\n\n<ul class=\"wp-block-list\">\n<li>Accompagnement des chercheurs pour les <strong>DMP (SNSF)<\/strong>, la gouvernance des donn\u00e9es et la gestion des risques (donn\u00e9es sensibles)<\/li>\n\n\n\n<li>Support pour la <strong>documentation FAIR<\/strong> des donn\u00e9es (README, m\u00e9tadonn\u00e9es enrichies)\u00a0<\/li>\n\n\n\n<li>Mise \u00e0 disposition d\u2019outils (ex. <strong>DataSquid<\/strong>) pour automatiser la structuration et la tra\u00e7abilit\u00e9 des donn\u00e9es\u00a0<\/li>\n\n\n\n<li>Aide au <strong>d\u00e9p\u00f4t et partage des donn\u00e9es<\/strong> (Zenodo, d\u00e9p\u00f4ts sp\u00e9cialis\u00e9s) dans le respect des contraintes \u00e9thiques\u00a0<\/li>\n\n\n\n<li>Curation des m\u00e9tadonn\u00e9es et <strong>mise en visibilit\u00e9 via <\/strong>l<strong>e Horus Dataset Catalog <\/strong>avec acc\u00e8s contr\u00f4l\u00e9 pour donn\u00e9es sensibles\u00a0<\/li>\n<\/ul>\n<\/details>\n\n\n\n<h4 class=\"wp-block-heading\"><strong>Atelier Pratique offert par la DSBU (2h) \u2013 De la publication scientifique au partage s\u00e9curis\u00e9 des donn\u00e9es cliniques : exigences r\u00e9glementaires, outils et mise en pratique<\/strong><\/h4>\n\n\n\n<p>Ce workshop de&nbsp;<strong>2 heures<\/strong>,&nbsp;<strong>ouvert et gratuit<\/strong>&nbsp;\u00e0 l\u2019ensemble des&nbsp;<strong>chercheuses et chercheurs cliniciens du CHUV impliqu\u00e9s dans un travail de publication<\/strong>, propose une&nbsp;<strong>formation pratique et op\u00e9rationnelle<\/strong>&nbsp;\u00e0 la&nbsp;<strong>documentation<\/strong>&nbsp;et au&nbsp;<strong>partage des donn\u00e9es et (ou m\u00e9tadonn\u00e9es de recherche<\/strong>. Il s\u2019inscrit dans le respect des&nbsp;<strong>principes FAIR<\/strong>&nbsp;(<em>Findable, Accessible, Interoperable, Reusable<\/em>), des&nbsp;<strong>exigences \u00e9thiques<\/strong>&nbsp;et des&nbsp;<strong>cadres r\u00e9glementaires<\/strong>&nbsp;en vigueur.<\/p>\n\n\n\n<p>Une&nbsp;<strong>attention particuli\u00e8re<\/strong>&nbsp;sera port\u00e9e aux&nbsp;<strong>donn\u00e9es personnelles et sensibles non anonymis\u00e9es<\/strong>, qui ne peuvent \u00eatre partag\u00e9es en&nbsp;<strong>acc\u00e8s ouvert<\/strong>, dans un&nbsp;<strong>contexte de recherche clinique<\/strong>.<\/p>\n\n\n\n<details class=\"wp-block-details is-layout-flow wp-block-details-is-layout-flow\"><summary>Details<\/summary>\n<p>Le workshop couvrira notamment les points suivants :<\/p>\n\n\n\n<ul class=\"wp-block-list\">\n<li>l\u2019<strong>\u00e9valuation de la sensibilit\u00e9 des donn\u00e9es<\/strong>\u00a0et des\u00a0<strong>risques associ\u00e9s<\/strong>, \u00e0 l\u2019aide de l\u2019outil\u00a0<strong>Privacy Toolbox<\/strong>\u00a0(<a href=\"https:\/\/demo.rdeid.unil.ch\/\">lien<\/a>), d\u00e9velopp\u00e9 par le\u00a0<strong>Clinical Data Science Group (BDSC)<\/strong>\u00a0du CHUV ;<\/li>\n\n\n\n<li>l\u2019<strong>application concr\u00e8te des principes FAIR<\/strong>\u00a0tout au long du\u00a0<strong>cycle de vie des donn\u00e9es<\/strong>\u00a0;<\/li>\n\n\n\n<li>l\u2019importance de la\u00a0<strong>documentation des donn\u00e9es<\/strong>\u00a0\u00e0 l\u2019aide de\u00a0<strong>m\u00e9tadonn\u00e9es<\/strong>\u00a0et de fichiers\u00a0<strong>README<\/strong>, notamment via l\u2019outil\u00a0<strong>DataSquid<sup>@DSBU<\/sup><\/strong> (<a href=\"https:\/\/wp.unil.ch\/dsbu\/tools_readme\/\">lien<\/a>);<\/li>\n\n\n\n<li>Aide au <strong>d\u00e9p\u00f4t et partage des donn\u00e9es<\/strong> (Zenodo, d\u00e9p\u00f4ts sp\u00e9cialis\u00e9s) dans le respect des contraintes \u00e9thiques&nbsp;<\/li>\n\n\n\n<li>Curation des m\u00e9tadonn\u00e9es et <strong>mise en visibilit\u00e9 via <\/strong>l<strong>e Horus Dataset Catalog <\/strong>avec acc\u00e8s contr\u00f4l\u00e9 pour donn\u00e9es sensibles\u00a0<\/li>\n\n\n\n<li>la conformit\u00e9 avec les exigences\u00a0<strong>\u00e9thiques, l\u00e9gales et institutionnelles<\/strong>\u00a0;<\/li>\n\n\n\n<li>l\u2019utilisation des\u00a0<strong>licences Creative Commons<\/strong>\u00a0et de\u00a0<strong>contrats de type Data Transfer Agreement (DTA)<\/strong>\u00a0pour encadrer le partage des donn\u00e9es et prot\u00e9ger les droits d\u2019auteur.<\/li>\n<\/ul>\n\n\n\n<p><strong>Mise en pratique \u2013 D\u00e9p\u00f4t et partage des donn\u00e9es<\/strong><\/p>\n\n\n\n<p>\u00c0 travers des&nbsp;<strong>exercices pratiques<\/strong>, les chercheurs apprendront concr\u00e8tement \u00e0&nbsp;<strong>d\u00e9poser et partager leurs jeux de donn\u00e9es et\/ou leurs m\u00e9tadonn\u00e9es<\/strong>&nbsp;en fonction de leur niveau de partage :<\/p>\n\n\n\n<ul class=\"wp-block-list\">\n<li>sur\u00a0<strong>Zenodo \u2013 communaut\u00e9 FBM UNIL\u2013CHUV<\/strong> <strong>g\u00e9r\u00e9e par la DSBU<\/strong> (<a href=\"https:\/\/zenodo.org\/communities\/fbm_chuv\/records?q=&amp;l=list&amp;p=1&amp;s=10\">lien<\/a>), pour les jeux de donn\u00e9es\u00a0<strong>partageables en Open Access<\/strong>\u00a0;<\/li>\n\n\n\n<li>via le\u00a0<strong>HORUS Dataset Catalog CHUV <\/strong>(<a href=\"https:\/\/wp.unil.ch\/dsbu\/1725-2\/\">lien<\/a>), d\u00e9velopp\u00e9 par le\u00a0<strong>Groupe Data Science \u2013 DSI<\/strong>, pour les\u00a0<strong>donn\u00e9es sensibles non identifiables<\/strong>. Dans ce cadre, les donn\u00e9es restent stock\u00e9es en\u00a0<strong>acc\u00e8s ferm\u00e9 sur les serveurs du CHUV<\/strong>, tandis que les\u00a0<strong>m\u00e9tadonn\u00e9es<\/strong>, valid\u00e9es par les\u00a0<strong>data stewards<\/strong>, sont automatiquement diffus\u00e9es sur\u00a0<strong>Zenodo<\/strong>, offrant une\u00a0<strong>visibilit\u00e9 internationale<\/strong>\u00a0sans exposition des donn\u00e9es sensibles.<\/li>\n<\/ul>\n\n\n\n<p>L\u2019utilisation combin\u00e9e de ces deux d\u00e9p\u00f4ts s\u2019inscrit pleinement dans les&nbsp;<strong>exigences actuelles de partage FAIR<\/strong>, telles qu\u2019impos\u00e9es par :<\/p>\n\n\n\n<ul class=\"wp-block-list\">\n<li>les\u00a0<strong>agences de financement<\/strong>\u00a0(p. ex.\u00a0<strong>FNS<\/strong>,\u00a0<strong>Horizon Europe<\/strong>) ;<\/li>\n\n\n\n<li>la\u00a0<strong>directive de la recherche du CHUV<\/strong>\u00a0;<\/li>\n\n\n\n<li>les\u00a0<strong>journaux scientifiques<\/strong>, contribuant \u00e0 la\u00a0<strong>v\u00e9rifiabilit\u00e9<\/strong>\u00a0et \u00e0 la\u00a0<strong>reproductibilit\u00e9<\/strong>\u00a0des r\u00e9sultats publi\u00e9s.<\/li>\n<\/ul>\n\n\n\n<p><strong>\u00c0 l\u2019issue du workshop<\/strong>, les participantes et participants disposeront des comp\u00e9tences n\u00e9cessaires pour mettre en \u0153uvre <strong>un partage des donn\u00e9es de recherche FAIR, reproductibles et conformes<\/strong>, y compris pour des&nbsp;<strong>donn\u00e9es cliniques sensibles<\/strong>, en s\u2019appuyant sur les&nbsp;<strong>outils institutionnels du CHUV<\/strong>.<\/p>\n\n\n\n<p>Enseignantes&nbsp;:<\/p>\n\n\n\n<p><strong>C\u00e9cile Lebrand, PhD<\/strong>, Head of the Data Stewardship Biomed Unit (DSBU), FBM UNIL\u2013CHUV<\/p>\n<\/details>\n\n\n\n<h2 class=\"wp-block-heading\">Formations investigateurs &#8211; promoteurs cliniques swissethics<\/h2>\n\n\n\n<p>Les formations GCP &#8220;investigateurs&#8221; et &#8220;investigateurs-promoteurs&#8221; r\u00e9pondent aux exigences de swissethics et des commissions d&#8217;\u00e9thique pour la recherche clinique.<\/p>\n\n\n\n<details class=\"wp-block-details is-layout-flow wp-block-details-is-layout-flow\"><summary>Details<\/summary>\n<p>Les formations GCP &#8220;investigateurs&#8221; et &#8220;investigateurs-promoteurs&#8221; r\u00e9pondent aux exigences de swissethics et des commissions d&#8217;\u00e9thique pour la recherche clinique.<\/p>\n\n\n\n<p>Plusieurs offres de formation sont disponibles en fonction des acquis pr\u00e9alables des participants :<\/p>\n\n\n\n<ul class=\"wp-block-list\">\n<li><a href=\"https:\/\/www.chuv.ch\/fr\/formation\/offre-de-formation\/form_ofr_811\/investigateurs-cliniques-swissethics-promoteur-j3\">Compl\u00e9ment pour devenir promoteur (jour 3)<\/a>&nbsp;vendredi 29 novembre 2024.&nbsp;<strong>Pr\u00e9requis exig\u00e9 : attestation de participation ant\u00e9rieure aux jours 1-2 ou formation \u00e9quivalente agr\u00e9\u00e9e swissethics.<\/strong><\/li>\n<\/ul>\n\n\n\n<h2 class=\"wp-block-heading\"><strong>Objectifs de ces cours<\/strong><\/h2>\n\n\n\n<p>Ces cours permettent d&#8217;acqu\u00e9rir les connaissances requises sur les th\u00e8mes suivants d\u00e9finis par les exigences de swissethics (voir ci-contre) :<\/p>\n\n\n\n<ul class=\"wp-block-list\">\n<li>la m\u00e9thodologie de la recherche clinique;<\/li>\n\n\n\n<li>l&#8217;architecture de la recherche clinique;<\/li>\n\n\n\n<li>les statistiques: description, comparaison, taille d&#8217;\u00e9chantillon;<\/li>\n\n\n\n<li>l&#8217;\u00e9thique de la recherche clinique;<\/li>\n\n\n\n<li>les essais cliniques, les bonnes pratiques des \u00e9tudes cliniques et le cadre r\u00e9glementaire;<\/li>\n\n\n\n<li>les t\u00e2ches et responsabilit\u00e9s des investigateurs\/promoteurs.<\/li>\n<\/ul>\n\n\n\n<p>Ces formations sont organis\u00e9es sous la conduite du&nbsp;<a rel=\"noreferrer noopener\" href=\"https:\/\/www.chuv.ch\/directory?egcode=crc&amp;View=content\" target=\"_blank\">Centre de recherche clinique FBM-CHUV<\/a>&nbsp;avec l\u2019aimable participation d\u2019intervenants sp\u00e9cialistes dont la&nbsp;<a rel=\"noreferrer noopener\" href=\"https:\/\/www.cer-vd.ch\/\" target=\"_blank\">CER-VD<\/a>&nbsp;et&nbsp;<a rel=\"noreferrer noopener\" href=\"https:\/\/www.unisante.ch\/fr\" target=\"_blank\">Unisant\u00e9<\/a>.<\/p>\n\n\n\n<p><a href=\"https:\/\/www.chuv.ch\/fr\/rc\/liste-des-actualites\/detail\/news\/55970-formations-investigateurs-promoteurs-cliniques-swissethics\" data-type=\"link\" data-id=\"https:\/\/www.chuv.ch\/fr\/rc\/liste-des-actualites\/detail\/news\/55970-formations-investigateurs-promoteurs-cliniques-swissethics\" target=\"_blank\" rel=\"noreferrer noopener\">Liens<\/a><\/p>\n<\/details>\n\n\n\n<h4 class=\"wp-block-heading\">Interventions de la DSBU (C. Lebrand, PhD)<\/h4>\n\n\n\n<h4 class=\"wp-block-heading\"><strong>1.\u00a0Int\u00e9grit\u00e9 scientifique : principes \u2013 fraude \u2013 conflits d\u2019int\u00e9r\u00eats<\/strong> (FIC 1.6)<\/h4>\n\n\n\n<p>Cette pr\u00e9sentation introduit les<strong> fondements de l\u2019int\u00e9grit\u00e9 scientifique<\/strong>, en d\u00e9finissant les diff\u00e9rents types de manquements (fraude, plagiat, tromperie, erreurs) et en illustrant leurs impacts \u00e0 travers des exemples concrets. Elle met en \u00e9vidence les principes cl\u00e9s (honn\u00eatet\u00e9, rigueur, transparence, responsabilit\u00e9, \u00e9thique), les risques li\u00e9s aux conflits d\u2019int\u00e9r\u00eats et les cons\u00e9quences majeures de la fraude, tout en pr\u00e9sentant les dispositifs institutionnels et les moyens de pr\u00e9vention.<\/p>\n\n\n\n<details class=\"wp-block-details is-layout-flow wp-block-details-is-layout-flow\"><summary>D\u00e9tails<\/summary>\n<ul class=\"wp-block-list\">\n<li>D\u00e9finition des formes de fraude : falsification, fabrication de donn\u00e9es, plagiat, tromperie scientifique<\/li>\n\n\n\n<li>Principes fondamentaux : <strong>honn\u00eatet\u00e9, transparence, rigueur, responsabilit\u00e9, \u00e9thique<\/strong>\u00a0<\/li>\n\n\n\n<li>Exemples embl\u00e9matiques (Hwang, Tuskegee, Stanford) illustrant les d\u00e9rives scientifiques<\/li>\n\n\n\n<li>Crise de reproductibilit\u00e9 et fr\u00e9quence des comportements discutables en recherche<\/li>\n\n\n\n<li>Importance de la <strong>transparence et des conflits d\u2019int\u00e9r\u00eats<\/strong> dans les projets scientifiques<\/li>\n\n\n\n<li>Cons\u00e9quences de la fraude : perte de cr\u00e9dibilit\u00e9, impact sur la soci\u00e9t\u00e9 et la sant\u00e9 publique<\/li>\n\n\n\n<li>Pr\u00e9vention : formation, documentation rigoureuse, culture d\u2019int\u00e9grit\u00e9, directives UNIL et proc\u00e9dures institutionnelles<\/li>\n<\/ul>\n<\/details>\n\n\n\n<h4 class=\"wp-block-heading\"><strong>2.\u00a0Qualit\u00e9 de la recherche : transparence, reproductibilit\u00e9 et documentation des processus<\/strong> <strong>(FIC 3-10)<\/strong><\/h4>\n\n\n\n<p>Cette pr\u00e9sentation aborde les exigences de qualit\u00e9 en recherche biom\u00e9dicale, en mettant l\u2019accent sur la transparence, la reproductibilit\u00e9, la documentation et le partage FAIR des donn\u00e9es et\/ou des m\u00e9tadonn\u00e9es. Elle <strong>couvre l\u2019ensemble des services offerts par la DSBU tout au long du cycle de vie des donn\u00e9es<\/strong>, depuis la planification (DMP FNS) jusqu\u2019au partage FAIR, en int\u00e9grant les obligations r\u00e9glementaires, les standards internationaux et les outils d\u00e9velopp\u00e9s par la DSBU pour structurer, documenter et diffuser les donn\u00e9es de mani\u00e8re conforme et r\u00e9utilisable.<\/p>\n\n\n\n<details class=\"wp-block-details is-layout-flow wp-block-details-is-layout-flow\"><summary>d\u00e9tails<\/summary>\n<ul class=\"wp-block-list\">\n<li>Importance de la documentaion des donn\u00e9es \u00e0 des fins de  <strong>transparence et reproductibilit\u00e9<\/strong> <\/li>\n\n\n\n<li>R\u00f4le du <strong>Clinical Study Report (CSR)<\/strong> comme document central d\u2019une \u00e9tude clinique<\/li>\n\n\n\n<li>Pre-enregistrement obligatoire des essais cliniques (registre public, identifiant unique)<\/li>\n\n\n\n<li>Exigences des politiques <strong>FAIR et Open Research Data (SNSF)<\/strong>\u00a0<\/li>\n\n\n\n<li>Documentation des donn\u00e9es via <strong>m\u00e9tadonn\u00e9es et fichiers README<\/strong><\/li>\n\n\n\n<li>Mise en \u0153uvre du <strong>Data Management Plan (DMP)<\/strong> sur tout le cycle de vie des donn\u00e9es<\/li>\n\n\n\n<li><strong>Outils DSBU<\/strong> (DataSquid, FAIRshare, Horus) pour structurer, automatiser et partager les donn\u00e9es<\/li>\n\n\n\n<li>Gestion des donn\u00e9es sensibles : consentement, anonymisation, acc\u00e8s contr\u00f4l\u00e9<\/li>\n\n\n\n<li>Aide au <strong>d\u00e9p\u00f4t et partage des donn\u00e9es<\/strong> (Zenodo, d\u00e9p\u00f4ts sp\u00e9cialis\u00e9s) dans le respect des contraintes \u00e9thiques&nbsp;<\/li>\n\n\n\n<li>Curation des m\u00e9tadonn\u00e9es et <strong>mise en visibilit\u00e9 via <\/strong>l<strong>e Horus Dataset Catalog <\/strong>avec acc\u00e8s contr\u00f4l\u00e9 pour donn\u00e9es sensibles&nbsp;<\/li>\n<\/ul>\n\n\n\n<p><\/p>\n<\/details>\n","protected":false},"excerpt":{"rendered":"<p>Formation th\u00e9orique CRC- L\u2019essentiel pour mener votre recherche sur les donn\u00e9es cliniques au CHUV Le Centre de Recherche Clinique (CRC), avec le soutien de la Direction de l\u2019innovation&hellip;<\/p>\n","protected":false},"author":1002839,"featured_media":0,"parent":0,"menu_order":0,"comment_status":"closed","ping_status":"closed","template":"template-full-width.php","meta":{"_seopress_robots_primary_cat":"","_seopress_titles_title":"","_seopress_titles_desc":"","_seopress_robots_index":"","footnotes":""},"class_list":["post-958","page","type-page","status-publish","has-post-thumbnail"],"_links":{"self":[{"href":"https:\/\/wp.unil.ch\/dsbu\/wp-json\/wp\/v2\/pages\/958","targetHints":{"allow":["GET"]}}],"collection":[{"href":"https:\/\/wp.unil.ch\/dsbu\/wp-json\/wp\/v2\/pages"}],"about":[{"href":"https:\/\/wp.unil.ch\/dsbu\/wp-json\/wp\/v2\/types\/page"}],"author":[{"embeddable":true,"href":"https:\/\/wp.unil.ch\/dsbu\/wp-json\/wp\/v2\/users\/1002839"}],"replies":[{"embeddable":true,"href":"https:\/\/wp.unil.ch\/dsbu\/wp-json\/wp\/v2\/comments?post=958"}],"version-history":[{"count":5,"href":"https:\/\/wp.unil.ch\/dsbu\/wp-json\/wp\/v2\/pages\/958\/revisions"}],"predecessor-version":[{"id":2310,"href":"https:\/\/wp.unil.ch\/dsbu\/wp-json\/wp\/v2\/pages\/958\/revisions\/2310"}],"wp:attachment":[{"href":"https:\/\/wp.unil.ch\/dsbu\/wp-json\/wp\/v2\/media?parent=958"}],"curies":[{"name":"wp","href":"https:\/\/api.w.org\/{rel}","templated":true}]}}