{"id":6,"date":"2019-11-28T16:00:19","date_gmt":"2019-11-28T15:00:19","guid":{"rendered":"http:\/\/wp.unil.ch\/modele\/?page_id=6"},"modified":"2025-10-08T11:47:51","modified_gmt":"2025-10-08T09:47:51","slug":"home","status":"publish","type":"page","link":"https:\/\/wp.unil.ch\/dsbu\/","title":{"rendered":"Home"},"content":{"rendered":"\n<h2 class=\"wp-block-heading\">Our Mission<\/h2>\n\n\n\n<p>The mission of the \u201cData Stewardship Biomed Unit\u201d (DSBU) is to equip researchers of the Faculty of Biology and Medicine of UNIL and CHUV with the skills, tools, and processes necessary to produce and manage data and metadata in accordance with FAIR principles, with a view to their sharing and preservation. <\/p>\n\n\n\n<p><em>The DSBU is under the supervision of the ex-officio Vice-Dean for SSF Affairs, Prof. J\u00e9r\u00f4me Goudet and of the ex-officio Vice-Dean for SSC, Prof. Mauro Oddo.<\/em><\/p>\n\n\n\n<div class=\"wp-block-columns is-layout-flex wp-container-core-columns-is-layout-9d6595d7 wp-block-columns-is-layout-flex\">\n<div class=\"wp-block-column is-layout-flow wp-block-column-is-layout-flow\" style=\"flex-basis:50%\"><\/div>\n\n\n\n<div class=\"wp-block-column is-layout-flow wp-block-column-is-layout-flow\" style=\"flex-basis:25%\"><\/div>\n\n\n\n<div class=\"wp-block-column is-layout-flow wp-block-column-is-layout-flow\" style=\"flex-basis:25%\"><\/div>\n<\/div>\n\n\n\n<div class=\"wp-block-columns is-layout-flex wp-container-core-columns-is-layout-9d6595d7 wp-block-columns-is-layout-flex\">\n<div class=\"wp-block-column is-layout-flow wp-block-column-is-layout-flow\">\n<h2 class=\"wp-block-heading\">Specific Objectives<\/h2>\n\n\n\n<ul class=\"wp-block-list\">\n<li>Facilitate and harmonize the management and sharing of research data in accordance with FAIR standards and national and international policies.<\/li>\n\n\n\n<li>Optimize researchers\u2019 time for the preparation of data and metadata.<\/li>\n\n\n\n<li>Ensure the interoperability and automation of curation and documentation processes to maintain the consistency of large-scale meta(data).<\/li>\n\n\n\n<li>Offer support for clinical research with a focus on metadata management for sensitive data.<\/li>\n\n\n\n<li>Adopt financially efficient and sustainable data preservation practices to counter the rapid increase in storage costs.<\/li>\n<\/ul>\n\n\n\n<hr class=\"wp-block-separator has-alpha-channel-opacity\" \/>\n\n\n\n<h2 class=\"wp-block-heading\">News \/ Events<\/h2>\n\n\n<ul class=\"wp-block-latest-posts__list wp-block-latest-posts\"><li><a class=\"wp-block-latest-posts__post-title\" href=\"https:\/\/wp.unil.ch\/dsbu\/mandatory-fair-data-management-packages-at-fbm-unil-chuv-eligible-for-snsf-funding\/\">FAIR Data Management Support Services Requested for SNSF and EU Applications<\/a><\/li>\n<li><a class=\"wp-block-latest-posts__post-title\" href=\"https:\/\/wp.unil.ch\/dsbu\/from-bench-to-fair-data-practical-approaches-to-research-data-management-in-life-science-and-clinical-research\/\">Workshop: &#8220;From Bench to FAIR Data: Practical Approaches to Research Data Management in Life Science and Clinical Research&#8221;<\/a><\/li>\n<li><a class=\"wp-block-latest-posts__post-title\" href=\"https:\/\/wp.unil.ch\/dsbu\/1846-2\/\">Research Data at Risk: Strategic Guidance from the Faculty<\/a><\/li>\n<li><a class=\"wp-block-latest-posts__post-title\" href=\"https:\/\/wp.unil.ch\/dsbu\/horus-dataset-catalog-a-new-era-of-fair-and-secure-clinical-data-sharing-at-chuv\/\">HORUS Dataset Catalog: A New Era of FAIR and Secure Clinical Data Sharing at CHUV<\/a><\/li>\n<li><a class=\"wp-block-latest-posts__post-title\" href=\"https:\/\/wp.unil.ch\/dsbu\/presentation-de-corv-nouvel-outil-de-transcription-a-destination-de-la-communaute-unil-fbm-chuv\/\">Pr\u00e9sentation de Corv (nouvel outil de transcription) \u00e0 destination de la communaut\u00e9 UNIL-FBM-CHUV<\/a><\/li>\n<\/ul><\/div>\n\n\n\n<div class=\"wp-block-column is-layout-flow wp-block-column-is-layout-flow\">\n<h2 class=\"wp-block-heading\">Services<\/h2>\n\n\n\n<p>Click below for more details.<\/p>\n\n\n\n<div class=\"wheelContainer\">\n\t\t<div class=\"sectionContainer\">\n\t\t<a class=\"wheelSection\" href=\"https:\/\/wp.unil.ch\/dsbu\/workshops\/\">\n\t\t<img decoding=\"async\" class=\"wheelService section1\" src=\"https:\/\/wp.unil.ch\/dsbu\/files\/2025\/10\/trainingsfichier-13-1-e1759913842225.png\" \/>\n\t\t<\/a>\n\n\n\t\t<a class=\"wheelSection\" href=\"https:\/\/wp.unil.ch\/dsbu\/consulting\/\">\n\t\t<img decoding=\"async\" class=\"wheelService section2\" src=\"https:\/\/wp.unil.ch\/dsbu\/files\/2025\/10\/consulting-e1759913875844.png\" \/>\n\t\t<\/a>\n\n\t\t<a class=\"wheelSection\" href=\"https:\/\/wp.unil.ch\/dsbu\/tools\/\">\n\t\t<img decoding=\"async\" class=\"wheelService section3\" src=\"https:\/\/wp.unil.ch\/dsbu\/files\/2025\/10\/tools-e1759913849771.png\" \/>\n\t\t<\/a>\n\n\t\t<a class=\"wheelSection\" href=\"https:\/\/wp.unil.ch\/dsbu\/automatisation\/\">\n\t\t<img decoding=\"async\" class=\"wheelService section4\" src=\"https:\/\/wp.unil.ch\/dsbu\/files\/2025\/10\/automatisation-e1759913836408.png\" \/>\n\t\t<\/a>\n\n\t\t<a class=\"wheelSection\" href=\"https:\/\/wp.unil.ch\/dsbu\/metadata\/\">\n\t\t<img decoding=\"async\" class=\"wheelService section5\" src=\"https:\/\/wp.unil.ch\/dsbu\/files\/2025\/10\/metadata-e1759913860455.png\" \/>\n\t\t<\/a>\n\n\t\t<a class=\"wheelSection\" href=\"https:\/\/wp.unil.ch\/dsbu\/archiving\/\">\n\t\t<img decoding=\"async\" class=\"wheelService section6\" src=\"https:\/\/wp.unil.ch\/dsbu\/files\/2025\/10\/archiving-e1759913829771.png\" \/>\n\t\t<\/a>\n\n\t\t<a class=\"wheelSection\" href=\"https:\/\/wp.unil.ch\/dsbu\/sharing\/\">\n\t\t<img decoding=\"async\" class=\"wheelService section7\" src=\"https:\/\/wp.unil.ch\/dsbu\/files\/2025\/10\/sharing-e1759913854345.png\" \/>\n\t\t<\/a>\n\n\t\t<a class=\"wheelSection\" href=\"https:\/\/wp.unil.ch\/dsbu\/copyright\/\">\n\t\t<img decoding=\"async\" class=\"wheelService section8\" src=\"https:\/\/wp.unil.ch\/dsbu\/files\/2025\/10\/copyright-e1759913867507.png\" \/>\n\t\t<\/a>\n<\/div>\n<\/div>\n<\/div>\n<\/div>\n\n\n\n<p><\/p>\n","protected":false},"excerpt":{"rendered":"<p>Our Mission The mission of the \u201cData Stewardship Biomed Unit\u201d (DSBU) is to equip researchers of the Faculty of Biology and Medicine of UNIL and CHUV with the&hellip;<\/p>\n","protected":false},"author":108,"featured_media":0,"parent":0,"menu_order":0,"comment_status":"closed","ping_status":"closed","template":"template-full-width.php","meta":{"_seopress_robots_primary_cat":"","_seopress_titles_title":"","_seopress_titles_desc":"","_seopress_robots_index":"","footnotes":""},"class_list":["post-6","page","type-page","status-publish","has-post-thumbnail"],"_links":{"self":[{"href":"https:\/\/wp.unil.ch\/dsbu\/wp-json\/wp\/v2\/pages\/6","targetHints":{"allow":["GET"]}}],"collection":[{"href":"https:\/\/wp.unil.ch\/dsbu\/wp-json\/wp\/v2\/pages"}],"about":[{"href":"https:\/\/wp.unil.ch\/dsbu\/wp-json\/wp\/v2\/types\/page"}],"author":[{"embeddable":true,"href":"https:\/\/wp.unil.ch\/dsbu\/wp-json\/wp\/v2\/users\/108"}],"replies":[{"embeddable":true,"href":"https:\/\/wp.unil.ch\/dsbu\/wp-json\/wp\/v2\/comments?post=6"}],"version-history":[{"count":5,"href":"https:\/\/wp.unil.ch\/dsbu\/wp-json\/wp\/v2\/pages\/6\/revisions"}],"predecessor-version":[{"id":2118,"href":"https:\/\/wp.unil.ch\/dsbu\/wp-json\/wp\/v2\/pages\/6\/revisions\/2118"}],"wp:attachment":[{"href":"https:\/\/wp.unil.ch\/dsbu\/wp-json\/wp\/v2\/media?parent=6"}],"curies":[{"name":"wp","href":"https:\/\/api.w.org\/{rel}","templated":true}]}}