{"id":254,"date":"2024-08-19T15:57:28","date_gmt":"2024-08-19T13:57:28","guid":{"rendered":"https:\/\/wp.unil.ch\/dsbu\/?page_id=254"},"modified":"2026-03-07T15:32:04","modified_gmt":"2026-03-07T14:32:04","slug":"team","status":"publish","type":"page","link":"https:\/\/wp.unil.ch\/dsbu\/team\/","title":{"rendered":"Team"},"content":{"rendered":"\n<div class=\"wp-block-columns has-normal-font-size is-layout-flex wp-container-core-columns-is-layout-9d6595d7 wp-block-columns-is-layout-flex\">\n<div class=\"wp-block-column is-style-rounded is-layout-flow wp-block-column-is-layout-flow\" style=\"flex-basis:300px\">\n<div class=\"wp-block-group\"><div class=\"wp-block-group__inner-container is-layout-constrained wp-block-group-is-layout-constrained\">\n<div class=\"wp-block-columns is-layout-flex wp-container-core-columns-is-layout-9d6595d7 wp-block-columns-is-layout-flex\">\n<div class=\"wp-block-column is-layout-flow wp-block-column-is-layout-flow\"><\/div>\n\n\n\n<div class=\"wp-block-column is-layout-flow wp-block-column-is-layout-flow\"><\/div>\n<\/div>\n<\/div><\/div>\n\n\n\n<figure class=\"wp-block-image size-large is-resized imgshad is-style-rounded\"><img alt=\"\" loading=\"lazy\" decoding=\"async\" width=\"1024\" height=\"1024\" src=\"https:\/\/wp.unil.ch\/dsbu\/files\/2024\/09\/Clebrand2-modified-1-1024x1024.png\" alt=\"\" class=\"wp-image-1075\" style=\"aspect-ratio:1;object-fit:cover;width:300px\" srcset=\"https:\/\/wp.unil.ch\/dsbu\/files\/2024\/09\/Clebrand2-modified-1-1024x1024.png 1024w, https:\/\/wp.unil.ch\/dsbu\/files\/2024\/09\/Clebrand2-modified-1-300x300.png 300w, https:\/\/wp.unil.ch\/dsbu\/files\/2024\/09\/Clebrand2-modified-1-150x150.png 150w, https:\/\/wp.unil.ch\/dsbu\/files\/2024\/09\/Clebrand2-modified-1-768x768.png 768w, https:\/\/wp.unil.ch\/dsbu\/files\/2024\/09\/Clebrand2-modified-1-540x540.png 540w, https:\/\/wp.unil.ch\/dsbu\/files\/2024\/09\/Clebrand2-modified-1-1080x1080.png 1080w, https:\/\/wp.unil.ch\/dsbu\/files\/2024\/09\/Clebrand2-modified-1.png 1259w\" sizes=\"auto, (max-width: 1024px) 100vw, 1024px\" \/><\/figure>\n<\/div>\n\n\n\n<div class=\"wp-block-column is-layout-flow wp-block-column-is-layout-flow\">\n<h2 class=\"wp-block-heading has-primary-color has-text-color has-link-color wp-elements-fe3ebddb0ee9cef5ed59d7a2a2e4de8e\">C\u00e9cile Lebrand, PhD<\/h2>\n\n\n\n<h3 class=\"wp-block-heading\">Head of the DSBU<\/h3>\n\n\n\n<p class=\"has-small-font-size\">I earned a PhD in neuroscience from Salp\u00eatri\u00e8re Hospital in Paris in 1999, followed by postdoctoral work in biochemistry, cell biology, and imaging at UNIGE, MIT, and Cambridge University from 1999 to 2004. As a junior group leader at DNF-UNIL from 2004 to 2011, I focused on axonal guidance in cortical connections. <\/p>\n\n\n\n<p class=\"has-small-font-size\">From 2011 to 2014, I served as director manager at EPFL\u2019s NCCR Robotics and then as a senior scientist at ISREC, researching breast cancer and metastasis. Additionally, from 2012 to 2019, I was a scientific collaborator at DNF-UNIL, investigating glia and vascular development in brain embryos.<\/p>\n\n\n\n<p class=\"has-small-font-size\">Since 2015, I have led the Data Stewardship Service at FBM UNIL-CHUV, supporting researchers in FAIR data management and Open Science for enhanced research reuse and reproducibility.&nbsp;<\/p>\n\n\n\n<p><a href=\"https:\/\/orcid.org\/0000-0002-2750-3164\" target=\"_blank\" rel=\"noreferrer noopener\">https:\/\/orcid.org\/0000-0002-2750-3164<\/a><\/p>\n\n\n\n<p>\ud83d\udce7&nbsp;<strong>Email:<\/strong>&nbsp;<a>cecile.lebrand@unil.ch<\/a><br>\ud83d\udcde&nbsp;<strong>Phone:<\/strong>&nbsp;<a href=\"\">+41 (0)21 314 50 81<\/a><\/p>\n<\/div>\n<\/div>\n\n\n\n<div class=\"wp-block-columns has-normal-font-size is-layout-flex wp-container-core-columns-is-layout-9d6595d7 wp-block-columns-is-layout-flex\">\n<div class=\"wp-block-column is-layout-flow wp-block-column-is-layout-flow\" style=\"flex-basis:300px\">\n<figure class=\"wp-block-image size-full is-resized imgshad is-style-rounded\"><img alt=\"\" loading=\"lazy\" decoding=\"async\" width=\"305\" height=\"294\" src=\"https:\/\/wp.unil.ch\/dsbu\/files\/2025\/01\/Sans-titre-1.png\" alt=\"\" class=\"wp-image-1264\" style=\"aspect-ratio:1;object-fit:cover;width:310px;height:auto\" title=\"\" srcset=\"https:\/\/wp.unil.ch\/dsbu\/files\/2025\/01\/Sans-titre-1.png 305w, https:\/\/wp.unil.ch\/dsbu\/files\/2025\/01\/Sans-titre-1-300x289.png 300w\" sizes=\"auto, (max-width: 305px) 100vw, 305px\" \/><\/figure>\n<\/div>\n\n\n\n<div class=\"wp-block-column is-layout-flow wp-block-column-is-layout-flow\">\n<h2 class=\"wp-block-heading has-primary-color has-text-color has-link-color wp-elements-6e668822a8ad3f1bdd1a3cc25e703dbf\">Vassilios Ioannidis, PhD<\/h2>\n\n\n\n<h3 class=\"wp-block-heading\">Lead Computational Biologist &#8211; FAIR Data Specialist<\/h3>\n\n\n\n<p class=\"has-small-font-size\">I hold a BSc degree in Biology from the University of Lausanne (UNIL), where I also completed a Master\u2019s in Oncology (1997) and a PhD in Immunology (2001) focusing on the regulation of T and NK lymphocyte development.<\/p>\n\n\n\n<p class=\"has-small-font-size\">Following a Master\u2019s in Bioinformatics (2002), I joined the SIB Swiss Institute of Bioinformatics, where I worked as a Senior Scientist and as the SIB IT Manager. In these roles, I was responsible to bring bioinformatics expertise and support to the Faculty of Biochemistry and the Department of Physiology at UNIL, and supervising project teams in bioinformatic research, web development, as well as IT projects across internal and external organizations. I also have 20 years experience in teaching bioinformatics to life science research groups, organizing and presenting courses at national and international workshops, and conferences.<\/p>\n\n\n\n<p class=\"has-small-font-size\">Currently, as Lead Computational Biologist and FAIR data specialist, I am dedicated to advancing the adoption of FAIR principles and best practices in Research Data Management (RDM). I co-lead the FAIR Cookbook editorial board and contribute to national and international initiatives, focusing on delivering accessible guidances to foster Open Science and effective Data Stewardship for the research community.<\/p>\n\n\n\n<p><\/p>\n\n\n\n<p><a href=\"https:\/\/orcid.org\/0000-0002-4209-2578\" data-type=\"link\" data-id=\"https:\/\/orcid.org\/0000-0002-4209-2578\">https:\/\/orcid.org\/0000-0002-4209-2578<\/a><\/p>\n<\/div>\n<\/div>\n\n\n\n<div class=\"wp-block-columns has-normal-font-size is-layout-flex wp-container-core-columns-is-layout-9d6595d7 wp-block-columns-is-layout-flex\">\n<div class=\"wp-block-column is-layout-flow wp-block-column-is-layout-flow\" style=\"flex-basis:300px\">\n<figure class=\"wp-block-image size-full is-style-rounded imgshad\"><img loading=\"lazy\" decoding=\"async\" width=\"800\" height=\"800\" src=\"https:\/\/wp.unil.ch\/dsbu\/files\/2025\/10\/id_sb1.jpeg\" alt=\"id sb1\" class=\"wp-image-2123\" srcset=\"https:\/\/wp.unil.ch\/dsbu\/files\/2025\/10\/id_sb1.jpeg 800w, https:\/\/wp.unil.ch\/dsbu\/files\/2025\/10\/id_sb1-300x300.jpeg 300w, https:\/\/wp.unil.ch\/dsbu\/files\/2025\/10\/id_sb1-150x150.jpeg 150w, https:\/\/wp.unil.ch\/dsbu\/files\/2025\/10\/id_sb1-768x768.jpeg 768w, https:\/\/wp.unil.ch\/dsbu\/files\/2025\/10\/id_sb1-540x540.jpeg 540w\" sizes=\"auto, (max-width: 800px) 100vw, 800px\" \/><\/figure>\n<\/div>\n\n\n\n<div class=\"wp-block-column is-layout-flow wp-block-column-is-layout-flow\">\n<h2 class=\"wp-block-heading has-primary-color has-text-color has-link-color wp-elements-e6c814558fcd5f35de9a6ace5d5b1532\">St\u00e9phanie Battini, PhD<\/h2>\n\n\n\n<h3 class=\"wp-block-heading\">Biomedical Data scientist<\/h3>\n\n\n\n<p class=\"has-small-font-size\">I hold a Ph.D. in Medical Sciences from the University of Strasbourg.<\/p>\n\n\n\n<p class=\"has-small-font-size\">I am also a state-certified radiologic technologist, bridging clinical imaging with computational research. <\/p>\n\n\n\n<p class=\"has-small-font-size\">Before joining DSBU, I worked as a postdoctoral researcher in computational neuroscience at EPFL\u2019s Blue Brain Project, where I developed models of glia-vascular interactions and simulation of bloodflow in the rat and mouse brain and promoted FAIR and reproducible data workflows. <\/p>\n\n\n\n<p class=\"has-small-font-size\">I have extensive experience with diverse biomedical data types, including medical imaging (DICOM, TIFF), metabolomics, and structured formats such as JSON and HDF5. Combining paramedical training, metabolomics expertise, and computational neuroscience, I bring a highly interdisciplinary perspective to biomedical data stewardship and translational research<\/p>\n\n\n\n<p><a href=\"https:\/\/orcid.org\/0000-0003-0839-4553\">https:\/\/orcid.org\/0000-0001-6047-1726<\/a><\/p>\n<\/div>\n<\/div>\n\n\n\n<div class=\"wp-block-columns has-normal-font-size is-layout-flex wp-container-core-columns-is-layout-9d6595d7 wp-block-columns-is-layout-flex\">\n<div class=\"wp-block-column is-layout-flow wp-block-column-is-layout-flow\" style=\"flex-basis:300px\">\n<figure class=\"wp-block-image size-medium is-style-rounded imgshad\"><img alt=\"\" loading=\"lazy\" decoding=\"async\" width=\"300\" height=\"300\" src=\"https:\/\/wp.unil.ch\/dsbu\/files\/2024\/11\/julien-1024x1024-1-Photoroom-300x300.png\" alt=\"\" class=\"wp-image-1184\" style=\"object-fit:cover\" srcset=\"https:\/\/wp.unil.ch\/dsbu\/files\/2024\/11\/julien-1024x1024-1-Photoroom-300x300.png 300w, https:\/\/wp.unil.ch\/dsbu\/files\/2024\/11\/julien-1024x1024-1-Photoroom-150x150.png 150w, https:\/\/wp.unil.ch\/dsbu\/files\/2024\/11\/julien-1024x1024-1-Photoroom-768x768.png 768w, https:\/\/wp.unil.ch\/dsbu\/files\/2024\/11\/julien-1024x1024-1-Photoroom-540x540.png 540w, https:\/\/wp.unil.ch\/dsbu\/files\/2024\/11\/julien-1024x1024-1-Photoroom.png 1024w\" sizes=\"auto, (max-width: 300px) 100vw, 300px\" \/><\/figure>\n<\/div>\n\n\n\n<div class=\"wp-block-column is-layout-flow wp-block-column-is-layout-flow\">\n<h2 class=\"wp-block-heading has-primary-color has-text-color has-link-color wp-elements-9ddfe01db3aba832355ef22c2e812634\">Julien D\u00e9n\u00e9r\u00e9az, PhD<\/h2>\n\n\n\n<h3 class=\"wp-block-heading\">Biomedical Data scientist<\/h3>\n\n\n\n<p class=\"has-small-font-size\">Passionate about microbiology, data, and programming, I pursued a PhD at the University of Lausanne, where I combined bioinformatics with hands-on wet lab research.<\/p>\n\n\n\n<p class=\"has-small-font-size\">In August 2024, I joined the DSBU to develop tools that help researchers to manage data effectively, adhere to FAIR principles, and promote open science.<\/p>\n\n\n\n<p><a href=\"https:\/\/orcid.org\/0000-0001-6047-1726\">https:\/\/orcid.org\/0000-0001-6047-1726<\/a><\/p>\n<\/div>\n<\/div>\n","protected":false},"excerpt":{"rendered":"<p>C\u00e9cile Lebrand, PhD Head of the DSBU I earned a PhD in neuroscience from Salp\u00eatri\u00e8re Hospital in Paris in 1999, followed by postdoctoral work in biochemistry, cell biology,&hellip;<\/p>\n","protected":false},"author":1002838,"featured_media":0,"parent":0,"menu_order":0,"comment_status":"closed","ping_status":"closed","template":"template-full-width.php","meta":{"_seopress_robots_primary_cat":"","_seopress_titles_title":"","_seopress_titles_desc":"","_seopress_robots_index":"","footnotes":""},"class_list":["post-254","page","type-page","status-publish","has-post-thumbnail"],"_links":{"self":[{"href":"https:\/\/wp.unil.ch\/dsbu\/wp-json\/wp\/v2\/pages\/254","targetHints":{"allow":["GET"]}}],"collection":[{"href":"https:\/\/wp.unil.ch\/dsbu\/wp-json\/wp\/v2\/pages"}],"about":[{"href":"https:\/\/wp.unil.ch\/dsbu\/wp-json\/wp\/v2\/types\/page"}],"author":[{"embeddable":true,"href":"https:\/\/wp.unil.ch\/dsbu\/wp-json\/wp\/v2\/users\/1002838"}],"replies":[{"embeddable":true,"href":"https:\/\/wp.unil.ch\/dsbu\/wp-json\/wp\/v2\/comments?post=254"}],"version-history":[{"count":4,"href":"https:\/\/wp.unil.ch\/dsbu\/wp-json\/wp\/v2\/pages\/254\/revisions"}],"predecessor-version":[{"id":2204,"href":"https:\/\/wp.unil.ch\/dsbu\/wp-json\/wp\/v2\/pages\/254\/revisions\/2204"}],"wp:attachment":[{"href":"https:\/\/wp.unil.ch\/dsbu\/wp-json\/wp\/v2\/media?parent=254"}],"curies":[{"name":"wp","href":"https:\/\/api.w.org\/{rel}","templated":true}]}}