{"id":328,"date":"2023-08-30T17:52:08","date_gmt":"2023-08-30T15:52:08","guid":{"rendered":"https:\/\/wp.unil.ch\/droitetlitterature\/?page_id=328"},"modified":"2025-10-04T19:55:29","modified_gmt":"2025-10-04T17:55:29","slug":"partenariat","status":"publish","type":"page","link":"https:\/\/wp.unil.ch\/droitetlitterature\/partenariat\/","title":{"rendered":"Partenariat"},"content":{"rendered":"\n<p>Le Laboratoire Droit &amp; Litt\u00e9rature entretient des liens \u00e9troits avec diff\u00e9rentes organisations actives dans son champ d&rsquo;\u00e9tude.<\/p>\n\n\n\n<div class=\"wp-block-columns is-layout-flex wp-container-core-columns-is-layout-9d6595d7 wp-block-columns-is-layout-flex\">\n<div class=\"wp-block-column is-layout-flow wp-block-column-is-layout-flow\" style=\"flex-basis:33.33%\">\n<figure class=\"wp-block-image size-large is-resized\"><img alt=\"\" loading=\"lazy\" decoding=\"async\" width=\"1024\" height=\"769\" src=\"https:\/\/wp.unil.ch\/droitetlitterature\/files\/2023\/08\/Du_Droit_a_LArt_Final_Black_LO-1024x769.jpg\" alt=\"\" class=\"wp-image-358\" style=\"width:203px;height:auto\" \/><\/figure>\n<\/div>\n\n\n\n<div class=\"wp-block-column is-layout-flow wp-block-column-is-layout-flow\" style=\"flex-basis:66.66%\">\n<h2 class=\"wp-block-heading\">Du Droit \u00e0 l&rsquo;Art<\/h2>\n\n\n\n<p>L\u2019association <em>Du Droit \u00e0 l\u2019Art<\/em>, dont le si\u00e8ge est \u00e0 Lausanne, a pour but de mener des projets favorisant les liens entre les deux disciplines aupr\u00e8s d&rsquo;un large public (enfants et adultes). <\/p>\n\n\n\n<p>L\u2019art constitue un vecteur puissant pour int\u00e9resser le public \u00e0 des questions d\u2019ordre juridique refl\u00e9tant des enjeux de soci\u00e9t\u00e9.<\/p>\n\n\n\n<p>Les projets vont de la mise en sc\u00e8ne \u00e0 la production de spectacle en passant par la cr\u00e9ation de pi\u00e8ce originale.<\/p>\n\n\n\n<p>Quelques \u00e9v\u00e9nements en 2023 :<\/p>\n\n\n\n<ul class=\"wp-block-list\">\n<li>Spectacle <em>Droit et Op\u00e9ra<\/em> dans le cadre du festival F\u00e9cule \u00e0 l&rsquo;Universit\u00e9 de Lausanne <\/li>\n\n\n\n<li>Mise en sc\u00e8ne de la pi\u00e8ce juridique <em>Blanche Neige et la Princesse Fiona<\/em> \u00e0 l\u2019AULA de l\u2019IDHEAP <\/li>\n\n\n\n<li><em>La Petite Sir\u00e8ne, Pocahontas, Mal\u00e9fique et Raiponce<\/em> au Festival ICI Chavannes<\/li>\n\n\n\n<li>Production de la pi\u00e8ce <em>Le Consentement<\/em> au th\u00e9\u00e2tre de l&rsquo;Octogone (Pully)<\/li>\n<\/ul>\n\n\n\n<p><\/p>\n<\/div>\n<\/div>\n\n\n\n<div class=\"wp-block-columns is-layout-flex wp-container-core-columns-is-layout-9d6595d7 wp-block-columns-is-layout-flex\">\n<div class=\"wp-block-column is-layout-flow wp-block-column-is-layout-flow\" style=\"flex-basis:33.33%\">\n<figure class=\"wp-block-image size-full is-resized\"><img alt=\"\" loading=\"lazy\" decoding=\"async\" width=\"768\" height=\"768\" src=\"https:\/\/wp.unil.ch\/droitetlitterature\/files\/2023\/09\/image-defaut.jpg\" alt=\"\" class=\"wp-image-443\" style=\"width:207px;height:auto\" srcset=\"https:\/\/wp.unil.ch\/droitetlitterature\/files\/2023\/09\/image-defaut.jpg 768w, https:\/\/wp.unil.ch\/droitetlitterature\/files\/2023\/09\/image-defaut-300x300.jpg 300w, https:\/\/wp.unil.ch\/droitetlitterature\/files\/2023\/09\/image-defaut-150x150.jpg 150w, https:\/\/wp.unil.ch\/droitetlitterature\/files\/2023\/09\/image-defaut-540x540.jpg 540w\" sizes=\"auto, (max-width: 768px) 100vw, 768px\" \/><\/figure>\n<\/div>\n\n\n\n<div class=\"wp-block-column is-layout-flow wp-block-column-is-layout-flow\" style=\"flex-basis:66.66%\">\n<h2 class=\"wp-block-heading\">Fabula<\/h2>\n\n\n\n<p>Lanc\u00e9 en 1999 par Alexandre Gefen et Ren\u00e9 Audet, Fabula une association de chercheurs (r\u00e9gime loi de 1901 des associations \u00e0 but non lucratif) s&rsquo;int\u00e9ressant \u00e0 l&rsquo;articulation entre th\u00e9orie et histoire litt\u00e9raires, rassembl\u00e9s autour d&rsquo;un site Internet. <\/p>\n\n\n\n<p>En outre, le site Fabula se veut un lieu de ressources et de rencontre destin\u00e9 aux chercheurs du large domaine des \u00e9tudes litt\u00e9raires. <\/p>\n\n\n\n<p>A ce travail de recherche s&rsquo;ajoutent donc une mission d&rsquo;information et une activit\u00e9 de publication. Le <a href=\"https:\/\/www.fabula.org\/\">site Fabula<\/a> est mis gratuitement \u00e0 la disposition de tous les chercheurs de langue fran\u00e7aise, quel que soit leur champ de recherche.<\/p>\n<\/div>\n<\/div>\n\n\n\n<div class=\"wp-block-columns is-layout-flex wp-container-core-columns-is-layout-9d6595d7 wp-block-columns-is-layout-flex\">\n<div class=\"wp-block-column is-layout-flow wp-block-column-is-layout-flow\" style=\"flex-basis:33.33%\">\n<figure class=\"wp-block-image size-full is-resized\"><img alt=\"\" loading=\"lazy\" decoding=\"async\" width=\"762\" height=\"758\" src=\"https:\/\/wp.unil.ch\/droitetlitterature\/files\/2023\/09\/PDJ-logo-1-e1695657466184.png\" alt=\"\" class=\"wp-image-540\" style=\"width:205px;height:auto\" srcset=\"https:\/\/wp.unil.ch\/droitetlitterature\/files\/2023\/09\/PDJ-logo-1-e1695657466184.png 762w, https:\/\/wp.unil.ch\/droitetlitterature\/files\/2023\/09\/PDJ-logo-1-e1695657466184-300x298.png 300w, https:\/\/wp.unil.ch\/droitetlitterature\/files\/2023\/09\/PDJ-logo-1-e1695657466184-150x150.png 150w, https:\/\/wp.unil.ch\/droitetlitterature\/files\/2023\/09\/PDJ-logo-1-e1695657466184-540x537.png 540w\" sizes=\"auto, (max-width: 762px) 100vw, 762px\" \/><\/figure>\n<\/div>\n\n\n\n<div class=\"wp-block-column is-layout-flow wp-block-column-is-layout-flow\" style=\"flex-basis:66.66%\">\n<h2 class=\"wp-block-heading\">Plume de justice<\/h2>\n\n\n\n<p>\u00ab\u00a0Plume de justice\u00a0\u00bb&nbsp;est un projet interfacultaire (entre la Facult\u00e9 des lettres et sciences humaines et la Facult\u00e9 de droit de l\u2019Universit\u00e9 de Neuch\u00e2tel) qui propose un cycle de conf\u00e9rences publiques, une fois par semestre, alliant le droit et la litt\u00e9rature fran\u00e7aise autour d\u2019un invit\u00e9 qui, par son parcours, son m\u00e9tier ou son \u0153uvre rapproche les deux sciences.<\/p>\n\n\n\n<p>Il r\u00e9unit des&nbsp;\u00e9tudiants, des doctorants et des professeurs de l\u2019Universit\u00e9 de Neuch\u00e2tel.<\/p>\n<\/div>\n<\/div>\n\n\n\n<div class=\"wp-block-columns is-layout-flex wp-container-core-columns-is-layout-9d6595d7 wp-block-columns-is-layout-flex\">\n<div class=\"wp-block-column is-layout-flow wp-block-column-is-layout-flow\">\n<figure class=\"wp-block-image size-large\"><img loading=\"lazy\" decoding=\"async\" width=\"1024\" height=\"582\" src=\"https:\/\/wp.unil.ch\/droitetlitterature\/files\/2025\/10\/dl_page-couverture-1024x582.png\" alt=\"dl page couverture\" class=\"wp-image-2454\" srcset=\"https:\/\/wp.unil.ch\/droitetlitterature\/files\/2025\/10\/dl_page-couverture-1024x582.png 1024w, https:\/\/wp.unil.ch\/droitetlitterature\/files\/2025\/10\/dl_page-couverture-300x171.png 300w, https:\/\/wp.unil.ch\/droitetlitterature\/files\/2025\/10\/dl_page-couverture-768x437.png 768w, https:\/\/wp.unil.ch\/droitetlitterature\/files\/2025\/10\/dl_page-couverture-1536x874.png 1536w, https:\/\/wp.unil.ch\/droitetlitterature\/files\/2025\/10\/dl_page-couverture-540x307.png 540w, https:\/\/wp.unil.ch\/droitetlitterature\/files\/2025\/10\/dl_page-couverture-1080x614.png 1080w, https:\/\/wp.unil.ch\/droitetlitterature\/files\/2025\/10\/dl_page-couverture-1320x751.png 1320w, https:\/\/wp.unil.ch\/droitetlitterature\/files\/2025\/10\/dl_page-couverture.png 1920w\" sizes=\"auto, (max-width: 1024px) 100vw, 1024px\" \/><\/figure>\n<\/div>\n\n\n\n<div class=\"wp-block-column is-layout-flow wp-block-column-is-layout-flow\" style=\"flex-basis:66%\">\n<h2 class=\"wp-block-heading\"><strong>Les jeunes chercheur-se-s en Droit &amp; Litt\u00e9rature<\/strong><\/h2>\n\n\n\n<p>Plateforme r\u00e9unissant les jeunes chercheuses et chercheurs passionn\u00e9-es par le Droit et la Litt\u00e9rature de par le monde. Ils pr\u00e9sentent deux webconf\u00e9rences par an qu&rsquo;ils mettent \u00e0 la disposition de toute la communaut\u00e9 scientifique ! Coordination : Camille Loutsch (co-responsable \u00ab\u00a0Plume de Justice\u00a0\u00bb, Universit\u00e9 de Neuch\u00e2tel, Suisse)<\/p>\n\n\n\n<p>Youtube : <a href=\"https:\/\/www.youtube.com\/@Droitetlitt%C3%A9rature\" target=\"_blank\" rel=\"noreferrer noopener\">https:\/\/www.youtube.com\/@Droitetlitt%C3%A9rature<\/a><\/p>\n<\/div>\n<\/div>\n\n\n\n<div class=\"wp-block-columns is-layout-flex wp-container-core-columns-is-layout-9d6595d7 wp-block-columns-is-layout-flex\">\n<div class=\"wp-block-column is-layout-flow wp-block-column-is-layout-flow\" style=\"flex-basis:33.33%\">\n<figure class=\"wp-block-image size-full is-resized\"><img alt=\"\" loading=\"lazy\" decoding=\"async\" width=\"640\" height=\"470\" src=\"https:\/\/wp.unil.ch\/droitetlitterature\/files\/2024\/03\/Logo-Cercle-litteraire-lausanne.png\" alt=\"\" class=\"wp-image-1188\" style=\"width:205px;height:auto\" srcset=\"https:\/\/wp.unil.ch\/droitetlitterature\/files\/2024\/03\/Logo-Cercle-litteraire-lausanne.png 640w, https:\/\/wp.unil.ch\/droitetlitterature\/files\/2024\/03\/Logo-Cercle-litteraire-lausanne-300x220.png 300w, https:\/\/wp.unil.ch\/droitetlitterature\/files\/2024\/03\/Logo-Cercle-litteraire-lausanne-540x397.png 540w\" sizes=\"auto, (max-width: 640px) 100vw, 640px\" \/><\/figure>\n<\/div>\n\n\n\n<div class=\"wp-block-column is-layout-flow wp-block-column-is-layout-flow\" style=\"flex-basis:66.66%\">\n<h2 class=\"wp-block-heading\">Cercle Litt\u00e9raire de Lausanne<\/h2>\n\n\n\n<p>Le <a href=\"https:\/\/cerclelitteraire.ch\/connexion\" target=\"_blank\" rel=\"noreferrer noopener\">Cercle Litt\u00e9raire de Lausanne<\/a> rassemble une large communaut\u00e9 de membres partageant des valeurs communes et un vif int\u00e9r\u00eat non seulement pour la litt\u00e9rature et les livres, mais aussi pour l&rsquo;histoire, les sciences et les arts. En plus d&rsquo;une biblioth\u00e8que bien garnie, ainsi qu&rsquo;une collection de journaux, p\u00e9riodiques et revues, les locaux abritent un espace propice aux \u00e9changes et aux rencontres. En effet, le Comit\u00e9 organise des \u00e9v\u00e9nements allant de conf\u00e9rences et d&rsquo;entretiens \u00e0 des lectures, des visites et des voyages.<\/p>\n<\/div>\n<\/div>\n","protected":false},"excerpt":{"rendered":"<p>Le Laboratoire Droit &amp; Litt\u00e9rature entretient des liens \u00e9troits avec diff\u00e9rentes organisations actives dans son champ d&rsquo;\u00e9tude. Du Droit \u00e0 l&rsquo;Art L\u2019association Du Droit \u00e0 l\u2019Art, dont le&hellip;<\/p>\n","protected":false},"author":1002658,"featured_media":331,"parent":0,"menu_order":0,"comment_status":"closed","ping_status":"closed","template":"template-full-width-cover.php","meta":{"_seopress_robots_primary_cat":"","_seopress_titles_title":"","_seopress_titles_desc":"","_seopress_robots_index":"","_EventAllDay":false,"_EventTimezone":"","_EventStartDate":"","_EventEndDate":"","_EventStartDateUTC":"","_EventEndDateUTC":"","_EventShowMap":false,"_EventShowMapLink":false,"_EventURL":"","_EventCost":"","_EventCostDescription":"","_EventCurrencySymbol":"","_EventCurrencyCode":"","_EventCurrencyPosition":"","_EventDateTimeSeparator":"","_EventTimeRangeSeparator":"","_EventOrganizerID":[],"_EventVenueID":[],"_OrganizerEmail":"","_OrganizerPhone":"","_OrganizerWebsite":"","_VenueAddress":"","_VenueCity":"","_VenueCountry":"","_VenueProvince":"","_VenueState":"","_VenueZip":"","_VenuePhone":"","_VenueURL":"","_VenueStateProvince":"","_VenueLat":"","_VenueLng":"","_VenueShowMap":false,"_VenueShowMapLink":false,"footnotes":""},"class_list":["post-328","page","type-page","status-publish","has-post-thumbnail"],"_links":{"self":[{"href":"https:\/\/wp.unil.ch\/droitetlitterature\/wp-json\/wp\/v2\/pages\/328","targetHints":{"allow":["GET"]}}],"collection":[{"href":"https:\/\/wp.unil.ch\/droitetlitterature\/wp-json\/wp\/v2\/pages"}],"about":[{"href":"https:\/\/wp.unil.ch\/droitetlitterature\/wp-json\/wp\/v2\/types\/page"}],"author":[{"embeddable":true,"href":"https:\/\/wp.unil.ch\/droitetlitterature\/wp-json\/wp\/v2\/users\/1002658"}],"replies":[{"embeddable":true,"href":"https:\/\/wp.unil.ch\/droitetlitterature\/wp-json\/wp\/v2\/comments?post=328"}],"version-history":[{"count":4,"href":"https:\/\/wp.unil.ch\/droitetlitterature\/wp-json\/wp\/v2\/pages\/328\/revisions"}],"predecessor-version":[{"id":2534,"href":"https:\/\/wp.unil.ch\/droitetlitterature\/wp-json\/wp\/v2\/pages\/328\/revisions\/2534"}],"wp:featuredmedia":[{"embeddable":true,"href":"https:\/\/wp.unil.ch\/droitetlitterature\/wp-json\/wp\/v2\/media\/331"}],"wp:attachment":[{"href":"https:\/\/wp.unil.ch\/droitetlitterature\/wp-json\/wp\/v2\/media?parent=328"}],"curies":[{"name":"wp","href":"https:\/\/api.w.org\/{rel}","templated":true}]}}