{"id":2465,"date":"2025-10-04T18:46:57","date_gmt":"2025-10-04T16:46:57","guid":{"rendered":"https:\/\/wp.unil.ch\/droitetlitterature\/?page_id=2465"},"modified":"2026-02-05T00:20:31","modified_gmt":"2026-02-04T23:20:31","slug":"partenariat-universite-de-neuchatel","status":"publish","type":"page","link":"https:\/\/wp.unil.ch\/droitetlitterature\/partenariat-universite-de-neuchatel\/","title":{"rendered":"Partenariat &#8211; Universit\u00e9 de Neuch\u00e2tel"},"content":{"rendered":"\n<p><strong>Le Laboratoire Droit &amp; Litt\u00e9rature est partenaire des projets Droit &amp; Litt\u00e9rature de l&rsquo;Universit\u00e9 de Neuch\u00e2tel (Suisse)<\/strong><\/p>\n\n\n\n<blockquote class=\"wp-block-quote is-layout-flow wp-block-quote-is-layout-flow\">\n<p><strong><a href=\"https:\/\/wp.unil.ch\/droitetlitterature\/plume-de-justice-3\/\" data-type=\"page\" data-id=\"2400\">Plume de Justice<\/a><\/strong> : <strong>activit\u00e9s de m\u00e9diation scientifique et culturelle<\/strong>. <\/p>\n\n\n\n<p>Le projet est men\u00e9 <a href=\"https:\/\/www.unine.ch\/actualites\/evenements\/plume-de-justice\/\" data-type=\"link\" data-id=\"https:\/\/www.unine.ch\/actualites\/evenements\/plume-de-justice\/\" target=\"_blank\" rel=\"noreferrer noopener\">depuis l&rsquo;Universit\u00e9 de Neuch\u00e2tel<\/a> par deux responsables : <a href=\"https:\/\/wp.unil.ch\/droitetlitterature\/files\/2026\/02\/camille_loutsch_biographie_droit-et-litterature.pdf\" data-type=\"link\" data-id=\"https:\/\/wp.unil.ch\/droitetlitterature\/files\/2026\/02\/camille_loutsch_biographie_droit-et-litterature.pdf\" target=\"_blank\" rel=\"noreferrer noopener\">Camille Loutsch<\/a> et <a href=\"https:\/\/www.linkedin.com\/in\/micha\u00ebl-althaus-844989252\/\" data-type=\"link\" data-id=\"https:\/\/www.linkedin.com\/in\/micha\u00ebl-althaus-844989252\/\" target=\"_blank\" rel=\"noreferrer noopener\">Micha\u00ebl Althaus<\/a><\/p>\n<\/blockquote>\n\n\n\n<blockquote class=\"wp-block-quote is-layout-flow wp-block-quote-is-layout-flow\">\n<p><strong><a href=\"https:\/\/wp.unil.ch\/droitetlitterature\/working-group-the-young-law-literature-researchers\/\" data-type=\"page\" data-id=\"2406\">Working group \u00a0\u00bb Les Jeunes chercheur-se-s en Droit &amp; Litt\u00e9rature | The Young Law &amp; Literature Researchers\u00a0\u00bb<\/a><\/strong> : <strong>groupe international de recherches scientifiques en Droit &amp; Litt\u00e9rature.<\/strong><\/p>\n\n\n\n<p>Le projet est coordonn\u00e9 par <a href=\"https:\/\/wp.unil.ch\/droitetlitterature\/files\/2026\/02\/camille_loutsch_biographie_droit-et-litterature.pdf\" data-type=\"link\" data-id=\"https:\/\/wp.unil.ch\/droitetlitterature\/files\/2026\/02\/camille_loutsch_biographie_droit-et-litterature.pdf\" target=\"_blank\" rel=\"noreferrer noopener\">Camille Loutsch<\/a> (co-responsable \u00ab\u00a0Plume de Justice\u00a0\u00bb \u00e0 l&rsquo;Universit\u00e9 de Neuch\u00e2tel)<\/p>\n<\/blockquote>\n\n\n\n<p><\/p>\n\n\n\n<figure class=\"wp-block-image size-large\"><img loading=\"lazy\" decoding=\"async\" width=\"1024\" height=\"378\" src=\"https:\/\/wp.unil.ch\/droitetlitterature\/files\/2025\/10\/capture-decran-2025-10-04-a-18.38.57-1024x378.png\" alt=\"capture d\u2019\u00e9cran 2025 10 04 \u00e0 18.38.57\" class=\"wp-image-2505\" srcset=\"https:\/\/wp.unil.ch\/droitetlitterature\/files\/2025\/10\/capture-decran-2025-10-04-a-18.38.57-1024x378.png 1024w, https:\/\/wp.unil.ch\/droitetlitterature\/files\/2025\/10\/capture-decran-2025-10-04-a-18.38.57-300x111.png 300w, https:\/\/wp.unil.ch\/droitetlitterature\/files\/2025\/10\/capture-decran-2025-10-04-a-18.38.57-768x283.png 768w, https:\/\/wp.unil.ch\/droitetlitterature\/files\/2025\/10\/capture-decran-2025-10-04-a-18.38.57-1536x566.png 1536w, https:\/\/wp.unil.ch\/droitetlitterature\/files\/2025\/10\/capture-decran-2025-10-04-a-18.38.57-540x199.png 540w, https:\/\/wp.unil.ch\/droitetlitterature\/files\/2025\/10\/capture-decran-2025-10-04-a-18.38.57-1080x398.png 1080w, https:\/\/wp.unil.ch\/droitetlitterature\/files\/2025\/10\/capture-decran-2025-10-04-a-18.38.57-1320x487.png 1320w, https:\/\/wp.unil.ch\/droitetlitterature\/files\/2025\/10\/capture-decran-2025-10-04-a-18.38.57.png 1920w\" sizes=\"auto, (max-width: 1024px) 100vw, 1024px\" \/><\/figure>\n\n\n\n<p><\/p>\n\n\n\n<p>\u2709\ufe0f <strong>Contact : <a href=\"https:\/\/wp.unil.ch\/droitetlitterature\/files\/2026\/02\/camille_loutsch_biographie_droit-et-litterature.pdf\" data-type=\"link\" data-id=\"https:\/\/wp.unil.ch\/droitetlitterature\/files\/2026\/02\/camille_loutsch_biographie_droit-et-litterature.pdf\" target=\"_blank\" rel=\"noreferrer noopener\">Camille Loutsch<\/a><\/strong> (Universit\u00e9 de Neuch\u00e2tel, Suisse) : camille.loutsch@unine.ch<\/p>\n\n\n\n<p><\/p>\n","protected":false},"excerpt":{"rendered":"<p>Le Laboratoire Droit &amp; Litt\u00e9rature est partenaire des projets Droit &amp; Litt\u00e9rature de l&rsquo;Universit\u00e9 de Neuch\u00e2tel (Suisse) Plume de Justice : activit\u00e9s de m\u00e9diation scientifique et culturelle. Le&hellip;<\/p>\n","protected":false},"author":1003061,"featured_media":2505,"parent":0,"menu_order":0,"comment_status":"closed","ping_status":"closed","template":"template-full-width-cover.php","meta":{"_seopress_robots_primary_cat":"","_seopress_titles_title":"","_seopress_titles_desc":"","_seopress_robots_index":"","_EventAllDay":false,"_EventTimezone":"","_EventStartDate":"","_EventEndDate":"","_EventStartDateUTC":"","_EventEndDateUTC":"","_EventShowMap":false,"_EventShowMapLink":false,"_EventURL":"","_EventCost":"","_EventCostDescription":"","_EventCurrencySymbol":"","_EventCurrencyCode":"","_EventCurrencyPosition":"","_EventDateTimeSeparator":"","_EventTimeRangeSeparator":"","_EventOrganizerID":[],"_EventVenueID":[],"_OrganizerEmail":"","_OrganizerPhone":"","_OrganizerWebsite":"","_VenueAddress":"","_VenueCity":"","_VenueCountry":"","_VenueProvince":"","_VenueState":"","_VenueZip":"","_VenuePhone":"","_VenueURL":"","_VenueStateProvince":"","_VenueLat":"","_VenueLng":"","_VenueShowMap":false,"_VenueShowMapLink":false,"footnotes":""},"class_list":["post-2465","page","type-page","status-publish","has-post-thumbnail"],"_links":{"self":[{"href":"https:\/\/wp.unil.ch\/droitetlitterature\/wp-json\/wp\/v2\/pages\/2465","targetHints":{"allow":["GET"]}}],"collection":[{"href":"https:\/\/wp.unil.ch\/droitetlitterature\/wp-json\/wp\/v2\/pages"}],"about":[{"href":"https:\/\/wp.unil.ch\/droitetlitterature\/wp-json\/wp\/v2\/types\/page"}],"author":[{"embeddable":true,"href":"https:\/\/wp.unil.ch\/droitetlitterature\/wp-json\/wp\/v2\/users\/1003061"}],"replies":[{"embeddable":true,"href":"https:\/\/wp.unil.ch\/droitetlitterature\/wp-json\/wp\/v2\/comments?post=2465"}],"version-history":[{"count":5,"href":"https:\/\/wp.unil.ch\/droitetlitterature\/wp-json\/wp\/v2\/pages\/2465\/revisions"}],"predecessor-version":[{"id":2750,"href":"https:\/\/wp.unil.ch\/droitetlitterature\/wp-json\/wp\/v2\/pages\/2465\/revisions\/2750"}],"wp:featuredmedia":[{"embeddable":true,"href":"https:\/\/wp.unil.ch\/droitetlitterature\/wp-json\/wp\/v2\/media\/2505"}],"wp:attachment":[{"href":"https:\/\/wp.unil.ch\/droitetlitterature\/wp-json\/wp\/v2\/media?parent=2465"}],"curies":[{"name":"wp","href":"https:\/\/api.w.org\/{rel}","templated":true}]}}